{"id":63,"date":"2010-11-11T12:24:02","date_gmt":"2010-11-11T12:24:02","guid":{"rendered":"http:\/\/formklar.com\/schorcht\/?page_id=63"},"modified":"2024-02-06T02:39:53","modified_gmt":"2024-02-06T02:39:53","slug":"chemische-industrie","status":"publish","type":"page","link":"https:\/\/form-klar.de\/schorcht\/laserschweissen\/chemische-industrie\/","title":{"rendered":"Chemische Industrie"},"content":{"rendered":"<p><div class=\"fusion-fullwidth fullwidth-box fusion-builder-row-1 fusion-flex-container has-pattern-background has-mask-background sc-box-container nonhundred-percent-fullwidth non-hundred-percent-height-scrolling\" style=\"--awb-border-color:var(--awb-color1);--awb-border-radius-top-left:0px;--awb-border-radius-top-right:0px;--awb-border-radius-bottom-right:0px;--awb-border-radius-bottom-left:0px;--awb-padding-top:30px;--awb-padding-bottom:60px;--awb-padding-top-medium:0px;--awb-padding-bottom-medium:50px;--awb-padding-top-small:0px;--awb-padding-bottom-small:30px;--awb-margin-top:-50px;--awb-background-color:var(--awb-color2);--awb-flex-wrap:wrap;\" ><div class=\"fusion-builder-row fusion-row fusion-flex-align-items-center fusion-flex-content-wrap\" style=\"max-width:calc( 1600px + 60px );margin-left: calc(-60px \/ 2 );margin-right: calc(-60px \/ 2 );\"><div class=\"fusion-layout-column fusion_builder_column fusion-builder-column-0 fusion_builder_column_1_1 1_1 fusion-flex-column\" style=\"--awb-padding-top-medium:0px;--awb-padding-right-medium:0px;--awb-padding-bottom-medium:30px;--awb-padding-left-medium:0px;--awb-padding-top-small:0px;--awb-padding-bottom-small:0px;--awb-bg-size:cover;--awb-width-large:100%;--awb-margin-top-large:0px;--awb-spacing-right-large:30px;--awb-margin-bottom-large:40px;--awb-spacing-left-large:30px;--awb-width-medium:100%;--awb-order-medium:0;--awb-spacing-right-medium:50px;--awb-margin-bottom-medium:0px;--awb-spacing-left-medium:50px;--awb-width-small:100%;--awb-order-small:0;--awb-spacing-right-small:30px;--awb-spacing-left-small:30px;\"><div class=\"fusion-column-wrapper fusion-column-has-shadow fusion-flex-justify-content-flex-start fusion-content-layout-column\"><div class=\"fusion-separator fusion-has-icon fusion-full-width-sep sc-icon\" style=\"align-self: center;margin-left: auto;margin-right: auto;margin-top:0px;margin-bottom:0px;width:100%;max-width:100%;\"><div class=\"fusion-separator-border sep-single sep-solid\" style=\"--awb-height:20px;--awb-amount:20px;--awb-sep-color:hsla(var(--awb-color6-h),var(--awb-color6-s),var(--awb-color6-l),calc(var(--awb-color6-a) - 75%));border-color:hsla(var(--awb-color6-h),var(--awb-color6-s),var(--awb-color6-l),calc(var(--awb-color6-a) - 75%));border-top-width:1px;\"><\/div><span class=\"icon-wrapper\" style=\"border-color:transparent;font-size:64px;width: 1.75em; height: 1.75em;border-width:1px;padding:1px;margin-top:-0.5px\"><i class=\"icon-lasercutting-laser\" style=\"font-size: inherit;color:hsla(var(--awb-color8-h),var(--awb-color8-s),var(--awb-color8-l),calc(var(--awb-color8-a) - 85%));\" aria-hidden=\"true\"><\/i><\/span><div class=\"fusion-separator-border sep-single sep-solid\" style=\"--awb-height:20px;--awb-amount:20px;--awb-sep-color:hsla(var(--awb-color6-h),var(--awb-color6-s),var(--awb-color6-l),calc(var(--awb-color6-a) - 75%));border-color:hsla(var(--awb-color6-h),var(--awb-color6-s),var(--awb-color6-l),calc(var(--awb-color6-a) - 75%));border-top-width:1px;\"><\/div><\/div><\/div><\/div><div class=\"fusion-layout-column fusion_builder_column fusion-builder-column-1 fusion_builder_column_1_2 1_2 fusion-flex-column fusion-flex-align-self-center box textbox behind left fusion-animated\" style=\"--awb-padding-left-medium:0px;--awb-padding-top-small:30px;--awb-padding-right-small:30px;--awb-padding-bottom-small:30px;--awb-padding-left-small:30px;--awb-bg-color:var(--awb-color1);--awb-bg-color-hover:var(--awb-color1);--awb-bg-size:cover;--awb-border-color:var(--awb-color4);--awb-border-top:0px;--awb-border-right:0px;--awb-border-bottom:0px;--awb-border-left:0px;--awb-border-style:solid;--awb-width-large:50%;--awb-margin-top-large:0px;--awb-spacing-right-large:0px;--awb-margin-bottom-large:0px;--awb-spacing-left-large:30px;--awb-width-medium:100%;--awb-order-medium:2;--awb-margin-top-medium:0px;--awb-spacing-right-medium:50px;--awb-margin-bottom-medium:0px;--awb-spacing-left-medium:50px;--awb-width-small:100%;--awb-order-small:2;--awb-spacing-right-small:30px;--awb-spacing-left-small:30px;\" data-animationType=\"fadeInLeft\" data-animationDuration=\"0.8\" data-animationOffset=\"top-into-view\"><div class=\"fusion-column-wrapper fusion-column-has-shadow fusion-flex-justify-content-center fusion-content-layout-column\"><div class=\"fusion-text fusion-text-1 sc-leading-headline\"><p>Leistungen:<\/p>\n<\/div><div class=\"fusion-title title fusion-title-1 fusion-sep-none fusion-title-text fusion-title-size-one\" style=\"--awb-margin-bottom-small:30px;\"><h1 class=\"fusion-title-heading title-heading-left\" style=\"margin:0;text-transform:none;\">Laser in der Chemieindustrie<\/h1><\/div><div class=\"fusion-separator\" style=\"align-self: flex-start;margin-right:auto;margin-bottom:30px;width:100%;max-width:60px;\"><div class=\"fusion-separator-border sep-single sep-solid\" style=\"--awb-height:20px;--awb-amount:20px;--awb-sep-color:var(--awb-color4);border-color:var(--awb-color4);border-top-width:3px;\"><\/div><\/div><div class=\"fusion-text fusion-text-2\"><p>Unsere Kunden aus dem Sektor &#8211; <em>Chemieindustrie<\/em> &#8211; kommen haupts\u00e4chlich aus Deutschland, aber auch aus dem gesamten europ\u00e4ischen Raum.<\/p>\n<p>Viele Kunden haben ganz konkrete Anforderungen an die Schwei\u00dfnahtausf\u00fchrung, welche wir produktionsbegleitend durch Schliffbilder, Messungen und spezielle Messprotokolle dokumentieren m\u00fcssen. Zu jedem wiederkehrenden Teil werden Arbeits,- und Pr\u00fcfanweisungen erstellt.<\/p>\n<\/div><\/div><\/div><div class=\"fusion-layout-column fusion_builder_column fusion-builder-column-2 fusion_builder_column_1_2 1_2 fusion-flex-column box imagebox ontop right\" style=\"--awb-bg-size:cover;--awb-width-large:50%;--awb-margin-top-large:0px;--awb-spacing-right-large:30px;--awb-margin-bottom-large:0px;--awb-spacing-left-large:-1.5vw;--awb-width-medium:100%;--awb-order-medium:1;--awb-spacing-right-medium:50px;--awb-margin-bottom-medium:0px;--awb-spacing-left-medium:50px;--awb-width-small:100%;--awb-order-small:1;--awb-spacing-right-small:30px;--awb-margin-bottom-small:0px;--awb-spacing-left-small:30px;\"><div class=\"fusion-column-wrapper fusion-column-has-shadow fusion-flex-justify-content-flex-start fusion-content-layout-column\"><div class=\"fusion-image-element \" style=\"--awb-caption-title-font-family:var(--h2_typography-font-family);--awb-caption-title-font-weight:var(--h2_typography-font-weight);--awb-caption-title-font-style:var(--h2_typography-font-style);--awb-caption-title-size:var(--h2_typography-font-size);--awb-caption-title-transform:var(--h2_typography-text-transform);--awb-caption-title-line-height:var(--h2_typography-line-height);--awb-caption-title-letter-spacing:var(--h2_typography-letter-spacing);\"><span class=\" fusion-imageframe imageframe-none imageframe-1 hover-type-none fusion-animated\" style=\"border-radius:10px;--awb-animation-color:var(--awb-color2);\" data-animationType=\"revealInLeft\" data-animationDuration=\"0.8\" data-animationOffset=\"top-into-view\"><img decoding=\"async\" width=\"1024\" height=\"683\" title=\"shutterstock_428298412\" src=\"https:\/\/form-klar.de\/schorcht\/wp-content\/uploads\/2023\/12\/shutterstock_428298412.jpg\" data-orig-src=\"https:\/\/form-klar.de\/schorcht\/wp-content\/uploads\/2023\/12\/shutterstock_428298412-1024x683.jpg\" alt class=\"lazyload img-responsive wp-image-2792\" srcset=\"data:image\/svg+xml,%3Csvg%20xmlns%3D%27http%3A%2F%2Fwww.w3.org%2F2000%2Fsvg%27%20width%3D%271920%27%20height%3D%271281%27%20viewBox%3D%270%200%201920%201281%27%3E%3Crect%20width%3D%271920%27%20height%3D%271281%27%20fill-opacity%3D%220%22%2F%3E%3C%2Fsvg%3E\" data-srcset=\"https:\/\/form-klar.de\/schorcht\/wp-content\/uploads\/2023\/12\/shutterstock_428298412-200x133.jpg 200w, https:\/\/form-klar.de\/schorcht\/wp-content\/uploads\/2023\/12\/shutterstock_428298412-400x267.jpg 400w, https:\/\/form-klar.de\/schorcht\/wp-content\/uploads\/2023\/12\/shutterstock_428298412-600x400.jpg 600w, https:\/\/form-klar.de\/schorcht\/wp-content\/uploads\/2023\/12\/shutterstock_428298412-800x534.jpg 800w, https:\/\/form-klar.de\/schorcht\/wp-content\/uploads\/2023\/12\/shutterstock_428298412-1200x801.jpg 1200w, https:\/\/form-klar.de\/schorcht\/wp-content\/uploads\/2023\/12\/shutterstock_428298412.jpg 1920w\" data-sizes=\"auto\" data-orig-sizes=\"(max-width: 640px) 100vw, 800px\" \/><\/span><\/div><\/div><\/div><\/div><\/div><div class=\"fusion-fullwidth fullwidth-box fusion-builder-row-2 fusion-flex-container has-pattern-background nonhundred-percent-fullwidth non-hundred-percent-height-scrolling fusion-animated\" style=\"--awb-border-color:var(--awb-color1);--awb-border-radius-top-left:0px;--awb-border-radius-top-right:0px;--awb-border-radius-bottom-right:0px;--awb-border-radius-bottom-left:0px;--awb-padding-top:60px;--awb-padding-bottom:60px;--awb-padding-top-medium:50px;--awb-padding-bottom-medium:0px;--awb-padding-top-small:50px;--awb-padding-bottom-small:0px;--awb-flex-wrap:wrap;\" data-animationType=\"revealInLeft\" data-animationDuration=\"0.3\" data-animationOffset=\"top-into-view\" ><div class=\"fusion-builder-row fusion-row fusion-flex-align-items-center fusion-flex-justify-content-center fusion-flex-content-wrap\" style=\"max-width:calc( 1600px + 60px );margin-left: calc(-60px \/ 2 );margin-right: calc(-60px \/ 2 );\"><div class=\"fusion-layout-column fusion_builder_column fusion-builder-column-3 fusion_builder_column_1_1 1_1 fusion-flex-column fusion-animated\" style=\"--awb-bg-size:cover;--awb-width-large:100%;--awb-margin-top-large:0px;--awb-spacing-right-large:30px;--awb-margin-bottom-large:30px;--awb-spacing-left-large:30px;--awb-width-medium:100%;--awb-order-medium:0;--awb-spacing-right-medium:30px;--awb-spacing-left-medium:30px;--awb-width-small:100%;--awb-order-small:0;--awb-spacing-right-small:30px;--awb-margin-bottom-small:50px;--awb-spacing-left-small:30px;\" data-animationType=\"fadeInUp\" data-animationDuration=\"0.6\" data-animationDelay=\"0.6\" data-animationOffset=\"top-into-view\"><div class=\"fusion-column-wrapper fusion-column-has-shadow fusion-flex-justify-content-flex-start fusion-content-layout-column\"><div class=\"fusion-title title fusion-title-2 fusion-sep-none fusion-title-text fusion-title-size-two\"><h2 class=\"fusion-title-heading title-heading-left\" style=\"margin:0;\">Laserschwei\u00dfen\/-Auftragen in der chemischen Industrie<\/h2><\/div><div class=\"fusion-separator\" style=\"align-self: flex-start;margin-right:auto;margin-top:10px;margin-bottom:30px;width:100%;max-width:50px;\"><div class=\"fusion-separator-border sep-single sep-solid\" style=\"--awb-height:20px;--awb-amount:20px;--awb-sep-color:var(--awb-color4);border-color:var(--awb-color4);border-top-width:3px;\"><\/div><\/div><div class=\"fusion-text fusion-text-3\"><p><strong><!-- default-view.php -->\n<div\n\tclass=\"ngg-galleryoverview default-view \n\t ngg-ajax-pagination-none\t\"\n\tid=\"ngg-gallery-65dc71b9d24060500d6259df0c83cc60-1\">\n\n\t\t<!-- Thumbnails -->\n\t\t\t\t<div id=\"ngg-image-0\" class=\"ngg-gallery-thumbnail-box \n\t\t\t\t\t\t\t\t\t\t\t\" \n\t\t\t>\n\t\t\t\t\t\t<div class=\"ngg-gallery-thumbnail\">\n\t\t\t<a href=\"https:\/\/form-klar.de\/schorcht\/wp-content\/gallery\/chemieindustrie\/image001.jpg\"\n\t\t\t\ttitle=\"I-N\u00e4hte m\u00fcssen durchschwei\u00dft sein, um aggressiven Medien keine Angriffsfl\u00e4che zu bieten\"\n\t\t\t\tdata-src=\"https:\/\/form-klar.de\/schorcht\/wp-content\/gallery\/chemieindustrie\/image001.jpg\"\n\t\t\t\tdata-thumbnail=\"https:\/\/form-klar.de\/schorcht\/wp-content\/gallery\/chemieindustrie\/thumbs\/thumbs_image001.jpg\"\n\t\t\t\tdata-image-id=\"25\"\n\t\t\t\tdata-title=\"Schliffbild Schwei\u00dfteil\"\n\t\t\t\tdata-description=\"I-N\u00e4hte m\u00fcssen durchschwei\u00dft sein, um aggressiven Medien keine Angriffsfl\u00e4che zu bieten\"\n\t\t\t\tdata-image-slug=\"schliffbild-schweissteil\"\n\t\t\t\tclass=\"ngg-fancybox\" rel=\"65dc71b9d24060500d6259df0c83cc60\">\n\t\t\t\t<img\n\t\t\t\t\ttitle=\"Schliffbild Schwei\u00dfteil\"\n\t\t\t\t\talt=\"Schliffbild Schwei\u00dfteil\"\n\t\t\t\t\tsrc=\"https:\/\/form-klar.de\/schorcht\/wp-content\/gallery\/chemieindustrie\/cache\/image001.jpg-nggid0225-ngg0dyn-300x214x100-00f0w010c011r110f110r010t010.jpg\"\n\t\t\t\t\twidth=\"300\"\n\t\t\t\t\theight=\"214\"\n\t\t\t\t\tstyle=\"max-width:100%;\"\n\t\t\t\t\/>\n\t\t\t<\/a>\n\t\t<\/div>\n\t\t\t\t\t\t\t<\/div> \n\t\t\t\n\t\t\t\t<div id=\"ngg-image-1\" class=\"ngg-gallery-thumbnail-box \n\t\t\t\t\t\t\t\t\t\t\t\" \n\t\t\t>\n\t\t\t\t\t\t<div class=\"ngg-gallery-thumbnail\">\n\t\t\t<a href=\"https:\/\/form-klar.de\/schorcht\/wp-content\/gallery\/chemieindustrie\/image002.jpg\"\n\t\t\t\ttitle=\"Diese Edelstahlflansche werden mit einer Kovar-Schicht mit dem Laser in einem bestimmten Bereich aufgeschwei\u00dft, um Salzs\u00e4ure keine Reaktionsfl\u00e4che zu bieten\"\n\t\t\t\tdata-src=\"https:\/\/form-klar.de\/schorcht\/wp-content\/gallery\/chemieindustrie\/image002.jpg\"\n\t\t\t\tdata-thumbnail=\"https:\/\/form-klar.de\/schorcht\/wp-content\/gallery\/chemieindustrie\/thumbs\/thumbs_image002.jpg\"\n\t\t\t\tdata-image-id=\"26\"\n\t\t\t\tdata-title=\"Anschl\u00fcsse\"\n\t\t\t\tdata-description=\"Diese Edelstahlflansche werden mit einer Kovar-Schicht mit dem Laser in einem bestimmten Bereich aufgeschwei\u00dft, um Salzs\u00e4ure keine Reaktionsfl\u00e4che zu bieten\"\n\t\t\t\tdata-image-slug=\"anschluesse\"\n\t\t\t\tclass=\"ngg-fancybox\" rel=\"65dc71b9d24060500d6259df0c83cc60\">\n\t\t\t\t<img\n\t\t\t\t\ttitle=\"Anschl\u00fcsse\"\n\t\t\t\t\talt=\"Anschl\u00fcsse\"\n\t\t\t\t\tsrc=\"https:\/\/form-klar.de\/schorcht\/wp-content\/gallery\/chemieindustrie\/cache\/image002.jpg-nggid0226-ngg0dyn-300x214x100-00f0w010c011r110f110r010t010.jpg\"\n\t\t\t\t\twidth=\"300\"\n\t\t\t\t\theight=\"214\"\n\t\t\t\t\tstyle=\"max-width:100%;\"\n\t\t\t\t\/>\n\t\t\t<\/a>\n\t\t<\/div>\n\t\t\t\t\t\t\t<\/div> \n\t\t\t\n\t\t\t\t<div id=\"ngg-image-2\" class=\"ngg-gallery-thumbnail-box \n\t\t\t\t\t\t\t\t\t\t\t\" \n\t\t\t>\n\t\t\t\t\t\t<div class=\"ngg-gallery-thumbnail\">\n\t\t\t<a href=\"https:\/\/form-klar.de\/schorcht\/wp-content\/gallery\/chemieindustrie\/image003.jpg\"\n\t\t\t\ttitle=\"Bauteile f\u00fcr hohe Dr\u00fccke werden mit massiven Laserschwei\u00dfungen gef\u00fcgt\"\n\t\t\t\tdata-src=\"https:\/\/form-klar.de\/schorcht\/wp-content\/gallery\/chemieindustrie\/image003.jpg\"\n\t\t\t\tdata-thumbnail=\"https:\/\/form-klar.de\/schorcht\/wp-content\/gallery\/chemieindustrie\/thumbs\/thumbs_image003.jpg\"\n\t\t\t\tdata-image-id=\"27\"\n\t\t\t\tdata-title=\"Adapter\"\n\t\t\t\tdata-description=\"Bauteile f\u00fcr hohe Dr\u00fccke werden mit massiven Laserschwei\u00dfungen gef\u00fcgt\"\n\t\t\t\tdata-image-slug=\"adapter\"\n\t\t\t\tclass=\"ngg-fancybox\" rel=\"65dc71b9d24060500d6259df0c83cc60\">\n\t\t\t\t<img\n\t\t\t\t\ttitle=\"Adapter\"\n\t\t\t\t\talt=\"Adapter\"\n\t\t\t\t\tsrc=\"https:\/\/form-klar.de\/schorcht\/wp-content\/gallery\/chemieindustrie\/cache\/image003.jpg-nggid0227-ngg0dyn-300x214x100-00f0w010c011r110f110r010t010.jpg\"\n\t\t\t\t\twidth=\"300\"\n\t\t\t\t\theight=\"214\"\n\t\t\t\t\tstyle=\"max-width:100%;\"\n\t\t\t\t\/>\n\t\t\t<\/a>\n\t\t<\/div>\n\t\t\t\t\t\t\t<\/div> \n\t\t\t\n\t\n\t<br style=\"clear: both\" \/>\n\n\t\n\t\t<!-- Pagination -->\n\t\t<div class='ngg-clear'><\/div>\t<\/div>\n<\/strong><\/p>\n<p>Viele bearbeitete Teile m\u00fcssen wir nach dem Schwei\u00dfen oder Schneiden mit dem Laser mit Seriennummern, Logos, oder Barcodes kennzeichnen.<\/p>\n<\/div><\/div><\/div><\/div><\/div><div class=\"fusion-fullwidth fullwidth-box fusion-builder-row-3 fusion-flex-container nonhundred-percent-fullwidth non-hundred-percent-height-scrolling\" style=\"--awb-border-radius-top-left:0px;--awb-border-radius-top-right:0px;--awb-border-radius-bottom-right:0px;--awb-border-radius-bottom-left:0px;--awb-flex-wrap:wrap;\" ><div class=\"fusion-builder-row fusion-row fusion-flex-align-items-flex-start fusion-flex-content-wrap\" style=\"max-width:calc( 1600px + 60px );margin-left: calc(-60px \/ 2 );margin-right: calc(-60px \/ 2 );\"><div class=\"fusion-layout-column fusion_builder_column fusion-builder-column-4 fusion_builder_column_1_1 1_1 fusion-flex-column\" style=\"--awb-bg-blend:overlay;--awb-bg-size:cover;--awb-width-large:100%;--awb-margin-top-large:0px;--awb-spacing-right-large:30px;--awb-margin-bottom-large:0px;--awb-spacing-left-large:30px;--awb-width-medium:100%;--awb-spacing-right-medium:30px;--awb-spacing-left-medium:30px;--awb-width-small:100%;--awb-spacing-right-small:30px;--awb-spacing-left-small:30px;\"><div class=\"fusion-column-wrapper fusion-flex-justify-content-flex-start fusion-content-layout-column\"><div class=\"fusion-text fusion-text-4\"><\/div><\/div><\/div><\/div><\/div><\/p>\n","protected":false},"excerpt":{"rendered":"","protected":false},"author":1,"featured_media":0,"parent":8,"menu_order":3,"comment_status":"closed","ping_status":"closed","template":"100-width.php","meta":{"ngg_post_thumbnail":0,"footnotes":"","_links_to":"","_links_to_target":""},"yoast_head":"<!-- This site is optimized with the Yoast SEO plugin v22.5 - https:\/\/yoast.com\/wordpress\/plugins\/seo\/ -->\n<title>Chemische Industrie | Laserzentrum Schorcht<\/title>\n<meta name=\"robots\" content=\"noindex, follow, max-snippet:-1, max-image-preview:large, max-video-preview:-1\" \/>\n<meta property=\"og:locale\" content=\"de_DE\" \/>\n<meta property=\"og:type\" content=\"article\" \/>\n<meta property=\"og:title\" content=\"Chemische Industrie | Laserzentrum Schorcht\" \/>\n<meta property=\"og:url\" content=\"https:\/\/form-klar.de\/schorcht\/laserschweissen\/chemische-industrie\/\" \/>\n<meta property=\"og:site_name\" content=\"Laserzentrum Schorcht\" \/>\n<meta property=\"article:modified_time\" content=\"2024-02-06T02:39:53+00:00\" \/>\n<meta name=\"twitter:label1\" content=\"Gesch\u00e4tzte Lesezeit\" \/>\n\t<meta name=\"twitter:data1\" content=\"11\u00a0Minuten\" \/>\n<script type=\"application\/ld+json\" class=\"yoast-schema-graph\">{\"@context\":\"https:\/\/schema.org\",\"@graph\":[{\"@type\":\"WebPage\",\"@id\":\"https:\/\/form-klar.de\/schorcht\/laserschweissen\/chemische-industrie\/\",\"url\":\"https:\/\/form-klar.de\/schorcht\/laserschweissen\/chemische-industrie\/\",\"name\":\"Chemische Industrie | Laserzentrum Schorcht\",\"isPartOf\":{\"@id\":\"https:\/\/form-klar.de\/schorcht\/#website\"},\"datePublished\":\"2010-11-11T12:24:02+00:00\",\"dateModified\":\"2024-02-06T02:39:53+00:00\",\"breadcrumb\":{\"@id\":\"https:\/\/form-klar.de\/schorcht\/laserschweissen\/chemische-industrie\/#breadcrumb\"},\"inLanguage\":\"de\",\"potentialAction\":[{\"@type\":\"ReadAction\",\"target\":[\"https:\/\/form-klar.de\/schorcht\/laserschweissen\/chemische-industrie\/\"]}]},{\"@type\":\"BreadcrumbList\",\"@id\":\"https:\/\/form-klar.de\/schorcht\/laserschweissen\/chemische-industrie\/#breadcrumb\",\"itemListElement\":[{\"@type\":\"ListItem\",\"position\":1,\"name\":\"Laserschwei\u00dfen\",\"item\":\"https:\/\/form-klar.de\/schorcht\/laserschweissen\/\"},{\"@type\":\"ListItem\",\"position\":2,\"name\":\"Chemische Industrie\"}]},{\"@type\":\"WebSite\",\"@id\":\"https:\/\/form-klar.de\/schorcht\/#website\",\"url\":\"https:\/\/form-klar.de\/schorcht\/\",\"name\":\"Laserzentrum Schorcht\",\"description\":\"Lohnfertigung in der Lasermaterialbearbeitung - 12 Laseranlagen\",\"potentialAction\":[{\"@type\":\"SearchAction\",\"target\":{\"@type\":\"EntryPoint\",\"urlTemplate\":\"https:\/\/form-klar.de\/schorcht\/?s={search_term_string}\"},\"query-input\":\"required name=search_term_string\"}],\"inLanguage\":\"de\"}]}<\/script>\n<!-- \/ Yoast SEO plugin. -->","yoast_head_json":{"title":"Chemische Industrie | Laserzentrum Schorcht","robots":{"index":"noindex","follow":"follow","max-snippet":"max-snippet:-1","max-image-preview":"max-image-preview:large","max-video-preview":"max-video-preview:-1"},"og_locale":"de_DE","og_type":"article","og_title":"Chemische Industrie | Laserzentrum Schorcht","og_url":"https:\/\/form-klar.de\/schorcht\/laserschweissen\/chemische-industrie\/","og_site_name":"Laserzentrum Schorcht","article_modified_time":"2024-02-06T02:39:53+00:00","twitter_misc":{"Gesch\u00e4tzte Lesezeit":"11\u00a0Minuten"},"schema":{"@context":"https:\/\/schema.org","@graph":[{"@type":"WebPage","@id":"https:\/\/form-klar.de\/schorcht\/laserschweissen\/chemische-industrie\/","url":"https:\/\/form-klar.de\/schorcht\/laserschweissen\/chemische-industrie\/","name":"Chemische Industrie | Laserzentrum Schorcht","isPartOf":{"@id":"https:\/\/form-klar.de\/schorcht\/#website"},"datePublished":"2010-11-11T12:24:02+00:00","dateModified":"2024-02-06T02:39:53+00:00","breadcrumb":{"@id":"https:\/\/form-klar.de\/schorcht\/laserschweissen\/chemische-industrie\/#breadcrumb"},"inLanguage":"de","potentialAction":[{"@type":"ReadAction","target":["https:\/\/form-klar.de\/schorcht\/laserschweissen\/chemische-industrie\/"]}]},{"@type":"BreadcrumbList","@id":"https:\/\/form-klar.de\/schorcht\/laserschweissen\/chemische-industrie\/#breadcrumb","itemListElement":[{"@type":"ListItem","position":1,"name":"Laserschwei\u00dfen","item":"https:\/\/form-klar.de\/schorcht\/laserschweissen\/"},{"@type":"ListItem","position":2,"name":"Chemische Industrie"}]},{"@type":"WebSite","@id":"https:\/\/form-klar.de\/schorcht\/#website","url":"https:\/\/form-klar.de\/schorcht\/","name":"Laserzentrum Schorcht","description":"Lohnfertigung in der Lasermaterialbearbeitung - 12 Laseranlagen","potentialAction":[{"@type":"SearchAction","target":{"@type":"EntryPoint","urlTemplate":"https:\/\/form-klar.de\/schorcht\/?s={search_term_string}"},"query-input":"required name=search_term_string"}],"inLanguage":"de"}]}},"_links":{"self":[{"href":"https:\/\/form-klar.de\/schorcht\/wp-json\/wp\/v2\/pages\/63"}],"collection":[{"href":"https:\/\/form-klar.de\/schorcht\/wp-json\/wp\/v2\/pages"}],"about":[{"href":"https:\/\/form-klar.de\/schorcht\/wp-json\/wp\/v2\/types\/page"}],"author":[{"embeddable":true,"href":"https:\/\/form-klar.de\/schorcht\/wp-json\/wp\/v2\/users\/1"}],"replies":[{"embeddable":true,"href":"https:\/\/form-klar.de\/schorcht\/wp-json\/wp\/v2\/comments?post=63"}],"version-history":[{"count":15,"href":"https:\/\/form-klar.de\/schorcht\/wp-json\/wp\/v2\/pages\/63\/revisions"}],"predecessor-version":[{"id":3914,"href":"https:\/\/form-klar.de\/schorcht\/wp-json\/wp\/v2\/pages\/63\/revisions\/3914"}],"up":[{"embeddable":true,"href":"https:\/\/form-klar.de\/schorcht\/wp-json\/wp\/v2\/pages\/8"}],"wp:attachment":[{"href":"https:\/\/form-klar.de\/schorcht\/wp-json\/wp\/v2\/media?parent=63"}],"curies":[{"name":"wp","href":"https:\/\/api.w.org\/{rel}","templated":true}]}}