{"id":2049,"date":"2024-02-25T11:06:07","date_gmt":"2024-02-25T11:06:07","guid":{"rendered":"https:\/\/www.schorcht.de\/?page_id=2049"},"modified":"2024-02-25T11:06:07","modified_gmt":"2024-02-25T11:06:07","slug":"laserschweissen-unternehmen","status":"publish","type":"page","link":"https:\/\/form-klar.de\/schorcht\/laserschweissen-unternehmen\/","title":{"rendered":"Laserschwei\u00dfen Unternehmen"},"content":{"rendered":"<h2>Laserschwei\u00dfen Unternehmen \u2013 Guter Partner, wenn es drauf ankommt<\/h2>\n<p>Suchen Sie jemanden, der richtig gut im Laserschwei\u00dfen ist? Bei uns sind Sie genau richtig! Wir machen aber nicht nur Laserschwei\u00dfen, sondern auch pr\u00e4zises Schneiden mit dem Laser. Und wenn Sie etwas gravieren oder markieren lassen m\u00f6chten, sind wir auch sofort f\u00fcr Sie da.<\/p>\n<h3>Vorteile modernen Laserschwei\u00dfens im Lohn<\/h3>\n<p>Warum sollten Sie sich f\u00fcr das Laserschwei\u00dfen entscheiden? Laserschwei\u00dfen erm\u00f6glicht eine hohe Schwei\u00dfnahtqualit\u00e4t und Pr\u00e4zision. Dies ist besonders wichtig bei der Herstellung von Komponenten mit komplexen Geometrien. In Ihrer Branche ist das besonders wichtig? Es wird h\u00f6chste Pr\u00e4zision gefordert? Dann sind Sie unser Partner! Fassen wir zusammen. Laserschwei\u00dfen im Lohn erm\u00f6glicht Ihrem Unternehmen, von den zahlreichen Vorteilen dieser fortschrittlichen Schwei\u00dftechnologie zu profitieren. Ohne, dass Sie die damit verbundenen hohen Investitionskosten tragen m\u00fcssen. Die Kombination aus <strong>Pr\u00e4zision, Flexibilit\u00e4t, Geschwindigkeit<\/strong> macht das Laserschwei\u00dfen zu einer wertvollen Option f\u00fcr die <strong>moderne Fertigung<\/strong>. Es ist einfach sehr wirtschaftlich.<\/p>\n<h3>Unser Unternehmen f\u00fcr Laserschwei\u00dfen vorgestellt<\/h3>\n<p>Willkommen im Schorcht Laserzentrum! Wir sind die Experten, wenn es um Arbeiten mit dem Laser geht. Wir haben viel Erfahrung und wissen genau, was wir tun. Mit uns an Ihrer Seite bekommen Sie genau die Hilfe, die Sie brauchen, auch wenn es um die Entwicklung neuer Produkte geht. Egal ob Sie <a title=\"Laserschwei\u00dfen Unternehmen\" href=\"https:\/\/www.schorcht.de\/ueber-uns\/\"><strong>Prototypen oder kleine Serien<\/strong><\/a> herstellen m\u00f6chten, wir k\u00f6nnen Ihnen helfen. Egal, was Sie herstellen m\u00f6chten, wir k\u00f6nnen es f\u00fcr Sie tun. Wir arbeiten sehr genau und sparen dabei Kosten, egal f\u00fcr welche Branche. Wir kennen uns mit vielen verschiedenen Techniken aus.<\/p>\n<h3>Lassen Sie uns Ihr Projekt beginnen! Sie finden alles zur Materialbearbeitung mit dem Laser unter einem Dach!<\/h3>\n<p>Wir sind immer bereit f\u00fcr Ihre Projekte und nutzen daf\u00fcr die neueste Technik und sehr gut ausgebildete Mitarbeiter. Wenn Sie Aufgaben wie <a title=\"Laserschwei\u00dfen Unternehmen\" href=\"https:\/\/www.schorcht.de\/laserschweissen\/\"><strong>Laserschwei\u00dfen<\/strong><\/a>, Laserschneiden oder Laserbeschriftung an uns auslagern, kann das viel g\u00fcnstiger f\u00fcr Sie sein. So sparen Sie Geld und bleiben konkurrenzf\u00e4hig, besonders wenn Sie diese Techniken nicht st\u00e4ndig brauchen. Mit unserer Hilfe k\u00f6nnen Sie flexibler produzieren und besser auf Ver\u00e4nderungen reagieren. Wir passen unsere Arbeit genau an das an, was Sie brauchen. Zudem bieten wir Ihnen Zugang zu den neuesten <strong>Technologien f\u00fcr Schwei\u00dfen und Schneiden<\/strong>. Wir freuen uns darauf, mit Ihnen Ihre Projekte umzusetzen!<\/p>\n","protected":false},"excerpt":{"rendered":"<p>Laserschwei\u00dfen Unternehmen \u2013 Guter Partner, wenn es drauf ankommt Suchen Sie jemanden, der richtig gut im Laserschwei\u00dfen ist? Bei uns sind Sie genau richtig! Wir [&hellip;]<\/p>\n","protected":false},"author":9,"featured_media":0,"parent":0,"menu_order":0,"comment_status":"closed","ping_status":"closed","template":"","meta":{"ngg_post_thumbnail":0,"footnotes":"","_links_to":"","_links_to_target":""},"yoast_head":"<!-- This site is optimized with the Yoast SEO plugin v22.5 - https:\/\/yoast.com\/wordpress\/plugins\/seo\/ -->\n<title>Laserschwei\u00dfen Unternehmen | Lohnfertigung auf 14 Laseranlagen<\/title>\n<meta name=\"description\" content=\"Unternehmen Laserschwei\u00dfen: Sie suchen einen Partner in der Lohnfertigung \u2013 Lohnschwei\u00dfen, Laserschneiden, Beschriften &amp; Markieren.\" \/>\n<meta name=\"robots\" content=\"noindex, follow, max-snippet:-1, max-image-preview:large, max-video-preview:-1\" \/>\n<meta property=\"og:locale\" content=\"de_DE\" \/>\n<meta property=\"og:type\" content=\"article\" \/>\n<meta property=\"og:title\" content=\"Laserschwei\u00dfen Unternehmen | Lohnfertigung auf 14 Laseranlagen\" \/>\n<meta property=\"og:description\" content=\"Unternehmen Laserschwei\u00dfen: Sie suchen einen Partner in der Lohnfertigung \u2013 Lohnschwei\u00dfen, Laserschneiden, Beschriften &amp; Markieren.\" \/>\n<meta property=\"og:url\" content=\"https:\/\/form-klar.de\/schorcht\/laserschweissen-unternehmen\/\" \/>\n<meta property=\"og:site_name\" content=\"Laserzentrum Schorcht\" \/>\n<meta name=\"twitter:label1\" content=\"Gesch\u00e4tzte Lesezeit\" \/>\n\t<meta name=\"twitter:data1\" content=\"3\u00a0Minuten\" \/>\n<script type=\"application\/ld+json\" class=\"yoast-schema-graph\">{\"@context\":\"https:\/\/schema.org\",\"@graph\":[{\"@type\":\"WebPage\",\"@id\":\"https:\/\/form-klar.de\/schorcht\/laserschweissen-unternehmen\/\",\"url\":\"https:\/\/form-klar.de\/schorcht\/laserschweissen-unternehmen\/\",\"name\":\"Laserschwei\u00dfen Unternehmen | Lohnfertigung auf 14 Laseranlagen\",\"isPartOf\":{\"@id\":\"https:\/\/form-klar.de\/schorcht\/#website\"},\"datePublished\":\"2024-02-25T11:06:07+00:00\",\"dateModified\":\"2024-02-25T11:06:07+00:00\",\"description\":\"Unternehmen Laserschwei\u00dfen: Sie suchen einen Partner in der Lohnfertigung \u2013 Lohnschwei\u00dfen, Laserschneiden, Beschriften & Markieren.\",\"inLanguage\":\"de\",\"potentialAction\":[{\"@type\":\"ReadAction\",\"target\":[\"https:\/\/form-klar.de\/schorcht\/laserschweissen-unternehmen\/\"]}]},{\"@type\":\"WebSite\",\"@id\":\"https:\/\/form-klar.de\/schorcht\/#website\",\"url\":\"https:\/\/form-klar.de\/schorcht\/\",\"name\":\"Laserzentrum Schorcht\",\"description\":\"Lohnfertigung in der Lasermaterialbearbeitung - 12 Laseranlagen\",\"potentialAction\":[{\"@type\":\"SearchAction\",\"target\":{\"@type\":\"EntryPoint\",\"urlTemplate\":\"https:\/\/form-klar.de\/schorcht\/?s={search_term_string}\"},\"query-input\":\"required name=search_term_string\"}],\"inLanguage\":\"de\"}]}<\/script>\n<!-- \/ Yoast SEO plugin. -->","yoast_head_json":{"title":"Laserschwei\u00dfen Unternehmen | Lohnfertigung auf 14 Laseranlagen","description":"Unternehmen Laserschwei\u00dfen: Sie suchen einen Partner in der Lohnfertigung \u2013 Lohnschwei\u00dfen, Laserschneiden, Beschriften & Markieren.","robots":{"index":"noindex","follow":"follow","max-snippet":"max-snippet:-1","max-image-preview":"max-image-preview:large","max-video-preview":"max-video-preview:-1"},"og_locale":"de_DE","og_type":"article","og_title":"Laserschwei\u00dfen Unternehmen | Lohnfertigung auf 14 Laseranlagen","og_description":"Unternehmen Laserschwei\u00dfen: Sie suchen einen Partner in der Lohnfertigung \u2013 Lohnschwei\u00dfen, Laserschneiden, Beschriften & Markieren.","og_url":"https:\/\/form-klar.de\/schorcht\/laserschweissen-unternehmen\/","og_site_name":"Laserzentrum Schorcht","twitter_misc":{"Gesch\u00e4tzte Lesezeit":"3\u00a0Minuten"},"schema":{"@context":"https:\/\/schema.org","@graph":[{"@type":"WebPage","@id":"https:\/\/form-klar.de\/schorcht\/laserschweissen-unternehmen\/","url":"https:\/\/form-klar.de\/schorcht\/laserschweissen-unternehmen\/","name":"Laserschwei\u00dfen Unternehmen | Lohnfertigung auf 14 Laseranlagen","isPartOf":{"@id":"https:\/\/form-klar.de\/schorcht\/#website"},"datePublished":"2024-02-25T11:06:07+00:00","dateModified":"2024-02-25T11:06:07+00:00","description":"Unternehmen Laserschwei\u00dfen: Sie suchen einen Partner in der Lohnfertigung \u2013 Lohnschwei\u00dfen, Laserschneiden, Beschriften & Markieren.","inLanguage":"de","potentialAction":[{"@type":"ReadAction","target":["https:\/\/form-klar.de\/schorcht\/laserschweissen-unternehmen\/"]}]},{"@type":"WebSite","@id":"https:\/\/form-klar.de\/schorcht\/#website","url":"https:\/\/form-klar.de\/schorcht\/","name":"Laserzentrum Schorcht","description":"Lohnfertigung in der Lasermaterialbearbeitung - 12 Laseranlagen","potentialAction":[{"@type":"SearchAction","target":{"@type":"EntryPoint","urlTemplate":"https:\/\/form-klar.de\/schorcht\/?s={search_term_string}"},"query-input":"required name=search_term_string"}],"inLanguage":"de"}]}},"_links":{"self":[{"href":"https:\/\/form-klar.de\/schorcht\/wp-json\/wp\/v2\/pages\/2049"}],"collection":[{"href":"https:\/\/form-klar.de\/schorcht\/wp-json\/wp\/v2\/pages"}],"about":[{"href":"https:\/\/form-klar.de\/schorcht\/wp-json\/wp\/v2\/types\/page"}],"author":[{"embeddable":true,"href":"https:\/\/form-klar.de\/schorcht\/wp-json\/wp\/v2\/users\/9"}],"replies":[{"embeddable":true,"href":"https:\/\/form-klar.de\/schorcht\/wp-json\/wp\/v2\/comments?post=2049"}],"version-history":[{"count":0,"href":"https:\/\/form-klar.de\/schorcht\/wp-json\/wp\/v2\/pages\/2049\/revisions"}],"wp:attachment":[{"href":"https:\/\/form-klar.de\/schorcht\/wp-json\/wp\/v2\/media?parent=2049"}],"curies":[{"name":"wp","href":"https:\/\/api.w.org\/{rel}","templated":true}]}}