{"id":1761,"date":"2023-09-29T09:30:12","date_gmt":"2023-09-29T09:30:12","guid":{"rendered":"https:\/\/form-klar.de\/schorcht\/?page_id=1761"},"modified":"2023-09-29T09:30:31","modified_gmt":"2023-09-29T09:30:31","slug":"rohrbearbeitung-firma","status":"publish","type":"page","link":"https:\/\/form-klar.de\/schorcht\/rohrbearbeitung-firma\/","title":{"rendered":"Rohrbearbeitung Firma"},"content":{"rendered":"<h2>Rohrbearbeitung Firma: Lasern und Schwei\u00dfen von Rohren<\/h2>\n<p>Wir bieten Ihnen lasergeschwei\u00dfte Komponenten in der Rohrbearbeitung an. Ob Rohrverbinder oder einfach geschnittenen Kl\u00f6pperboden \u2013 bestellen Sie Ihre Rohre bei einer&nbsp;<strong>Firma f\u00fcr Laserschwei\u00dfen und Laserschneiden<\/strong> im Lohn. Wir fertigen komplette Rohrbauteile aus Einzelteilen zusammen. Ebenso \u00fcbernehmen wir die Fertigungen von Bauteilen f\u00fcr die Medizintechnik. Dazu geh\u00f6ren zum Beispiel medizinische Gelenke.<\/p>\n<h3>Rohre, Rohrst\u00fccke, Rohrverbindungen, Gelenke aus unterschiedlichen Materialien<\/h3>\n<p>\u00dcbrigens: Wir fertigen auch Rohrst\u00fccke aus Aluminium. Ebenso schwei\u00dfen wir Kupferrohre und k\u00f6nnen auch Messingteile problemlos f\u00fcgen. Alles bieten wir Ihnen optisch anspruchsvoll an. Wir sind Ihr Laserzentrum. Fragen Sie doch die Experten, wenn es um die Auslagerung der Lasermaterialbearbeitung geht. Wir sind die Experten in der Laserschwei\u00df- Technologie. Zudem arbeiten wir nach den global g\u00fcltigen Standards der Automobilindustrie. Setzen Sie neben Schnelligkeit und Effizienz auch auf eine <strong>hohe System- und Prozessqualit\u00e4t<\/strong>. Das bedeutet f\u00fcr Sie: Wir arbeiten nach der \u00dcberzeugung, f\u00fcr unsere Kunden keine Fehler zuzulassen. Stellen Sie mit uns fehlerfrei Ihre Rohre oder Rohrbauteile her.<\/p>\n<h3>Rohrbearbeitung Firma: \u00dcberzeugende Vielfalt von M\u00f6glichkeiten f\u00fcr Ihr Werkst\u00fcck<\/h3>\n<p>Mit h\u00f6chstm\u00f6glicher Pr\u00e4zision sichern wir Ihre Zufriedenheit. Die <a title=\"Rohrbearbeitung Firma\" href=\"https:\/\/form-klar.de\/schorcht\/ueber-uns\/\"><strong>Rohrlasertechnik<\/strong><\/a>&nbsp;ist hochentwickelt. Auf diese Weise erm\u00f6glichen wir Ihnen aus verschiedensten Materialien die passenden Ausschnitte an. Ob Stahlbauprofile, Sonderprofile, Tr\u00e4ger oder andere Profile sind selbstverst\u00e4ndlich m\u00f6glich. Denn wir fertigen zuverl\u00e4ssig <strong>Ihr individuelles Werkst\u00fcck<\/strong>. Bestellen Sie Ihre Laserteile bequem bei uns. Anruf oder E-Mail gen\u00fcgt.<\/p>\n<h3>Komplexe Geometrien \u2013 mit dem Laser arbeiten wir ber\u00fchrungslos in mehreren Achsen<\/h3>\n<p><a title=\"Rohrbearbeitung Firma\" href=\"https:\/\/form-klar.de\/schorcht\/rohrbearbeitung\/\"><strong>Wir bearbeiten Rohre<\/strong><\/a> mit dem Laser. Grob funktioniert das so, indem wir nicht den Laserkopf bewegen, sondern das Werkst\u00fcck. Damit ist es m\u00f6glich, das Rohr um seine eigene Achse zu drehen. Eine Bearbeitung wird so 360 Grad m\u00f6glich. Wir bieten Ihnen als Lohndienstleister eine hohe Leistungsf\u00e4higkeit. Bis zu 14 Anlagen im Bereich Lasermaterialbearbeitung arbeiten f\u00fcr unsere Kunden.<\/p>\n<h3>Schorcht Laserzentrum in Verbund mit der Firma Agnilaser: Schnelligkeit in Ihrem Auftrag<\/h3>\n<p>Hochpr\u00e4zise und mit hoher Wiederholbarkeit fertigen wir sehr zuverl\u00e4ssig Ihre Teile. Neben dem Schneiden und Schwei\u00dfen bieten wir Ihnen auch <strong>Gravuren und Bohrungen<\/strong> an. Ebenso arbeiten wir schnell in Ihrem Auftrag. Wir bieten Ihnen zudem Top Produktionsbedingungen f\u00fcr Ihren Auftrag an.<\/p>\n","protected":false},"excerpt":{"rendered":"<p>Rohrbearbeitung Firma: Lasern und Schwei\u00dfen von Rohren Wir bieten Ihnen lasergeschwei\u00dfte Komponenten in der Rohrbearbeitung an. Ob Rohrverbinder oder einfach geschnittenen Kl\u00f6pperboden \u2013 bestellen Sie [&hellip;]<\/p>\n","protected":false},"author":9,"featured_media":0,"parent":0,"menu_order":0,"comment_status":"closed","ping_status":"closed","template":"","meta":{"ngg_post_thumbnail":0,"footnotes":"","_links_to":"","_links_to_target":""},"yoast_head":"<!-- This site is optimized with the Yoast SEO plugin v22.5 - https:\/\/yoast.com\/wordpress\/plugins\/seo\/ -->\n<title>Rohrbearbeitung Firma | Rohre lasern und schwei\u00dfen in Lohnfertigung<\/title>\n<meta name=\"description\" content=\"Sie suchen eine Rohrbearbeitung Firma? Wir bieten Ihnen unsere Leistungen Laserschneiden, Laserschwei\u00dfen und Beschriften in Lohnfertigung an.\" \/>\n<meta name=\"robots\" content=\"noindex, follow, max-snippet:-1, max-image-preview:large, max-video-preview:-1\" \/>\n<meta property=\"og:locale\" content=\"de_DE\" \/>\n<meta property=\"og:type\" content=\"article\" \/>\n<meta property=\"og:title\" content=\"Rohrbearbeitung Firma | Rohre lasern und schwei\u00dfen in Lohnfertigung\" \/>\n<meta property=\"og:description\" content=\"Sie suchen eine Rohrbearbeitung Firma? Wir bieten Ihnen unsere Leistungen Laserschneiden, Laserschwei\u00dfen und Beschriften in Lohnfertigung an.\" \/>\n<meta property=\"og:url\" content=\"https:\/\/form-klar.de\/schorcht\/rohrbearbeitung-firma\/\" \/>\n<meta property=\"og:site_name\" content=\"Laserzentrum Schorcht\" \/>\n<meta property=\"article:modified_time\" content=\"2023-09-29T09:30:31+00:00\" \/>\n<meta name=\"twitter:label1\" content=\"Gesch\u00e4tzte Lesezeit\" \/>\n\t<meta name=\"twitter:data1\" content=\"2\u00a0Minuten\" \/>\n<script type=\"application\/ld+json\" class=\"yoast-schema-graph\">{\"@context\":\"https:\/\/schema.org\",\"@graph\":[{\"@type\":\"WebPage\",\"@id\":\"https:\/\/form-klar.de\/schorcht\/rohrbearbeitung-firma\/\",\"url\":\"https:\/\/form-klar.de\/schorcht\/rohrbearbeitung-firma\/\",\"name\":\"Rohrbearbeitung Firma | Rohre lasern und schwei\u00dfen in Lohnfertigung\",\"isPartOf\":{\"@id\":\"https:\/\/form-klar.de\/schorcht\/#website\"},\"datePublished\":\"2023-09-29T09:30:12+00:00\",\"dateModified\":\"2023-09-29T09:30:31+00:00\",\"description\":\"Sie suchen eine Rohrbearbeitung Firma? Wir bieten Ihnen unsere Leistungen Laserschneiden, Laserschwei\u00dfen und Beschriften in Lohnfertigung an.\",\"inLanguage\":\"de\",\"potentialAction\":[{\"@type\":\"ReadAction\",\"target\":[\"https:\/\/form-klar.de\/schorcht\/rohrbearbeitung-firma\/\"]}]},{\"@type\":\"WebSite\",\"@id\":\"https:\/\/form-klar.de\/schorcht\/#website\",\"url\":\"https:\/\/form-klar.de\/schorcht\/\",\"name\":\"Laserzentrum Schorcht\",\"description\":\"Lohnfertigung in der Lasermaterialbearbeitung - 12 Laseranlagen\",\"potentialAction\":[{\"@type\":\"SearchAction\",\"target\":{\"@type\":\"EntryPoint\",\"urlTemplate\":\"https:\/\/form-klar.de\/schorcht\/?s={search_term_string}\"},\"query-input\":\"required name=search_term_string\"}],\"inLanguage\":\"de\"}]}<\/script>\n<!-- \/ Yoast SEO plugin. -->","yoast_head_json":{"title":"Rohrbearbeitung Firma | Rohre lasern und schwei\u00dfen in Lohnfertigung","description":"Sie suchen eine Rohrbearbeitung Firma? Wir bieten Ihnen unsere Leistungen Laserschneiden, Laserschwei\u00dfen und Beschriften in Lohnfertigung an.","robots":{"index":"noindex","follow":"follow","max-snippet":"max-snippet:-1","max-image-preview":"max-image-preview:large","max-video-preview":"max-video-preview:-1"},"og_locale":"de_DE","og_type":"article","og_title":"Rohrbearbeitung Firma | Rohre lasern und schwei\u00dfen in Lohnfertigung","og_description":"Sie suchen eine Rohrbearbeitung Firma? Wir bieten Ihnen unsere Leistungen Laserschneiden, Laserschwei\u00dfen und Beschriften in Lohnfertigung an.","og_url":"https:\/\/form-klar.de\/schorcht\/rohrbearbeitung-firma\/","og_site_name":"Laserzentrum Schorcht","article_modified_time":"2023-09-29T09:30:31+00:00","twitter_misc":{"Gesch\u00e4tzte Lesezeit":"2\u00a0Minuten"},"schema":{"@context":"https:\/\/schema.org","@graph":[{"@type":"WebPage","@id":"https:\/\/form-klar.de\/schorcht\/rohrbearbeitung-firma\/","url":"https:\/\/form-klar.de\/schorcht\/rohrbearbeitung-firma\/","name":"Rohrbearbeitung Firma | Rohre lasern und schwei\u00dfen in Lohnfertigung","isPartOf":{"@id":"https:\/\/form-klar.de\/schorcht\/#website"},"datePublished":"2023-09-29T09:30:12+00:00","dateModified":"2023-09-29T09:30:31+00:00","description":"Sie suchen eine Rohrbearbeitung Firma? Wir bieten Ihnen unsere Leistungen Laserschneiden, Laserschwei\u00dfen und Beschriften in Lohnfertigung an.","inLanguage":"de","potentialAction":[{"@type":"ReadAction","target":["https:\/\/form-klar.de\/schorcht\/rohrbearbeitung-firma\/"]}]},{"@type":"WebSite","@id":"https:\/\/form-klar.de\/schorcht\/#website","url":"https:\/\/form-klar.de\/schorcht\/","name":"Laserzentrum Schorcht","description":"Lohnfertigung in der Lasermaterialbearbeitung - 12 Laseranlagen","potentialAction":[{"@type":"SearchAction","target":{"@type":"EntryPoint","urlTemplate":"https:\/\/form-klar.de\/schorcht\/?s={search_term_string}"},"query-input":"required name=search_term_string"}],"inLanguage":"de"}]}},"_links":{"self":[{"href":"https:\/\/form-klar.de\/schorcht\/wp-json\/wp\/v2\/pages\/1761"}],"collection":[{"href":"https:\/\/form-klar.de\/schorcht\/wp-json\/wp\/v2\/pages"}],"about":[{"href":"https:\/\/form-klar.de\/schorcht\/wp-json\/wp\/v2\/types\/page"}],"author":[{"embeddable":true,"href":"https:\/\/form-klar.de\/schorcht\/wp-json\/wp\/v2\/users\/9"}],"replies":[{"embeddable":true,"href":"https:\/\/form-klar.de\/schorcht\/wp-json\/wp\/v2\/comments?post=1761"}],"version-history":[{"count":4,"href":"https:\/\/form-klar.de\/schorcht\/wp-json\/wp\/v2\/pages\/1761\/revisions"}],"predecessor-version":[{"id":1765,"href":"https:\/\/form-klar.de\/schorcht\/wp-json\/wp\/v2\/pages\/1761\/revisions\/1765"}],"wp:attachment":[{"href":"https:\/\/form-klar.de\/schorcht\/wp-json\/wp\/v2\/media?parent=1761"}],"curies":[{"name":"wp","href":"https:\/\/api.w.org\/{rel}","templated":true}]}}