{"id":1744,"date":"2023-08-11T10:40:07","date_gmt":"2023-08-11T10:40:07","guid":{"rendered":"https:\/\/form-klar.de\/schorcht\/?page_id=1744"},"modified":"2023-08-11T10:40:25","modified_gmt":"2023-08-11T10:40:25","slug":"laserbeschriften-firma","status":"publish","type":"page","link":"https:\/\/form-klar.de\/schorcht\/laserbeschriften-firma\/","title":{"rendered":"Laserbeschriften Firma"},"content":{"rendered":"<h2> Laserbeschriften Firma: Ihr Partner ist das Schorcht Laserzentrum\t<\/h2>\n<p>Wir sind Ihr Partner f\u00fcr eine Lohnfertigung in der Materialbearbeitung mit dem Laser. Sie<br \/>\nsuchen eine \t<strong> Laserbeschriften Firma\t<\/strong> ? Nutzen Sie unseren Service. Gern<br \/>\nnehmen wir Ihren Auftrag entgehen. Im Bereich der Beschriftung mit dem Laser k\u00f6nnen wir<br \/>\nIhnen alle M\u00f6glichkeiten bieten. Jedes Material kann auf jede Weise beschriftet oder markiert<br \/>\nwerden. Dabei kommen verschiedene Verfahren zum Einsatz. <\/p>\n<h3> Unterschiedliche Laser kommen effektiv zum Einsatz\t<\/h3>\n<p>Diese werden mit unterschiedlichen Lasern durchgef\u00fchrt. Ob das Gravieren in das Material,<br \/>\ndas Beschriften, das \t<strong> Abtragen\t<\/strong>  oder das \t<strong> Aufsch\u00e4umen\t<\/strong>  \u2013<br \/>\nwir bieten Ihnen eine passende L\u00f6sung. Wenden Sie sich am besten per E-Mail oder<br \/>\ntelefonisch an uns. Wir bieten Ihnen eine fachgerechte und freundliche Beratung.<br \/>\nAnschlie\u00dfend f\u00fchren wir den Auftrag in kurzer Zeit mit hoher Qualit\u00e4t durch. Dabei kommen<br \/>\nverschiedene Laser zum Einsatz. Denn die verschiedenen Verfahren sind notwendig, um<br \/>\nSchrift, Bilder, Logos, \t<strong> Datamatrix-Codes\t<\/strong>  oder 3D Hologramme umsetzen zu<br \/>\nk\u00f6nnen. Deshalb kommt es bei jedem Auftrag auch auf Ihre besonderen W\u00fcnsche und<br \/>\nAnforderungen an. <\/p>\n<h3> Gravur mit dem Laser \u2013 gezielter Materialabtrag ist f\u00e4lschungssicher\t<\/h3>\n<p>Die Gravur ist ein \t<a title=\"Laserbeschriften Firma\" \nhref=\"https:\/\/form-klar.de\/schorcht\/laserbeschriften\/\"><strong>\tMaterialabtrag\t<\/strong><\/a>\t, der<br \/>\ndurch den Laser induziert wird. Hier werden gepulste Laser eingesetzt. Der Abtrag des<br \/>\nMaterials schafft einen Kontrast, durch den die Ziffern und Buchstaben sehr gut lesbar<br \/>\nwerden. Die Gravur ist grunds\u00e4tzlich f\u00e4lschungssicher. Entfernt oder ver\u00e4ndert werden kann<br \/>\neine Gravur nur, wenn man sie vollst\u00e4ndig abschleift. Ideal ist dieses Verfahren f\u00fcr die<br \/>\nKennzeichnung von Metallen. Sie m\u00fcssen die \t<strong> Teile Ihrer Produktion<br \/>\nkennzeichnen\t<\/strong> . Anruf gen\u00fcgt \u2013 wir \u00fcbernehmen das f\u00fcr Sie.<\/p>\n<h3> Laserbeschriften Firma \u2013 das passende Verfahren f\u00fcr Ihre Produktion\t<\/h3>\n<p>Ebenso sind nat\u00fcrlich andere Verfahren m\u00f6glich. Der Laser kann Beschriftungen durch<br \/>\nOxidation erm\u00f6glichen. Dadurch k\u00f6nnen wir einen gezielten Farbumschlag erreichen.<br \/>\nEbenso k\u00f6nnen wir nach dem Lackieren oder Beschichten des Werkst\u00fcckes, die Farbe<br \/>\ngezielt entfernen. Besonders \t<strong> im Automobilbau\t<\/strong>  k\u00f6nnen dadurch die \u200b<br \/>\nbeleuchteten Bedienelemente umgesetzt werden. Mit uns arbeiten Sie dabei prozesssicher<br \/>\nund preisg\u00fcnstig. Setzen Sie auf einen Partner, der Ihnen die \t<a title=\"Kosteng\u00fcnstig fertigen\" \nhref=\"https:\/\/form-klar.de\/schorcht\/ueber-uns\/\"><strong>\tEffektivit\u00e4t Ihrer Produktion\t<\/strong><\/a><br \/>\nsichert.<\/p>\n","protected":false},"excerpt":{"rendered":"<p>Laserbeschriften Firma: Ihr Partner ist das Schorcht Laserzentrum Wir sind Ihr Partner f\u00fcr eine Lohnfertigung in der Materialbearbeitung mit dem Laser. Sie suchen eine Laserbeschriften [&hellip;]<\/p>\n","protected":false},"author":9,"featured_media":0,"parent":0,"menu_order":0,"comment_status":"closed","ping_status":"closed","template":"","meta":{"ngg_post_thumbnail":0,"footnotes":"","_links_to":"","_links_to_target":""},"yoast_head":"<!-- This site is optimized with the Yoast SEO plugin v22.5 - https:\/\/yoast.com\/wordpress\/plugins\/seo\/ -->\n<title>Laserbeschriften Firma | Wir markieren, gravieren und beschriften!<\/title>\n<meta name=\"description\" content=\"Mehr Informationen zu unserer Laserbeschriften Firma: Das Laserzentrum Schorcht ist der Partner f\u00fcr eine pr\u00e4zise und dauerhafte Beschriftung.\" \/>\n<meta name=\"robots\" content=\"noindex, follow, max-snippet:-1, max-image-preview:large, max-video-preview:-1\" \/>\n<meta property=\"og:locale\" content=\"de_DE\" \/>\n<meta property=\"og:type\" content=\"article\" \/>\n<meta property=\"og:title\" content=\"Laserbeschriften Firma | Wir markieren, gravieren und beschriften!\" \/>\n<meta property=\"og:description\" content=\"Mehr Informationen zu unserer Laserbeschriften Firma: Das Laserzentrum Schorcht ist der Partner f\u00fcr eine pr\u00e4zise und dauerhafte Beschriftung.\" \/>\n<meta property=\"og:url\" content=\"https:\/\/form-klar.de\/schorcht\/laserbeschriften-firma\/\" \/>\n<meta property=\"og:site_name\" content=\"Laserzentrum Schorcht\" \/>\n<meta property=\"article:modified_time\" content=\"2023-08-11T10:40:25+00:00\" \/>\n<meta name=\"twitter:label1\" content=\"Gesch\u00e4tzte Lesezeit\" \/>\n\t<meta name=\"twitter:data1\" content=\"2\u00a0Minuten\" \/>\n<script type=\"application\/ld+json\" class=\"yoast-schema-graph\">{\"@context\":\"https:\/\/schema.org\",\"@graph\":[{\"@type\":\"WebPage\",\"@id\":\"https:\/\/form-klar.de\/schorcht\/laserbeschriften-firma\/\",\"url\":\"https:\/\/form-klar.de\/schorcht\/laserbeschriften-firma\/\",\"name\":\"Laserbeschriften Firma | Wir markieren, gravieren und beschriften!\",\"isPartOf\":{\"@id\":\"https:\/\/form-klar.de\/schorcht\/#website\"},\"datePublished\":\"2023-08-11T10:40:07+00:00\",\"dateModified\":\"2023-08-11T10:40:25+00:00\",\"description\":\"Mehr Informationen zu unserer Laserbeschriften Firma: Das Laserzentrum Schorcht ist der Partner f\u00fcr eine pr\u00e4zise und dauerhafte Beschriftung.\",\"inLanguage\":\"de\",\"potentialAction\":[{\"@type\":\"ReadAction\",\"target\":[\"https:\/\/form-klar.de\/schorcht\/laserbeschriften-firma\/\"]}]},{\"@type\":\"WebSite\",\"@id\":\"https:\/\/form-klar.de\/schorcht\/#website\",\"url\":\"https:\/\/form-klar.de\/schorcht\/\",\"name\":\"Laserzentrum Schorcht\",\"description\":\"Lohnfertigung in der Lasermaterialbearbeitung - 12 Laseranlagen\",\"potentialAction\":[{\"@type\":\"SearchAction\",\"target\":{\"@type\":\"EntryPoint\",\"urlTemplate\":\"https:\/\/form-klar.de\/schorcht\/?s={search_term_string}\"},\"query-input\":\"required name=search_term_string\"}],\"inLanguage\":\"de\"}]}<\/script>\n<!-- \/ Yoast SEO plugin. -->","yoast_head_json":{"title":"Laserbeschriften Firma | Wir markieren, gravieren und beschriften!","description":"Mehr Informationen zu unserer Laserbeschriften Firma: Das Laserzentrum Schorcht ist der Partner f\u00fcr eine pr\u00e4zise und dauerhafte Beschriftung.","robots":{"index":"noindex","follow":"follow","max-snippet":"max-snippet:-1","max-image-preview":"max-image-preview:large","max-video-preview":"max-video-preview:-1"},"og_locale":"de_DE","og_type":"article","og_title":"Laserbeschriften Firma | Wir markieren, gravieren und beschriften!","og_description":"Mehr Informationen zu unserer Laserbeschriften Firma: Das Laserzentrum Schorcht ist der Partner f\u00fcr eine pr\u00e4zise und dauerhafte Beschriftung.","og_url":"https:\/\/form-klar.de\/schorcht\/laserbeschriften-firma\/","og_site_name":"Laserzentrum Schorcht","article_modified_time":"2023-08-11T10:40:25+00:00","twitter_misc":{"Gesch\u00e4tzte Lesezeit":"2\u00a0Minuten"},"schema":{"@context":"https:\/\/schema.org","@graph":[{"@type":"WebPage","@id":"https:\/\/form-klar.de\/schorcht\/laserbeschriften-firma\/","url":"https:\/\/form-klar.de\/schorcht\/laserbeschriften-firma\/","name":"Laserbeschriften Firma | Wir markieren, gravieren und beschriften!","isPartOf":{"@id":"https:\/\/form-klar.de\/schorcht\/#website"},"datePublished":"2023-08-11T10:40:07+00:00","dateModified":"2023-08-11T10:40:25+00:00","description":"Mehr Informationen zu unserer Laserbeschriften Firma: Das Laserzentrum Schorcht ist der Partner f\u00fcr eine pr\u00e4zise und dauerhafte Beschriftung.","inLanguage":"de","potentialAction":[{"@type":"ReadAction","target":["https:\/\/form-klar.de\/schorcht\/laserbeschriften-firma\/"]}]},{"@type":"WebSite","@id":"https:\/\/form-klar.de\/schorcht\/#website","url":"https:\/\/form-klar.de\/schorcht\/","name":"Laserzentrum Schorcht","description":"Lohnfertigung in der Lasermaterialbearbeitung - 12 Laseranlagen","potentialAction":[{"@type":"SearchAction","target":{"@type":"EntryPoint","urlTemplate":"https:\/\/form-klar.de\/schorcht\/?s={search_term_string}"},"query-input":"required name=search_term_string"}],"inLanguage":"de"}]}},"_links":{"self":[{"href":"https:\/\/form-klar.de\/schorcht\/wp-json\/wp\/v2\/pages\/1744"}],"collection":[{"href":"https:\/\/form-klar.de\/schorcht\/wp-json\/wp\/v2\/pages"}],"about":[{"href":"https:\/\/form-klar.de\/schorcht\/wp-json\/wp\/v2\/types\/page"}],"author":[{"embeddable":true,"href":"https:\/\/form-klar.de\/schorcht\/wp-json\/wp\/v2\/users\/9"}],"replies":[{"embeddable":true,"href":"https:\/\/form-klar.de\/schorcht\/wp-json\/wp\/v2\/comments?post=1744"}],"version-history":[{"count":4,"href":"https:\/\/form-klar.de\/schorcht\/wp-json\/wp\/v2\/pages\/1744\/revisions"}],"predecessor-version":[{"id":1748,"href":"https:\/\/form-klar.de\/schorcht\/wp-json\/wp\/v2\/pages\/1744\/revisions\/1748"}],"wp:attachment":[{"href":"https:\/\/form-klar.de\/schorcht\/wp-json\/wp\/v2\/media?parent=1744"}],"curies":[{"name":"wp","href":"https:\/\/api.w.org\/{rel}","templated":true}]}}