{"id":1694,"date":"2023-03-14T12:00:56","date_gmt":"2023-03-14T12:00:56","guid":{"rendered":"https:\/\/form-klar.de\/schorcht\/?page_id=1694"},"modified":"2023-03-14T12:03:46","modified_gmt":"2023-03-14T12:03:46","slug":"laserschneiden-firma","status":"publish","type":"page","link":"https:\/\/form-klar.de\/schorcht\/laserschneiden-firma\/","title":{"rendered":"Laserschneiden Firma"},"content":{"rendered":"<h2>Laserschneiden Firma: Laserzentrum f\u00fcr zuverl\u00e4ssigen Auftragserledigung<\/h2>\n<p>Wir m\u00f6chten uns gern als leistungsf\u00e4hige Laserschneiden Firma pr\u00e4sentieren. Das Laserzentrum Schorcht ist f\u00fcr Ihren Spezialauftrag bereit. Was k\u00f6nnen Sie bei uns tun? Bei uns dreht sich alles um die Laserbearbeitung von Blechen, Teilen und Rohren.<\/p>\n<h3>Laserschneiden Firma: Laserlohnfertigung<\/h3>\n<p>Nutzen Sie unsere Leistungen in der Laserlohnfertigung. Denn wir sichern Ihnen eine flexible Abwicklung. Branchen\u00fcbergreifend k\u00f6nnen Sie auf unsere Laseranlagen zur\u00fcckgreifen. Zudem setzen wir unsere Mitarbeiter gezielt ein, um ein optimales Ergebnis zu schaffen. Wir sind bereit f\u00fcr Ihren&nbsp;<a title=\"Laserschneiden Firma\" href=\"https:\/\/form-klar.de\/schorcht\/laserschneiden\/\"><\/a><a title=\"Laserschneiden Firma\" href=\"https:\/\/form-klar.de\/schorcht\/laserschneiden\/\" style=\"background-color: rgb(255, 255, 255); color: rgb(153, 153, 153); outline: 0px; cursor: pointer;\"><strong>Auftrag im<\/strong><\/a><strong>Laserschneiden<\/strong>. Setzen Sie mit uns komplexe Geometrien um. Auch filigrane Strukturen sind oft im Laserschneiden n\u00f6tig. Wir setzen diese genau nach Ihren Vorgaben um.<\/p>\n<h3>Leistungsstarke Laserschneidmaschinen im Einsatz<\/h3>\n<p>Daf\u00fcr haben wir die optimalen Laserautomaten vor Ort. Nutzen Sie die Vielseitigkeit und Power unseres Laserzentrums. Ebenso setzen wir Leistungen wie das Bohren mit dem Laser und die&nbsp;<a title=\"Laserbeschriften Firma\" href=\"https:\/\/form-klar.de\/schorcht\/laserbeschriften\/\"><\/a><a title=\"Laserbeschriften Firma\" href=\"https:\/\/form-klar.de\/schorcht\/laserbeschriften\/\" style=\"background-color: rgb(255, 255, 255); color: rgb(153, 153, 153); outline: 0px; cursor: pointer;\"><strong>Beschriftung mit dem<\/strong><\/a><strong>Laser<\/strong> um. Daf\u00fcr nutzen wir 14 unterschiedliche Laseranlagen, die uns ein besonders breites Leistungsportfolio sichern.<\/p>\n<h3>Breite Erfahrung in vielen Branchen<\/h3>\n<p>Neben hoher Leistungsf\u00e4higkeit ist die gro\u00dfe Erfahrung unseres Unternehmens ausschlaggebend. Denn seit Jahrzehnten arbeiten wir mit sehr unterschiedlichen Branchen zusammen. Wir wissen also um Ihre Bedarfe Bescheid. Das hat f\u00fcr Sie den Vorteil, dass wir zuverl\u00e4ssig und schnell agieren. Besonders hohe Anspr\u00fcche hat die&nbsp;<strong>Automobilbranche<\/strong>. Nutzen Sie unsere Zertifikate in diesem Bereich. Produzieren Sie mit uns auf internationalem Standard.<\/p>\n<h3>Strikte Kundenorientierung \u2013 entwickeln Sie mit uns Prototypen und Nullserien<\/h3>\n<p>Die Basis f\u00fcr unseren Erfolg ist die strikte Kundenorientierung. Gemeinsam mit dem Kunden entwickeln wir <strong>Prototypen<\/strong>, Nullserien und Kleinserien. Wir legen uns ins Zeug \u2013 gemeinsam mit Ihnen.<\/p>\n<h3>Laserschneiden \u2013 nutzen Sie die Potentiale f\u00fcr Ihre Fertigung<\/h3>\n<p>Wir als Laserschneiden Firma bieten Ihnen <strong>Flachbettschneiden<\/strong> an. Wir setzen zudem <strong>Laserschnitt in 2D und 3D<\/strong> um. Setzen Sie uns doch gezielt als Dienstleister f\u00fcr Ihre Fertigung ein. Wir sichern Ihnen alle Abl\u00e4ufe nach zertifiziertem Qualit\u00e4tsmanagement zu. Setzen Sie also auf Effektivit\u00e4t, Schnelligkeit und Sicherheit. Sie finden uns direkt an den Autobahnen A9 und A4 sowie in der N\u00e4he des Industriestandorts Jena in Ostth\u00fcringen.<\/p>\n","protected":false},"excerpt":{"rendered":"<p>Laserschneiden Firma: Laserzentrum f\u00fcr zuverl\u00e4ssigen Auftragserledigung Wir m\u00f6chten uns gern als leistungsf\u00e4hige Laserschneiden Firma pr\u00e4sentieren. Das Laserzentrum Schorcht ist f\u00fcr Ihren Spezialauftrag bereit. Was k\u00f6nnen [&hellip;]<\/p>\n","protected":false},"author":9,"featured_media":0,"parent":0,"menu_order":0,"comment_status":"closed","ping_status":"closed","template":"","meta":{"ngg_post_thumbnail":0,"footnotes":"","_links_to":"","_links_to_target":""},"yoast_head":"<!-- This site is optimized with the Yoast SEO plugin v22.5 - https:\/\/yoast.com\/wordpress\/plugins\/seo\/ -->\n<title>Laserschneiden Firma | Lasermaterialbearbeitung | Blechbearbeitung<\/title>\n<meta name=\"description\" content=\"Laserschneiden Firma: Wir sind Ihr Ansprechpartner f\u00fcr Lohnschneiden, Laserbohren, Gravieren und Beschriften sowie Laserschwei\u00dfen.\" \/>\n<meta name=\"robots\" content=\"noindex, follow, max-snippet:-1, max-image-preview:large, max-video-preview:-1\" \/>\n<meta property=\"og:locale\" content=\"de_DE\" \/>\n<meta property=\"og:type\" content=\"article\" \/>\n<meta property=\"og:title\" content=\"Laserschneiden Firma | Lasermaterialbearbeitung | Blechbearbeitung\" \/>\n<meta property=\"og:description\" content=\"Laserschneiden Firma: Wir sind Ihr Ansprechpartner f\u00fcr Lohnschneiden, Laserbohren, Gravieren und Beschriften sowie Laserschwei\u00dfen.\" \/>\n<meta property=\"og:url\" content=\"https:\/\/form-klar.de\/schorcht\/laserschneiden-firma\/\" \/>\n<meta property=\"og:site_name\" content=\"Laserzentrum Schorcht\" \/>\n<meta property=\"article:modified_time\" content=\"2023-03-14T12:03:46+00:00\" \/>\n<meta name=\"twitter:label1\" content=\"Gesch\u00e4tzte Lesezeit\" \/>\n\t<meta name=\"twitter:data1\" content=\"2\u00a0Minuten\" \/>\n<script type=\"application\/ld+json\" class=\"yoast-schema-graph\">{\"@context\":\"https:\/\/schema.org\",\"@graph\":[{\"@type\":\"WebPage\",\"@id\":\"https:\/\/form-klar.de\/schorcht\/laserschneiden-firma\/\",\"url\":\"https:\/\/form-klar.de\/schorcht\/laserschneiden-firma\/\",\"name\":\"Laserschneiden Firma | Lasermaterialbearbeitung | Blechbearbeitung\",\"isPartOf\":{\"@id\":\"https:\/\/form-klar.de\/schorcht\/#website\"},\"datePublished\":\"2023-03-14T12:00:56+00:00\",\"dateModified\":\"2023-03-14T12:03:46+00:00\",\"description\":\"Laserschneiden Firma: Wir sind Ihr Ansprechpartner f\u00fcr Lohnschneiden, Laserbohren, Gravieren und Beschriften sowie Laserschwei\u00dfen.\",\"inLanguage\":\"de\",\"potentialAction\":[{\"@type\":\"ReadAction\",\"target\":[\"https:\/\/form-klar.de\/schorcht\/laserschneiden-firma\/\"]}]},{\"@type\":\"WebSite\",\"@id\":\"https:\/\/form-klar.de\/schorcht\/#website\",\"url\":\"https:\/\/form-klar.de\/schorcht\/\",\"name\":\"Laserzentrum Schorcht\",\"description\":\"Lohnfertigung in der Lasermaterialbearbeitung - 12 Laseranlagen\",\"potentialAction\":[{\"@type\":\"SearchAction\",\"target\":{\"@type\":\"EntryPoint\",\"urlTemplate\":\"https:\/\/form-klar.de\/schorcht\/?s={search_term_string}\"},\"query-input\":\"required name=search_term_string\"}],\"inLanguage\":\"de\"}]}<\/script>\n<!-- \/ Yoast SEO plugin. -->","yoast_head_json":{"title":"Laserschneiden Firma | Lasermaterialbearbeitung | Blechbearbeitung","description":"Laserschneiden Firma: Wir sind Ihr Ansprechpartner f\u00fcr Lohnschneiden, Laserbohren, Gravieren und Beschriften sowie Laserschwei\u00dfen.","robots":{"index":"noindex","follow":"follow","max-snippet":"max-snippet:-1","max-image-preview":"max-image-preview:large","max-video-preview":"max-video-preview:-1"},"og_locale":"de_DE","og_type":"article","og_title":"Laserschneiden Firma | Lasermaterialbearbeitung | Blechbearbeitung","og_description":"Laserschneiden Firma: Wir sind Ihr Ansprechpartner f\u00fcr Lohnschneiden, Laserbohren, Gravieren und Beschriften sowie Laserschwei\u00dfen.","og_url":"https:\/\/form-klar.de\/schorcht\/laserschneiden-firma\/","og_site_name":"Laserzentrum Schorcht","article_modified_time":"2023-03-14T12:03:46+00:00","twitter_misc":{"Gesch\u00e4tzte Lesezeit":"2\u00a0Minuten"},"schema":{"@context":"https:\/\/schema.org","@graph":[{"@type":"WebPage","@id":"https:\/\/form-klar.de\/schorcht\/laserschneiden-firma\/","url":"https:\/\/form-klar.de\/schorcht\/laserschneiden-firma\/","name":"Laserschneiden Firma | Lasermaterialbearbeitung | Blechbearbeitung","isPartOf":{"@id":"https:\/\/form-klar.de\/schorcht\/#website"},"datePublished":"2023-03-14T12:00:56+00:00","dateModified":"2023-03-14T12:03:46+00:00","description":"Laserschneiden Firma: Wir sind Ihr Ansprechpartner f\u00fcr Lohnschneiden, Laserbohren, Gravieren und Beschriften sowie Laserschwei\u00dfen.","inLanguage":"de","potentialAction":[{"@type":"ReadAction","target":["https:\/\/form-klar.de\/schorcht\/laserschneiden-firma\/"]}]},{"@type":"WebSite","@id":"https:\/\/form-klar.de\/schorcht\/#website","url":"https:\/\/form-klar.de\/schorcht\/","name":"Laserzentrum Schorcht","description":"Lohnfertigung in der Lasermaterialbearbeitung - 12 Laseranlagen","potentialAction":[{"@type":"SearchAction","target":{"@type":"EntryPoint","urlTemplate":"https:\/\/form-klar.de\/schorcht\/?s={search_term_string}"},"query-input":"required name=search_term_string"}],"inLanguage":"de"}]}},"_links":{"self":[{"href":"https:\/\/form-klar.de\/schorcht\/wp-json\/wp\/v2\/pages\/1694"}],"collection":[{"href":"https:\/\/form-klar.de\/schorcht\/wp-json\/wp\/v2\/pages"}],"about":[{"href":"https:\/\/form-klar.de\/schorcht\/wp-json\/wp\/v2\/types\/page"}],"author":[{"embeddable":true,"href":"https:\/\/form-klar.de\/schorcht\/wp-json\/wp\/v2\/users\/9"}],"replies":[{"embeddable":true,"href":"https:\/\/form-klar.de\/schorcht\/wp-json\/wp\/v2\/comments?post=1694"}],"version-history":[{"count":5,"href":"https:\/\/form-klar.de\/schorcht\/wp-json\/wp\/v2\/pages\/1694\/revisions"}],"predecessor-version":[{"id":1699,"href":"https:\/\/form-klar.de\/schorcht\/wp-json\/wp\/v2\/pages\/1694\/revisions\/1699"}],"wp:attachment":[{"href":"https:\/\/form-klar.de\/schorcht\/wp-json\/wp\/v2\/media?parent=1694"}],"curies":[{"name":"wp","href":"https:\/\/api.w.org\/{rel}","templated":true}]}}