{"id":1678,"date":"2023-02-03T11:56:33","date_gmt":"2023-02-03T11:56:33","guid":{"rendered":"https:\/\/form-klar.de\/schorcht\/?page_id=1678"},"modified":"2023-02-03T11:56:49","modified_gmt":"2023-02-03T11:56:49","slug":"iatf-16949-zertifizierung","status":"publish","type":"page","link":"https:\/\/form-klar.de\/schorcht\/iatf-16949-zertifizierung\/","title":{"rendered":"IATF 16949 Zertifizierung"},"content":{"rendered":"<h2>IATF 16949 Zertifizierung \u2013 unser Qualit\u00e4tsmanagement in der Lohnfertigung f\u00fcr die<br \/>\nAutomobilindustrie<\/h2>\n<p>Zuverl\u00e4ssigkeit ist uns besonders wichtig. Ebenso ist Qualit\u00e4t das Versprechen unseres<br \/>\nUnternehmens. Wir sind Ihr Ansprechpartner <a title=\"IATF 16949 Zertifizierung\" \nhref=\"https:\/\/form-klar.de\/schorcht\/laserschweissen\/\"><strong>f\u00fcr<br \/>\nLaserbearbeitung<\/strong><\/a>? Willkommen bei Schorcht \u2013 Ihrem Lohnfertiger.<\/p>\n<h3>IATF 16949 Zertifizierung ersetzt seit 2018 die ISO Norm TS 16949<\/h3>\n<p>Was ist <strong>IATF 16949<\/strong>? \tDie Zertifizierung steht f\u00fcr <strong>unser<br \/>\nQualit\u00e4tsmanagement<\/strong>. Es ist entsprechend den Anforderungen der weltweit<br \/>\nagierenden Automobilunternehmen angepasst. Damit bieten wir Ihnen einen Standard, der<br \/>\nweltweit gebr\u00e4uchlich ist. Damit sichern wir eben auch in erster Linie die Zufriedenheit<br \/>\nunserer Kunden. Denn die Erwartungen sind hoch, wenn ein Auftrag an uns geht. Sicher, wer<br \/>\nm\u00f6chte nicht diese Erwartungen auch noch \u00fcbertreffen? Was gibt es Sch\u00f6neres, als einen<br \/>\nKunden zu \u00fcberraschen? Aber letztendlich ist es doch so: Alles soll so ablaufen, wie man es<br \/>\nerwartet. Insbesondere, was die Kosten und die Qualit\u00e4t des bestellten Produktes angeht, sind<br \/>\n\u00dcberraschungen eher selten von Vorteil. Was wir Ihnen geben k\u00f6nnen, ist Sicherheit. Wir<br \/>\nkontrollieren streng alle Anforderungen an eine optimale Produktqualit\u00e4t.<\/p>\n<h3>Vielf\u00e4ltigen Anforderungen entsprechen \u2013 das ist die Herausforderung<\/h3>\n<p>Wenn Sie Leistungen im Laserbearbeitung outsourcen m\u00f6chten, sind wir Ihr Ansprechpartner.<br \/>\nOb Schneiden, Schwei\u00dfen, Bohren oder Beschriften \u2013 wir erledigen es mit unserem<br \/>\nLaseranlagen. Lernen Sie unsere Anlagentechnik kennen. F\u00fcr jeden Auftrag haben wir den<br \/>\ngeeigneten Laser. Wir arbeiten mit dem 3D Laser und dem CO\t2  Laser. Zudem nutzen wir<br \/>\nAnlagen von Trumpf, Lasag, Rofin-Sinar, Alphalaser und Cambridge. Ebenso nutzen wir<br \/>\nFaserlaser und Nd:YAG-Laser. Insgesamt stehen Ihnen 14 Lasersysteme zur Verf\u00fcgung. Das<br \/>\nmacht einen <a title=\"Lasern im Lohn\" \nhref=\"https:\/\/form-klar.de\/schorcht\/anlagentechnik\/\"><strong>Lohndienstleister<\/strong><\/a> im<br \/>\nBereich Lasermaterialbearbeitung aus. Wir nutzen <strong>unterschiedliche<br \/>\nLasertypen<\/strong>, um optimale Ergebnisse f\u00fcr Ihre jeweiligen Anforderungen zu<br \/>\nerreichen.\u200b<\/p>\n<h3>Qualit\u00e4t und Kosteneffizienz \u2013 das d\u00fcrfen Sie von uns erwarten<\/h3>\n<p>Setzen Sie gleichzeitig auf genormte <strong>Qualit\u00e4t sowie Kosteneffizienz<\/strong> in<br \/>\nIhrer Produktion. Auf unsere Produktqualit\u00e4t und Produktsicherheit k\u00f6nnen Sie dabei z\u00e4hlen.<br \/>\nWir erf\u00fcllen optimal die QMS-Anforderungen. Zudem sorgen wir vor \u2013 und gehen pr\u00e4ventiv<br \/>\ngegen m\u00f6gliche Fehler vor. Setzen Sie Ihr Vertrauen in unser Unternehmen und unseren<br \/>\nKundenservice.<br \/>\nAlle Leistungen bieten wir Ihnen in unserem Laserzentrum aus einer Hand an. Wir arbeiten<br \/>\nzudem schon <strong>ab einer Losgr\u00f6\u00dfe von 1<\/strong>. Aber auch gro\u00dfe Serien, bis etwa<br \/>\n40.000 Teile sind f\u00fcr uns kein Problem. Wir freuen uns immer auf neue Herausforderungen.<\/p>\n","protected":false},"excerpt":{"rendered":"<p>IATF 16949 Zertifizierung \u2013 unser Qualit\u00e4tsmanagement in der Lohnfertigung f\u00fcr die Automobilindustrie Zuverl\u00e4ssigkeit ist uns besonders wichtig. Ebenso ist Qualit\u00e4t das Versprechen unseres Unternehmens. Wir [&hellip;]<\/p>\n","protected":false},"author":9,"featured_media":0,"parent":0,"menu_order":0,"comment_status":"closed","ping_status":"closed","template":"","meta":{"ngg_post_thumbnail":0,"footnotes":"","_links_to":"","_links_to_target":""},"yoast_head":"<!-- This site is optimized with the Yoast SEO plugin v22.5 - https:\/\/yoast.com\/wordpress\/plugins\/seo\/ -->\n<title>IATF 16949 Zertifizierung | Zulieferer f\u00fcr Autoindustrie | Lohnfertigung<\/title>\n<meta name=\"description\" content=\"IATF 16949 Zertifizierung: Mit dieser Norm setzen wir auf Qualit\u00e4t als Zulieferer und Lohnfertiger in der Automobilindustrie.\" \/>\n<meta name=\"robots\" content=\"noindex, follow, max-snippet:-1, max-image-preview:large, max-video-preview:-1\" \/>\n<meta property=\"og:locale\" content=\"de_DE\" \/>\n<meta property=\"og:type\" content=\"article\" \/>\n<meta property=\"og:title\" content=\"IATF 16949 Zertifizierung | Zulieferer f\u00fcr Autoindustrie | Lohnfertigung\" \/>\n<meta property=\"og:description\" content=\"IATF 16949 Zertifizierung: Mit dieser Norm setzen wir auf Qualit\u00e4t als Zulieferer und Lohnfertiger in der Automobilindustrie.\" \/>\n<meta property=\"og:url\" content=\"https:\/\/form-klar.de\/schorcht\/iatf-16949-zertifizierung\/\" \/>\n<meta property=\"og:site_name\" content=\"Laserzentrum Schorcht\" \/>\n<meta property=\"article:modified_time\" content=\"2023-02-03T11:56:49+00:00\" \/>\n<meta name=\"twitter:label1\" content=\"Gesch\u00e4tzte Lesezeit\" \/>\n\t<meta name=\"twitter:data1\" content=\"2\u00a0Minuten\" \/>\n<script type=\"application\/ld+json\" class=\"yoast-schema-graph\">{\"@context\":\"https:\/\/schema.org\",\"@graph\":[{\"@type\":\"WebPage\",\"@id\":\"https:\/\/form-klar.de\/schorcht\/iatf-16949-zertifizierung\/\",\"url\":\"https:\/\/form-klar.de\/schorcht\/iatf-16949-zertifizierung\/\",\"name\":\"IATF 16949 Zertifizierung | Zulieferer f\u00fcr Autoindustrie | Lohnfertigung\",\"isPartOf\":{\"@id\":\"https:\/\/form-klar.de\/schorcht\/#website\"},\"datePublished\":\"2023-02-03T11:56:33+00:00\",\"dateModified\":\"2023-02-03T11:56:49+00:00\",\"description\":\"IATF 16949 Zertifizierung: Mit dieser Norm setzen wir auf Qualit\u00e4t als Zulieferer und Lohnfertiger in der Automobilindustrie.\",\"inLanguage\":\"de\",\"potentialAction\":[{\"@type\":\"ReadAction\",\"target\":[\"https:\/\/form-klar.de\/schorcht\/iatf-16949-zertifizierung\/\"]}]},{\"@type\":\"WebSite\",\"@id\":\"https:\/\/form-klar.de\/schorcht\/#website\",\"url\":\"https:\/\/form-klar.de\/schorcht\/\",\"name\":\"Laserzentrum Schorcht\",\"description\":\"Lohnfertigung in der Lasermaterialbearbeitung - 12 Laseranlagen\",\"potentialAction\":[{\"@type\":\"SearchAction\",\"target\":{\"@type\":\"EntryPoint\",\"urlTemplate\":\"https:\/\/form-klar.de\/schorcht\/?s={search_term_string}\"},\"query-input\":\"required name=search_term_string\"}],\"inLanguage\":\"de\"}]}<\/script>\n<!-- \/ Yoast SEO plugin. -->","yoast_head_json":{"title":"IATF 16949 Zertifizierung | Zulieferer f\u00fcr Autoindustrie | Lohnfertigung","description":"IATF 16949 Zertifizierung: Mit dieser Norm setzen wir auf Qualit\u00e4t als Zulieferer und Lohnfertiger in der Automobilindustrie.","robots":{"index":"noindex","follow":"follow","max-snippet":"max-snippet:-1","max-image-preview":"max-image-preview:large","max-video-preview":"max-video-preview:-1"},"og_locale":"de_DE","og_type":"article","og_title":"IATF 16949 Zertifizierung | Zulieferer f\u00fcr Autoindustrie | Lohnfertigung","og_description":"IATF 16949 Zertifizierung: Mit dieser Norm setzen wir auf Qualit\u00e4t als Zulieferer und Lohnfertiger in der Automobilindustrie.","og_url":"https:\/\/form-klar.de\/schorcht\/iatf-16949-zertifizierung\/","og_site_name":"Laserzentrum Schorcht","article_modified_time":"2023-02-03T11:56:49+00:00","twitter_misc":{"Gesch\u00e4tzte Lesezeit":"2\u00a0Minuten"},"schema":{"@context":"https:\/\/schema.org","@graph":[{"@type":"WebPage","@id":"https:\/\/form-klar.de\/schorcht\/iatf-16949-zertifizierung\/","url":"https:\/\/form-klar.de\/schorcht\/iatf-16949-zertifizierung\/","name":"IATF 16949 Zertifizierung | Zulieferer f\u00fcr Autoindustrie | Lohnfertigung","isPartOf":{"@id":"https:\/\/form-klar.de\/schorcht\/#website"},"datePublished":"2023-02-03T11:56:33+00:00","dateModified":"2023-02-03T11:56:49+00:00","description":"IATF 16949 Zertifizierung: Mit dieser Norm setzen wir auf Qualit\u00e4t als Zulieferer und Lohnfertiger in der Automobilindustrie.","inLanguage":"de","potentialAction":[{"@type":"ReadAction","target":["https:\/\/form-klar.de\/schorcht\/iatf-16949-zertifizierung\/"]}]},{"@type":"WebSite","@id":"https:\/\/form-klar.de\/schorcht\/#website","url":"https:\/\/form-klar.de\/schorcht\/","name":"Laserzentrum Schorcht","description":"Lohnfertigung in der Lasermaterialbearbeitung - 12 Laseranlagen","potentialAction":[{"@type":"SearchAction","target":{"@type":"EntryPoint","urlTemplate":"https:\/\/form-klar.de\/schorcht\/?s={search_term_string}"},"query-input":"required name=search_term_string"}],"inLanguage":"de"}]}},"_links":{"self":[{"href":"https:\/\/form-klar.de\/schorcht\/wp-json\/wp\/v2\/pages\/1678"}],"collection":[{"href":"https:\/\/form-klar.de\/schorcht\/wp-json\/wp\/v2\/pages"}],"about":[{"href":"https:\/\/form-klar.de\/schorcht\/wp-json\/wp\/v2\/types\/page"}],"author":[{"embeddable":true,"href":"https:\/\/form-klar.de\/schorcht\/wp-json\/wp\/v2\/users\/9"}],"replies":[{"embeddable":true,"href":"https:\/\/form-klar.de\/schorcht\/wp-json\/wp\/v2\/comments?post=1678"}],"version-history":[{"count":4,"href":"https:\/\/form-klar.de\/schorcht\/wp-json\/wp\/v2\/pages\/1678\/revisions"}],"predecessor-version":[{"id":1682,"href":"https:\/\/form-klar.de\/schorcht\/wp-json\/wp\/v2\/pages\/1678\/revisions\/1682"}],"wp:attachment":[{"href":"https:\/\/form-klar.de\/schorcht\/wp-json\/wp\/v2\/media?parent=1678"}],"curies":[{"name":"wp","href":"https:\/\/api.w.org\/{rel}","templated":true}]}}