{"id":1642,"date":"2021-12-20T14:06:36","date_gmt":"2021-12-20T14:06:36","guid":{"rendered":"https:\/\/form-klar.de\/schorcht\/?page_id=1642"},"modified":"2021-12-20T14:12:24","modified_gmt":"2021-12-20T14:12:24","slug":"prototypen-hersteller","status":"publish","type":"page","link":"https:\/\/form-klar.de\/schorcht\/prototypen-hersteller\/","title":{"rendered":"Prototypen-Hersteller"},"content":{"rendered":"\n<h2>Schorcht \u2013 Ihr Prototypen-Hersteller<\/h2>\n<p>Sie suchen einen Prototypen-Hersteller? Dann bieten wir Ihnen im Bereich Lasertechnik viele Vorteile an. Wir schneiden f\u00fcr Sie komplexe zwei- oder dreidimensionale Umrisse. Dabei kommt es auch auf eine schnelle Bearbeitung, Pr\u00e4zision und Qualit\u00e4t an.<\/p>\n<p>Besonders beim hochpr\u00e4zisen <strong>3-D-Laserschneiden<\/strong> sind wir im Schorcht Laserzentrum Ihr Partner. Mit uns setzen Sie insbesondere auf sehr effektive, das hei\u00dft wirtschaftliche Verfahren. Somit bieten wir Ihnen einen gro\u00dfen Erfahrungsvorsprung bei der <strong>Herstellung von Prototypen<\/strong>, als auch von Vorserien. Auch bei Kleinserien bieten wir Ihnen unsere Erfahrung an.<\/p>\n<h3>Schneiden und Schwei\u00dfen \u2013 Schorcht Laserzentrum<\/h3>\n<p>Sie m\u00f6chten ein Verfahren ohne gro\u00dfe Werkzeugkosten? Mit hoher Wiederholgenauigkeit, also gleichbleibend hoher Qualit\u00e4t schneiden und schwei\u00dfen wir f\u00fcr Sie. Sie m\u00f6chten Ihre Bauteile anschlie\u00dfend beschriften lassen? Auch das bieten wir Ihnen an. Ob Laserschneiden, <a title=\"Prototypen Hersteller Laserschwei\u00dfen\" href=\"https:\/\/form-klar.de\/schorcht\/laserschweissen\/\"><strong>Laserschwei\u00dfen<\/strong><\/a>, Laserbeschriften, Laserbohren oder Rohrbearbeitung \u2013 wir sind Ihr Partner und Hersteller.<\/p>\n<h3>Qualit\u00e4t nahe der Serienqualit\u00e4t \u2013 setzen Sie auf Schorcht Lasertechnik<\/h3>\n<p>Sie m\u00f6chten bei uns Produkte in einer Qualit\u00e4t bestellen, die schon nahe an der <strong>Serienqualit\u00e4t<\/strong> liegt? Dann kommen Sie zu uns. Wir entwickeln damit f\u00fcr Sie auch die Abl\u00e4ufe, die f\u00fcr die sp\u00e4tere Serienfertigung ma\u00dfgeblich wird. Setzen Sie mit Schorcht auf eine zufriedenstellend hohe Fertigungstiefe.<\/p>\n<p>Die Lieferung erfolgt in kurzer Zeit. Gern geben wir Ihnen einen Eindruck von unserer Lasertechnik. Unsere <a title=\"Liste Laseranlagen\" href=\"https:\/\/form-klar.de\/schorcht\/anlagentechnik\/\"><strong>Anlagentechnik<\/strong><\/a> ist optimal ausgerichtet an alle Anforderungen im Bereich der Schneid- und Schwei\u00dfaufgaben. Unsere 3-D-Laseranlagen, CO2 Hochleistungslaser, Faserlaser, Nd-YAG-Laser bieten Ihnen modernste Bedingungen.<\/p>\n<h3>Prototypen-Hersteller bietet neben Laser-Schneid- und Schwei\u00dftechnik auch Oberfl\u00e4chentechnik und Werkzeugtechnik an<\/h3>\n<p>Dazu bieten wir Ihnen selbstverst\u00e4ndlich ein komplettes Equipment im Werkzeugbau sowie ein QM-Labor sowie beispielsweise Gleitschleifmaschinen f\u00fcr eine perfektes Oberfl\u00e4chentechnik und ein Pr\u00e4zisionsfinish.<\/p>\n<h3>Lohnfertigung, Prototypen und Vorserienfertigung<\/h3>\n<p>Dabei arbeiten wir zuverl\u00e4ssig im Bereich der <strong>Lohnfertigung<\/strong>. Gern pr\u00e4sentieren wir Ihnen unsere M\u00f6glichkeiten \u2013 zertifiziert nach internationalen Standards. Unsere Kundenkreise erstrecken sich selbstverst\u00e4ndlich auf die <strong>Automobilindustrie<\/strong> aber auch auf andere Branchen. Ob Elektrotechnik, Medizintechnik oder Chemieindustrie \u2013 mit unserer Lasertechnik sorgen wir f\u00fcr optimale Ergebnisse.<\/p>\n<p><strong>Ihr Kontakt Laserzentrum Schorcht:<\/strong> <img decoding=\"async\" class=\"lazyload emoji\" draggable=\"false\" src=\"data:image\/gif;base64,R0lGODlhAQABAAAAACH5BAEKAAEALAAAAAABAAEAAAICTAEAOw==\" data-orig-src=\"https:\/\/s.w.org\/images\/core\/emoji\/12.0.0-1\/svg\/260e.svg\" alt=\"\u260e\ufe0f\"> <a title=\"Telefon: Laserzentrum Schorcht\" href=\"tel:+4936691570010\"><strong>+49 36691 5700 10<\/strong><\/a><\/p>\n","protected":false},"excerpt":{"rendered":"","protected":false},"author":10,"featured_media":0,"parent":0,"menu_order":0,"comment_status":"closed","ping_status":"closed","template":"","meta":{"ngg_post_thumbnail":0,"footnotes":"","_links_to":"","_links_to_target":""},"yoast_head":"<!-- This site is optimized with the Yoast SEO plugin v22.5 - https:\/\/yoast.com\/wordpress\/plugins\/seo\/ -->\n<title>Prototypen-Hersteller | Laserzentrum Schorcht | Musterbau und Kleinserien<\/title>\n<meta name=\"description\" content=\"Sie suchen einen Prototypen-Hersteller? \u2705 Setzen Sie auf Qualit\u00e4t und strikte Kundenorientierung in der Lasermaterialbearbeitung. \u2705\" \/>\n<meta name=\"robots\" content=\"noindex, follow, max-snippet:-1, max-image-preview:large, max-video-preview:-1\" \/>\n<meta property=\"og:locale\" content=\"de_DE\" \/>\n<meta property=\"og:type\" content=\"article\" \/>\n<meta property=\"og:title\" content=\"Prototypen-Hersteller | Laserzentrum Schorcht | Musterbau und Kleinserien\" \/>\n<meta property=\"og:description\" content=\"Sie suchen einen Prototypen-Hersteller? \u2705 Setzen Sie auf Qualit\u00e4t und strikte Kundenorientierung in der Lasermaterialbearbeitung. \u2705\" \/>\n<meta property=\"og:url\" content=\"https:\/\/form-klar.de\/schorcht\/prototypen-hersteller\/\" \/>\n<meta property=\"og:site_name\" content=\"Laserzentrum Schorcht\" \/>\n<meta property=\"article:modified_time\" content=\"2021-12-20T14:12:24+00:00\" \/>\n<meta property=\"og:image\" content=\"https:\/\/s.w.org\/images\/core\/emoji\/12.0.0-1\/svg\/260e.svg\" \/>\n<meta name=\"twitter:label1\" content=\"Gesch\u00e4tzte Lesezeit\" \/>\n\t<meta name=\"twitter:data1\" content=\"2\u00a0Minuten\" \/>\n<script type=\"application\/ld+json\" class=\"yoast-schema-graph\">{\"@context\":\"https:\/\/schema.org\",\"@graph\":[{\"@type\":\"WebPage\",\"@id\":\"https:\/\/form-klar.de\/schorcht\/prototypen-hersteller\/\",\"url\":\"https:\/\/form-klar.de\/schorcht\/prototypen-hersteller\/\",\"name\":\"Prototypen-Hersteller | Laserzentrum Schorcht | Musterbau und Kleinserien\",\"isPartOf\":{\"@id\":\"https:\/\/form-klar.de\/schorcht\/#website\"},\"primaryImageOfPage\":{\"@id\":\"https:\/\/form-klar.de\/schorcht\/prototypen-hersteller\/#primaryimage\"},\"image\":{\"@id\":\"https:\/\/form-klar.de\/schorcht\/prototypen-hersteller\/#primaryimage\"},\"thumbnailUrl\":\"https:\/\/s.w.org\/images\/core\/emoji\/12.0.0-1\/svg\/260e.svg\",\"datePublished\":\"2021-12-20T14:06:36+00:00\",\"dateModified\":\"2021-12-20T14:12:24+00:00\",\"description\":\"Sie suchen einen Prototypen-Hersteller? \u2705 Setzen Sie auf Qualit\u00e4t und strikte Kundenorientierung in der Lasermaterialbearbeitung. \u2705\",\"inLanguage\":\"de\",\"potentialAction\":[{\"@type\":\"ReadAction\",\"target\":[\"https:\/\/form-klar.de\/schorcht\/prototypen-hersteller\/\"]}]},{\"@type\":\"ImageObject\",\"inLanguage\":\"de\",\"@id\":\"https:\/\/form-klar.de\/schorcht\/prototypen-hersteller\/#primaryimage\",\"url\":\"https:\/\/s.w.org\/images\/core\/emoji\/12.0.0-1\/svg\/260e.svg\",\"contentUrl\":\"https:\/\/s.w.org\/images\/core\/emoji\/12.0.0-1\/svg\/260e.svg\"},{\"@type\":\"WebSite\",\"@id\":\"https:\/\/form-klar.de\/schorcht\/#website\",\"url\":\"https:\/\/form-klar.de\/schorcht\/\",\"name\":\"Laserzentrum Schorcht\",\"description\":\"Lohnfertigung in der Lasermaterialbearbeitung - 12 Laseranlagen\",\"potentialAction\":[{\"@type\":\"SearchAction\",\"target\":{\"@type\":\"EntryPoint\",\"urlTemplate\":\"https:\/\/form-klar.de\/schorcht\/?s={search_term_string}\"},\"query-input\":\"required name=search_term_string\"}],\"inLanguage\":\"de\"}]}<\/script>\n<!-- \/ Yoast SEO plugin. -->","yoast_head_json":{"title":"Prototypen-Hersteller | Laserzentrum Schorcht | Musterbau und Kleinserien","description":"Sie suchen einen Prototypen-Hersteller? \u2705 Setzen Sie auf Qualit\u00e4t und strikte Kundenorientierung in der Lasermaterialbearbeitung. \u2705","robots":{"index":"noindex","follow":"follow","max-snippet":"max-snippet:-1","max-image-preview":"max-image-preview:large","max-video-preview":"max-video-preview:-1"},"og_locale":"de_DE","og_type":"article","og_title":"Prototypen-Hersteller | Laserzentrum Schorcht | Musterbau und Kleinserien","og_description":"Sie suchen einen Prototypen-Hersteller? \u2705 Setzen Sie auf Qualit\u00e4t und strikte Kundenorientierung in der Lasermaterialbearbeitung. \u2705","og_url":"https:\/\/form-klar.de\/schorcht\/prototypen-hersteller\/","og_site_name":"Laserzentrum Schorcht","article_modified_time":"2021-12-20T14:12:24+00:00","og_image":[{"url":"https:\/\/s.w.org\/images\/core\/emoji\/12.0.0-1\/svg\/260e.svg"}],"twitter_misc":{"Gesch\u00e4tzte Lesezeit":"2\u00a0Minuten"},"schema":{"@context":"https:\/\/schema.org","@graph":[{"@type":"WebPage","@id":"https:\/\/form-klar.de\/schorcht\/prototypen-hersteller\/","url":"https:\/\/form-klar.de\/schorcht\/prototypen-hersteller\/","name":"Prototypen-Hersteller | Laserzentrum Schorcht | Musterbau und Kleinserien","isPartOf":{"@id":"https:\/\/form-klar.de\/schorcht\/#website"},"primaryImageOfPage":{"@id":"https:\/\/form-klar.de\/schorcht\/prototypen-hersteller\/#primaryimage"},"image":{"@id":"https:\/\/form-klar.de\/schorcht\/prototypen-hersteller\/#primaryimage"},"thumbnailUrl":"https:\/\/s.w.org\/images\/core\/emoji\/12.0.0-1\/svg\/260e.svg","datePublished":"2021-12-20T14:06:36+00:00","dateModified":"2021-12-20T14:12:24+00:00","description":"Sie suchen einen Prototypen-Hersteller? \u2705 Setzen Sie auf Qualit\u00e4t und strikte Kundenorientierung in der Lasermaterialbearbeitung. \u2705","inLanguage":"de","potentialAction":[{"@type":"ReadAction","target":["https:\/\/form-klar.de\/schorcht\/prototypen-hersteller\/"]}]},{"@type":"ImageObject","inLanguage":"de","@id":"https:\/\/form-klar.de\/schorcht\/prototypen-hersteller\/#primaryimage","url":"https:\/\/s.w.org\/images\/core\/emoji\/12.0.0-1\/svg\/260e.svg","contentUrl":"https:\/\/s.w.org\/images\/core\/emoji\/12.0.0-1\/svg\/260e.svg"},{"@type":"WebSite","@id":"https:\/\/form-klar.de\/schorcht\/#website","url":"https:\/\/form-klar.de\/schorcht\/","name":"Laserzentrum Schorcht","description":"Lohnfertigung in der Lasermaterialbearbeitung - 12 Laseranlagen","potentialAction":[{"@type":"SearchAction","target":{"@type":"EntryPoint","urlTemplate":"https:\/\/form-klar.de\/schorcht\/?s={search_term_string}"},"query-input":"required name=search_term_string"}],"inLanguage":"de"}]}},"_links":{"self":[{"href":"https:\/\/form-klar.de\/schorcht\/wp-json\/wp\/v2\/pages\/1642"}],"collection":[{"href":"https:\/\/form-klar.de\/schorcht\/wp-json\/wp\/v2\/pages"}],"about":[{"href":"https:\/\/form-klar.de\/schorcht\/wp-json\/wp\/v2\/types\/page"}],"author":[{"embeddable":true,"href":"https:\/\/form-klar.de\/schorcht\/wp-json\/wp\/v2\/users\/10"}],"replies":[{"embeddable":true,"href":"https:\/\/form-klar.de\/schorcht\/wp-json\/wp\/v2\/comments?post=1642"}],"version-history":[{"count":4,"href":"https:\/\/form-klar.de\/schorcht\/wp-json\/wp\/v2\/pages\/1642\/revisions"}],"predecessor-version":[{"id":1646,"href":"https:\/\/form-klar.de\/schorcht\/wp-json\/wp\/v2\/pages\/1642\/revisions\/1646"}],"wp:attachment":[{"href":"https:\/\/form-klar.de\/schorcht\/wp-json\/wp\/v2\/media?parent=1642"}],"curies":[{"name":"wp","href":"https:\/\/api.w.org\/{rel}","templated":true}]}}