{"id":1619,"date":"2021-07-02T15:49:24","date_gmt":"2021-07-02T15:49:24","guid":{"rendered":"https:\/\/form-klar.de\/schorcht\/?page_id=1619"},"modified":"2021-09-14T09:52:26","modified_gmt":"2021-09-14T09:52:26","slug":"firma-mit-iatf-16949-zertifizierung","status":"publish","type":"page","link":"https:\/\/form-klar.de\/schorcht\/firma-mit-iatf-16949-zertifizierung\/","title":{"rendered":"Firma mit IATF 16949 Zertifizierung"},"content":{"rendered":"\n<h2>Laserbearbeitung: Firma mit IATF 16949 Zertifizierung<\/h2>\n<p>Sie suchen eine <strong>Firma mit IATF 16949 Zertifizierung<\/strong>? Gern stellen wir Ihnen das Laserzentrum Schorcht vor. Wir sind ideal aufgestellt f\u00fcr die Lohnfertigung. Denn in der Lasermaterialbearbeitung sind vor allen Dingen absolute Zuverl\u00e4ssigkeit und Qualit\u00e4t gefragt. Sie m\u00f6chten bei der <a title=\"Experte f\u00fcr Laserschwei\u00dfen und Schneiden\" href=\"https:\/\/form-klar.de\/schorcht\/ueber-uns\/\"><strong>Herstellung im Maschinenbau xxx<\/strong><\/a> Fertigungsprozesse outsourcen? Sie suchen ein Unternehmen, welches Ihnen dazu ein Top-Qualit\u00e4tsmanagement bietet?<\/p>\n<h3>Qualit\u00e4tsnormen sind wichtig \u2013 so setzen Sie auf Sicherheit f\u00fcr die Auslagerung Ihrer Produktion<\/h3>\n<p>Wir verf\u00fcgen \u00fcber die Qualit\u00e4tsnorm IATF 16949. Das ist besonders f\u00fcr unsere Kunden der Automobilindustrie wichtig. Die Norm ist absolut pr\u00e4gend in der deutschen, europ\u00e4ischen wie auch amerikanischen <a title=\"Firma mit IATF 16949 Zertifizierung\" href=\"https:\/\/form-klar.de\/schorcht\/faq\/\"><strong>Automobilherstellung<\/strong><\/a>.<\/p>\n<h3>Lasermaterialbearbeitung im Lohn f\u00fcr die Automobilindustrie<\/h3>\n<p>Als Auftragshersteller stehen wir als <strong>erfahrenes Laser-Unternehmen<\/strong> f\u00fcr vielf\u00e4ltige M\u00f6glichkeiten in der Lasermaterialbearbeitung. Dabei k\u00f6nnen Sie bei uns alle Arbeitsschritte abrufen. Wir stehen zur Verf\u00fcgung: Ob <strong>Laserschneiden<\/strong>, <strong>Laserschwei\u00dfen<\/strong>, Laserbohren oder Rohrbearbeitung. F\u00fcr viele Unternehmen sind Lohnfertiger wichtig f\u00fcr eine effiziente Produktion. Sie geben einen Fertigstellungstermin an, wir liefern p\u00fcnktlich und in der genau vorgesehenen Qualit\u00e4t. Wir halten den n\u00f6tigen Maschinenpark vor. Sie m\u00fcssen nur noch darauf zugreifen.<\/p>\n<h3>Setzen Sie auf einen Hersteller aus Th\u00fcringen nahe der A 4 und A 9 \u2013 in Petersberg, N\u00e4he Eisenberg<\/h3>\n<p>Setzen Sie dabei auf einen Hersteller im Inland! Denn wir bieten Ihnen neben dem ideal passenden Maschinenpark auch unser Fachwissen an. Dabei setzen wir <strong>hochqualifizierte Mitarbeiter<\/strong> stets f\u00fcr die f\u00fcr Sie <strong> optimale L\u00f6sung<\/strong> ein. Als Firma mit IATF 16949 Zertifizierung bedeuten wir eine sichere Bank f\u00fcr alle Unternehmen und Auftraggeber aus der Automobilindustrie. Wir nutzen Ihrer Produktion \u2013 durch Qualit\u00e4t und Sicherheit. Nutzen Sie die Vorteile einer problemlosen schnellen Kontaktaufnahme, einer fundierten Beratung und absolute Termintreue.<\/p>\n<h3>Warum IATF 16949 Zertifizierung?<\/h3>\n<p>Wir sind eine Firma mit IATF 16949 Zertifizierung, weil wir von Anfang an bis zur Auslieferung der Teile vertrauensvoll mit unseren Kunden zusammenarbeiten m\u00f6chten. Ob Automotive-Bereich oder Anfragen aus dem Maschinen- und Formenbau \u2013 wir halten immer unser ausgezeichnetes Qualit\u00e4tsniveau hoch. Optimale <strong>System- und Prozessqualit\u00e4t<\/strong> sowie die Vermeidung von Fehlern bei der Herstellung stehen bei uns im Fokus.<\/p>\n<p><strong>Kontakt:<\/strong> <img decoding=\"async\" class=\"lazyload emoji\" draggable=\"false\" src=\"data:image\/gif;base64,R0lGODlhAQABAAAAACH5BAEKAAEALAAAAAABAAEAAAICTAEAOw==\" data-orig-src=\"https:\/\/s.w.org\/images\/core\/emoji\/12.0.0-1\/svg\/260e.svg\" alt=\"\u260e\ufe0f\"> <a title=\"Telefon: Laserzentrum Schorcht\" href=\"tel:+4936691570010\"><strong>+49 36691 5700 10<\/strong><\/a><\/p>\n","protected":false},"excerpt":{"rendered":"","protected":false},"author":10,"featured_media":0,"parent":0,"menu_order":0,"comment_status":"closed","ping_status":"closed","template":"","meta":{"ngg_post_thumbnail":0,"footnotes":"","_links_to":"","_links_to_target":""},"yoast_head":"<!-- This site is optimized with the Yoast SEO plugin v22.5 - https:\/\/yoast.com\/wordpress\/plugins\/seo\/ -->\n<title>Firma mit IATF 16949 Zertifizierung | Schorcht Laserzentrum<\/title>\n<meta name=\"description\" content=\"Sie suchen eine zuverl\u00e4ssige Firma mit IATF 16949 Zertifizierung? \u2705 Das Schorcht Laserzentrum ist Ihr Partner im Werkzeugbau sowie Maschinen- &amp; Formenbau. \u2705\" \/>\n<meta name=\"robots\" content=\"noindex, follow, max-snippet:-1, max-image-preview:large, max-video-preview:-1\" \/>\n<meta property=\"og:locale\" content=\"de_DE\" \/>\n<meta property=\"og:type\" content=\"article\" \/>\n<meta property=\"og:title\" content=\"Firma mit IATF 16949 Zertifizierung | Schorcht Laserzentrum\" \/>\n<meta property=\"og:description\" content=\"Sie suchen eine zuverl\u00e4ssige Firma mit IATF 16949 Zertifizierung? \u2705 Das Schorcht Laserzentrum ist Ihr Partner im Werkzeugbau sowie Maschinen- &amp; Formenbau. \u2705\" \/>\n<meta property=\"og:url\" content=\"https:\/\/form-klar.de\/schorcht\/firma-mit-iatf-16949-zertifizierung\/\" \/>\n<meta property=\"og:site_name\" content=\"Laserzentrum Schorcht\" \/>\n<meta property=\"article:modified_time\" content=\"2021-09-14T09:52:26+00:00\" \/>\n<meta property=\"og:image\" content=\"https:\/\/s.w.org\/images\/core\/emoji\/12.0.0-1\/svg\/260e.svg\" \/>\n<meta name=\"twitter:label1\" content=\"Gesch\u00e4tzte Lesezeit\" \/>\n\t<meta name=\"twitter:data1\" content=\"2\u00a0Minuten\" \/>\n<script type=\"application\/ld+json\" class=\"yoast-schema-graph\">{\"@context\":\"https:\/\/schema.org\",\"@graph\":[{\"@type\":\"WebPage\",\"@id\":\"https:\/\/form-klar.de\/schorcht\/firma-mit-iatf-16949-zertifizierung\/\",\"url\":\"https:\/\/form-klar.de\/schorcht\/firma-mit-iatf-16949-zertifizierung\/\",\"name\":\"Firma mit IATF 16949 Zertifizierung | Schorcht Laserzentrum\",\"isPartOf\":{\"@id\":\"https:\/\/form-klar.de\/schorcht\/#website\"},\"primaryImageOfPage\":{\"@id\":\"https:\/\/form-klar.de\/schorcht\/firma-mit-iatf-16949-zertifizierung\/#primaryimage\"},\"image\":{\"@id\":\"https:\/\/form-klar.de\/schorcht\/firma-mit-iatf-16949-zertifizierung\/#primaryimage\"},\"thumbnailUrl\":\"https:\/\/s.w.org\/images\/core\/emoji\/12.0.0-1\/svg\/260e.svg\",\"datePublished\":\"2021-07-02T15:49:24+00:00\",\"dateModified\":\"2021-09-14T09:52:26+00:00\",\"description\":\"Sie suchen eine zuverl\u00e4ssige Firma mit IATF 16949 Zertifizierung? \u2705 Das Schorcht Laserzentrum ist Ihr Partner im Werkzeugbau sowie Maschinen- & Formenbau. \u2705\",\"inLanguage\":\"de\",\"potentialAction\":[{\"@type\":\"ReadAction\",\"target\":[\"https:\/\/form-klar.de\/schorcht\/firma-mit-iatf-16949-zertifizierung\/\"]}]},{\"@type\":\"ImageObject\",\"inLanguage\":\"de\",\"@id\":\"https:\/\/form-klar.de\/schorcht\/firma-mit-iatf-16949-zertifizierung\/#primaryimage\",\"url\":\"https:\/\/s.w.org\/images\/core\/emoji\/12.0.0-1\/svg\/260e.svg\",\"contentUrl\":\"https:\/\/s.w.org\/images\/core\/emoji\/12.0.0-1\/svg\/260e.svg\"},{\"@type\":\"WebSite\",\"@id\":\"https:\/\/form-klar.de\/schorcht\/#website\",\"url\":\"https:\/\/form-klar.de\/schorcht\/\",\"name\":\"Laserzentrum Schorcht\",\"description\":\"Lohnfertigung in der Lasermaterialbearbeitung - 12 Laseranlagen\",\"potentialAction\":[{\"@type\":\"SearchAction\",\"target\":{\"@type\":\"EntryPoint\",\"urlTemplate\":\"https:\/\/form-klar.de\/schorcht\/?s={search_term_string}\"},\"query-input\":\"required name=search_term_string\"}],\"inLanguage\":\"de\"}]}<\/script>\n<!-- \/ Yoast SEO plugin. -->","yoast_head_json":{"title":"Firma mit IATF 16949 Zertifizierung | Schorcht Laserzentrum","description":"Sie suchen eine zuverl\u00e4ssige Firma mit IATF 16949 Zertifizierung? \u2705 Das Schorcht Laserzentrum ist Ihr Partner im Werkzeugbau sowie Maschinen- & Formenbau. \u2705","robots":{"index":"noindex","follow":"follow","max-snippet":"max-snippet:-1","max-image-preview":"max-image-preview:large","max-video-preview":"max-video-preview:-1"},"og_locale":"de_DE","og_type":"article","og_title":"Firma mit IATF 16949 Zertifizierung | Schorcht Laserzentrum","og_description":"Sie suchen eine zuverl\u00e4ssige Firma mit IATF 16949 Zertifizierung? \u2705 Das Schorcht Laserzentrum ist Ihr Partner im Werkzeugbau sowie Maschinen- & Formenbau. \u2705","og_url":"https:\/\/form-klar.de\/schorcht\/firma-mit-iatf-16949-zertifizierung\/","og_site_name":"Laserzentrum Schorcht","article_modified_time":"2021-09-14T09:52:26+00:00","og_image":[{"url":"https:\/\/s.w.org\/images\/core\/emoji\/12.0.0-1\/svg\/260e.svg"}],"twitter_misc":{"Gesch\u00e4tzte Lesezeit":"2\u00a0Minuten"},"schema":{"@context":"https:\/\/schema.org","@graph":[{"@type":"WebPage","@id":"https:\/\/form-klar.de\/schorcht\/firma-mit-iatf-16949-zertifizierung\/","url":"https:\/\/form-klar.de\/schorcht\/firma-mit-iatf-16949-zertifizierung\/","name":"Firma mit IATF 16949 Zertifizierung | Schorcht Laserzentrum","isPartOf":{"@id":"https:\/\/form-klar.de\/schorcht\/#website"},"primaryImageOfPage":{"@id":"https:\/\/form-klar.de\/schorcht\/firma-mit-iatf-16949-zertifizierung\/#primaryimage"},"image":{"@id":"https:\/\/form-klar.de\/schorcht\/firma-mit-iatf-16949-zertifizierung\/#primaryimage"},"thumbnailUrl":"https:\/\/s.w.org\/images\/core\/emoji\/12.0.0-1\/svg\/260e.svg","datePublished":"2021-07-02T15:49:24+00:00","dateModified":"2021-09-14T09:52:26+00:00","description":"Sie suchen eine zuverl\u00e4ssige Firma mit IATF 16949 Zertifizierung? \u2705 Das Schorcht Laserzentrum ist Ihr Partner im Werkzeugbau sowie Maschinen- & Formenbau. \u2705","inLanguage":"de","potentialAction":[{"@type":"ReadAction","target":["https:\/\/form-klar.de\/schorcht\/firma-mit-iatf-16949-zertifizierung\/"]}]},{"@type":"ImageObject","inLanguage":"de","@id":"https:\/\/form-klar.de\/schorcht\/firma-mit-iatf-16949-zertifizierung\/#primaryimage","url":"https:\/\/s.w.org\/images\/core\/emoji\/12.0.0-1\/svg\/260e.svg","contentUrl":"https:\/\/s.w.org\/images\/core\/emoji\/12.0.0-1\/svg\/260e.svg"},{"@type":"WebSite","@id":"https:\/\/form-klar.de\/schorcht\/#website","url":"https:\/\/form-klar.de\/schorcht\/","name":"Laserzentrum Schorcht","description":"Lohnfertigung in der Lasermaterialbearbeitung - 12 Laseranlagen","potentialAction":[{"@type":"SearchAction","target":{"@type":"EntryPoint","urlTemplate":"https:\/\/form-klar.de\/schorcht\/?s={search_term_string}"},"query-input":"required name=search_term_string"}],"inLanguage":"de"}]}},"_links":{"self":[{"href":"https:\/\/form-klar.de\/schorcht\/wp-json\/wp\/v2\/pages\/1619"}],"collection":[{"href":"https:\/\/form-klar.de\/schorcht\/wp-json\/wp\/v2\/pages"}],"about":[{"href":"https:\/\/form-klar.de\/schorcht\/wp-json\/wp\/v2\/types\/page"}],"author":[{"embeddable":true,"href":"https:\/\/form-klar.de\/schorcht\/wp-json\/wp\/v2\/users\/10"}],"replies":[{"embeddable":true,"href":"https:\/\/form-klar.de\/schorcht\/wp-json\/wp\/v2\/comments?post=1619"}],"version-history":[{"count":1,"href":"https:\/\/form-klar.de\/schorcht\/wp-json\/wp\/v2\/pages\/1619\/revisions"}],"predecessor-version":[{"id":1620,"href":"https:\/\/form-klar.de\/schorcht\/wp-json\/wp\/v2\/pages\/1619\/revisions\/1620"}],"wp:attachment":[{"href":"https:\/\/form-klar.de\/schorcht\/wp-json\/wp\/v2\/media?parent=1619"}],"curies":[{"name":"wp","href":"https:\/\/api.w.org\/{rel}","templated":true}]}}