{"id":1594,"date":"2021-03-18T10:37:38","date_gmt":"2021-03-18T10:37:38","guid":{"rendered":"https:\/\/form-klar.de\/schorcht\/?page_id=1594"},"modified":"2021-03-18T16:46:48","modified_gmt":"2021-03-18T16:46:48","slug":"laserschweissen-erfurt","status":"publish","type":"page","link":"https:\/\/form-klar.de\/schorcht\/laserschweissen-erfurt\/","title":{"rendered":"Laserschwei\u00dfen Erfurt"},"content":{"rendered":"\n<h2>Im Lohn: Laserschwei\u00dfen und vielseitige Lasermaterialbearbeitung<\/h2>\n<p>Wenn Sie einen Partner f\u00fcr die Leistung Laserschwei\u00dfen suchen, sind wir Ihr <a title=\"Laserschwei\u00dfen Erfurt\" href=\"https:\/\/form-klar.de\/schorcht\/ueber-uns\/\"><strong>Ansprechpartner in der Region Erfurt<\/strong><\/a>. Denn f\u00fcr Ost- und Mittelth\u00fcringen sind wir ein erfolgreiches Unternehmen in der Lohnfertigung. F\u00fcr uns ist es besonders wichtig, dass wir f\u00fcr alle Anfragen optimal vorbereitet sind. Deshalb halten wir f\u00fcr Ihre Anfragen auch <strong>14 moderne Lasersysteme<\/strong> vor. Mit unterschiedlichen Typen von Lasern ist es uns m\u00f6glich f\u00fcr eine gro\u00dfe Bandbreite von Unternehmen eine optimale Schwei\u00df-L\u00f6sung zu schaffen.<\/p>\n<h3>Feine Schwei\u00dfarbeiten mit extrem hoher Genauigkeit<\/h3>\n<p>Beispielsweise bieten wir Ihnen sehr feine Schwei\u00dfarbeiten an. Das ist beispielsweise f\u00fcr unsere Kunden-Unternehmen der Medizintechnik ausschlaggebend, um mit uns zusammen zu arbeiten. F\u00fcr Feinschwei\u00dfen mit mikroskopisch feinen Schwei\u00dfn\u00e4hten werden ganz bestimmte Laseranlagen eingesetzt. Eine sehr <strong>hohe Strahlqualit\u00e4t<\/strong> erreichen wir beispielsweise mit Faserlasern.<\/p>\n<p>Hier kommt es auf einen besonders feinen Fokus beim Schwei\u00dfen an. Zudem sind unsere Schwei\u00dfanlagen durch moderne CNC-Technik gesteuert. Diese Technik erm\u00f6glicht uns <a title=\"CNC Laserschwei\u00dfen Erfurt\" href=\"https:\/\/form-klar.de\/schorcht\/laserschweissen\/\"><strong>automatisierte Schwei\u00dfvorg\u00e4nge<\/strong><\/a> mit einer extrem hohen Wiederholgenauigkeit. Das ist wichtig, besonders bei Serienauftr\u00e4gen. Schwei\u00dfen Sie mit uns kleine Bauteile!<\/p>\n<h3>Genie\u00dfen Sie gleichbleibend hohe Qualit\u00e4t \u2013 branchen\u00fcbergreifend die W\u00fcnsche unserer Kunden erf\u00fcllen<\/h3>\n<p>F\u00fcr jeden Auftrag bieten wir Ihnen die passende Spezialisierung an. Das Vertrauen, welches wir bei unseren Kunden genie\u00dfen, haben wir uns durch eine gleichbleibend hohe Qualit\u00e4t erarbeitet. Das bedeutet also hohe Zuverl\u00e4ssigkeit und Kompetenz. Setzen Sie doch in der Lasermaterialbearbeitung auf einen Partner, der nach internationalen Standards arbeitet. Wir arbeiten beispielsweise nach der <strong>DIN ISO 16949<\/strong> der Automobilindustrie und gen\u00fcgen damit h\u00f6chsten Anspr\u00fcchen.<\/p>\n<h3>Laserschwei\u00dfen und Laserauftragen beim Laserzentrum Schorcht: Kosten senken und auf Qualit\u00e4t setzen<\/h3>\n<p>Welche Vorteile genie\u00dfen Sie als unserer Kunde? Beispielsweise k\u00f6nnen Sie hohe Kosten durch die Anschaffung von Lasern und Know-how in Ihrer Produktion sparen. Wir halten <strong>Fachkompetenz und Technologie<\/strong> f\u00fcr Sie vor. Daf\u00fcr stellen wir kosteng\u00fcnstig und fehlerfrei die gew\u00fcnschten Bauteile und Baugruppen her. Ebenso sind wir an Ihrer Seite, wenn es um die Senkung der St\u00fcckkosten geht. Gern erl\u00e4utern wir Ihnen die M\u00f6glichkeiten unserer leistungsstarken Laseranlagen. Rufen Sie uns dazu doch einfach an.<\/p>\n<p><strong>Ihr Kontakt Laserzentrum Schorcht:<\/strong> <img decoding=\"async\" class=\"lazyload emoji\" draggable=\"false\" src=\"data:image\/gif;base64,R0lGODlhAQABAAAAACH5BAEKAAEALAAAAAABAAEAAAICTAEAOw==\" data-orig-src=\"https:\/\/s.w.org\/images\/core\/emoji\/12.0.0-1\/svg\/260e.svg\" alt=\"\u260e\ufe0f\"> <a title=\"Telefon: Laserzentrum Schorcht\" href=\"tel:+4936691570010\"><strong>+49 36691 5700 10<\/strong><\/a><\/p>\n","protected":false},"excerpt":{"rendered":"","protected":false},"author":10,"featured_media":0,"parent":0,"menu_order":0,"comment_status":"closed","ping_status":"closed","template":"","meta":{"ngg_post_thumbnail":0,"footnotes":"","_links_to":"","_links_to_target":""},"yoast_head":"<!-- This site is optimized with the Yoast SEO plugin v22.5 - https:\/\/yoast.com\/wordpress\/plugins\/seo\/ -->\n<title>Laserschwei\u00dfen Erfurt | Materialbearbeitung mit dem Laser<\/title>\n<meta name=\"description\" content=\"Laserschwei\u00dfen in der Lohnfertigung. \u2705 Wir bieten Ihnen f\u00fcr die Region Erfurt ein breites Spektrum von Leistungen an! \u2705 Bis hin zur Komplettfertigung. \u2705\" \/>\n<meta name=\"robots\" content=\"noindex, follow, max-snippet:-1, max-image-preview:large, max-video-preview:-1\" \/>\n<meta property=\"og:locale\" content=\"de_DE\" \/>\n<meta property=\"og:type\" content=\"article\" \/>\n<meta property=\"og:title\" content=\"Laserschwei\u00dfen Erfurt | Materialbearbeitung mit dem Laser\" \/>\n<meta property=\"og:description\" content=\"Laserschwei\u00dfen in der Lohnfertigung. \u2705 Wir bieten Ihnen f\u00fcr die Region Erfurt ein breites Spektrum von Leistungen an! \u2705 Bis hin zur Komplettfertigung. \u2705\" \/>\n<meta property=\"og:url\" content=\"https:\/\/form-klar.de\/schorcht\/laserschweissen-erfurt\/\" \/>\n<meta property=\"og:site_name\" content=\"Laserzentrum Schorcht\" \/>\n<meta property=\"article:modified_time\" content=\"2021-03-18T16:46:48+00:00\" \/>\n<meta property=\"og:image\" content=\"https:\/\/s.w.org\/images\/core\/emoji\/12.0.0-1\/svg\/260e.svg\" \/>\n<meta name=\"twitter:label1\" content=\"Gesch\u00e4tzte Lesezeit\" \/>\n\t<meta name=\"twitter:data1\" content=\"2\u00a0Minuten\" \/>\n<script type=\"application\/ld+json\" class=\"yoast-schema-graph\">{\"@context\":\"https:\/\/schema.org\",\"@graph\":[{\"@type\":\"WebPage\",\"@id\":\"https:\/\/form-klar.de\/schorcht\/laserschweissen-erfurt\/\",\"url\":\"https:\/\/form-klar.de\/schorcht\/laserschweissen-erfurt\/\",\"name\":\"Laserschwei\u00dfen Erfurt | Materialbearbeitung mit dem Laser\",\"isPartOf\":{\"@id\":\"https:\/\/form-klar.de\/schorcht\/#website\"},\"primaryImageOfPage\":{\"@id\":\"https:\/\/form-klar.de\/schorcht\/laserschweissen-erfurt\/#primaryimage\"},\"image\":{\"@id\":\"https:\/\/form-klar.de\/schorcht\/laserschweissen-erfurt\/#primaryimage\"},\"thumbnailUrl\":\"https:\/\/s.w.org\/images\/core\/emoji\/12.0.0-1\/svg\/260e.svg\",\"datePublished\":\"2021-03-18T10:37:38+00:00\",\"dateModified\":\"2021-03-18T16:46:48+00:00\",\"description\":\"Laserschwei\u00dfen in der Lohnfertigung. \u2705 Wir bieten Ihnen f\u00fcr die Region Erfurt ein breites Spektrum von Leistungen an! \u2705 Bis hin zur Komplettfertigung. \u2705\",\"inLanguage\":\"de\",\"potentialAction\":[{\"@type\":\"ReadAction\",\"target\":[\"https:\/\/form-klar.de\/schorcht\/laserschweissen-erfurt\/\"]}]},{\"@type\":\"ImageObject\",\"inLanguage\":\"de\",\"@id\":\"https:\/\/form-klar.de\/schorcht\/laserschweissen-erfurt\/#primaryimage\",\"url\":\"https:\/\/s.w.org\/images\/core\/emoji\/12.0.0-1\/svg\/260e.svg\",\"contentUrl\":\"https:\/\/s.w.org\/images\/core\/emoji\/12.0.0-1\/svg\/260e.svg\"},{\"@type\":\"WebSite\",\"@id\":\"https:\/\/form-klar.de\/schorcht\/#website\",\"url\":\"https:\/\/form-klar.de\/schorcht\/\",\"name\":\"Laserzentrum Schorcht\",\"description\":\"Lohnfertigung in der Lasermaterialbearbeitung - 12 Laseranlagen\",\"potentialAction\":[{\"@type\":\"SearchAction\",\"target\":{\"@type\":\"EntryPoint\",\"urlTemplate\":\"https:\/\/form-klar.de\/schorcht\/?s={search_term_string}\"},\"query-input\":\"required name=search_term_string\"}],\"inLanguage\":\"de\"}]}<\/script>\n<!-- \/ Yoast SEO plugin. -->","yoast_head_json":{"title":"Laserschwei\u00dfen Erfurt | Materialbearbeitung mit dem Laser","description":"Laserschwei\u00dfen in der Lohnfertigung. \u2705 Wir bieten Ihnen f\u00fcr die Region Erfurt ein breites Spektrum von Leistungen an! \u2705 Bis hin zur Komplettfertigung. \u2705","robots":{"index":"noindex","follow":"follow","max-snippet":"max-snippet:-1","max-image-preview":"max-image-preview:large","max-video-preview":"max-video-preview:-1"},"og_locale":"de_DE","og_type":"article","og_title":"Laserschwei\u00dfen Erfurt | Materialbearbeitung mit dem Laser","og_description":"Laserschwei\u00dfen in der Lohnfertigung. \u2705 Wir bieten Ihnen f\u00fcr die Region Erfurt ein breites Spektrum von Leistungen an! \u2705 Bis hin zur Komplettfertigung. \u2705","og_url":"https:\/\/form-klar.de\/schorcht\/laserschweissen-erfurt\/","og_site_name":"Laserzentrum Schorcht","article_modified_time":"2021-03-18T16:46:48+00:00","og_image":[{"url":"https:\/\/s.w.org\/images\/core\/emoji\/12.0.0-1\/svg\/260e.svg"}],"twitter_misc":{"Gesch\u00e4tzte Lesezeit":"2\u00a0Minuten"},"schema":{"@context":"https:\/\/schema.org","@graph":[{"@type":"WebPage","@id":"https:\/\/form-klar.de\/schorcht\/laserschweissen-erfurt\/","url":"https:\/\/form-klar.de\/schorcht\/laserschweissen-erfurt\/","name":"Laserschwei\u00dfen Erfurt | Materialbearbeitung mit dem Laser","isPartOf":{"@id":"https:\/\/form-klar.de\/schorcht\/#website"},"primaryImageOfPage":{"@id":"https:\/\/form-klar.de\/schorcht\/laserschweissen-erfurt\/#primaryimage"},"image":{"@id":"https:\/\/form-klar.de\/schorcht\/laserschweissen-erfurt\/#primaryimage"},"thumbnailUrl":"https:\/\/s.w.org\/images\/core\/emoji\/12.0.0-1\/svg\/260e.svg","datePublished":"2021-03-18T10:37:38+00:00","dateModified":"2021-03-18T16:46:48+00:00","description":"Laserschwei\u00dfen in der Lohnfertigung. \u2705 Wir bieten Ihnen f\u00fcr die Region Erfurt ein breites Spektrum von Leistungen an! \u2705 Bis hin zur Komplettfertigung. \u2705","inLanguage":"de","potentialAction":[{"@type":"ReadAction","target":["https:\/\/form-klar.de\/schorcht\/laserschweissen-erfurt\/"]}]},{"@type":"ImageObject","inLanguage":"de","@id":"https:\/\/form-klar.de\/schorcht\/laserschweissen-erfurt\/#primaryimage","url":"https:\/\/s.w.org\/images\/core\/emoji\/12.0.0-1\/svg\/260e.svg","contentUrl":"https:\/\/s.w.org\/images\/core\/emoji\/12.0.0-1\/svg\/260e.svg"},{"@type":"WebSite","@id":"https:\/\/form-klar.de\/schorcht\/#website","url":"https:\/\/form-klar.de\/schorcht\/","name":"Laserzentrum Schorcht","description":"Lohnfertigung in der Lasermaterialbearbeitung - 12 Laseranlagen","potentialAction":[{"@type":"SearchAction","target":{"@type":"EntryPoint","urlTemplate":"https:\/\/form-klar.de\/schorcht\/?s={search_term_string}"},"query-input":"required name=search_term_string"}],"inLanguage":"de"}]}},"_links":{"self":[{"href":"https:\/\/form-klar.de\/schorcht\/wp-json\/wp\/v2\/pages\/1594"}],"collection":[{"href":"https:\/\/form-klar.de\/schorcht\/wp-json\/wp\/v2\/pages"}],"about":[{"href":"https:\/\/form-klar.de\/schorcht\/wp-json\/wp\/v2\/types\/page"}],"author":[{"embeddable":true,"href":"https:\/\/form-klar.de\/schorcht\/wp-json\/wp\/v2\/users\/10"}],"replies":[{"embeddable":true,"href":"https:\/\/form-klar.de\/schorcht\/wp-json\/wp\/v2\/comments?post=1594"}],"version-history":[{"count":2,"href":"https:\/\/form-klar.de\/schorcht\/wp-json\/wp\/v2\/pages\/1594\/revisions"}],"predecessor-version":[{"id":1596,"href":"https:\/\/form-klar.de\/schorcht\/wp-json\/wp\/v2\/pages\/1594\/revisions\/1596"}],"wp:attachment":[{"href":"https:\/\/form-klar.de\/schorcht\/wp-json\/wp\/v2\/media?parent=1594"}],"curies":[{"name":"wp","href":"https:\/\/api.w.org\/{rel}","templated":true}]}}