{"id":1586,"date":"2021-01-18T15:28:58","date_gmt":"2021-01-18T15:28:58","guid":{"rendered":"https:\/\/form-klar.de\/schorcht\/?page_id=1586"},"modified":"2021-01-18T15:29:41","modified_gmt":"2021-01-18T15:29:41","slug":"laserschneiden-gera","status":"publish","type":"page","link":"https:\/\/form-klar.de\/schorcht\/laserschneiden-gera\/","title":{"rendered":"Laserschneiden Gera"},"content":{"rendered":"\n<h2>Ihr Experte f\u00fcr Laserschneiden in Gera<\/h2>\n<p><strong>Laserschneiden Gera<\/strong>: Dank langj\u00e4hriger Erfahrung und modernster Ausstattung ist Schorcht Ihr <a title=\"Laserschneiden Gera\" href=\"https:\/\/form-klar.de\/schorcht\/laserschneiden\/\"><strong>Experte f\u00fcr Lasermaterialbearbeitung<\/strong><\/a> im Raum Gera. Wir bieten umfangreiche Beratungen, kompetente Hilfestellung sowie eine schnelle Umsetzung Ihrer Auftr\u00e4ge. Erfahren Sie hier, was uns zum idealen Partner bei der Realisierung Ihrer Projekte macht.<\/p>\n<h3>Renommiertes Unternehmen der Lasermaterialbearbeitung<\/h3>\n<p>Unser renommiertes Unternehmen blickt bereits auf eine <a title=\"Kompetenz in der Laserschwei\u00df-Technologie\" href=\" https:\/\/form-klar.de\/schorcht\/ueber-uns\/\"><strong>20-j\u00e4hrige Geschichte<\/strong><\/a> zur\u00fcck, in der unsere Experten einen umfangreichen Erfahrungsschatz anh\u00e4ufen konnten. Im Lauf der Jahre hat Schorcht bereits mit den zahllosen Kunden aus den unterschiedlichsten Branchen zusammengearbeitet. So realisierten wir beispielsweise Projekte im Bereich <strong>Automobil- und Elektrotechnik, Medizin, Maschinenbau sowie Lebensmittelindustrie<\/strong>. Selbstverst\u00e4ndlich setzen wir stets auf modernste Bearbeitungsmethoden und sorgen deshalb regelm\u00e4\u00dfig f\u00fcr die Erneuerung unserer Maschinen und Technologien. Erg\u00e4nzend hierzu stehen Ihnen unsere Mitarbeiter jederzeit f\u00fcr kompetente Beratungen zur Verf\u00fcgung. Mit uns als Partner wird Ihr Vorhaben zweifellos gelingen.<\/p>\n<h3>Schorcht bei Gera: Moderne Anlagen und Technologien<\/h3>\n<p>Unsere Mitarbeiter greifen bei der Umsetzung Ihrer Auftr\u00e4ge stets auf die modernsten Anlagen und Maschinen zur\u00fcck. So gew\u00e4hrleisten wir ausnahmslos h\u00f6chste Qualit\u00e4t bei der Herstellung Ihrer Produkte. Unter anderem finden sich in unserem Betrieb die neuesten<strong>Nd-YAG-Laser<\/strong> sowie hochqualitative <strong> CO2-HQ-Laser Beispiel<\/strong>. Auch 3D-Laseranlagen zur Bearbeitung komplexer Auftr\u00e4ge stehen uns zur Verf\u00fcgung. Zudem bietet Schorcht ein vollumf\u00e4nglich ausgestattetes QM-Labor. Ger\u00e4te wie Messmikroskope oder Durchlichtmessprojektoren stellen die kompetente Umsetzung von Laborleistungen sicher.<\/p>\n<h3>Laserschneiden und mehr: Unsere Leistungen f\u00fcr Sie<\/h3>\n<p>In Gera gelten wir auch wegen unseres breiten Leistungsspektrums als ausgewiesener Experte in der Materialbearbeitungsbranche. Im Bereich Laserschneiden bedienen wir <strong>sowohl Klein- als auch Gro\u00dfformate<\/strong>. Erstere bearbeiten wir mit dem sogenannten Mikroschneiden, das uns das punktgenaue Zuschneiden kleinster Teile in der Gr\u00f6\u00dfe eines Stecknadelkopfes erm\u00f6glicht. F\u00fcr gr\u00f6\u00dferer Zuschnitte setzen wir auf das Flachbettschneiden, das eine pr\u00e4zise Bearbeitung verschiedener Materialien gew\u00e4hrleistet. Zu unseren Kerngesch\u00e4ften z\u00e4hlt auch das Laserschwei\u00dfen. Auch in diesem Bereich bieten wir Schwei\u00dfungen im Lohn in den verschiedensten Gr\u00f6\u00dfenordnungen an. Zu unserem Service geh\u00f6ren au\u00dferdem <strong>Laserbohrungen<\/strong>, Rohrbearbeitung sowie Anlagentechnik.<\/p>\n<p><strong>Ihr Kontakt Laserzentrum Schorcht:<\/strong> <img decoding=\"async\" class=\"lazyload emoji\" draggable=\"false\" src=\"data:image\/gif;base64,R0lGODlhAQABAAAAACH5BAEKAAEALAAAAAABAAEAAAICTAEAOw==\" data-orig-src=\"https:\/\/s.w.org\/images\/core\/emoji\/12.0.0-1\/svg\/260e.svg\" alt=\"\u260e\ufe0f\"> <a title=\"Telefon: Laserzentrum Schorcht\" href=\"tel:+4936691570010\"><strong>+49 36691 5700 10<\/strong><\/a><\/p>\n","protected":false},"excerpt":{"rendered":"","protected":false},"author":10,"featured_media":0,"parent":0,"menu_order":0,"comment_status":"closed","ping_status":"closed","template":"","meta":{"ngg_post_thumbnail":0,"footnotes":"","_links_to":"","_links_to_target":""},"yoast_head":"<!-- This site is optimized with the Yoast SEO plugin v22.5 - https:\/\/yoast.com\/wordpress\/plugins\/seo\/ -->\n<title>Laserschneiden Gera | Schorcht.de | Lohnfertigung<\/title>\n<meta name=\"description\" content=\"Sie suchen einen Experten f\u00fcr die Leistung Laserschneiden rund um Gera? \u2705 Dann sollten Sie unser Unternehmen kontaktieren! \u2705 Infos zum Thema Lohnfertigung \u2705\" \/>\n<meta name=\"robots\" content=\"noindex, follow, max-snippet:-1, max-image-preview:large, max-video-preview:-1\" \/>\n<meta property=\"og:locale\" content=\"de_DE\" \/>\n<meta property=\"og:type\" content=\"article\" \/>\n<meta property=\"og:title\" content=\"Laserschneiden Gera | Schorcht.de | Lohnfertigung\" \/>\n<meta property=\"og:description\" content=\"Sie suchen einen Experten f\u00fcr die Leistung Laserschneiden rund um Gera? \u2705 Dann sollten Sie unser Unternehmen kontaktieren! \u2705 Infos zum Thema Lohnfertigung \u2705\" \/>\n<meta property=\"og:url\" content=\"https:\/\/form-klar.de\/schorcht\/laserschneiden-gera\/\" \/>\n<meta property=\"og:site_name\" content=\"Laserzentrum Schorcht\" \/>\n<meta property=\"article:modified_time\" content=\"2021-01-18T15:29:41+00:00\" \/>\n<meta property=\"og:image\" content=\"https:\/\/s.w.org\/images\/core\/emoji\/12.0.0-1\/svg\/260e.svg\" \/>\n<meta name=\"twitter:label1\" content=\"Gesch\u00e4tzte Lesezeit\" \/>\n\t<meta name=\"twitter:data1\" content=\"2\u00a0Minuten\" \/>\n<script type=\"application\/ld+json\" class=\"yoast-schema-graph\">{\"@context\":\"https:\/\/schema.org\",\"@graph\":[{\"@type\":\"WebPage\",\"@id\":\"https:\/\/form-klar.de\/schorcht\/laserschneiden-gera\/\",\"url\":\"https:\/\/form-klar.de\/schorcht\/laserschneiden-gera\/\",\"name\":\"Laserschneiden Gera | Schorcht.de | Lohnfertigung\",\"isPartOf\":{\"@id\":\"https:\/\/form-klar.de\/schorcht\/#website\"},\"primaryImageOfPage\":{\"@id\":\"https:\/\/form-klar.de\/schorcht\/laserschneiden-gera\/#primaryimage\"},\"image\":{\"@id\":\"https:\/\/form-klar.de\/schorcht\/laserschneiden-gera\/#primaryimage\"},\"thumbnailUrl\":\"https:\/\/s.w.org\/images\/core\/emoji\/12.0.0-1\/svg\/260e.svg\",\"datePublished\":\"2021-01-18T15:28:58+00:00\",\"dateModified\":\"2021-01-18T15:29:41+00:00\",\"description\":\"Sie suchen einen Experten f\u00fcr die Leistung Laserschneiden rund um Gera? \u2705 Dann sollten Sie unser Unternehmen kontaktieren! \u2705 Infos zum Thema Lohnfertigung \u2705\",\"inLanguage\":\"de\",\"potentialAction\":[{\"@type\":\"ReadAction\",\"target\":[\"https:\/\/form-klar.de\/schorcht\/laserschneiden-gera\/\"]}]},{\"@type\":\"ImageObject\",\"inLanguage\":\"de\",\"@id\":\"https:\/\/form-klar.de\/schorcht\/laserschneiden-gera\/#primaryimage\",\"url\":\"https:\/\/s.w.org\/images\/core\/emoji\/12.0.0-1\/svg\/260e.svg\",\"contentUrl\":\"https:\/\/s.w.org\/images\/core\/emoji\/12.0.0-1\/svg\/260e.svg\"},{\"@type\":\"WebSite\",\"@id\":\"https:\/\/form-klar.de\/schorcht\/#website\",\"url\":\"https:\/\/form-klar.de\/schorcht\/\",\"name\":\"Laserzentrum Schorcht\",\"description\":\"Lohnfertigung in der Lasermaterialbearbeitung - 12 Laseranlagen\",\"potentialAction\":[{\"@type\":\"SearchAction\",\"target\":{\"@type\":\"EntryPoint\",\"urlTemplate\":\"https:\/\/form-klar.de\/schorcht\/?s={search_term_string}\"},\"query-input\":\"required name=search_term_string\"}],\"inLanguage\":\"de\"}]}<\/script>\n<!-- \/ Yoast SEO plugin. -->","yoast_head_json":{"title":"Laserschneiden Gera | Schorcht.de | Lohnfertigung","description":"Sie suchen einen Experten f\u00fcr die Leistung Laserschneiden rund um Gera? \u2705 Dann sollten Sie unser Unternehmen kontaktieren! \u2705 Infos zum Thema Lohnfertigung \u2705","robots":{"index":"noindex","follow":"follow","max-snippet":"max-snippet:-1","max-image-preview":"max-image-preview:large","max-video-preview":"max-video-preview:-1"},"og_locale":"de_DE","og_type":"article","og_title":"Laserschneiden Gera | Schorcht.de | Lohnfertigung","og_description":"Sie suchen einen Experten f\u00fcr die Leistung Laserschneiden rund um Gera? \u2705 Dann sollten Sie unser Unternehmen kontaktieren! \u2705 Infos zum Thema Lohnfertigung \u2705","og_url":"https:\/\/form-klar.de\/schorcht\/laserschneiden-gera\/","og_site_name":"Laserzentrum Schorcht","article_modified_time":"2021-01-18T15:29:41+00:00","og_image":[{"url":"https:\/\/s.w.org\/images\/core\/emoji\/12.0.0-1\/svg\/260e.svg"}],"twitter_misc":{"Gesch\u00e4tzte Lesezeit":"2\u00a0Minuten"},"schema":{"@context":"https:\/\/schema.org","@graph":[{"@type":"WebPage","@id":"https:\/\/form-klar.de\/schorcht\/laserschneiden-gera\/","url":"https:\/\/form-klar.de\/schorcht\/laserschneiden-gera\/","name":"Laserschneiden Gera | Schorcht.de | Lohnfertigung","isPartOf":{"@id":"https:\/\/form-klar.de\/schorcht\/#website"},"primaryImageOfPage":{"@id":"https:\/\/form-klar.de\/schorcht\/laserschneiden-gera\/#primaryimage"},"image":{"@id":"https:\/\/form-klar.de\/schorcht\/laserschneiden-gera\/#primaryimage"},"thumbnailUrl":"https:\/\/s.w.org\/images\/core\/emoji\/12.0.0-1\/svg\/260e.svg","datePublished":"2021-01-18T15:28:58+00:00","dateModified":"2021-01-18T15:29:41+00:00","description":"Sie suchen einen Experten f\u00fcr die Leistung Laserschneiden rund um Gera? \u2705 Dann sollten Sie unser Unternehmen kontaktieren! \u2705 Infos zum Thema Lohnfertigung \u2705","inLanguage":"de","potentialAction":[{"@type":"ReadAction","target":["https:\/\/form-klar.de\/schorcht\/laserschneiden-gera\/"]}]},{"@type":"ImageObject","inLanguage":"de","@id":"https:\/\/form-klar.de\/schorcht\/laserschneiden-gera\/#primaryimage","url":"https:\/\/s.w.org\/images\/core\/emoji\/12.0.0-1\/svg\/260e.svg","contentUrl":"https:\/\/s.w.org\/images\/core\/emoji\/12.0.0-1\/svg\/260e.svg"},{"@type":"WebSite","@id":"https:\/\/form-klar.de\/schorcht\/#website","url":"https:\/\/form-klar.de\/schorcht\/","name":"Laserzentrum Schorcht","description":"Lohnfertigung in der Lasermaterialbearbeitung - 12 Laseranlagen","potentialAction":[{"@type":"SearchAction","target":{"@type":"EntryPoint","urlTemplate":"https:\/\/form-klar.de\/schorcht\/?s={search_term_string}"},"query-input":"required name=search_term_string"}],"inLanguage":"de"}]}},"_links":{"self":[{"href":"https:\/\/form-klar.de\/schorcht\/wp-json\/wp\/v2\/pages\/1586"}],"collection":[{"href":"https:\/\/form-klar.de\/schorcht\/wp-json\/wp\/v2\/pages"}],"about":[{"href":"https:\/\/form-klar.de\/schorcht\/wp-json\/wp\/v2\/types\/page"}],"author":[{"embeddable":true,"href":"https:\/\/form-klar.de\/schorcht\/wp-json\/wp\/v2\/users\/10"}],"replies":[{"embeddable":true,"href":"https:\/\/form-klar.de\/schorcht\/wp-json\/wp\/v2\/comments?post=1586"}],"version-history":[{"count":3,"href":"https:\/\/form-klar.de\/schorcht\/wp-json\/wp\/v2\/pages\/1586\/revisions"}],"predecessor-version":[{"id":1599,"href":"https:\/\/form-klar.de\/schorcht\/wp-json\/wp\/v2\/pages\/1586\/revisions\/1599"}],"wp:attachment":[{"href":"https:\/\/form-klar.de\/schorcht\/wp-json\/wp\/v2\/media?parent=1586"}],"curies":[{"name":"wp","href":"https:\/\/api.w.org\/{rel}","templated":true}]}}