{"id":1549,"date":"2020-11-26T09:46:40","date_gmt":"2020-11-26T09:46:40","guid":{"rendered":"https:\/\/form-klar.de\/schorcht\/?page_id=1549"},"modified":"2020-11-26T09:47:30","modified_gmt":"2020-11-26T09:47:30","slug":"laserschneiden-erfurt","status":"publish","type":"page","link":"https:\/\/form-klar.de\/schorcht\/laserschneiden-erfurt\/","title":{"rendered":"Laserschneiden Erfurt"},"content":{"rendered":"\n<h2>Ihr Laserzentrum und Spezialist f\u00fcr Laserschneiden in der Region Erfurt.<\/h2>\n<p>Qualit\u00e4t und Schnelligkeit f\u00fcr Ihre Auftr\u00e4ge in Erfurt und Umgebung: Das Laserzentrum Schorcht ist der Spezialist f\u00fcr <a title=\"Laserschneiden Erfurt\" href=\"https:\/\/form-klar.de\/schorcht\/ueber-uns\/#\"><strong>Laserschneiden im Lohn<\/strong><\/a>. Zudem bieten wir Ihnen einen sehr breiten Service an. Unsere Leistungen reichen dabei von der Hilfe bei der Produktentwicklung bis hin zur kompletten Fertigung. Greifen Sie doch in jedem Fall auf unsere technologischen M\u00f6glichkeiten zur\u00fcck.<\/p>\n<h3>Laserschneiden Erfurt: Moderne Anlagen werden f\u00fcr Ihren Auftrag vorgehalten<\/h3>\n<p>Mit unseren modernen Anlagen f\u00fcr Laserschneiden und Laserschwei\u00dfen sind wir f\u00fcr jede Anforderung optimal vorbereitet. Gern beraten wir Sie, welche Technologie am besten in Ihrem Fall zum Einsatz kommen kann. Ob 3-D-Laseranlage, <strong>Nd-YAG Laser<\/strong> oder CO2 HQ Laser \u2013 f\u00fcr jede Aufgabe sind wir vorbereitet. Darauf kommt es ja auch an in der Lohnfertigung. Wir freuen uns auf Ihr Interesse. Setzen Sie sich doch gleich mit uns hier in der Region um Erfurt in Verbindung. Wir beraten Sie pers\u00f6nlich und fachspezifisch \u2013 vom ersten Kontakt an.<\/p>\n<h3>Umfassende Anlagentechnik, um f\u00fcr jeden Auftrag optimal vorbereitet zu sein<\/h3>\n<p>F\u00fcr s\u00e4mtliche Schneidaufgaben haben wir die <a title=\"Laserschneiden Region Erfurt\" href=\"https:\/\/form-klar.de\/schorcht\/laserschneiden\/\"><strong> optimal passende Anlagentechnik<\/strong><\/a>. Zudem verf\u00fcgen wir aber auch \u00fcber Laseranlagen f\u00fcr Gravuren und Markierungen. Auch das Laserbohren geh\u00f6rt selbstverst\u00e4ndlich zu unseren Leistungen f\u00fcr Sie. Um unser Angebot an Sie komplett zu machen, setzen wir auch peripher mit unserem Maschinenpark Akzente. Ob Industriewaschmaschine, S\u00e4geautomat, Maschinen f\u00fcr das Gleitschleifen oder der klassische Werkzeugbau \u2013 setzen Sie auf unsere M\u00f6glichkeiten hier in der Region Erfurt!<\/p>\n<h3>Laborleistungen f\u00fcr Ihren Auftrag \u2013 optimaler Service f\u00fcr Sie hier in der Region Erfurt<\/h3>\n<p>Zudem bieten wir Ihnen ebenso unsere Laborleistungen an. Wir sind ebenso auch mit modernster Messtechnik ausgestattet. Unser&nbsp;<strong>QM-Labor<\/strong> kann sich sehen lassen. Ob Messmikroskop oder Durchlichtmessprojektor \u2013 greifen Sie auf diese Leistungen gern zur\u00fcck. Gern m\u00f6chten wir uns als Spezialist im Laserschneiden bei Ihnen vorstellen. Ihr Vertrauen erarbeiten wir uns \u00fcbrigens am liebsten durch <strong>h\u00f6chste Qualit\u00e4t<\/strong> \u2013 und das gleichbleibend bei jedem Auftrag wieder neu. Wir sind Ihr Ansprechpartner im Laserschwei\u00dfen, <strong>Laserschneiden<\/strong> und auch ebenso Spezialist in der &nbsp;<strong>Rohrbearbeitung<\/strong>.<\/p>\n<p><strong>Ihr Kontakt Laserzentrum Schorcht:<\/strong> <img decoding=\"async\" class=\"lazyload emoji\" draggable=\"false\" src=\"data:image\/gif;base64,R0lGODlhAQABAAAAACH5BAEKAAEALAAAAAABAAEAAAICTAEAOw==\" data-orig-src=\"https:\/\/s.w.org\/images\/core\/emoji\/12.0.0-1\/svg\/260e.svg\" alt=\"\u260e\ufe0f\"> <a title=\"Telefon: Laserzentrum Schorcht\" href=\"tel:+4936691570010\"><strong>+49 36691 5700 10<\/strong><\/a><\/p>\n","protected":false},"excerpt":{"rendered":"","protected":false},"author":10,"featured_media":0,"parent":0,"menu_order":0,"comment_status":"closed","ping_status":"closed","template":"","meta":{"ngg_post_thumbnail":0,"footnotes":"","_links_to":"","_links_to_target":""},"yoast_head":"<!-- This site is optimized with the Yoast SEO plugin v22.5 - https:\/\/yoast.com\/wordpress\/plugins\/seo\/ -->\n<title>Laserschneiden | Erfurt | Ihre Spezialisten f\u00fcr Lohnfertigung | schorcht.de<\/title>\n<meta name=\"description\" content=\"Setzen Sie auf den Spezialisten f\u00fcr Laserschneiden in der Region um Erfurt. \u2705 Unser Laserzentrum ist optimal f\u00fcr die Lohnfertigung vorbereitet. \u2705\" \/>\n<meta name=\"robots\" content=\"noindex, follow, max-snippet:-1, max-image-preview:large, max-video-preview:-1\" \/>\n<meta property=\"og:locale\" content=\"de_DE\" \/>\n<meta property=\"og:type\" content=\"article\" \/>\n<meta property=\"og:title\" content=\"Laserschneiden | Erfurt | Ihre Spezialisten f\u00fcr Lohnfertigung | schorcht.de\" \/>\n<meta property=\"og:description\" content=\"Setzen Sie auf den Spezialisten f\u00fcr Laserschneiden in der Region um Erfurt. \u2705 Unser Laserzentrum ist optimal f\u00fcr die Lohnfertigung vorbereitet. \u2705\" \/>\n<meta property=\"og:url\" content=\"https:\/\/form-klar.de\/schorcht\/laserschneiden-erfurt\/\" \/>\n<meta property=\"og:site_name\" content=\"Laserzentrum Schorcht\" \/>\n<meta property=\"article:modified_time\" content=\"2020-11-26T09:47:30+00:00\" \/>\n<meta property=\"og:image\" content=\"https:\/\/s.w.org\/images\/core\/emoji\/12.0.0-1\/svg\/260e.svg\" \/>\n<meta name=\"twitter:label1\" content=\"Gesch\u00e4tzte Lesezeit\" \/>\n\t<meta name=\"twitter:data1\" content=\"2\u00a0Minuten\" \/>\n<script type=\"application\/ld+json\" class=\"yoast-schema-graph\">{\"@context\":\"https:\/\/schema.org\",\"@graph\":[{\"@type\":\"WebPage\",\"@id\":\"https:\/\/form-klar.de\/schorcht\/laserschneiden-erfurt\/\",\"url\":\"https:\/\/form-klar.de\/schorcht\/laserschneiden-erfurt\/\",\"name\":\"Laserschneiden | Erfurt | Ihre Spezialisten f\u00fcr Lohnfertigung | schorcht.de\",\"isPartOf\":{\"@id\":\"https:\/\/form-klar.de\/schorcht\/#website\"},\"primaryImageOfPage\":{\"@id\":\"https:\/\/form-klar.de\/schorcht\/laserschneiden-erfurt\/#primaryimage\"},\"image\":{\"@id\":\"https:\/\/form-klar.de\/schorcht\/laserschneiden-erfurt\/#primaryimage\"},\"thumbnailUrl\":\"https:\/\/s.w.org\/images\/core\/emoji\/12.0.0-1\/svg\/260e.svg\",\"datePublished\":\"2020-11-26T09:46:40+00:00\",\"dateModified\":\"2020-11-26T09:47:30+00:00\",\"description\":\"Setzen Sie auf den Spezialisten f\u00fcr Laserschneiden in der Region um Erfurt. \u2705 Unser Laserzentrum ist optimal f\u00fcr die Lohnfertigung vorbereitet. \u2705\",\"inLanguage\":\"de\",\"potentialAction\":[{\"@type\":\"ReadAction\",\"target\":[\"https:\/\/form-klar.de\/schorcht\/laserschneiden-erfurt\/\"]}]},{\"@type\":\"ImageObject\",\"inLanguage\":\"de\",\"@id\":\"https:\/\/form-klar.de\/schorcht\/laserschneiden-erfurt\/#primaryimage\",\"url\":\"https:\/\/s.w.org\/images\/core\/emoji\/12.0.0-1\/svg\/260e.svg\",\"contentUrl\":\"https:\/\/s.w.org\/images\/core\/emoji\/12.0.0-1\/svg\/260e.svg\"},{\"@type\":\"WebSite\",\"@id\":\"https:\/\/form-klar.de\/schorcht\/#website\",\"url\":\"https:\/\/form-klar.de\/schorcht\/\",\"name\":\"Laserzentrum Schorcht\",\"description\":\"Lohnfertigung in der Lasermaterialbearbeitung - 12 Laseranlagen\",\"potentialAction\":[{\"@type\":\"SearchAction\",\"target\":{\"@type\":\"EntryPoint\",\"urlTemplate\":\"https:\/\/form-klar.de\/schorcht\/?s={search_term_string}\"},\"query-input\":\"required name=search_term_string\"}],\"inLanguage\":\"de\"}]}<\/script>\n<!-- \/ Yoast SEO plugin. -->","yoast_head_json":{"title":"Laserschneiden | Erfurt | Ihre Spezialisten f\u00fcr Lohnfertigung | schorcht.de","description":"Setzen Sie auf den Spezialisten f\u00fcr Laserschneiden in der Region um Erfurt. \u2705 Unser Laserzentrum ist optimal f\u00fcr die Lohnfertigung vorbereitet. \u2705","robots":{"index":"noindex","follow":"follow","max-snippet":"max-snippet:-1","max-image-preview":"max-image-preview:large","max-video-preview":"max-video-preview:-1"},"og_locale":"de_DE","og_type":"article","og_title":"Laserschneiden | Erfurt | Ihre Spezialisten f\u00fcr Lohnfertigung | schorcht.de","og_description":"Setzen Sie auf den Spezialisten f\u00fcr Laserschneiden in der Region um Erfurt. \u2705 Unser Laserzentrum ist optimal f\u00fcr die Lohnfertigung vorbereitet. \u2705","og_url":"https:\/\/form-klar.de\/schorcht\/laserschneiden-erfurt\/","og_site_name":"Laserzentrum Schorcht","article_modified_time":"2020-11-26T09:47:30+00:00","og_image":[{"url":"https:\/\/s.w.org\/images\/core\/emoji\/12.0.0-1\/svg\/260e.svg"}],"twitter_misc":{"Gesch\u00e4tzte Lesezeit":"2\u00a0Minuten"},"schema":{"@context":"https:\/\/schema.org","@graph":[{"@type":"WebPage","@id":"https:\/\/form-klar.de\/schorcht\/laserschneiden-erfurt\/","url":"https:\/\/form-klar.de\/schorcht\/laserschneiden-erfurt\/","name":"Laserschneiden | Erfurt | Ihre Spezialisten f\u00fcr Lohnfertigung | schorcht.de","isPartOf":{"@id":"https:\/\/form-klar.de\/schorcht\/#website"},"primaryImageOfPage":{"@id":"https:\/\/form-klar.de\/schorcht\/laserschneiden-erfurt\/#primaryimage"},"image":{"@id":"https:\/\/form-klar.de\/schorcht\/laserschneiden-erfurt\/#primaryimage"},"thumbnailUrl":"https:\/\/s.w.org\/images\/core\/emoji\/12.0.0-1\/svg\/260e.svg","datePublished":"2020-11-26T09:46:40+00:00","dateModified":"2020-11-26T09:47:30+00:00","description":"Setzen Sie auf den Spezialisten f\u00fcr Laserschneiden in der Region um Erfurt. \u2705 Unser Laserzentrum ist optimal f\u00fcr die Lohnfertigung vorbereitet. \u2705","inLanguage":"de","potentialAction":[{"@type":"ReadAction","target":["https:\/\/form-klar.de\/schorcht\/laserschneiden-erfurt\/"]}]},{"@type":"ImageObject","inLanguage":"de","@id":"https:\/\/form-klar.de\/schorcht\/laserschneiden-erfurt\/#primaryimage","url":"https:\/\/s.w.org\/images\/core\/emoji\/12.0.0-1\/svg\/260e.svg","contentUrl":"https:\/\/s.w.org\/images\/core\/emoji\/12.0.0-1\/svg\/260e.svg"},{"@type":"WebSite","@id":"https:\/\/form-klar.de\/schorcht\/#website","url":"https:\/\/form-klar.de\/schorcht\/","name":"Laserzentrum Schorcht","description":"Lohnfertigung in der Lasermaterialbearbeitung - 12 Laseranlagen","potentialAction":[{"@type":"SearchAction","target":{"@type":"EntryPoint","urlTemplate":"https:\/\/form-klar.de\/schorcht\/?s={search_term_string}"},"query-input":"required name=search_term_string"}],"inLanguage":"de"}]}},"_links":{"self":[{"href":"https:\/\/form-klar.de\/schorcht\/wp-json\/wp\/v2\/pages\/1549"}],"collection":[{"href":"https:\/\/form-klar.de\/schorcht\/wp-json\/wp\/v2\/pages"}],"about":[{"href":"https:\/\/form-klar.de\/schorcht\/wp-json\/wp\/v2\/types\/page"}],"author":[{"embeddable":true,"href":"https:\/\/form-klar.de\/schorcht\/wp-json\/wp\/v2\/users\/10"}],"replies":[{"embeddable":true,"href":"https:\/\/form-klar.de\/schorcht\/wp-json\/wp\/v2\/comments?post=1549"}],"version-history":[{"count":1,"href":"https:\/\/form-klar.de\/schorcht\/wp-json\/wp\/v2\/pages\/1549\/revisions"}],"predecessor-version":[{"id":1550,"href":"https:\/\/form-klar.de\/schorcht\/wp-json\/wp\/v2\/pages\/1549\/revisions\/1550"}],"wp:attachment":[{"href":"https:\/\/form-klar.de\/schorcht\/wp-json\/wp\/v2\/media?parent=1549"}],"curies":[{"name":"wp","href":"https:\/\/api.w.org\/{rel}","templated":true}]}}