{"id":1540,"date":"2020-09-10T15:44:57","date_gmt":"2020-09-10T15:44:57","guid":{"rendered":"https:\/\/form-klar.de\/schorcht\/?page_id=1540"},"modified":"2020-11-26T09:42:44","modified_gmt":"2020-11-26T09:42:44","slug":"laserschneiden-leipzig","status":"publish","type":"page","link":"https:\/\/form-klar.de\/schorcht\/laserschneiden-leipzig\/","title":{"rendered":"Laserschneiden Leipzig"},"content":{"rendered":"<h2>Die Profis f\u00fcr die Leistung Laserschneiden in der N\u00e4he von Leipzig<\/h2>\n<p>Das Laserzentrum Schorcht ist der <a title=\"Laserschneiden Leipzig\" href=\"https:\/\/form-klar.de\/schorcht\/ueber-uns\/\"><strong>Spezialist f\u00fcr Laserschneiden in der N\u00e4he von Leipzig<\/strong><\/a>. Besonders m\u00f6chten wir Sie \u00fcber unsere hohe Leistungsf\u00e4higkeit als Lohnfertiger informieren. In der <a title=\"Lohnfertigung Laserschneiden\" href=\"https:\/\/form-klar.de\/schorcht\/faq\/\"><strong>Lohnfertigung<\/strong><\/a> m\u00fcssen stets darauf achten, ein breites technologisches Spektrum bereit zu stellen. Ob Einzelauftr\u00e4ge oder die komplette \u00dcbernahme der Fertigung von den gew\u00fcnschten Bauteilen \u00fcbernehmen wir f\u00fcr Sie. Sie finden unseren Betrieb \u00fcbrigens in der N\u00e4he von Leipzig \u2013 direkt an der Autobahn 9. Unweit des Hermsdorfer Kreuzes liegt unser Unternehmen besonders g\u00fcnstig f\u00fcr eine schnelle Lieferung der gew\u00fcnschten Bauteile.<\/p>\n<h3>Laserschneiden in der N\u00e4he von Leipzig: Wir sind f\u00fcr jede Art von Auftr\u00e4gen optimal ausger\u00fcstet<\/h3>\n<p>Welche Leistungen bietet Ihnen unser Laserzentrum an? Zum einen bieten wir Ihnen viele M\u00f6glichkeiten im Bereich Laserschneiden an. Denn welche individuellen W\u00fcnsche Sie auch haben \u2013 wir liefern. Zudem beraten wir Sie intensiv bei jedem Auftrag. Insbesondere in der <strong>Herstellung von Prototypen<\/strong> stehen wir an Ihrer Seite. Aber auch f\u00fcr die Serienfertigung sind wir optimal ausger\u00fcstet. <strong>14 Laseranlagen<\/strong> stehen unseren Kunden jederzeit bereit.<\/p>\n<h3>Laserbohren \u2013 hohe Geschwindigkeit und Genauigkeiten<\/h3>\n<p>Eine weitere Leistung, die wir Ihnen anbieten ist das Laserbohren. Wir sind in der Lage, an Ihren Werkst\u00fccken <strong> feinste Bohrungen mit dem Laser<\/strong> vorzunehmen. Dabei k\u00f6nnen wir alle Auftr\u00e4ge mit einer hohen Geschwindigkeit erledigen. Nat\u00fcrlich ist das Laserbohren ein v\u00f6llig ber\u00fchrungsfreier Vorgang. Sie genie\u00dfen die gleichen Vorteile in der Herstellung Ihrer Teile wie beim Laserschneiden.<\/p>\n<h3>Sichern Sie sich die Vorteile mit unserem prozesssicheren Verfahren<\/h3>\n<p>Einerseits sind da die sehr guten Ergebnisse mit sehr hoher Genauigkeit. Andererseits ist die <strong>Bearbeitung verschlei\u00dffrei<\/strong> \u2013 dadurch arbeiten wir absolut <strong>prozesssicher<\/strong>. Die Qualit\u00e4t der Bohrungen und im Laserschneiden sind immer gleichbleibend hoch. Das ist auch der Grund, warum das Bohren und Schneiden mit dem Laser in den letzten Jahren immer mehr an Bedeutung gewonnen hat. Heute sind diese Verfahren sozusagen eigentlich Mainstream und damit <strong>in der Metallbearbeitung und im Werkzeugbau<\/strong> nicht mehr wegzudenken.<br \/>\nGern beraten wir Sie \u00fcber unsere zertifizierten Dienstleistungen in der N\u00e4he von Leipzig!<\/p>\n<p><strong>Ihr Kontakt Laserzentrum Schorcht:<\/strong> <img class=\"lazyload\" decoding=\"async\" draggable=\"false\" src=\"data:image\/gif;base64,R0lGODlhAQABAAAAACH5BAEKAAEALAAAAAABAAEAAAICTAEAOw==\" data-orig-src=\"https:\/\/s.w.org\/images\/core\/emoji\/12.0.0-1\/svg\/260e.svg\" alt=\"\u260e\ufe0f\"> <a title=\"Telefon: Laserzentrum Schorcht\" href=\"tel:+4936691570010\"><strong>+49 36691 5700 10<\/strong><\/a><\/p>\n","protected":false},"excerpt":{"rendered":"<p>Die Profis f\u00fcr die Leistung Laserschneiden in der N\u00e4he von Leipzig Das Laserzentrum Schorcht ist der Spezialist f\u00fcr Laserschneiden in der N\u00e4he von Leipzig. Besonders [&hellip;]<\/p>\n","protected":false},"author":10,"featured_media":0,"parent":0,"menu_order":0,"comment_status":"closed","ping_status":"closed","template":"","meta":{"ngg_post_thumbnail":0,"footnotes":"","_links_to":"","_links_to_target":""},"yoast_head":"<!-- This site is optimized with the Yoast SEO plugin v22.5 - https:\/\/yoast.com\/wordpress\/plugins\/seo\/ -->\n<title>Laserschneiden | Leipzig | Ihre Spezialisten f\u00fcr Laserschnitt | schorcht.de<\/title>\n<meta name=\"description\" content=\"Laserzentrum Schorcht in der N\u00e4he von Leipzig \u2705 Wir beraten Sie rund um Laserschneiden, Laserschwei\u00dfen und Laserbeschriften in der Lohnfertigung. \u2705\" \/>\n<meta name=\"robots\" content=\"noindex, follow, max-snippet:-1, max-image-preview:large, max-video-preview:-1\" \/>\n<meta property=\"og:locale\" content=\"de_DE\" \/>\n<meta property=\"og:type\" content=\"article\" \/>\n<meta property=\"og:title\" content=\"Laserschneiden | Leipzig | Ihre Spezialisten f\u00fcr Laserschnitt | schorcht.de\" \/>\n<meta property=\"og:description\" content=\"Laserzentrum Schorcht in der N\u00e4he von Leipzig \u2705 Wir beraten Sie rund um Laserschneiden, Laserschwei\u00dfen und Laserbeschriften in der Lohnfertigung. \u2705\" \/>\n<meta property=\"og:url\" content=\"https:\/\/form-klar.de\/schorcht\/laserschneiden-leipzig\/\" \/>\n<meta property=\"og:site_name\" content=\"Laserzentrum Schorcht\" \/>\n<meta property=\"article:modified_time\" content=\"2020-11-26T09:42:44+00:00\" \/>\n<meta property=\"og:image\" content=\"https:\/\/s.w.org\/images\/core\/emoji\/12.0.0-1\/svg\/260e.svg\" \/>\n<meta name=\"twitter:label1\" content=\"Gesch\u00e4tzte Lesezeit\" \/>\n\t<meta name=\"twitter:data1\" content=\"2\u00a0Minuten\" \/>\n<script type=\"application\/ld+json\" class=\"yoast-schema-graph\">{\"@context\":\"https:\/\/schema.org\",\"@graph\":[{\"@type\":\"WebPage\",\"@id\":\"https:\/\/form-klar.de\/schorcht\/laserschneiden-leipzig\/\",\"url\":\"https:\/\/form-klar.de\/schorcht\/laserschneiden-leipzig\/\",\"name\":\"Laserschneiden | Leipzig | Ihre Spezialisten f\u00fcr Laserschnitt | schorcht.de\",\"isPartOf\":{\"@id\":\"https:\/\/form-klar.de\/schorcht\/#website\"},\"primaryImageOfPage\":{\"@id\":\"https:\/\/form-klar.de\/schorcht\/laserschneiden-leipzig\/#primaryimage\"},\"image\":{\"@id\":\"https:\/\/form-klar.de\/schorcht\/laserschneiden-leipzig\/#primaryimage\"},\"thumbnailUrl\":\"https:\/\/s.w.org\/images\/core\/emoji\/12.0.0-1\/svg\/260e.svg\",\"datePublished\":\"2020-09-10T15:44:57+00:00\",\"dateModified\":\"2020-11-26T09:42:44+00:00\",\"description\":\"Laserzentrum Schorcht in der N\u00e4he von Leipzig \u2705 Wir beraten Sie rund um Laserschneiden, Laserschwei\u00dfen und Laserbeschriften in der Lohnfertigung. \u2705\",\"inLanguage\":\"de\",\"potentialAction\":[{\"@type\":\"ReadAction\",\"target\":[\"https:\/\/form-klar.de\/schorcht\/laserschneiden-leipzig\/\"]}]},{\"@type\":\"ImageObject\",\"inLanguage\":\"de\",\"@id\":\"https:\/\/form-klar.de\/schorcht\/laserschneiden-leipzig\/#primaryimage\",\"url\":\"https:\/\/s.w.org\/images\/core\/emoji\/12.0.0-1\/svg\/260e.svg\",\"contentUrl\":\"https:\/\/s.w.org\/images\/core\/emoji\/12.0.0-1\/svg\/260e.svg\"},{\"@type\":\"WebSite\",\"@id\":\"https:\/\/form-klar.de\/schorcht\/#website\",\"url\":\"https:\/\/form-klar.de\/schorcht\/\",\"name\":\"Laserzentrum Schorcht\",\"description\":\"Lohnfertigung in der Lasermaterialbearbeitung - 12 Laseranlagen\",\"potentialAction\":[{\"@type\":\"SearchAction\",\"target\":{\"@type\":\"EntryPoint\",\"urlTemplate\":\"https:\/\/form-klar.de\/schorcht\/?s={search_term_string}\"},\"query-input\":\"required name=search_term_string\"}],\"inLanguage\":\"de\"}]}<\/script>\n<!-- \/ Yoast SEO plugin. -->","yoast_head_json":{"title":"Laserschneiden | Leipzig | Ihre Spezialisten f\u00fcr Laserschnitt | schorcht.de","description":"Laserzentrum Schorcht in der N\u00e4he von Leipzig \u2705 Wir beraten Sie rund um Laserschneiden, Laserschwei\u00dfen und Laserbeschriften in der Lohnfertigung. \u2705","robots":{"index":"noindex","follow":"follow","max-snippet":"max-snippet:-1","max-image-preview":"max-image-preview:large","max-video-preview":"max-video-preview:-1"},"og_locale":"de_DE","og_type":"article","og_title":"Laserschneiden | Leipzig | Ihre Spezialisten f\u00fcr Laserschnitt | schorcht.de","og_description":"Laserzentrum Schorcht in der N\u00e4he von Leipzig \u2705 Wir beraten Sie rund um Laserschneiden, Laserschwei\u00dfen und Laserbeschriften in der Lohnfertigung. \u2705","og_url":"https:\/\/form-klar.de\/schorcht\/laserschneiden-leipzig\/","og_site_name":"Laserzentrum Schorcht","article_modified_time":"2020-11-26T09:42:44+00:00","og_image":[{"url":"https:\/\/s.w.org\/images\/core\/emoji\/12.0.0-1\/svg\/260e.svg"}],"twitter_misc":{"Gesch\u00e4tzte Lesezeit":"2\u00a0Minuten"},"schema":{"@context":"https:\/\/schema.org","@graph":[{"@type":"WebPage","@id":"https:\/\/form-klar.de\/schorcht\/laserschneiden-leipzig\/","url":"https:\/\/form-klar.de\/schorcht\/laserschneiden-leipzig\/","name":"Laserschneiden | Leipzig | Ihre Spezialisten f\u00fcr Laserschnitt | schorcht.de","isPartOf":{"@id":"https:\/\/form-klar.de\/schorcht\/#website"},"primaryImageOfPage":{"@id":"https:\/\/form-klar.de\/schorcht\/laserschneiden-leipzig\/#primaryimage"},"image":{"@id":"https:\/\/form-klar.de\/schorcht\/laserschneiden-leipzig\/#primaryimage"},"thumbnailUrl":"https:\/\/s.w.org\/images\/core\/emoji\/12.0.0-1\/svg\/260e.svg","datePublished":"2020-09-10T15:44:57+00:00","dateModified":"2020-11-26T09:42:44+00:00","description":"Laserzentrum Schorcht in der N\u00e4he von Leipzig \u2705 Wir beraten Sie rund um Laserschneiden, Laserschwei\u00dfen und Laserbeschriften in der Lohnfertigung. \u2705","inLanguage":"de","potentialAction":[{"@type":"ReadAction","target":["https:\/\/form-klar.de\/schorcht\/laserschneiden-leipzig\/"]}]},{"@type":"ImageObject","inLanguage":"de","@id":"https:\/\/form-klar.de\/schorcht\/laserschneiden-leipzig\/#primaryimage","url":"https:\/\/s.w.org\/images\/core\/emoji\/12.0.0-1\/svg\/260e.svg","contentUrl":"https:\/\/s.w.org\/images\/core\/emoji\/12.0.0-1\/svg\/260e.svg"},{"@type":"WebSite","@id":"https:\/\/form-klar.de\/schorcht\/#website","url":"https:\/\/form-klar.de\/schorcht\/","name":"Laserzentrum Schorcht","description":"Lohnfertigung in der Lasermaterialbearbeitung - 12 Laseranlagen","potentialAction":[{"@type":"SearchAction","target":{"@type":"EntryPoint","urlTemplate":"https:\/\/form-klar.de\/schorcht\/?s={search_term_string}"},"query-input":"required name=search_term_string"}],"inLanguage":"de"}]}},"_links":{"self":[{"href":"https:\/\/form-klar.de\/schorcht\/wp-json\/wp\/v2\/pages\/1540"}],"collection":[{"href":"https:\/\/form-klar.de\/schorcht\/wp-json\/wp\/v2\/pages"}],"about":[{"href":"https:\/\/form-klar.de\/schorcht\/wp-json\/wp\/v2\/types\/page"}],"author":[{"embeddable":true,"href":"https:\/\/form-klar.de\/schorcht\/wp-json\/wp\/v2\/users\/10"}],"replies":[{"embeddable":true,"href":"https:\/\/form-klar.de\/schorcht\/wp-json\/wp\/v2\/comments?post=1540"}],"version-history":[{"count":3,"href":"https:\/\/form-klar.de\/schorcht\/wp-json\/wp\/v2\/pages\/1540\/revisions"}],"predecessor-version":[{"id":1543,"href":"https:\/\/form-klar.de\/schorcht\/wp-json\/wp\/v2\/pages\/1540\/revisions\/1543"}],"wp:attachment":[{"href":"https:\/\/form-klar.de\/schorcht\/wp-json\/wp\/v2\/media?parent=1540"}],"curies":[{"name":"wp","href":"https:\/\/api.w.org\/{rel}","templated":true}]}}