{"id":152,"date":"2011-03-31T17:20:10","date_gmt":"2011-03-31T17:20:10","guid":{"rendered":"http:\/\/formklar.com\/schorcht\/?page_id=152"},"modified":"2016-09-21T11:07:56","modified_gmt":"2016-09-21T11:07:56","slug":"werkzeugreparaturauftragen","status":"publish","type":"page","link":"https:\/\/form-klar.de\/schorcht\/laserschweissen\/werkzeugreparaturauftragen\/","title":{"rendered":"Reparaturschwei\u00dfen \/Auftragen"},"content":{"rendered":"<h1>Reparaturschwei\u00dfen, Werkzeugreparatur, Auftragen<\/h1>\n<p>Ob es sich um \u00c4nderungen der Oberfl\u00e4chengeometrie an Spritzgusswerkzeugen, das nachsetzen von Konturen, oder die Korrektur von wenigen zehntel Millimeter handelt \u2013 hier ist unser Laser gefragt. Unser Unternehmen hat, passend zum Grundwerkstoff, eine gro\u00dfe Auswahl an Zusatzwerkstoffen die beim Reparaturschwei\u00dfen und in der Werkzeugreparatur zum Einsatz kommen.<\/p>\n<p>&nbsp;<\/p>\n<h2>Laser Reparaturschwei\u00dfen<\/h2>\n<p><strong><!-- default-view.php -->\n<div\n\tclass=\"ngg-galleryoverview default-view \n\t ngg-ajax-pagination-none\t\"\n\tid=\"ngg-gallery-b810a0d6f735604ab0a74d9c4bbdb053-1\">\n\n\t\t<!-- Thumbnails -->\n\t\t\t\t<div id=\"ngg-image-0\" class=\"ngg-gallery-thumbnail-box \n\t\t\t\t\t\t\t\t\t\t\t\" \n\t\t\t>\n\t\t\t\t\t\t<div class=\"ngg-gallery-thumbnail\">\n\t\t\t<a href=\"https:\/\/form-klar.de\/schorcht\/wp-content\/gallery\/werkzeugreparatur-1\/image001.jpg\"\n\t\t\t\ttitle=\"Verzugsfreies Laserschwei\u00dfen im Formenbau\"\n\t\t\t\tdata-src=\"https:\/\/form-klar.de\/schorcht\/wp-content\/gallery\/werkzeugreparatur-1\/image001.jpg\"\n\t\t\t\tdata-thumbnail=\"https:\/\/form-klar.de\/schorcht\/wp-content\/gallery\/werkzeugreparatur-1\/thumbs\/thumbs_image001.jpg\"\n\t\t\t\tdata-image-id=\"61\"\n\t\t\t\tdata-title=\"lange Kante aufgeschwei\u00dft - Verfahren: Verzugsfreies Reparaturschwei\u00dfen mit dem Laser im Formenbau\"\n\t\t\t\tdata-description=\"Verzugsfreies Laserschwei\u00dfen im Formenbau\"\n\t\t\t\tdata-image-slug=\"lange-kante-aufgeschweisst\"\n\t\t\t\tclass=\"ngg-fancybox\" rel=\"b810a0d6f735604ab0a74d9c4bbdb053\">\n\t\t\t\t<img\n\t\t\t\t\ttitle=\"lange Kante aufgeschwei\u00dft - Verfahren: Verzugsfreies Reparaturschwei\u00dfen mit dem Laser im Formenbau\"\n\t\t\t\t\talt=\"lange Kante aufgeschwei\u00dft - Verfahren: Verzugsfreies Reparaturschwei\u00dfen mit dem Laser im Formenbau\"\n\t\t\t\t\tsrc=\"https:\/\/form-klar.de\/schorcht\/wp-content\/gallery\/werkzeugreparatur-1\/cache\/image001.jpg-nggid0261-ngg0dyn-300x214x100-00f0w010c011r110f110r010t010.jpg\"\n\t\t\t\t\twidth=\"300\"\n\t\t\t\t\theight=\"214\"\n\t\t\t\t\tstyle=\"max-width:100%;\"\n\t\t\t\t\/>\n\t\t\t<\/a>\n\t\t<\/div>\n\t\t\t\t\t\t\t<\/div> \n\t\t\t\n\t\t\t\t<div id=\"ngg-image-1\" class=\"ngg-gallery-thumbnail-box \n\t\t\t\t\t\t\t\t\t\t\t\" \n\t\t\t>\n\t\t\t\t\t\t<div class=\"ngg-gallery-thumbnail\">\n\t\t\t<a href=\"https:\/\/form-klar.de\/schorcht\/wp-content\/gallery\/werkzeugreparatur-1\/image003.jpg\"\n\t\t\t\ttitle=\"Gezieltes Aufschwei\u00dfen zur Korrektur von Formen spart viel Zeit und Geld\"\n\t\t\t\tdata-src=\"https:\/\/form-klar.de\/schorcht\/wp-content\/gallery\/werkzeugreparatur-1\/image003.jpg\"\n\t\t\t\tdata-thumbnail=\"https:\/\/form-klar.de\/schorcht\/wp-content\/gallery\/werkzeugreparatur-1\/thumbs\/thumbs_image003.jpg\"\n\t\t\t\tdata-image-id=\"62\"\n\t\t\t\tdata-title=\"Radius aufgeschwei\u00dft - Verfahren: Gezieltes Aufschwei\u00dfen zur Korrektur von Formen\"\n\t\t\t\tdata-description=\"Gezieltes Aufschwei\u00dfen zur Korrektur von Formen spart viel Zeit und Geld\"\n\t\t\t\tdata-image-slug=\"radius-aufgeschweisst\"\n\t\t\t\tclass=\"ngg-fancybox\" rel=\"b810a0d6f735604ab0a74d9c4bbdb053\">\n\t\t\t\t<img\n\t\t\t\t\ttitle=\"Radius aufgeschwei\u00dft - Verfahren: Gezieltes Aufschwei\u00dfen zur Korrektur von Formen\"\n\t\t\t\t\talt=\"Radius aufgeschwei\u00dft - Verfahren: Gezieltes Aufschwei\u00dfen zur Korrektur von Formen\"\n\t\t\t\t\tsrc=\"https:\/\/form-klar.de\/schorcht\/wp-content\/gallery\/werkzeugreparatur-1\/cache\/image003.jpg-nggid0262-ngg0dyn-300x214x100-00f0w010c011r110f110r010t010.jpg\"\n\t\t\t\t\twidth=\"300\"\n\t\t\t\t\theight=\"214\"\n\t\t\t\t\tstyle=\"max-width:100%;\"\n\t\t\t\t\/>\n\t\t\t<\/a>\n\t\t<\/div>\n\t\t\t\t\t\t\t<\/div> \n\t\t\t\n\t\t\t\t<div id=\"ngg-image-2\" class=\"ngg-gallery-thumbnail-box \n\t\t\t\t\t\t\t\t\t\t\t\" \n\t\t\t>\n\t\t\t\t\t\t<div class=\"ngg-gallery-thumbnail\">\n\t\t\t<a href=\"https:\/\/form-klar.de\/schorcht\/wp-content\/gallery\/werkzeugreparatur-1\/image006.jpg\"\n\t\t\t\ttitle=\"Das verzugsfreie Laserauftragschwei\u00dfen von Wellen ist eine beliebte Methode bei Komponenten, welche als Ersatzteile nicht mehr verf\u00fcgbar sind. Selbst wenn diese Teile noch beschaffbar sind, ist das Schwei\u00dfen mit dem Laser oft preisg\u00fcnstiger.\"\n\t\t\t\tdata-src=\"https:\/\/form-klar.de\/schorcht\/wp-content\/gallery\/werkzeugreparatur-1\/image006.jpg\"\n\t\t\t\tdata-thumbnail=\"https:\/\/form-klar.de\/schorcht\/wp-content\/gallery\/werkzeugreparatur-1\/thumbs\/thumbs_image006.jpg\"\n\t\t\t\tdata-image-id=\"63\"\n\t\t\t\tdata-title=\"Welle aufgeschwei\u00dft - Verfahren: verzugsfreies Laserauftragschwei\u00dfen\"\n\t\t\t\tdata-description=\"Das verzugsfreie Laserauftragschwei\u00dfen von Wellen ist eine beliebte Methode bei Komponenten, welche als Ersatzteile nicht mehr verf\u00fcgbar sind. Selbst wenn diese Teile noch beschaffbar sind, ist das Schwei\u00dfen mit dem Laser oft preisg\u00fcnstiger.\"\n\t\t\t\tdata-image-slug=\"welle-aufgeschweisst\"\n\t\t\t\tclass=\"ngg-fancybox\" rel=\"b810a0d6f735604ab0a74d9c4bbdb053\">\n\t\t\t\t<img\n\t\t\t\t\ttitle=\"Welle aufgeschwei\u00dft - Verfahren: verzugsfreies Laserauftragschwei\u00dfen\"\n\t\t\t\t\talt=\"Welle aufgeschwei\u00dft - Verfahren: verzugsfreies Laserauftragschwei\u00dfen\"\n\t\t\t\t\tsrc=\"https:\/\/form-klar.de\/schorcht\/wp-content\/gallery\/werkzeugreparatur-1\/cache\/image006.jpg-nggid0263-ngg0dyn-300x214x100-00f0w010c011r110f110r010t010.jpg\"\n\t\t\t\t\twidth=\"300\"\n\t\t\t\t\theight=\"214\"\n\t\t\t\t\tstyle=\"max-width:100%;\"\n\t\t\t\t\/>\n\t\t\t<\/a>\n\t\t<\/div>\n\t\t\t\t\t\t\t<\/div> \n\t\t\t\n\t\n\t<br style=\"clear: both\" \/>\n\n\t\n\t\t<!-- Pagination -->\n\t\t<div class='ngg-clear'><\/div>\t<\/div>\n<\/strong><\/p>\n<p>&nbsp;<\/p>\n<h2>Werkzeuge reparieren mit dem Laser<\/h2>\n<p>Durch das endkonturnahe und fast verzugfreie Schwei\u00dfen des Werkst\u00fcckes mit dem Laser ist die mechanische Nacharbeit \u00e4u\u00dferst gering und damit kosteng\u00fcnstig. Auf die Frage: &#8222;Wie hei\u00df wird das Teil beim Schwei\u00dfen?&#8220; antworten wir meist: <em>&#8222;Kleine Teile h\u00e4lt der Kollege beim Schwei\u00dfen oft mit der Hand \u2013 ohne Handschuhe!&#8220;<\/em><\/p>\n<p><strong><!-- default-view.php -->\n<div\n\tclass=\"ngg-galleryoverview default-view \n\t ngg-ajax-pagination-none\t\"\n\tid=\"ngg-gallery-8a7afb381957bf0a3865d3ba50c0e42f-1\">\n\n\t\t<!-- Thumbnails -->\n\t\t\t\t<div id=\"ngg-image-0\" class=\"ngg-gallery-thumbnail-box \n\t\t\t\t\t\t\t\t\t\t\t\" \n\t\t\t>\n\t\t\t\t\t\t<div class=\"ngg-gallery-thumbnail\">\n\t\t\t<a href=\"https:\/\/form-klar.de\/schorcht\/wp-content\/gallery\/werkzeugreparatur-2\/image004.jpg\"\n\t\t\t\ttitle=\"Lasergeschwei\u00dfte Spritzgussform f\u00fcr Volkswagen\"\n\t\t\t\tdata-src=\"https:\/\/form-klar.de\/schorcht\/wp-content\/gallery\/werkzeugreparatur-2\/image004.jpg\"\n\t\t\t\tdata-thumbnail=\"https:\/\/form-klar.de\/schorcht\/wp-content\/gallery\/werkzeugreparatur-2\/thumbs\/thumbs_image004.jpg\"\n\t\t\t\tdata-image-id=\"65\"\n\t\t\t\tdata-title=\"Rand aufgeschwei\u00dft: In unserem Unternehmen hergestellte, mit Laser geschwei\u00dfte Spritzgussform\"\n\t\t\t\tdata-description=\"Lasergeschwei\u00dfte Spritzgussform f\u00fcr Volkswagen\"\n\t\t\t\tdata-image-slug=\"rand-aufgeschweisst\"\n\t\t\t\tclass=\"ngg-fancybox\" rel=\"8a7afb381957bf0a3865d3ba50c0e42f\">\n\t\t\t\t<img\n\t\t\t\t\ttitle=\"Rand aufgeschwei\u00dft: In unserem Unternehmen hergestellte, mit Laser geschwei\u00dfte Spritzgussform\"\n\t\t\t\t\talt=\"Rand aufgeschwei\u00dft: In unserem Unternehmen hergestellte, mit Laser geschwei\u00dfte Spritzgussform\"\n\t\t\t\t\tsrc=\"https:\/\/form-klar.de\/schorcht\/wp-content\/gallery\/werkzeugreparatur-2\/cache\/image004.jpg-nggid0265-ngg0dyn-300x214x100-00f0w010c011r110f110r010t010.jpg\"\n\t\t\t\t\twidth=\"300\"\n\t\t\t\t\theight=\"214\"\n\t\t\t\t\tstyle=\"max-width:100%;\"\n\t\t\t\t\/>\n\t\t\t<\/a>\n\t\t<\/div>\n\t\t\t\t\t\t\t<\/div> \n\t\t\t\n\t\t\t\t<div id=\"ngg-image-1\" class=\"ngg-gallery-thumbnail-box \n\t\t\t\t\t\t\t\t\t\t\t\" \n\t\t\t>\n\t\t\t\t\t\t<div class=\"ngg-gallery-thumbnail\">\n\t\t\t<a href=\"https:\/\/form-klar.de\/schorcht\/wp-content\/gallery\/werkzeugreparatur-2\/image005.jpg\"\n\t\t\t\ttitle=\"Der gezielte und verzugsfreie Aufbau bestimmter Bereiche mit dem Laser spart bei der Nacharbeit viel Zeit\"\n\t\t\t\tdata-src=\"https:\/\/form-klar.de\/schorcht\/wp-content\/gallery\/werkzeugreparatur-2\/image005.jpg\"\n\t\t\t\tdata-thumbnail=\"https:\/\/form-klar.de\/schorcht\/wp-content\/gallery\/werkzeugreparatur-2\/thumbs\/thumbs_image005.jpg\"\n\t\t\t\tdata-image-id=\"66\"\n\t\t\t\tdata-title=\"Spritzgussform aufgeschwei\u00dft: Unser Unternehmen bietet den gezielten und verzugsfreien Aufbau bestimmter Bereiche mit dem Laser\"\n\t\t\t\tdata-description=\"Der gezielte und verzugsfreie Aufbau bestimmter Bereiche mit dem Laser spart bei der Nacharbeit viel Zeit\"\n\t\t\t\tdata-image-slug=\"spritzgussform-aufgeschweisst\"\n\t\t\t\tclass=\"ngg-fancybox\" rel=\"8a7afb381957bf0a3865d3ba50c0e42f\">\n\t\t\t\t<img\n\t\t\t\t\ttitle=\"Spritzgussform aufgeschwei\u00dft: Unser Unternehmen bietet den gezielten und verzugsfreien Aufbau bestimmter Bereiche mit dem Laser\"\n\t\t\t\t\talt=\"Spritzgussform aufgeschwei\u00dft: Unser Unternehmen bietet den gezielten und verzugsfreien Aufbau bestimmter Bereiche mit dem Laser\"\n\t\t\t\t\tsrc=\"https:\/\/form-klar.de\/schorcht\/wp-content\/gallery\/werkzeugreparatur-2\/cache\/image005.jpg-nggid0266-ngg0dyn-300x214x100-00f0w010c011r110f110r010t010.jpg\"\n\t\t\t\t\twidth=\"300\"\n\t\t\t\t\theight=\"214\"\n\t\t\t\t\tstyle=\"max-width:100%;\"\n\t\t\t\t\/>\n\t\t\t<\/a>\n\t\t<\/div>\n\t\t\t\t\t\t\t<\/div> \n\t\t\t\n\t\t\t\t<div id=\"ngg-image-2\" class=\"ngg-gallery-thumbnail-box \n\t\t\t\t\t\t\t\t\t\t\t\" \n\t\t\t>\n\t\t\t\t\t\t<div class=\"ngg-gallery-thumbnail\">\n\t\t\t<a href=\"https:\/\/form-klar.de\/schorcht\/wp-content\/gallery\/werkzeugreparatur-2\/image002.jpg\"\n\t\t\t\ttitle=\"Dieses massive Teil musste gro\u00dffl\u00e4chig mit einer 6-Achs-Lasermaschine unter Einsatz einer CNC-Drahtzufuhr aufgeschwei\u00dft werden\"\n\t\t\t\tdata-src=\"https:\/\/form-klar.de\/schorcht\/wp-content\/gallery\/werkzeugreparatur-2\/image002.jpg\"\n\t\t\t\tdata-thumbnail=\"https:\/\/form-klar.de\/schorcht\/wp-content\/gallery\/werkzeugreparatur-2\/thumbs\/thumbs_image002.jpg\"\n\t\t\t\tdata-image-id=\"64\"\n\t\t\t\tdata-title=\"Reparaturschwei\u00dfen mit CNC-Drahtzufuhr, Navigation entlang der Kanten\"\n\t\t\t\tdata-description=\"Dieses massive Teil musste gro\u00dffl\u00e4chig mit einer 6-Achs-Lasermaschine unter Einsatz einer CNC-Drahtzufuhr aufgeschwei\u00dft werden\"\n\t\t\t\tdata-image-slug=\"schweissen-mit-cnc-drahtzufuhr\"\n\t\t\t\tclass=\"ngg-fancybox\" rel=\"8a7afb381957bf0a3865d3ba50c0e42f\">\n\t\t\t\t<img\n\t\t\t\t\ttitle=\"Reparaturschwei\u00dfen mit CNC-Drahtzufuhr, Navigation entlang der Kanten\"\n\t\t\t\t\talt=\"Reparaturschwei\u00dfen mit CNC-Drahtzufuhr, Navigation entlang der Kanten\"\n\t\t\t\t\tsrc=\"https:\/\/form-klar.de\/schorcht\/wp-content\/gallery\/werkzeugreparatur-2\/cache\/image002.jpg-nggid0264-ngg0dyn-300x214x100-00f0w010c011r110f110r010t010.jpg\"\n\t\t\t\t\twidth=\"300\"\n\t\t\t\t\theight=\"214\"\n\t\t\t\t\tstyle=\"max-width:100%;\"\n\t\t\t\t\/>\n\t\t\t<\/a>\n\t\t<\/div>\n\t\t\t\t\t\t\t<\/div> \n\t\t\t\n\t\n\t<br style=\"clear: both\" \/>\n\n\t\n\t\t<!-- Pagination -->\n\t\t<div class='ngg-clear'><\/div>\t<\/div>\n<\/strong><\/p>\n<p>Haben Sie Fragen zum Thema <strong>Reparaturschwei\u00dfen<\/strong> oder zur Reparatur\u00a0Ihrer Werkzeuge mittels Lasertechnik?<br \/>\nDann kontaktieren Sie uns telefonisch oder \u00fcber das <a title=\"Laserschneiden Kontakt\" href=\"https:\/\/form-klar.de\/schorcht\/schorcht\/kontakt\/\">Kontaktformular<\/a>.<br \/>\nWir beraten Sie gerne!<strong><br \/>\n<\/strong><\/p>\n","protected":false},"excerpt":{"rendered":"<p>Reparaturschwei\u00dfen, Werkzeugreparatur, Auftragen Ob es sich um \u00c4nderungen der Oberfl\u00e4chengeometrie an Spritzgusswerkzeugen, das nachsetzen von Konturen, oder die Korrektur von wenigen zehntel Millimeter handelt \u2013 [&hellip;]<\/p>\n","protected":false},"author":1,"featured_media":1027,"parent":8,"menu_order":9,"comment_status":"closed","ping_status":"closed","template":"","meta":{"ngg_post_thumbnail":0,"footnotes":"","_links_to":"","_links_to_target":""},"yoast_head":"<!-- This site is optimized with the Yoast SEO plugin v22.5 - https:\/\/yoast.com\/wordpress\/plugins\/seo\/ -->\n<title>Reparaturschwei\u00dfen \/Auftragen | Laserzentrum Schorcht<\/title>\n<meta name=\"robots\" content=\"noindex, follow, max-snippet:-1, max-image-preview:large, max-video-preview:-1\" \/>\n<meta property=\"og:locale\" content=\"de_DE\" \/>\n<meta property=\"og:type\" content=\"article\" \/>\n<meta property=\"og:title\" content=\"Reparaturschwei\u00dfen \/Auftragen | Laserzentrum Schorcht\" \/>\n<meta property=\"og:description\" content=\"Reparaturschwei\u00dfen, Werkzeugreparatur, Auftragen Ob es sich um \u00c4nderungen der Oberfl\u00e4chengeometrie an Spritzgusswerkzeugen, das nachsetzen von Konturen, oder die Korrektur von wenigen zehntel Millimeter handelt \u2013 [&hellip;]\" \/>\n<meta property=\"og:url\" content=\"https:\/\/form-klar.de\/schorcht\/laserschweissen\/werkzeugreparaturauftragen\/\" \/>\n<meta property=\"og:site_name\" content=\"Laserzentrum Schorcht\" \/>\n<meta property=\"article:modified_time\" content=\"2016-09-21T11:07:56+00:00\" \/>\n<meta property=\"og:image\" content=\"https:\/\/form-klar.de\/schorcht\/wp-content\/uploads\/2010\/06\/laserschweissen-kupfer-kovar.jpg\" \/>\n\t<meta property=\"og:image:width\" content=\"1200\" \/>\n\t<meta property=\"og:image:height\" content=\"420\" \/>\n\t<meta property=\"og:image:type\" content=\"image\/jpeg\" \/>\n<meta name=\"twitter:label1\" content=\"Gesch\u00e4tzte Lesezeit\" \/>\n\t<meta name=\"twitter:data1\" content=\"1\u00a0Minute\" \/>\n<script type=\"application\/ld+json\" class=\"yoast-schema-graph\">{\"@context\":\"https:\/\/schema.org\",\"@graph\":[{\"@type\":\"WebPage\",\"@id\":\"https:\/\/form-klar.de\/schorcht\/laserschweissen\/werkzeugreparaturauftragen\/\",\"url\":\"https:\/\/form-klar.de\/schorcht\/laserschweissen\/werkzeugreparaturauftragen\/\",\"name\":\"Reparaturschwei\u00dfen \/Auftragen | Laserzentrum Schorcht\",\"isPartOf\":{\"@id\":\"https:\/\/form-klar.de\/schorcht\/#website\"},\"primaryImageOfPage\":{\"@id\":\"https:\/\/form-klar.de\/schorcht\/laserschweissen\/werkzeugreparaturauftragen\/#primaryimage\"},\"image\":{\"@id\":\"https:\/\/form-klar.de\/schorcht\/laserschweissen\/werkzeugreparaturauftragen\/#primaryimage\"},\"thumbnailUrl\":\"https:\/\/form-klar.de\/schorcht\/wp-content\/uploads\/2010\/06\/laserschweissen-kupfer-kovar.jpg\",\"datePublished\":\"2011-03-31T17:20:10+00:00\",\"dateModified\":\"2016-09-21T11:07:56+00:00\",\"breadcrumb\":{\"@id\":\"https:\/\/form-klar.de\/schorcht\/laserschweissen\/werkzeugreparaturauftragen\/#breadcrumb\"},\"inLanguage\":\"de\",\"potentialAction\":[{\"@type\":\"ReadAction\",\"target\":[\"https:\/\/form-klar.de\/schorcht\/laserschweissen\/werkzeugreparaturauftragen\/\"]}]},{\"@type\":\"ImageObject\",\"inLanguage\":\"de\",\"@id\":\"https:\/\/form-klar.de\/schorcht\/laserschweissen\/werkzeugreparaturauftragen\/#primaryimage\",\"url\":\"https:\/\/form-klar.de\/schorcht\/wp-content\/uploads\/2010\/06\/laserschweissen-kupfer-kovar.jpg\",\"contentUrl\":\"https:\/\/form-klar.de\/schorcht\/wp-content\/uploads\/2010\/06\/laserschweissen-kupfer-kovar.jpg\",\"width\":1200,\"height\":420},{\"@type\":\"BreadcrumbList\",\"@id\":\"https:\/\/form-klar.de\/schorcht\/laserschweissen\/werkzeugreparaturauftragen\/#breadcrumb\",\"itemListElement\":[{\"@type\":\"ListItem\",\"position\":1,\"name\":\"Laserschwei\u00dfen\",\"item\":\"https:\/\/form-klar.de\/schorcht\/laserschweissen\/\"},{\"@type\":\"ListItem\",\"position\":2,\"name\":\"Reparaturschwei\u00dfen \/Auftragen\"}]},{\"@type\":\"WebSite\",\"@id\":\"https:\/\/form-klar.de\/schorcht\/#website\",\"url\":\"https:\/\/form-klar.de\/schorcht\/\",\"name\":\"Laserzentrum Schorcht\",\"description\":\"Lohnfertigung in der Lasermaterialbearbeitung - 12 Laseranlagen\",\"potentialAction\":[{\"@type\":\"SearchAction\",\"target\":{\"@type\":\"EntryPoint\",\"urlTemplate\":\"https:\/\/form-klar.de\/schorcht\/?s={search_term_string}\"},\"query-input\":\"required name=search_term_string\"}],\"inLanguage\":\"de\"}]}<\/script>\n<!-- \/ Yoast SEO plugin. -->","yoast_head_json":{"title":"Reparaturschwei\u00dfen \/Auftragen | Laserzentrum Schorcht","robots":{"index":"noindex","follow":"follow","max-snippet":"max-snippet:-1","max-image-preview":"max-image-preview:large","max-video-preview":"max-video-preview:-1"},"og_locale":"de_DE","og_type":"article","og_title":"Reparaturschwei\u00dfen \/Auftragen | Laserzentrum Schorcht","og_description":"Reparaturschwei\u00dfen, Werkzeugreparatur, Auftragen Ob es sich um \u00c4nderungen der Oberfl\u00e4chengeometrie an Spritzgusswerkzeugen, das nachsetzen von Konturen, oder die Korrektur von wenigen zehntel Millimeter handelt \u2013 [&hellip;]","og_url":"https:\/\/form-klar.de\/schorcht\/laserschweissen\/werkzeugreparaturauftragen\/","og_site_name":"Laserzentrum Schorcht","article_modified_time":"2016-09-21T11:07:56+00:00","og_image":[{"width":1200,"height":420,"url":"https:\/\/form-klar.de\/schorcht\/wp-content\/uploads\/2010\/06\/laserschweissen-kupfer-kovar.jpg","type":"image\/jpeg"}],"twitter_misc":{"Gesch\u00e4tzte Lesezeit":"1\u00a0Minute"},"schema":{"@context":"https:\/\/schema.org","@graph":[{"@type":"WebPage","@id":"https:\/\/form-klar.de\/schorcht\/laserschweissen\/werkzeugreparaturauftragen\/","url":"https:\/\/form-klar.de\/schorcht\/laserschweissen\/werkzeugreparaturauftragen\/","name":"Reparaturschwei\u00dfen \/Auftragen | Laserzentrum Schorcht","isPartOf":{"@id":"https:\/\/form-klar.de\/schorcht\/#website"},"primaryImageOfPage":{"@id":"https:\/\/form-klar.de\/schorcht\/laserschweissen\/werkzeugreparaturauftragen\/#primaryimage"},"image":{"@id":"https:\/\/form-klar.de\/schorcht\/laserschweissen\/werkzeugreparaturauftragen\/#primaryimage"},"thumbnailUrl":"https:\/\/form-klar.de\/schorcht\/wp-content\/uploads\/2010\/06\/laserschweissen-kupfer-kovar.jpg","datePublished":"2011-03-31T17:20:10+00:00","dateModified":"2016-09-21T11:07:56+00:00","breadcrumb":{"@id":"https:\/\/form-klar.de\/schorcht\/laserschweissen\/werkzeugreparaturauftragen\/#breadcrumb"},"inLanguage":"de","potentialAction":[{"@type":"ReadAction","target":["https:\/\/form-klar.de\/schorcht\/laserschweissen\/werkzeugreparaturauftragen\/"]}]},{"@type":"ImageObject","inLanguage":"de","@id":"https:\/\/form-klar.de\/schorcht\/laserschweissen\/werkzeugreparaturauftragen\/#primaryimage","url":"https:\/\/form-klar.de\/schorcht\/wp-content\/uploads\/2010\/06\/laserschweissen-kupfer-kovar.jpg","contentUrl":"https:\/\/form-klar.de\/schorcht\/wp-content\/uploads\/2010\/06\/laserschweissen-kupfer-kovar.jpg","width":1200,"height":420},{"@type":"BreadcrumbList","@id":"https:\/\/form-klar.de\/schorcht\/laserschweissen\/werkzeugreparaturauftragen\/#breadcrumb","itemListElement":[{"@type":"ListItem","position":1,"name":"Laserschwei\u00dfen","item":"https:\/\/form-klar.de\/schorcht\/laserschweissen\/"},{"@type":"ListItem","position":2,"name":"Reparaturschwei\u00dfen \/Auftragen"}]},{"@type":"WebSite","@id":"https:\/\/form-klar.de\/schorcht\/#website","url":"https:\/\/form-klar.de\/schorcht\/","name":"Laserzentrum Schorcht","description":"Lohnfertigung in der Lasermaterialbearbeitung - 12 Laseranlagen","potentialAction":[{"@type":"SearchAction","target":{"@type":"EntryPoint","urlTemplate":"https:\/\/form-klar.de\/schorcht\/?s={search_term_string}"},"query-input":"required name=search_term_string"}],"inLanguage":"de"}]}},"_links":{"self":[{"href":"https:\/\/form-klar.de\/schorcht\/wp-json\/wp\/v2\/pages\/152"}],"collection":[{"href":"https:\/\/form-klar.de\/schorcht\/wp-json\/wp\/v2\/pages"}],"about":[{"href":"https:\/\/form-klar.de\/schorcht\/wp-json\/wp\/v2\/types\/page"}],"author":[{"embeddable":true,"href":"https:\/\/form-klar.de\/schorcht\/wp-json\/wp\/v2\/users\/1"}],"replies":[{"embeddable":true,"href":"https:\/\/form-klar.de\/schorcht\/wp-json\/wp\/v2\/comments?post=152"}],"version-history":[{"count":19,"href":"https:\/\/form-klar.de\/schorcht\/wp-json\/wp\/v2\/pages\/152\/revisions"}],"predecessor-version":[{"id":937,"href":"https:\/\/form-klar.de\/schorcht\/wp-json\/wp\/v2\/pages\/152\/revisions\/937"}],"up":[{"embeddable":true,"href":"https:\/\/form-klar.de\/schorcht\/wp-json\/wp\/v2\/pages\/8"}],"wp:featuredmedia":[{"embeddable":true,"href":"https:\/\/form-klar.de\/schorcht\/wp-json\/wp\/v2\/media\/1027"}],"wp:attachment":[{"href":"https:\/\/form-klar.de\/schorcht\/wp-json\/wp\/v2\/media?parent=152"}],"curies":[{"name":"wp","href":"https:\/\/api.w.org\/{rel}","templated":true}]}}