{"id":1483,"date":"2019-09-12T10:33:54","date_gmt":"2019-09-12T10:33:54","guid":{"rendered":"https:\/\/form-klar.de\/schorcht\/?page_id=1483"},"modified":"2020-02-11T11:11:04","modified_gmt":"2020-02-11T11:11:04","slug":"das-laserschneiden","status":"publish","type":"page","link":"https:\/\/form-klar.de\/schorcht\/das-laserschneiden\/","title":{"rendered":"Das Laserschneiden"},"content":{"rendered":"\n<h2><strong>Laserschneiden &#8211; Laserzentrum Schorcht<\/strong><\/h2>\n<p>Wir freuen uns an Ihrem Interesse an unseren <strong>Leistungen im Bereich Laserschneiden<\/strong>. Nutzen Sie die Leistungsf\u00e4higkeit unserer 14 CNC-Laseranlagen. Dazu buchen Sie nat\u00fcrlich stets die Erfahrung und das Know-how unserer Mitarbeiter beim Laserzentrum Schorcht.<\/p>\n<p>Besonders in der Lohnfertigung sind wir Ihr Partner. Warum? Weil wir uns in k\u00fcrzester Zeit auf die Anforderungen der Kunden einstellen und eine optimale L\u00f6sung bieten k\u00f6nnen. Ob Prototypen, Kleinserien oder gro\u00dfe Serien \u2013 wir freuen uns auf Ihr Interesse!<\/p>\n<h3>Flachbettschneiden mit dem Laser \u2013 die h\u00e4ufigste Anwendungsform im Laserschneiden<\/h3>\n<p>Im Bereich <strong>Laserschneiden<\/strong> bieten wir Ihnen das Flachbettschneiden mit dem Laser an. Mit dieser h\u00e4ufigsten Anwendungsform meinen wir das <strong>2-D Laserschneiden<\/strong>. <strong>2-D hei\u00dft<\/strong>: Unsere <strong>CNC-Laser<\/strong> sind mit drei Achsen ausger\u00fcstet.<\/p>\n<p>Es gibt <strong>zwei Achsen zur Positionierung<\/strong>. Damit wird sichergestellt, dass die gew\u00fcnschte <a title=\"Bleche schneiden mit CNC-Laser\" href=\"https:\/\/form-klar.de\/schorcht\/blech-schneiden\/\"><strong>Schnittkontur vom CNC-Laser<\/strong><\/a> abgefahren wird. Die Z-Achse wiederum stellt sicher, dass Schneidkopf und Werkst\u00fcck im richtigen Abstand zueinanderstehen.<\/p>\n<h3>Laserbearbeitung mit modernen CNC-Lasern<\/h3>\n<p>Auch mit <strong>fasergef\u00fchrten Festk\u00f6rperlaser<\/strong> schneiden wir Ihre Materialien. Damit k\u00f6nnen wir flache Geometrien mit unterschiedlichen Materialdicken schneiden. Dabei ist es relativ egal, aus welchem Material die Werkst\u00fccke sind.<\/p>\n<p>Wir schneiden <strong>Stahl<\/strong>, <strong>Aluminium<\/strong> aber auch <strong>Edelstahl<\/strong> und sogar <strong>Buntmetalle<\/strong> zuverl\u00e4ssig. Beim 2-D Schneiden erzielen wir zudem eine gro\u00dfe Schneidgeschwindigkeit. Hier kommen wir zum Punkt der Wirtschaftlichkeit \u2013 denn <strong>Schnelligkeit z\u00e4hlt<\/strong>. Zudem sind wir im Laserschneiden sehr flexibel.<\/p>\n<h4>Wir freuen uns auf Ihr Interesse im 2-D Laserschneiden!<\/h4>\n<p>Formbleche schneiden wir \u00fcbrigens im <strong>3-D Verfahren<\/strong>. Auch bei dieser Technologie kommen gro\u00dfe Kostenvorteile zum Tragen. Die <strong>verwendeten Laseranlagen<\/strong> verf\u00fcgen \u00fcber <strong>5 Achsen statt der 3 Achsen im Flachbett-Lasern<\/strong>.<\/p>\n<p>Deshalb wird <strong>kein teures Beschneid-Werkzeug<\/strong> mehr ben\u00f6tigt. Mit hoher Geschwindigkeit bearbeiten wir bereits verformte Bleche in drei Dimensionen. Dabei spielt auch <strong>hohe Pr\u00e4zision<\/strong> f\u00fcr unseren Erfolg eine gro\u00dfe Rolle.<\/p>\n<h4>Mit unserem Laserzentrum setzen Sie auf schnelle Bearbeitung und hohe Kosteneffizienz!<\/h4>\n<p><a title=\"Kontakt\" href=\"https:\/\/form-klar.de\/schorcht\/kontakt\/\"><strong>Wir laden Sie ein, unsere Leistungen kennenzulernen<\/strong><\/a>. Neben dem Laserschneiden bieten wir Ihnen Rohr- und Profilbearbeitung an, ebenso <strong>Laserbohren und Laserbeschriften<\/strong>.<\/p>\n<p><strong>Ihr Kontakt Laserzentrum Schorcht:<\/strong> <img decoding=\"async\" class=\"lazyload emoji\" draggable=\"false\" src=\"data:image\/gif;base64,R0lGODlhAQABAAAAACH5BAEKAAEALAAAAAABAAEAAAICTAEAOw==\" data-orig-src=\"https:\/\/s.w.org\/images\/core\/emoji\/12.0.0-1\/svg\/260e.svg\" alt=\"\u260e\ufe0f\"> <a title=\"Telefon: Laserzentrum Schorcht\" href=\"tel:+4936691570010\"><strong>+49 36691 5700 10<\/strong><\/a><\/p>\n","protected":false},"excerpt":{"rendered":"","protected":false},"author":10,"featured_media":0,"parent":0,"menu_order":0,"comment_status":"closed","ping_status":"closed","template":"","meta":{"ngg_post_thumbnail":0,"footnotes":"","_links_to":"","_links_to_target":""},"yoast_head":"<!-- This site is optimized with the Yoast SEO plugin v22.5 - https:\/\/yoast.com\/wordpress\/plugins\/seo\/ -->\n<title>Der Laserschneiden Profi | Lohnfertigung im Laserzentrum | schorcht.de<\/title>\n<meta name=\"description\" content=\"Das Laserzentrum Schorcht ist Ihr Spezialist f\u00fcr die Lohnfertigung: Laserbohren \u2705 Laserschneiden \u2705 Laserschwei\u00dfen \u2705 Beschriften \u2705 Anlagentechnik \u2705\" \/>\n<meta name=\"robots\" content=\"noindex, follow, max-snippet:-1, max-image-preview:large, max-video-preview:-1\" \/>\n<meta property=\"og:locale\" content=\"de_DE\" \/>\n<meta property=\"og:type\" content=\"article\" \/>\n<meta property=\"og:title\" content=\"Der Laserschneiden Profi | Lohnfertigung im Laserzentrum | schorcht.de\" \/>\n<meta property=\"og:description\" content=\"Das Laserzentrum Schorcht ist Ihr Spezialist f\u00fcr die Lohnfertigung: Laserbohren \u2705 Laserschneiden \u2705 Laserschwei\u00dfen \u2705 Beschriften \u2705 Anlagentechnik \u2705\" \/>\n<meta property=\"og:url\" content=\"https:\/\/form-klar.de\/schorcht\/das-laserschneiden\/\" \/>\n<meta property=\"og:site_name\" content=\"Laserzentrum Schorcht\" \/>\n<meta property=\"article:modified_time\" content=\"2020-02-11T11:11:04+00:00\" \/>\n<meta property=\"og:image\" content=\"https:\/\/s.w.org\/images\/core\/emoji\/12.0.0-1\/svg\/260e.svg\" \/>\n<meta name=\"twitter:label1\" content=\"Gesch\u00e4tzte Lesezeit\" \/>\n\t<meta name=\"twitter:data1\" content=\"2\u00a0Minuten\" \/>\n<script type=\"application\/ld+json\" class=\"yoast-schema-graph\">{\"@context\":\"https:\/\/schema.org\",\"@graph\":[{\"@type\":\"WebPage\",\"@id\":\"https:\/\/form-klar.de\/schorcht\/das-laserschneiden\/\",\"url\":\"https:\/\/form-klar.de\/schorcht\/das-laserschneiden\/\",\"name\":\"Der Laserschneiden Profi | Lohnfertigung im Laserzentrum | schorcht.de\",\"isPartOf\":{\"@id\":\"https:\/\/form-klar.de\/schorcht\/#website\"},\"primaryImageOfPage\":{\"@id\":\"https:\/\/form-klar.de\/schorcht\/das-laserschneiden\/#primaryimage\"},\"image\":{\"@id\":\"https:\/\/form-klar.de\/schorcht\/das-laserschneiden\/#primaryimage\"},\"thumbnailUrl\":\"https:\/\/s.w.org\/images\/core\/emoji\/12.0.0-1\/svg\/260e.svg\",\"datePublished\":\"2019-09-12T10:33:54+00:00\",\"dateModified\":\"2020-02-11T11:11:04+00:00\",\"description\":\"Das Laserzentrum Schorcht ist Ihr Spezialist f\u00fcr die Lohnfertigung: Laserbohren \u2705 Laserschneiden \u2705 Laserschwei\u00dfen \u2705 Beschriften \u2705 Anlagentechnik \u2705\",\"inLanguage\":\"de\",\"potentialAction\":[{\"@type\":\"ReadAction\",\"target\":[\"https:\/\/form-klar.de\/schorcht\/das-laserschneiden\/\"]}]},{\"@type\":\"ImageObject\",\"inLanguage\":\"de\",\"@id\":\"https:\/\/form-klar.de\/schorcht\/das-laserschneiden\/#primaryimage\",\"url\":\"https:\/\/s.w.org\/images\/core\/emoji\/12.0.0-1\/svg\/260e.svg\",\"contentUrl\":\"https:\/\/s.w.org\/images\/core\/emoji\/12.0.0-1\/svg\/260e.svg\"},{\"@type\":\"WebSite\",\"@id\":\"https:\/\/form-klar.de\/schorcht\/#website\",\"url\":\"https:\/\/form-klar.de\/schorcht\/\",\"name\":\"Laserzentrum Schorcht\",\"description\":\"Lohnfertigung in der Lasermaterialbearbeitung - 12 Laseranlagen\",\"potentialAction\":[{\"@type\":\"SearchAction\",\"target\":{\"@type\":\"EntryPoint\",\"urlTemplate\":\"https:\/\/form-klar.de\/schorcht\/?s={search_term_string}\"},\"query-input\":\"required name=search_term_string\"}],\"inLanguage\":\"de\"}]}<\/script>\n<!-- \/ Yoast SEO plugin. -->","yoast_head_json":{"title":"Der Laserschneiden Profi | Lohnfertigung im Laserzentrum | schorcht.de","description":"Das Laserzentrum Schorcht ist Ihr Spezialist f\u00fcr die Lohnfertigung: Laserbohren \u2705 Laserschneiden \u2705 Laserschwei\u00dfen \u2705 Beschriften \u2705 Anlagentechnik \u2705","robots":{"index":"noindex","follow":"follow","max-snippet":"max-snippet:-1","max-image-preview":"max-image-preview:large","max-video-preview":"max-video-preview:-1"},"og_locale":"de_DE","og_type":"article","og_title":"Der Laserschneiden Profi | Lohnfertigung im Laserzentrum | schorcht.de","og_description":"Das Laserzentrum Schorcht ist Ihr Spezialist f\u00fcr die Lohnfertigung: Laserbohren \u2705 Laserschneiden \u2705 Laserschwei\u00dfen \u2705 Beschriften \u2705 Anlagentechnik \u2705","og_url":"https:\/\/form-klar.de\/schorcht\/das-laserschneiden\/","og_site_name":"Laserzentrum Schorcht","article_modified_time":"2020-02-11T11:11:04+00:00","og_image":[{"url":"https:\/\/s.w.org\/images\/core\/emoji\/12.0.0-1\/svg\/260e.svg"}],"twitter_misc":{"Gesch\u00e4tzte Lesezeit":"2\u00a0Minuten"},"schema":{"@context":"https:\/\/schema.org","@graph":[{"@type":"WebPage","@id":"https:\/\/form-klar.de\/schorcht\/das-laserschneiden\/","url":"https:\/\/form-klar.de\/schorcht\/das-laserschneiden\/","name":"Der Laserschneiden Profi | Lohnfertigung im Laserzentrum | schorcht.de","isPartOf":{"@id":"https:\/\/form-klar.de\/schorcht\/#website"},"primaryImageOfPage":{"@id":"https:\/\/form-klar.de\/schorcht\/das-laserschneiden\/#primaryimage"},"image":{"@id":"https:\/\/form-klar.de\/schorcht\/das-laserschneiden\/#primaryimage"},"thumbnailUrl":"https:\/\/s.w.org\/images\/core\/emoji\/12.0.0-1\/svg\/260e.svg","datePublished":"2019-09-12T10:33:54+00:00","dateModified":"2020-02-11T11:11:04+00:00","description":"Das Laserzentrum Schorcht ist Ihr Spezialist f\u00fcr die Lohnfertigung: Laserbohren \u2705 Laserschneiden \u2705 Laserschwei\u00dfen \u2705 Beschriften \u2705 Anlagentechnik \u2705","inLanguage":"de","potentialAction":[{"@type":"ReadAction","target":["https:\/\/form-klar.de\/schorcht\/das-laserschneiden\/"]}]},{"@type":"ImageObject","inLanguage":"de","@id":"https:\/\/form-klar.de\/schorcht\/das-laserschneiden\/#primaryimage","url":"https:\/\/s.w.org\/images\/core\/emoji\/12.0.0-1\/svg\/260e.svg","contentUrl":"https:\/\/s.w.org\/images\/core\/emoji\/12.0.0-1\/svg\/260e.svg"},{"@type":"WebSite","@id":"https:\/\/form-klar.de\/schorcht\/#website","url":"https:\/\/form-klar.de\/schorcht\/","name":"Laserzentrum Schorcht","description":"Lohnfertigung in der Lasermaterialbearbeitung - 12 Laseranlagen","potentialAction":[{"@type":"SearchAction","target":{"@type":"EntryPoint","urlTemplate":"https:\/\/form-klar.de\/schorcht\/?s={search_term_string}"},"query-input":"required name=search_term_string"}],"inLanguage":"de"}]}},"_links":{"self":[{"href":"https:\/\/form-klar.de\/schorcht\/wp-json\/wp\/v2\/pages\/1483"}],"collection":[{"href":"https:\/\/form-klar.de\/schorcht\/wp-json\/wp\/v2\/pages"}],"about":[{"href":"https:\/\/form-klar.de\/schorcht\/wp-json\/wp\/v2\/types\/page"}],"author":[{"embeddable":true,"href":"https:\/\/form-klar.de\/schorcht\/wp-json\/wp\/v2\/users\/10"}],"replies":[{"embeddable":true,"href":"https:\/\/form-klar.de\/schorcht\/wp-json\/wp\/v2\/comments?post=1483"}],"version-history":[{"count":3,"href":"https:\/\/form-klar.de\/schorcht\/wp-json\/wp\/v2\/pages\/1483\/revisions"}],"predecessor-version":[{"id":1487,"href":"https:\/\/form-klar.de\/schorcht\/wp-json\/wp\/v2\/pages\/1483\/revisions\/1487"}],"wp:attachment":[{"href":"https:\/\/form-klar.de\/schorcht\/wp-json\/wp\/v2\/media?parent=1483"}],"curies":[{"name":"wp","href":"https:\/\/api.w.org\/{rel}","templated":true}]}}