{"id":148,"date":"2011-03-31T17:09:41","date_gmt":"2011-03-31T17:09:41","guid":{"rendered":"http:\/\/formklar.com\/schorcht\/?page_id=148"},"modified":"2016-09-21T10:49:07","modified_gmt":"2016-09-21T10:49:07","slug":"medizintechnik","status":"publish","type":"page","link":"https:\/\/form-klar.de\/schorcht\/laserschweissen\/medizintechnik\/","title":{"rendered":"Medizintechnik"},"content":{"rendered":"<h1>Laserschwei\u00dfen in der Medizintechnik<\/h1>\n<p>Die Anforderungen an medizinische Bauteile sind sehr streng. Wir bearbeiten mit dem Laser viele Bauteile aus Titan, jedoch auch aus verschiedenen Edelst\u00e4hlen. Die Schwei\u00dfn\u00e4hte m\u00fcssen nicht nur technisch einwandfrei sein, sondern auch optisch eine hervorragende Qualit\u00e4t aufweisen. Der Laser ist hier das Mittel der Wahl. Durch unser umfangreiches Lager von ca. 40 verschiedenen Zusatzdr\u00e4hten, sind zudem viele ungew\u00f6hnliche Materialkombinationen schwei\u00dfbar. Sprechen Sie mit uns \u00fcber Ihre Aufgabe!<\/p>\n<p>&nbsp;<\/p>\n<h2>Laser Schwei\u00dfarbeiten f\u00fcr Medizinische Anwendungen<\/h2>\n<p><a title=\"Mit Laser geschnittene Gelenkschablone\" href=\"https:\/\/form-klar.de\/schorcht\/wp-content\/gallery\/medizintechnik\/image002.jpg\" target=\"_blank\"><img class=\"lazyload\" decoding=\"async\" title=\"Mit Laser geschnittene Gelenkschablone\" src=\"data:image\/gif;base64,R0lGODlhAQABAAAAACH5BAEKAAEALAAAAAABAAEAAAICTAEAOw==\" data-orig-src=\"https:\/\/form-klar.de\/schorcht\/wp-content\/gallery\/medizintechnik\/thumbs\/thumbs_image002.jpg\" alt=\"Mit Laser geschnittene Gelenkschablone f\u00fcr die Medizintechnik\" \/><\/a>\u00a0\u00a0\u00a0<a title=\"Mit Laser geschwei\u00dftes Titan\" href=\"https:\/\/form-klar.de\/schorcht\/wp-content\/gallery\/medizintechnik\/image003.jpg\" target=\"_blank\"><img class=\"lazyload\" decoding=\"async\" title=\"Mit Laser geschwei\u00dftes Titan\" src=\"data:image\/gif;base64,R0lGODlhAQABAAAAACH5BAEKAAEALAAAAAABAAEAAAICTAEAOw==\" data-orig-src=\"https:\/\/form-klar.de\/schorcht\/wp-content\/gallery\/medizintechnik\/thumbs\/thumbs_image003.jpg\" alt=\"Mit Laser geschwei\u00dftes Titan | Laserschwei\u00dfen Medizintechnik\" \/><\/a><\/p>\n<p>Wir haben das passende Laser Werkzeug f\u00fcr alle Produkte der Medizintechnik. Unsere Lasersysteme sorgen f\u00fcr pr\u00e4zise Abmessungen, dort wo es auf h\u00f6chste Genauigkeit ankommt. Gern k\u00f6nnen wir die von uns gefertigten Produkte auch Laserbeschriften.<\/p>\n","protected":false},"excerpt":{"rendered":"<p>Laserschwei\u00dfen in der Medizintechnik Die Anforderungen an medizinische Bauteile sind sehr streng. Wir bearbeiten mit dem Laser viele Bauteile aus Titan, jedoch auch aus verschiedenen [&hellip;]<\/p>\n","protected":false},"author":1,"featured_media":1024,"parent":8,"menu_order":7,"comment_status":"closed","ping_status":"closed","template":"","meta":{"ngg_post_thumbnail":0,"footnotes":"","_links_to":"","_links_to_target":""},"yoast_head":"<!-- This site is optimized with the Yoast SEO plugin v22.5 - https:\/\/yoast.com\/wordpress\/plugins\/seo\/ -->\n<title>Medizintechnik | Laserzentrum Schorcht<\/title>\n<meta name=\"robots\" content=\"noindex, follow, max-snippet:-1, max-image-preview:large, max-video-preview:-1\" \/>\n<meta property=\"og:locale\" content=\"de_DE\" \/>\n<meta property=\"og:type\" content=\"article\" \/>\n<meta property=\"og:title\" content=\"Medizintechnik | Laserzentrum Schorcht\" \/>\n<meta property=\"og:description\" content=\"Laserschwei\u00dfen in der Medizintechnik Die Anforderungen an medizinische Bauteile sind sehr streng. Wir bearbeiten mit dem Laser viele Bauteile aus Titan, jedoch auch aus verschiedenen [&hellip;]\" \/>\n<meta property=\"og:url\" content=\"https:\/\/form-klar.de\/schorcht\/laserschweissen\/medizintechnik\/\" \/>\n<meta property=\"og:site_name\" content=\"Laserzentrum Schorcht\" \/>\n<meta property=\"article:modified_time\" content=\"2016-09-21T10:49:07+00:00\" \/>\n<meta property=\"og:image\" content=\"https:\/\/form-klar.de\/schorcht\/wp-content\/uploads\/2011\/03\/laserschweissen-medizintechnik.jpg\" \/>\n\t<meta property=\"og:image:width\" content=\"1200\" \/>\n\t<meta property=\"og:image:height\" content=\"420\" \/>\n\t<meta property=\"og:image:type\" content=\"image\/jpeg\" \/>\n<meta name=\"twitter:label1\" content=\"Gesch\u00e4tzte Lesezeit\" \/>\n\t<meta name=\"twitter:data1\" content=\"1\u00a0Minute\" \/>\n<script type=\"application\/ld+json\" class=\"yoast-schema-graph\">{\"@context\":\"https:\/\/schema.org\",\"@graph\":[{\"@type\":\"WebPage\",\"@id\":\"https:\/\/form-klar.de\/schorcht\/laserschweissen\/medizintechnik\/\",\"url\":\"https:\/\/form-klar.de\/schorcht\/laserschweissen\/medizintechnik\/\",\"name\":\"Medizintechnik | Laserzentrum Schorcht\",\"isPartOf\":{\"@id\":\"https:\/\/form-klar.de\/schorcht\/#website\"},\"primaryImageOfPage\":{\"@id\":\"https:\/\/form-klar.de\/schorcht\/laserschweissen\/medizintechnik\/#primaryimage\"},\"image\":{\"@id\":\"https:\/\/form-klar.de\/schorcht\/laserschweissen\/medizintechnik\/#primaryimage\"},\"thumbnailUrl\":\"https:\/\/form-klar.de\/schorcht\/wp-content\/uploads\/2011\/03\/laserschweissen-medizintechnik.jpg\",\"datePublished\":\"2011-03-31T17:09:41+00:00\",\"dateModified\":\"2016-09-21T10:49:07+00:00\",\"breadcrumb\":{\"@id\":\"https:\/\/form-klar.de\/schorcht\/laserschweissen\/medizintechnik\/#breadcrumb\"},\"inLanguage\":\"de\",\"potentialAction\":[{\"@type\":\"ReadAction\",\"target\":[\"https:\/\/form-klar.de\/schorcht\/laserschweissen\/medizintechnik\/\"]}]},{\"@type\":\"ImageObject\",\"inLanguage\":\"de\",\"@id\":\"https:\/\/form-klar.de\/schorcht\/laserschweissen\/medizintechnik\/#primaryimage\",\"url\":\"https:\/\/form-klar.de\/schorcht\/wp-content\/uploads\/2011\/03\/laserschweissen-medizintechnik.jpg\",\"contentUrl\":\"https:\/\/form-klar.de\/schorcht\/wp-content\/uploads\/2011\/03\/laserschweissen-medizintechnik.jpg\",\"width\":1200,\"height\":420},{\"@type\":\"BreadcrumbList\",\"@id\":\"https:\/\/form-klar.de\/schorcht\/laserschweissen\/medizintechnik\/#breadcrumb\",\"itemListElement\":[{\"@type\":\"ListItem\",\"position\":1,\"name\":\"Laserschwei\u00dfen\",\"item\":\"https:\/\/form-klar.de\/schorcht\/laserschweissen\/\"},{\"@type\":\"ListItem\",\"position\":2,\"name\":\"Medizintechnik\"}]},{\"@type\":\"WebSite\",\"@id\":\"https:\/\/form-klar.de\/schorcht\/#website\",\"url\":\"https:\/\/form-klar.de\/schorcht\/\",\"name\":\"Laserzentrum Schorcht\",\"description\":\"Lohnfertigung in der Lasermaterialbearbeitung - 12 Laseranlagen\",\"potentialAction\":[{\"@type\":\"SearchAction\",\"target\":{\"@type\":\"EntryPoint\",\"urlTemplate\":\"https:\/\/form-klar.de\/schorcht\/?s={search_term_string}\"},\"query-input\":\"required name=search_term_string\"}],\"inLanguage\":\"de\"}]}<\/script>\n<!-- \/ Yoast SEO plugin. -->","yoast_head_json":{"title":"Medizintechnik | Laserzentrum Schorcht","robots":{"index":"noindex","follow":"follow","max-snippet":"max-snippet:-1","max-image-preview":"max-image-preview:large","max-video-preview":"max-video-preview:-1"},"og_locale":"de_DE","og_type":"article","og_title":"Medizintechnik | Laserzentrum Schorcht","og_description":"Laserschwei\u00dfen in der Medizintechnik Die Anforderungen an medizinische Bauteile sind sehr streng. Wir bearbeiten mit dem Laser viele Bauteile aus Titan, jedoch auch aus verschiedenen [&hellip;]","og_url":"https:\/\/form-klar.de\/schorcht\/laserschweissen\/medizintechnik\/","og_site_name":"Laserzentrum Schorcht","article_modified_time":"2016-09-21T10:49:07+00:00","og_image":[{"width":1200,"height":420,"url":"https:\/\/form-klar.de\/schorcht\/wp-content\/uploads\/2011\/03\/laserschweissen-medizintechnik.jpg","type":"image\/jpeg"}],"twitter_misc":{"Gesch\u00e4tzte Lesezeit":"1\u00a0Minute"},"schema":{"@context":"https:\/\/schema.org","@graph":[{"@type":"WebPage","@id":"https:\/\/form-klar.de\/schorcht\/laserschweissen\/medizintechnik\/","url":"https:\/\/form-klar.de\/schorcht\/laserschweissen\/medizintechnik\/","name":"Medizintechnik | Laserzentrum Schorcht","isPartOf":{"@id":"https:\/\/form-klar.de\/schorcht\/#website"},"primaryImageOfPage":{"@id":"https:\/\/form-klar.de\/schorcht\/laserschweissen\/medizintechnik\/#primaryimage"},"image":{"@id":"https:\/\/form-klar.de\/schorcht\/laserschweissen\/medizintechnik\/#primaryimage"},"thumbnailUrl":"https:\/\/form-klar.de\/schorcht\/wp-content\/uploads\/2011\/03\/laserschweissen-medizintechnik.jpg","datePublished":"2011-03-31T17:09:41+00:00","dateModified":"2016-09-21T10:49:07+00:00","breadcrumb":{"@id":"https:\/\/form-klar.de\/schorcht\/laserschweissen\/medizintechnik\/#breadcrumb"},"inLanguage":"de","potentialAction":[{"@type":"ReadAction","target":["https:\/\/form-klar.de\/schorcht\/laserschweissen\/medizintechnik\/"]}]},{"@type":"ImageObject","inLanguage":"de","@id":"https:\/\/form-klar.de\/schorcht\/laserschweissen\/medizintechnik\/#primaryimage","url":"https:\/\/form-klar.de\/schorcht\/wp-content\/uploads\/2011\/03\/laserschweissen-medizintechnik.jpg","contentUrl":"https:\/\/form-klar.de\/schorcht\/wp-content\/uploads\/2011\/03\/laserschweissen-medizintechnik.jpg","width":1200,"height":420},{"@type":"BreadcrumbList","@id":"https:\/\/form-klar.de\/schorcht\/laserschweissen\/medizintechnik\/#breadcrumb","itemListElement":[{"@type":"ListItem","position":1,"name":"Laserschwei\u00dfen","item":"https:\/\/form-klar.de\/schorcht\/laserschweissen\/"},{"@type":"ListItem","position":2,"name":"Medizintechnik"}]},{"@type":"WebSite","@id":"https:\/\/form-klar.de\/schorcht\/#website","url":"https:\/\/form-klar.de\/schorcht\/","name":"Laserzentrum Schorcht","description":"Lohnfertigung in der Lasermaterialbearbeitung - 12 Laseranlagen","potentialAction":[{"@type":"SearchAction","target":{"@type":"EntryPoint","urlTemplate":"https:\/\/form-klar.de\/schorcht\/?s={search_term_string}"},"query-input":"required name=search_term_string"}],"inLanguage":"de"}]}},"_links":{"self":[{"href":"https:\/\/form-klar.de\/schorcht\/wp-json\/wp\/v2\/pages\/148"}],"collection":[{"href":"https:\/\/form-klar.de\/schorcht\/wp-json\/wp\/v2\/pages"}],"about":[{"href":"https:\/\/form-klar.de\/schorcht\/wp-json\/wp\/v2\/types\/page"}],"author":[{"embeddable":true,"href":"https:\/\/form-klar.de\/schorcht\/wp-json\/wp\/v2\/users\/1"}],"replies":[{"embeddable":true,"href":"https:\/\/form-klar.de\/schorcht\/wp-json\/wp\/v2\/comments?post=148"}],"version-history":[{"count":19,"href":"https:\/\/form-klar.de\/schorcht\/wp-json\/wp\/v2\/pages\/148\/revisions"}],"predecessor-version":[{"id":1025,"href":"https:\/\/form-klar.de\/schorcht\/wp-json\/wp\/v2\/pages\/148\/revisions\/1025"}],"up":[{"embeddable":true,"href":"https:\/\/form-klar.de\/schorcht\/wp-json\/wp\/v2\/pages\/8"}],"wp:featuredmedia":[{"embeddable":true,"href":"https:\/\/form-klar.de\/schorcht\/wp-json\/wp\/v2\/media\/1024"}],"wp:attachment":[{"href":"https:\/\/form-klar.de\/schorcht\/wp-json\/wp\/v2\/media?parent=148"}],"curies":[{"name":"wp","href":"https:\/\/api.w.org\/{rel}","templated":true}]}}