{"id":1433,"date":"2019-03-11T16:04:37","date_gmt":"2019-03-11T16:04:37","guid":{"rendered":"https:\/\/form-klar.de\/schorcht\/?page_id=1433"},"modified":"2019-04-29T14:07:48","modified_gmt":"2019-04-29T14:07:48","slug":"blech-schneiden","status":"publish","type":"page","link":"https:\/\/form-klar.de\/schorcht\/blech-schneiden\/","title":{"rendered":"Blech schneiden"},"content":{"rendered":"<h2>Blech schneiden \u2013 professionell im Laserzentrum an der A 9 \/ A4<\/h2>\n<p><strong>Sie suchen einen Partner f\u00fcr das 2D Blech schneiden mit dem Laser<\/strong>? Sie m\u00f6chten Blech schneiden in verschiedenen Gr\u00f6\u00dfen und Dicken? Setzen Sie auf die Kompetenz des <a href=\"https:\/\/form-klar.de\/schorcht\/service\/firmenevents\/20-jahre-laserzentrum-schorcht\/\"><strong>Laserzentrum Schorcht<\/strong><\/a>. Wir sind Ihr Profi in der <a href=\"https:\/\/form-klar.de\/schorcht\/blechbearbeitung\/\"><strong>Bearbeitung von Blechen aller Art<\/strong><\/a>.<\/p>\n<h3>Blech schneiden \u2013 schnell, zuverl\u00e4ssig, kosteng\u00fcnstig<\/h3>\n<p><strong>Ob Blech schneiden oder Rohre schneiden<\/strong> \u2013 wir erledigen alle Auftr\u00e4ge schnell und zuverl\u00e4ssig. Dabei schneiden wir nicht nur <strong>Stahlblech<\/strong>, sondern auch <strong>Edelstahl<\/strong>, <a href=\"https:\/\/form-klar.de\/schorcht\/laserschweissen-aluminium\/\"><strong>Aluminium<\/strong> <\/a>und andere <strong>Nichteisenmetalle<\/strong>.<\/p>\n<h2>Optimal auf hohe St\u00fcckzahlen vorbereitet<\/h2>\n<p>Dabei setzen wir in jedem Fall auf eine <strong>hohe Geschwindigkeit<\/strong> beim Schneiden. Und das bei sehr hoher Pr\u00e4zision. Deshalb bearbeiten wir auch gro\u00dfe St\u00fcckzahlen sehr effektiv. Die Vorteile von <strong>Blech schneiden mit dem Laser<\/strong> liegen klar auf der Hand.<\/p>\n<p>Selbst bei dickeren Blechen erzielen unsere modernen <a href=\"https:\/\/form-klar.de\/schorcht\/cnc-laserschneiden\/\"><strong>CNC-Laserautomaten<\/strong><\/a> eine geringe Schnittbreite mit sauberen Schnittkanten. Zudem k\u00f6nnen wir dank der hochentwickelten CNC Technik auch<strong> hochkomplexe Konturen<\/strong> in h\u00f6chster <strong>Pr\u00e4zision schneiden<\/strong>.<\/p>\n<h3>Ob Blech oder Rohrschnitt \u2013 Das Laserzentrum Schorcht macht\u00b4s m\u00f6glich \u2013 mit optimalen Ergebnissen<\/h3>\n<p><strong>Nehmen Sie unseren modernen Maschinenpark in Anspruch<\/strong>. Unsere Mitarbeiter sind sofort f\u00fcr Sie da. Fragen Sie uns an! Fordern Sie uns heraus! Mit unserem pers\u00f6nlichen Service k\u00f6nnen wir am<a href=\"https:\/\/form-klar.de\/schorcht\/ueber-uns\/\"><strong> Telefon die ersten Fragen schon fachm\u00e4nnisch erkl\u00e4ren<\/strong><\/a>.<\/p>\n<p><strong>Sparen Sie sich die Zeit<\/strong>, umst\u00e4ndlich Online-Anfragen auszuf\u00fcllen. Ein Anruf kl\u00e4rt Ihre W\u00fcnsche. Und unsere L\u00f6sung kommt in k\u00fcrzester Zeit. Genauso schnell setzen wir Ihre Anforderungen in die Tat um. <strong>Aufgrund unseres breit aufgestellten Maschinenparks l\u00e4uft die Produktion rund um die Uhr f\u00fcr Sie<\/strong>.<\/p>\n<h3>Vertrauen entsteht durch Qualit\u00e4t und effiziente Auftragsbearbeitung<\/h3>\n<p><strong>In der Sache sind wir stets flexibel<\/strong>. Ob <strong>Flachbettschneiden<\/strong>, <strong>Gro\u00dfformat<\/strong> oder <strong>Mikroschneiden<\/strong> \u2013 wir bearbeiten <strong>Auftr\u00e4ge mit K\u00f6pfchen.<\/strong> Zwar sind wir mit unseren<strong> Laseranlagen hochspezialisiert<\/strong>, aber dadurch finden wir stets den effektiven Weg zum Produkt \u2013 in der k\u00fcrzesten Zeit. <strong>Pr\u00e4zision ist in unserer Branche eben alles<\/strong>.<\/p>\n<p><strong>Setzen Sie auf unsere gut ausgebildeten Mitarbeiter<\/strong>. Sie finden unser Unternehmen in der <strong><a href=\"https:\/\/form-klar.de\/schorcht\/anfahrt\/\">Mitte Deutschlands direkt an der A9 zwischen M\u00fcnchen und Berlin und der A4 zwischen Dresden und K\u00f6ln am Hermsdorfer Kreuz<\/a><\/strong>. <strong>Kurze Wege zu Ihrem Unternehmen<\/strong> \u2013<strong> davon k\u00f6nnen Sie zuk\u00fcnftig profitieren<\/strong>!<\/p>\n","protected":false},"excerpt":{"rendered":"<p>Blech schneiden \u2013 professionell im Laserzentrum an der A 9 \/ A4 Sie suchen einen Partner f\u00fcr das 2D Blech schneiden mit dem Laser? Sie [&hellip;]<\/p>\n","protected":false},"author":10,"featured_media":0,"parent":0,"menu_order":0,"comment_status":"closed","ping_status":"closed","template":"","meta":{"ngg_post_thumbnail":0,"footnotes":"","_links_to":"","_links_to_target":""},"yoast_head":"<!-- This site is optimized with the Yoast SEO plugin v22.5 - https:\/\/yoast.com\/wordpress\/plugins\/seo\/ -->\n<title>Blech schneiden | Laserschneiden | Schorcht Laser Lohnfertigung<\/title>\n<meta name=\"description\" content=\"Laserzentrum Schorcht: Ihr Experte f\u00fcr Laserschneiden \u2705 Blech schneiden \u2705 zertifizierter Service Lohnfertigung Blechbearbeitung \u2705 Laserbearbeitung \u2705\" \/>\n<meta name=\"robots\" content=\"noindex, follow, max-snippet:-1, max-image-preview:large, max-video-preview:-1\" \/>\n<meta property=\"og:locale\" content=\"de_DE\" \/>\n<meta property=\"og:type\" content=\"article\" \/>\n<meta property=\"og:title\" content=\"Blech schneiden | Laserschneiden | Schorcht Laser Lohnfertigung\" \/>\n<meta property=\"og:description\" content=\"Laserzentrum Schorcht: Ihr Experte f\u00fcr Laserschneiden \u2705 Blech schneiden \u2705 zertifizierter Service Lohnfertigung Blechbearbeitung \u2705 Laserbearbeitung \u2705\" \/>\n<meta property=\"og:url\" content=\"https:\/\/form-klar.de\/schorcht\/blech-schneiden\/\" \/>\n<meta property=\"og:site_name\" content=\"Laserzentrum Schorcht\" \/>\n<meta property=\"article:modified_time\" content=\"2019-04-29T14:07:48+00:00\" \/>\n<meta name=\"twitter:label1\" content=\"Gesch\u00e4tzte Lesezeit\" \/>\n\t<meta name=\"twitter:data1\" content=\"2\u00a0Minuten\" \/>\n<script type=\"application\/ld+json\" class=\"yoast-schema-graph\">{\"@context\":\"https:\/\/schema.org\",\"@graph\":[{\"@type\":\"WebPage\",\"@id\":\"https:\/\/form-klar.de\/schorcht\/blech-schneiden\/\",\"url\":\"https:\/\/form-klar.de\/schorcht\/blech-schneiden\/\",\"name\":\"Blech schneiden | Laserschneiden | Schorcht Laser Lohnfertigung\",\"isPartOf\":{\"@id\":\"https:\/\/form-klar.de\/schorcht\/#website\"},\"datePublished\":\"2019-03-11T16:04:37+00:00\",\"dateModified\":\"2019-04-29T14:07:48+00:00\",\"description\":\"Laserzentrum Schorcht: Ihr Experte f\u00fcr Laserschneiden \u2705 Blech schneiden \u2705 zertifizierter Service Lohnfertigung Blechbearbeitung \u2705 Laserbearbeitung \u2705\",\"inLanguage\":\"de\",\"potentialAction\":[{\"@type\":\"ReadAction\",\"target\":[\"https:\/\/form-klar.de\/schorcht\/blech-schneiden\/\"]}]},{\"@type\":\"WebSite\",\"@id\":\"https:\/\/form-klar.de\/schorcht\/#website\",\"url\":\"https:\/\/form-klar.de\/schorcht\/\",\"name\":\"Laserzentrum Schorcht\",\"description\":\"Lohnfertigung in der Lasermaterialbearbeitung - 12 Laseranlagen\",\"potentialAction\":[{\"@type\":\"SearchAction\",\"target\":{\"@type\":\"EntryPoint\",\"urlTemplate\":\"https:\/\/form-klar.de\/schorcht\/?s={search_term_string}\"},\"query-input\":\"required name=search_term_string\"}],\"inLanguage\":\"de\"}]}<\/script>\n<!-- \/ Yoast SEO plugin. -->","yoast_head_json":{"title":"Blech schneiden | Laserschneiden | Schorcht Laser Lohnfertigung","description":"Laserzentrum Schorcht: Ihr Experte f\u00fcr Laserschneiden \u2705 Blech schneiden \u2705 zertifizierter Service Lohnfertigung Blechbearbeitung \u2705 Laserbearbeitung \u2705","robots":{"index":"noindex","follow":"follow","max-snippet":"max-snippet:-1","max-image-preview":"max-image-preview:large","max-video-preview":"max-video-preview:-1"},"og_locale":"de_DE","og_type":"article","og_title":"Blech schneiden | Laserschneiden | Schorcht Laser Lohnfertigung","og_description":"Laserzentrum Schorcht: Ihr Experte f\u00fcr Laserschneiden \u2705 Blech schneiden \u2705 zertifizierter Service Lohnfertigung Blechbearbeitung \u2705 Laserbearbeitung \u2705","og_url":"https:\/\/form-klar.de\/schorcht\/blech-schneiden\/","og_site_name":"Laserzentrum Schorcht","article_modified_time":"2019-04-29T14:07:48+00:00","twitter_misc":{"Gesch\u00e4tzte Lesezeit":"2\u00a0Minuten"},"schema":{"@context":"https:\/\/schema.org","@graph":[{"@type":"WebPage","@id":"https:\/\/form-klar.de\/schorcht\/blech-schneiden\/","url":"https:\/\/form-klar.de\/schorcht\/blech-schneiden\/","name":"Blech schneiden | Laserschneiden | Schorcht Laser Lohnfertigung","isPartOf":{"@id":"https:\/\/form-klar.de\/schorcht\/#website"},"datePublished":"2019-03-11T16:04:37+00:00","dateModified":"2019-04-29T14:07:48+00:00","description":"Laserzentrum Schorcht: Ihr Experte f\u00fcr Laserschneiden \u2705 Blech schneiden \u2705 zertifizierter Service Lohnfertigung Blechbearbeitung \u2705 Laserbearbeitung \u2705","inLanguage":"de","potentialAction":[{"@type":"ReadAction","target":["https:\/\/form-klar.de\/schorcht\/blech-schneiden\/"]}]},{"@type":"WebSite","@id":"https:\/\/form-klar.de\/schorcht\/#website","url":"https:\/\/form-klar.de\/schorcht\/","name":"Laserzentrum Schorcht","description":"Lohnfertigung in der Lasermaterialbearbeitung - 12 Laseranlagen","potentialAction":[{"@type":"SearchAction","target":{"@type":"EntryPoint","urlTemplate":"https:\/\/form-klar.de\/schorcht\/?s={search_term_string}"},"query-input":"required name=search_term_string"}],"inLanguage":"de"}]}},"_links":{"self":[{"href":"https:\/\/form-klar.de\/schorcht\/wp-json\/wp\/v2\/pages\/1433"}],"collection":[{"href":"https:\/\/form-klar.de\/schorcht\/wp-json\/wp\/v2\/pages"}],"about":[{"href":"https:\/\/form-klar.de\/schorcht\/wp-json\/wp\/v2\/types\/page"}],"author":[{"embeddable":true,"href":"https:\/\/form-klar.de\/schorcht\/wp-json\/wp\/v2\/users\/10"}],"replies":[{"embeddable":true,"href":"https:\/\/form-klar.de\/schorcht\/wp-json\/wp\/v2\/comments?post=1433"}],"version-history":[{"count":3,"href":"https:\/\/form-klar.de\/schorcht\/wp-json\/wp\/v2\/pages\/1433\/revisions"}],"predecessor-version":[{"id":1436,"href":"https:\/\/form-klar.de\/schorcht\/wp-json\/wp\/v2\/pages\/1433\/revisions\/1436"}],"wp:attachment":[{"href":"https:\/\/form-klar.de\/schorcht\/wp-json\/wp\/v2\/media?parent=1433"}],"curies":[{"name":"wp","href":"https:\/\/api.w.org\/{rel}","templated":true}]}}