{"id":1426,"date":"2019-02-26T07:15:56","date_gmt":"2019-02-26T07:15:56","guid":{"rendered":"https:\/\/form-klar.de\/schorcht\/?page_id=1426"},"modified":"2019-04-29T14:07:55","modified_gmt":"2019-04-29T14:07:55","slug":"blechbearbeitung","status":"publish","type":"page","link":"https:\/\/form-klar.de\/schorcht\/blechbearbeitung\/","title":{"rendered":"Blechbearbeitung"},"content":{"rendered":"<h2>Ihr Auftrag zur Blechbearbeitung<\/h2>\n<p>Das <strong>Schorcht Laserzentrum<\/strong> bietet Ihnen <strong>viele Leistungen<\/strong> rund um die <strong>Blechbearbeitung aus einer Hand<\/strong> an. Zum Beispiel das Laserschneiden: Hier bieten wir ihnen eine Reihe von M\u00f6glichkeiten. Ob <strong>Flachbettschneiden<\/strong>, <strong>Gro\u00dfformat<\/strong> oder <strong>Mikroschneiden<\/strong> \u2013 mit unseren Laseranlagen sind wir f\u00fcr jeden Auftrag optimal vorbereitet.<\/p>\n<p>Andererseits sind wir <strong>ebenso hochspezialisiert<\/strong> rund um das <a href=\"https:\/\/form-klar.de\/schorcht\/laserschweissen\/\"><strong>Laserschwei\u00dfen<\/strong><\/a>. Dabei k\u00f6nnen wir sehr verschiedene Lasertypen einsetzen. Als Ihr Partner und Dienstleister m\u00f6chten wir, dass jeder Wunsch in <strong>h\u00f6chster Pr\u00e4zision<\/strong> erf\u00fcllt wird.<\/p>\n<h3>Perfektion beim Beschriften von metallischen Oberfl\u00e4chen aber auch Kunststoffen<\/h3>\n<p>Zudem bieten wir Ihnen in der <strong>Blechbearbeitung <a href=\"https:\/\/form-klar.de\/schorcht\/laserbeschriften\/\">individuelle Beschriftung<\/a><\/strong> an. Sie suchen ein Unternehmen, dass sich auf Lasergravur spezialisiert hat? Sie haben das Schorcht Laserzentrum gefunden. Ob Gravieren, Beschriften, Abtragen oder Aufsch\u00e4umen \u2013 jede Technologie beherrschen wir perfekt.<\/p>\n<p>Dar\u00fcber hinaus bieten wir Ihnen stets einen hohen Automatisierungsgrad an. Das hei\u00dft, dass Sie Ihren Auftrag in k\u00fcrzester Zeit und in der optimalen Qualit\u00e4t erhalten. Das Besondere ist, dass wir zudem nicht nur <strong>metallene Oberfl\u00e4chen<\/strong> sondern auch <strong>Kunststoffe beschriften<\/strong> k\u00f6nnen!<\/p>\n<p>F\u00fcr die <strong>Blechbearbeitung<\/strong> setzen wir <strong>unterschiedlichste Strahlquellen<\/strong> ein. Jeder Auftrag kann bei uns \u00fcbrigens absolut individuell abgewickelt werden. F\u00fcr jede Anforderung erzielen wir auf diesem Weg das <strong>optimale Ergebnis<\/strong>.<\/p>\n<p><em>&#8222;Ebenso bieten wir Lohnarbeit in Zusammenarbeit mit dem Tochterunternehmen Agnilaser an \u2013 wir bearbeiten ihre Bauteile im Lohn!&#8220; Heike Schorcht, Schorcht Laserzentrum<\/em><\/p>\n<h2>Bearbeitungsvariante Laserbohren<\/h2>\n<p>In der <strong>Blechbearbeitung<\/strong> werden auch <strong>Laserbohrverfahren<\/strong> verwendet. Beispielsweise setzen wir im Auftrag unserer Kunden das Einzelpulsbohren ein. Damit k\u00f6nnen wir Bleche in h\u00f6chster Pr\u00e4zision perforieren. In bestimmten Arbeitsschritten in der <strong>Blechbearbeitung <\/strong>ist dieses <a href=\"https:\/\/form-klar.de\/schorcht\/laserbohren-2\/\"><strong>Bohrverfahren<\/strong> <\/a>sehr sinnvoll.<\/p>\n<p>Zudem setzen wir ebenso das <a href=\"https:\/\/form-klar.de\/schorcht\/perkussionsbohren\/\"><strong>Perkussionsbohren<\/strong> <\/a>ein. Dabei gehen wir mit mehreren einzelnen Impulsen vor. Auf diese Weise k\u00f6nnen wir auch sehr hartes Material zuverl\u00e4ssig bearbeiten.<\/p>\n<h3>Komplette Produktionskette in der Blechbearbeitung<\/h3>\n<p>Wir stehen mit unserer <strong>Anlagentechnik<\/strong> in der Lage die komplette Leistungsbreite der Blechbearbeitung abzubilden. Diverse Laseranlagen f\u00fcr Schneid- und Schwei\u00dfaufgaben stehen Ihnen zur Verf\u00fcgung.<\/p>\n<p>Dar\u00fcber hinaus aber auch <strong>klassische Anlagen des Werkzeugbaus<\/strong>. <a href=\"https:\/\/form-klar.de\/schorcht\/kontakt\/\"><strong>Nehmen Sie Jetzt Kontakt mit uns auf<\/strong><\/a>!<\/p>\n","protected":false},"excerpt":{"rendered":"<p>Ihr Auftrag zur Blechbearbeitung Das Schorcht Laserzentrum bietet Ihnen viele Leistungen rund um die Blechbearbeitung aus einer Hand an. Zum Beispiel das Laserschneiden: Hier bieten [&hellip;]<\/p>\n","protected":false},"author":10,"featured_media":0,"parent":0,"menu_order":0,"comment_status":"closed","ping_status":"closed","template":"","meta":{"ngg_post_thumbnail":0,"footnotes":"","_links_to":"","_links_to_target":""},"yoast_head":"<!-- This site is optimized with the Yoast SEO plugin v22.5 - https:\/\/yoast.com\/wordpress\/plugins\/seo\/ -->\n<title>Blechbearbeitung | Firma Schorcht | Ihr Partner in der Laserbearbeitung\u2705<\/title>\n<meta name=\"description\" content=\"Ihr Auftrag beim Laserzentrum Schorcht \u2705 Blechbearbeitung \u2705 Laserbearbeitung \u2705 Rohrbearbeitung \u2705 Laser-Spezialisten \u2705 Werkzeugbau \u2705\" \/>\n<meta name=\"robots\" content=\"noindex, follow, max-snippet:-1, max-image-preview:large, max-video-preview:-1\" \/>\n<meta property=\"og:locale\" content=\"de_DE\" \/>\n<meta property=\"og:type\" content=\"article\" \/>\n<meta property=\"og:title\" content=\"Blechbearbeitung | Firma Schorcht | Ihr Partner in der Laserbearbeitung\u2705\" \/>\n<meta property=\"og:description\" content=\"Ihr Auftrag beim Laserzentrum Schorcht \u2705 Blechbearbeitung \u2705 Laserbearbeitung \u2705 Rohrbearbeitung \u2705 Laser-Spezialisten \u2705 Werkzeugbau \u2705\" \/>\n<meta property=\"og:url\" content=\"https:\/\/form-klar.de\/schorcht\/blechbearbeitung\/\" \/>\n<meta property=\"og:site_name\" content=\"Laserzentrum Schorcht\" \/>\n<meta property=\"article:modified_time\" content=\"2019-04-29T14:07:55+00:00\" \/>\n<meta name=\"twitter:label1\" content=\"Gesch\u00e4tzte Lesezeit\" \/>\n\t<meta name=\"twitter:data1\" content=\"2\u00a0Minuten\" \/>\n<script type=\"application\/ld+json\" class=\"yoast-schema-graph\">{\"@context\":\"https:\/\/schema.org\",\"@graph\":[{\"@type\":\"WebPage\",\"@id\":\"https:\/\/form-klar.de\/schorcht\/blechbearbeitung\/\",\"url\":\"https:\/\/form-klar.de\/schorcht\/blechbearbeitung\/\",\"name\":\"Blechbearbeitung | Firma Schorcht | Ihr Partner in der Laserbearbeitung\u2705\",\"isPartOf\":{\"@id\":\"https:\/\/form-klar.de\/schorcht\/#website\"},\"datePublished\":\"2019-02-26T07:15:56+00:00\",\"dateModified\":\"2019-04-29T14:07:55+00:00\",\"description\":\"Ihr Auftrag beim Laserzentrum Schorcht \u2705 Blechbearbeitung \u2705 Laserbearbeitung \u2705 Rohrbearbeitung \u2705 Laser-Spezialisten \u2705 Werkzeugbau \u2705\",\"inLanguage\":\"de\",\"potentialAction\":[{\"@type\":\"ReadAction\",\"target\":[\"https:\/\/form-klar.de\/schorcht\/blechbearbeitung\/\"]}]},{\"@type\":\"WebSite\",\"@id\":\"https:\/\/form-klar.de\/schorcht\/#website\",\"url\":\"https:\/\/form-klar.de\/schorcht\/\",\"name\":\"Laserzentrum Schorcht\",\"description\":\"Lohnfertigung in der Lasermaterialbearbeitung - 12 Laseranlagen\",\"potentialAction\":[{\"@type\":\"SearchAction\",\"target\":{\"@type\":\"EntryPoint\",\"urlTemplate\":\"https:\/\/form-klar.de\/schorcht\/?s={search_term_string}\"},\"query-input\":\"required name=search_term_string\"}],\"inLanguage\":\"de\"}]}<\/script>\n<!-- \/ Yoast SEO plugin. -->","yoast_head_json":{"title":"Blechbearbeitung | Firma Schorcht | Ihr Partner in der Laserbearbeitung\u2705","description":"Ihr Auftrag beim Laserzentrum Schorcht \u2705 Blechbearbeitung \u2705 Laserbearbeitung \u2705 Rohrbearbeitung \u2705 Laser-Spezialisten \u2705 Werkzeugbau \u2705","robots":{"index":"noindex","follow":"follow","max-snippet":"max-snippet:-1","max-image-preview":"max-image-preview:large","max-video-preview":"max-video-preview:-1"},"og_locale":"de_DE","og_type":"article","og_title":"Blechbearbeitung | Firma Schorcht | Ihr Partner in der Laserbearbeitung\u2705","og_description":"Ihr Auftrag beim Laserzentrum Schorcht \u2705 Blechbearbeitung \u2705 Laserbearbeitung \u2705 Rohrbearbeitung \u2705 Laser-Spezialisten \u2705 Werkzeugbau \u2705","og_url":"https:\/\/form-klar.de\/schorcht\/blechbearbeitung\/","og_site_name":"Laserzentrum Schorcht","article_modified_time":"2019-04-29T14:07:55+00:00","twitter_misc":{"Gesch\u00e4tzte Lesezeit":"2\u00a0Minuten"},"schema":{"@context":"https:\/\/schema.org","@graph":[{"@type":"WebPage","@id":"https:\/\/form-klar.de\/schorcht\/blechbearbeitung\/","url":"https:\/\/form-klar.de\/schorcht\/blechbearbeitung\/","name":"Blechbearbeitung | Firma Schorcht | Ihr Partner in der Laserbearbeitung\u2705","isPartOf":{"@id":"https:\/\/form-klar.de\/schorcht\/#website"},"datePublished":"2019-02-26T07:15:56+00:00","dateModified":"2019-04-29T14:07:55+00:00","description":"Ihr Auftrag beim Laserzentrum Schorcht \u2705 Blechbearbeitung \u2705 Laserbearbeitung \u2705 Rohrbearbeitung \u2705 Laser-Spezialisten \u2705 Werkzeugbau \u2705","inLanguage":"de","potentialAction":[{"@type":"ReadAction","target":["https:\/\/form-klar.de\/schorcht\/blechbearbeitung\/"]}]},{"@type":"WebSite","@id":"https:\/\/form-klar.de\/schorcht\/#website","url":"https:\/\/form-klar.de\/schorcht\/","name":"Laserzentrum Schorcht","description":"Lohnfertigung in der Lasermaterialbearbeitung - 12 Laseranlagen","potentialAction":[{"@type":"SearchAction","target":{"@type":"EntryPoint","urlTemplate":"https:\/\/form-klar.de\/schorcht\/?s={search_term_string}"},"query-input":"required name=search_term_string"}],"inLanguage":"de"}]}},"_links":{"self":[{"href":"https:\/\/form-klar.de\/schorcht\/wp-json\/wp\/v2\/pages\/1426"}],"collection":[{"href":"https:\/\/form-klar.de\/schorcht\/wp-json\/wp\/v2\/pages"}],"about":[{"href":"https:\/\/form-klar.de\/schorcht\/wp-json\/wp\/v2\/types\/page"}],"author":[{"embeddable":true,"href":"https:\/\/form-klar.de\/schorcht\/wp-json\/wp\/v2\/users\/10"}],"replies":[{"embeddable":true,"href":"https:\/\/form-klar.de\/schorcht\/wp-json\/wp\/v2\/comments?post=1426"}],"version-history":[{"count":3,"href":"https:\/\/form-klar.de\/schorcht\/wp-json\/wp\/v2\/pages\/1426\/revisions"}],"predecessor-version":[{"id":1429,"href":"https:\/\/form-klar.de\/schorcht\/wp-json\/wp\/v2\/pages\/1426\/revisions\/1429"}],"wp:attachment":[{"href":"https:\/\/form-klar.de\/schorcht\/wp-json\/wp\/v2\/media?parent=1426"}],"curies":[{"name":"wp","href":"https:\/\/api.w.org\/{rel}","templated":true}]}}