{"id":1419,"date":"2019-01-28T11:44:08","date_gmt":"2019-01-28T11:44:08","guid":{"rendered":"https:\/\/form-klar.de\/schorcht\/?page_id=1419"},"modified":"2019-04-29T14:08:12","modified_gmt":"2019-04-29T14:08:12","slug":"firma-laser","status":"publish","type":"page","link":"https:\/\/form-klar.de\/schorcht\/firma-laser\/","title":{"rendered":"Firma Laser"},"content":{"rendered":"<h1>Laserzentrum Schorcht: Firma f\u00fcr Laser Lohnfertigung<\/h1>\n<p><strong>Firma Laser<\/strong> &#8211; <a href=\"https:\/\/form-klar.de\/schorcht\/ueber-uns\/\">Schorcht<\/a>: Ihre zuverl\u00e4ssige Fima rund um die <a href=\"https:\/\/form-klar.de\/schorcht\/laserschweissen-lohnfertigung\/\">Lohnfertigung<\/a>. Wir sind daf\u00fcr bekannt, dass wir alle Leistungen aus einer Hand anbieten. Sie haben Interesse an einer zuverl\u00e4ssigen Firma? Wir k\u00f6nnen Ihnen als Ihr Partner ein vielseitiges Spektrum anbieten. Nutzen Sie die Power unserer <strong>14 Laseranlagen<\/strong>.<\/p>\n<h3>Firma Schorcht &#8211; Dienstleistungen<\/h3>\n<p>Durch unser <strong>Qualit\u00e4tsmanagement,<\/strong> den <strong>eigenen Werkzeugbau<\/strong> und unserem <strong>Labor<\/strong> sind wir auf alle Eventualit\u00e4ten vorbereitet. Ihr Unternehmen ist aus der Automobilbranche? Selbstverst\u00e4ndlich sind wir nach den internationalen Standards der Automobilindustrie <strong>DIN ISO TS 16949 zertifiziert<\/strong>. Oder suchen Sie einen Partner, der auf Auftr\u00e4ge aus der Medizintechnik und dem Maschinenbau spezialisiert ist? Wir haben uns auf die Anforderungen unterschiedlicher Branchen gut vorbereitet. Auch f\u00fcr Auftr\u00e4ge aus der Lebensmittelindustrie stehen wir bereit. Fragen Sie doch einfach die Leistungen und Preise unserer Firma an. Wir reagieren schnell auf Ihre Anfrage.<br \/>\nOb Laserschneiden, Laserschwei\u00dfen, das Beschriften mit dem Laser oder auch das pr\u00e4zise Bohren mit dem Laser \u2013 fragen Sie uns an. Erwarten Sie h\u00f6chste System- und Prozessqualit\u00e4t.<\/p>\n<h3>Wenn h\u00f6chste Pr\u00e4zision oder Schnelligkeit erforderlich ist: Schwei\u00dfen mit dem Laser<\/h3>\n<p>Immer mehr Rohrkomponenten in der chemischen Industrie werden mit dem Laser geschwei\u00dft. Bestellen Sie bei uns Lasergeschwei\u00dfte Rohrkomponenten! Zudem geh\u00f6rt auch das Schwei\u00dfen von komplexen Baugruppen zu unserem Portfolio. Daf\u00fcr setzen wir unsere modernsten ND.YAG-Laser ein. Oder m\u00f6chten Sie beispielsweise ein Gelenk in der Medizintechnik herstellen? Hier ist h\u00f6chste Pr\u00e4zision erforderlich. Das Material sollte hier v\u00f6llig ohne Spalten und Ritzen geschwei\u00dft werden. So etwas geht nur mit dem Laser. Neben der Metallbearbeitung mit dem Laser bieten wir Ihnen noch alle Dienstleistungen rund um die Bearbeitung von Metallen. Wir liefern Ihnen optisch anspruchsvolle Lasern\u00e4hte!<\/p>\n<p>Wir sind Ihr Partner und Dienstleister im Bereich Lohnfertigung. Fragen Sie unsere Leistungen an. Auch im Werkzeugbau sind wir optimal aufgestellt. Denn wir nutzen Maschinen zum Drehen, Fr\u00e4sen, und Bohren. Auch S\u00e4geautomaten kommen zum Einsatz. Dar\u00fcber hinaus k\u00f6nnen Sie auf die Leistungen unseres QM Labors setzen.<\/p>\n<p><strong>Wir sind Ihr externer Spezialist f\u00fcr das Laserabtragen!<\/strong><\/p>\n","protected":false},"excerpt":{"rendered":"<p>Laserzentrum Schorcht: Firma f\u00fcr Laser Lohnfertigung Firma Laser &#8211; Schorcht: Ihre zuverl\u00e4ssige Fima rund um die Lohnfertigung. Wir sind daf\u00fcr bekannt, dass wir alle Leistungen [&hellip;]<\/p>\n","protected":false},"author":10,"featured_media":0,"parent":0,"menu_order":0,"comment_status":"closed","ping_status":"closed","template":"","meta":{"ngg_post_thumbnail":0,"footnotes":"","_links_to":"","_links_to_target":""},"yoast_head":"<!-- This site is optimized with the Yoast SEO plugin v22.5 - https:\/\/yoast.com\/wordpress\/plugins\/seo\/ -->\n<title>Firma Laser | Laserbearbeitung | Lohnfertigung - SCHORCHT<\/title>\n<meta name=\"description\" content=\"Firma Laser | Laserbearbeitung? Schorcht. Jetzt unter +49 (0)36691 5700-0 informieren! \u2713 20 Jahre Kompetenz \u2713 T\u00dcV-Zertifizierung nach DIN EN ISO\/TS 16949 \u2713 14 Laseranlagen \u2713 eigener Werkzeugbau\" \/>\n<meta name=\"robots\" content=\"noindex, follow, max-snippet:-1, max-image-preview:large, max-video-preview:-1\" \/>\n<meta property=\"og:locale\" content=\"de_DE\" \/>\n<meta property=\"og:type\" content=\"article\" \/>\n<meta property=\"og:title\" content=\"Firma Laser | Laserbearbeitung | Lohnfertigung - SCHORCHT\" \/>\n<meta property=\"og:description\" content=\"Firma Laser | Laserbearbeitung? Schorcht. Jetzt unter +49 (0)36691 5700-0 informieren! \u2713 20 Jahre Kompetenz \u2713 T\u00dcV-Zertifizierung nach DIN EN ISO\/TS 16949 \u2713 14 Laseranlagen \u2713 eigener Werkzeugbau\" \/>\n<meta property=\"og:url\" content=\"https:\/\/form-klar.de\/schorcht\/firma-laser\/\" \/>\n<meta property=\"og:site_name\" content=\"Laserzentrum Schorcht\" \/>\n<meta property=\"article:modified_time\" content=\"2019-04-29T14:08:12+00:00\" \/>\n<meta name=\"twitter:label1\" content=\"Gesch\u00e4tzte Lesezeit\" \/>\n\t<meta name=\"twitter:data1\" content=\"2\u00a0Minuten\" \/>\n<script type=\"application\/ld+json\" class=\"yoast-schema-graph\">{\"@context\":\"https:\/\/schema.org\",\"@graph\":[{\"@type\":\"WebPage\",\"@id\":\"https:\/\/form-klar.de\/schorcht\/firma-laser\/\",\"url\":\"https:\/\/form-klar.de\/schorcht\/firma-laser\/\",\"name\":\"Firma Laser | Laserbearbeitung | Lohnfertigung - SCHORCHT\",\"isPartOf\":{\"@id\":\"https:\/\/form-klar.de\/schorcht\/#website\"},\"datePublished\":\"2019-01-28T11:44:08+00:00\",\"dateModified\":\"2019-04-29T14:08:12+00:00\",\"description\":\"Firma Laser | Laserbearbeitung? Schorcht. Jetzt unter +49 (0)36691 5700-0 informieren! \u2713 20 Jahre Kompetenz \u2713 T\u00dcV-Zertifizierung nach DIN EN ISO\/TS 16949 \u2713 14 Laseranlagen \u2713 eigener Werkzeugbau\",\"inLanguage\":\"de\",\"potentialAction\":[{\"@type\":\"ReadAction\",\"target\":[\"https:\/\/form-klar.de\/schorcht\/firma-laser\/\"]}]},{\"@type\":\"WebSite\",\"@id\":\"https:\/\/form-klar.de\/schorcht\/#website\",\"url\":\"https:\/\/form-klar.de\/schorcht\/\",\"name\":\"Laserzentrum Schorcht\",\"description\":\"Lohnfertigung in der Lasermaterialbearbeitung - 12 Laseranlagen\",\"potentialAction\":[{\"@type\":\"SearchAction\",\"target\":{\"@type\":\"EntryPoint\",\"urlTemplate\":\"https:\/\/form-klar.de\/schorcht\/?s={search_term_string}\"},\"query-input\":\"required name=search_term_string\"}],\"inLanguage\":\"de\"}]}<\/script>\n<!-- \/ Yoast SEO plugin. -->","yoast_head_json":{"title":"Firma Laser | Laserbearbeitung | Lohnfertigung - SCHORCHT","description":"Firma Laser | Laserbearbeitung? Schorcht. Jetzt unter +49 (0)36691 5700-0 informieren! \u2713 20 Jahre Kompetenz \u2713 T\u00dcV-Zertifizierung nach DIN EN ISO\/TS 16949 \u2713 14 Laseranlagen \u2713 eigener Werkzeugbau","robots":{"index":"noindex","follow":"follow","max-snippet":"max-snippet:-1","max-image-preview":"max-image-preview:large","max-video-preview":"max-video-preview:-1"},"og_locale":"de_DE","og_type":"article","og_title":"Firma Laser | Laserbearbeitung | Lohnfertigung - SCHORCHT","og_description":"Firma Laser | Laserbearbeitung? Schorcht. Jetzt unter +49 (0)36691 5700-0 informieren! \u2713 20 Jahre Kompetenz \u2713 T\u00dcV-Zertifizierung nach DIN EN ISO\/TS 16949 \u2713 14 Laseranlagen \u2713 eigener Werkzeugbau","og_url":"https:\/\/form-klar.de\/schorcht\/firma-laser\/","og_site_name":"Laserzentrum Schorcht","article_modified_time":"2019-04-29T14:08:12+00:00","twitter_misc":{"Gesch\u00e4tzte Lesezeit":"2\u00a0Minuten"},"schema":{"@context":"https:\/\/schema.org","@graph":[{"@type":"WebPage","@id":"https:\/\/form-klar.de\/schorcht\/firma-laser\/","url":"https:\/\/form-klar.de\/schorcht\/firma-laser\/","name":"Firma Laser | Laserbearbeitung | Lohnfertigung - SCHORCHT","isPartOf":{"@id":"https:\/\/form-klar.de\/schorcht\/#website"},"datePublished":"2019-01-28T11:44:08+00:00","dateModified":"2019-04-29T14:08:12+00:00","description":"Firma Laser | Laserbearbeitung? Schorcht. Jetzt unter +49 (0)36691 5700-0 informieren! \u2713 20 Jahre Kompetenz \u2713 T\u00dcV-Zertifizierung nach DIN EN ISO\/TS 16949 \u2713 14 Laseranlagen \u2713 eigener Werkzeugbau","inLanguage":"de","potentialAction":[{"@type":"ReadAction","target":["https:\/\/form-klar.de\/schorcht\/firma-laser\/"]}]},{"@type":"WebSite","@id":"https:\/\/form-klar.de\/schorcht\/#website","url":"https:\/\/form-klar.de\/schorcht\/","name":"Laserzentrum Schorcht","description":"Lohnfertigung in der Lasermaterialbearbeitung - 12 Laseranlagen","potentialAction":[{"@type":"SearchAction","target":{"@type":"EntryPoint","urlTemplate":"https:\/\/form-klar.de\/schorcht\/?s={search_term_string}"},"query-input":"required name=search_term_string"}],"inLanguage":"de"}]}},"_links":{"self":[{"href":"https:\/\/form-klar.de\/schorcht\/wp-json\/wp\/v2\/pages\/1419"}],"collection":[{"href":"https:\/\/form-klar.de\/schorcht\/wp-json\/wp\/v2\/pages"}],"about":[{"href":"https:\/\/form-klar.de\/schorcht\/wp-json\/wp\/v2\/types\/page"}],"author":[{"embeddable":true,"href":"https:\/\/form-klar.de\/schorcht\/wp-json\/wp\/v2\/users\/10"}],"replies":[{"embeddable":true,"href":"https:\/\/form-klar.de\/schorcht\/wp-json\/wp\/v2\/comments?post=1419"}],"version-history":[{"count":1,"href":"https:\/\/form-klar.de\/schorcht\/wp-json\/wp\/v2\/pages\/1419\/revisions"}],"predecessor-version":[{"id":1420,"href":"https:\/\/form-klar.de\/schorcht\/wp-json\/wp\/v2\/pages\/1419\/revisions\/1420"}],"wp:attachment":[{"href":"https:\/\/form-klar.de\/schorcht\/wp-json\/wp\/v2\/media?parent=1419"}],"curies":[{"name":"wp","href":"https:\/\/api.w.org\/{rel}","templated":true}]}}