{"id":1384,"date":"2020-03-12T12:32:20","date_gmt":"2020-03-12T12:32:20","guid":{"rendered":"https:\/\/form-klar.de\/schorcht\/?page_id=1384"},"modified":"2020-04-20T08:48:27","modified_gmt":"2020-04-20T08:48:27","slug":"edelstahlverarbeitung","status":"publish","type":"page","link":"https:\/\/form-klar.de\/schorcht\/edelstahlverarbeitung\/","title":{"rendered":"Edelstahlverarbeitung"},"content":{"rendered":"<h1>Edelstahlverarbeitung<\/h1>\n<p>Gern informieren wir Sie \u00fcber unser Profil beim Punkt Edelstahlverarbeitung. Sie m\u00f6chten Handl\u00e4ufe oder Treppengel\u00e4nder fertigen lassen? Wir k\u00fcmmern uns um das Fertigen und die Montage. Fragen Sie die Profis. Setzen Sie auf unsere 14 Laseranlagen. Vom Laserschneiden bis hin zur Rohrbearbeitung und zur Anlagentechnik bieten wir Ihnen ein breites Leistungsspektrum.<\/p>\n<h2>Was uns ausmacht \u2013 Edelstahlverarbeitung \u2013 auch in der Lohnfertigung<\/h2>\n<p>Ob Automobilindustrie, Medizintechnik, Vakuumtechnik oder Maschinenbau \u2013 Edelstahlverarbeitung ist in vielen Branchen gefragt. Setzen sie auf schnelle Auftragserledigung, gutes Qualit\u00e4tsmanagement, eigenen Werkzeugbau und ein Labor.<\/p>\n<p>Sie suchen einen Hersteller f\u00fcr technisch anspruchsvolle Kleinteile aus <a href=\"https:\/\/form-klar.de\/schorcht\/laserschweissen-edelstahl\/\">Edelstahl<\/a>? Dann sind wir genau das richtige Unternehmen f\u00fcr Sie. Aber auch gro\u00dfe und komplexe Maschinenverkleidungen fertigen wir.<\/p>\n<h3>Wir bearbeiten Edelstahl nach Ihren W\u00fcnschen<\/h3>\n<p>Gemeinsam mit uns k\u00f6nnen Sie die M\u00f6glichkeiten der Edelstahlbearbeitung entdecken. Wir sind als kompetentes Unternehmen an Ihrer Seite. Unsere Laseranlagen bieten Ihnen innovative M\u00f6glichkeiten der Fertigung. Ob Zuschnitte, Laserbohrungen oder Oberfl\u00e4chenbearbeitung \u2013 fragen Sie unsere Ingenieure.<\/p>\n<h3>Tolles Design \u2013 die Vorteile von Edelstahl!<\/h3>\n<p>Dabei schaffen wir Produkte, die elegant, wertbest\u00e4ndig und richtig gut aussehen. Diese Werte sind besonders f\u00fcr die Industrie und das Bauwesen wichtig. Hier kommt es \u2013 speziell bei Br\u00fccken- oder Treppengel\u00e4ndern &#8211; auf formsch\u00f6ne Eleganz an. Warum ist Edelstahl so ein gefragtes Material? Beispielsweise ist Edelstahl rostfrei. Daf\u00fcr sorgt der Chromanteil von etwa 10 Prozent.<\/p>\n<h3>Edelstahlverarbeitung: Nutzen Sie die Power unseres Maschinenparks beim Laserzentrum Schorcht<\/h3>\n<p>Unsere Bandbreite der Zusammenarbeit reicht vom Zuschnitt bis zum fertigen Produkt. Beispielsweise sind unsere <a href=\"https:\/\/form-klar.de\/schorcht\/laserschneiden-hersteller\/\">Laserzuschnitte<\/a> auf h\u00f6chstem Niveau. Wir stehen f\u00fcr beste Qualit\u00e4t \u2013 ebenso in der weiteren Bearbeitung des Edelstahls. Im Ergebnis schaffen wir hochgl\u00e4nzende Oberfl\u00e4chen \u2013 sobald dies gew\u00fcnscht ist. Zudem: Unsere Bleche aus Edelstahl weisen &nbsp;kaum thermischen Verzug auf. \u00dcberdies ist die die Qualit\u00e4t der Schwei\u00dfn\u00e4hte wesentlich h\u00f6her als bei herk\u00f6mmlichen Schwei\u00dfn\u00e4hten.<\/p>\n<p>Bestellen Sie bei uns hochwertige Produkte aus Edelstahl! Unser Unternehmen bietet Ihnen eine komplette Fertigung. Dabei l\u00f6sen wir auch Ihre Konstruktionsprobleme.<\/p>\n<p>Wir sind das Laserzentrum f\u00fcr Ihre Anfrage!<\/p>\n","protected":false},"excerpt":{"rendered":"<p>Edelstahlverarbeitung Gern informieren wir Sie \u00fcber unser Profil beim Punkt Edelstahlverarbeitung. Sie m\u00f6chten Handl\u00e4ufe oder Treppengel\u00e4nder fertigen lassen? Wir k\u00fcmmern uns um das Fertigen und [&hellip;]<\/p>\n","protected":false},"author":10,"featured_media":0,"parent":0,"menu_order":0,"comment_status":"closed","ping_status":"closed","template":"","meta":{"ngg_post_thumbnail":0,"footnotes":"","_links_to":"","_links_to_target":""},"yoast_head":"<!-- This site is optimized with the Yoast SEO plugin v22.5 - https:\/\/yoast.com\/wordpress\/plugins\/seo\/ -->\n<title>Neues von der Edelstahlverarbeitung \u2013 Laserzentrum Schorcht<\/title>\n<meta name=\"description\" content=\"Bestellen Sie Leistungen wie zum Beispiel in der Edelstahlverarbeitung. Das Laserzentrum Schorcht ist Ihr Ansprechpartner.\" \/>\n<meta name=\"robots\" content=\"noindex, follow, max-snippet:-1, max-image-preview:large, max-video-preview:-1\" \/>\n<meta property=\"og:locale\" content=\"de_DE\" \/>\n<meta property=\"og:type\" content=\"article\" \/>\n<meta property=\"og:title\" content=\"Neues von der Edelstahlverarbeitung \u2013 Laserzentrum Schorcht\" \/>\n<meta property=\"og:description\" content=\"Bestellen Sie Leistungen wie zum Beispiel in der Edelstahlverarbeitung. Das Laserzentrum Schorcht ist Ihr Ansprechpartner.\" \/>\n<meta property=\"og:url\" content=\"https:\/\/form-klar.de\/schorcht\/edelstahlverarbeitung\/\" \/>\n<meta property=\"og:site_name\" content=\"Laserzentrum Schorcht\" \/>\n<meta property=\"article:modified_time\" content=\"2020-04-20T08:48:27+00:00\" \/>\n<meta name=\"twitter:label1\" content=\"Gesch\u00e4tzte Lesezeit\" \/>\n\t<meta name=\"twitter:data1\" content=\"2\u00a0Minuten\" \/>\n<script type=\"application\/ld+json\" class=\"yoast-schema-graph\">{\"@context\":\"https:\/\/schema.org\",\"@graph\":[{\"@type\":\"WebPage\",\"@id\":\"https:\/\/form-klar.de\/schorcht\/edelstahlverarbeitung\/\",\"url\":\"https:\/\/form-klar.de\/schorcht\/edelstahlverarbeitung\/\",\"name\":\"Neues von der Edelstahlverarbeitung \u2013 Laserzentrum Schorcht\",\"isPartOf\":{\"@id\":\"https:\/\/form-klar.de\/schorcht\/#website\"},\"datePublished\":\"2020-03-12T12:32:20+00:00\",\"dateModified\":\"2020-04-20T08:48:27+00:00\",\"description\":\"Bestellen Sie Leistungen wie zum Beispiel in der Edelstahlverarbeitung. Das Laserzentrum Schorcht ist Ihr Ansprechpartner.\",\"inLanguage\":\"de\",\"potentialAction\":[{\"@type\":\"ReadAction\",\"target\":[\"https:\/\/form-klar.de\/schorcht\/edelstahlverarbeitung\/\"]}]},{\"@type\":\"WebSite\",\"@id\":\"https:\/\/form-klar.de\/schorcht\/#website\",\"url\":\"https:\/\/form-klar.de\/schorcht\/\",\"name\":\"Laserzentrum Schorcht\",\"description\":\"Lohnfertigung in der Lasermaterialbearbeitung - 12 Laseranlagen\",\"potentialAction\":[{\"@type\":\"SearchAction\",\"target\":{\"@type\":\"EntryPoint\",\"urlTemplate\":\"https:\/\/form-klar.de\/schorcht\/?s={search_term_string}\"},\"query-input\":\"required name=search_term_string\"}],\"inLanguage\":\"de\"}]}<\/script>\n<!-- \/ Yoast SEO plugin. -->","yoast_head_json":{"title":"Neues von der Edelstahlverarbeitung \u2013 Laserzentrum Schorcht","description":"Bestellen Sie Leistungen wie zum Beispiel in der Edelstahlverarbeitung. Das Laserzentrum Schorcht ist Ihr Ansprechpartner.","robots":{"index":"noindex","follow":"follow","max-snippet":"max-snippet:-1","max-image-preview":"max-image-preview:large","max-video-preview":"max-video-preview:-1"},"og_locale":"de_DE","og_type":"article","og_title":"Neues von der Edelstahlverarbeitung \u2013 Laserzentrum Schorcht","og_description":"Bestellen Sie Leistungen wie zum Beispiel in der Edelstahlverarbeitung. Das Laserzentrum Schorcht ist Ihr Ansprechpartner.","og_url":"https:\/\/form-klar.de\/schorcht\/edelstahlverarbeitung\/","og_site_name":"Laserzentrum Schorcht","article_modified_time":"2020-04-20T08:48:27+00:00","twitter_misc":{"Gesch\u00e4tzte Lesezeit":"2\u00a0Minuten"},"schema":{"@context":"https:\/\/schema.org","@graph":[{"@type":"WebPage","@id":"https:\/\/form-klar.de\/schorcht\/edelstahlverarbeitung\/","url":"https:\/\/form-klar.de\/schorcht\/edelstahlverarbeitung\/","name":"Neues von der Edelstahlverarbeitung \u2013 Laserzentrum Schorcht","isPartOf":{"@id":"https:\/\/form-klar.de\/schorcht\/#website"},"datePublished":"2020-03-12T12:32:20+00:00","dateModified":"2020-04-20T08:48:27+00:00","description":"Bestellen Sie Leistungen wie zum Beispiel in der Edelstahlverarbeitung. Das Laserzentrum Schorcht ist Ihr Ansprechpartner.","inLanguage":"de","potentialAction":[{"@type":"ReadAction","target":["https:\/\/form-klar.de\/schorcht\/edelstahlverarbeitung\/"]}]},{"@type":"WebSite","@id":"https:\/\/form-klar.de\/schorcht\/#website","url":"https:\/\/form-klar.de\/schorcht\/","name":"Laserzentrum Schorcht","description":"Lohnfertigung in der Lasermaterialbearbeitung - 12 Laseranlagen","potentialAction":[{"@type":"SearchAction","target":{"@type":"EntryPoint","urlTemplate":"https:\/\/form-klar.de\/schorcht\/?s={search_term_string}"},"query-input":"required name=search_term_string"}],"inLanguage":"de"}]}},"_links":{"self":[{"href":"https:\/\/form-klar.de\/schorcht\/wp-json\/wp\/v2\/pages\/1384"}],"collection":[{"href":"https:\/\/form-klar.de\/schorcht\/wp-json\/wp\/v2\/pages"}],"about":[{"href":"https:\/\/form-klar.de\/schorcht\/wp-json\/wp\/v2\/types\/page"}],"author":[{"embeddable":true,"href":"https:\/\/form-klar.de\/schorcht\/wp-json\/wp\/v2\/users\/10"}],"replies":[{"embeddable":true,"href":"https:\/\/form-klar.de\/schorcht\/wp-json\/wp\/v2\/comments?post=1384"}],"version-history":[{"count":1,"href":"https:\/\/form-klar.de\/schorcht\/wp-json\/wp\/v2\/pages\/1384\/revisions"}],"predecessor-version":[{"id":1385,"href":"https:\/\/form-klar.de\/schorcht\/wp-json\/wp\/v2\/pages\/1384\/revisions\/1385"}],"wp:attachment":[{"href":"https:\/\/form-klar.de\/schorcht\/wp-json\/wp\/v2\/media?parent=1384"}],"curies":[{"name":"wp","href":"https:\/\/api.w.org\/{rel}","templated":true}]}}