{"id":1205,"date":"2019-11-16T10:57:31","date_gmt":"2019-11-16T10:57:31","guid":{"rendered":"https:\/\/form-klar.de\/schorcht\/?page_id=1205"},"modified":"2020-02-11T11:10:19","modified_gmt":"2020-02-11T11:10:19","slug":"laserschweissen-edelstahl","status":"publish","type":"page","link":"https:\/\/form-klar.de\/schorcht\/laserschweissen-edelstahl\/","title":{"rendered":"Laserschwei\u00dfen Edelstahl"},"content":{"rendered":"<h1>Informationen zum Laserschwei\u00dfen von Edelsta<strong>hl<\/strong><\/h1>\n<p>Das Laserschwei\u00dfen von Edelstahl Blechen kommt in der Industrie immer mehr zum Einsatz. G\u00fcnstig ist dieses Verfahren aufgrund der vielf\u00e4ltigen Einsatzbereiche. Welche Vorteile sind zu nennen? Erstens: Es entsteht weniger Hitze. Bleche aus Edelstahl werden kaum vom thermischen Verzug betroffen. Eine weitere Folge ist, dass die Qualit\u00e4t der Schwei\u00dfnaht h\u00f6her als beim herk\u00f6mmlichen Schwei\u00dfen ist.<\/p>\n<p><img decoding=\"async\" class=\"lazyload alignnone size-full wp-image-1265\" src=\"https:\/\/form-klar.de\/schorcht\/wp-content\/uploads\/2018\/04\/laserschweissen-hersteller2.jpg\" data-orig-src=\"https:\/\/form-klar.de\/schorcht\/wp-content\/uploads\/2018\/04\/laserschweissen-hersteller2.jpg\" alt=\"Laserschwei\u00dfen Edelstahl\" width=\"820\" height=\"243\" srcset=\"data:image\/svg+xml,%3Csvg%20xmlns%3D%27http%3A%2F%2Fwww.w3.org%2F2000%2Fsvg%27%20width%3D%27820%27%20height%3D%27243%27%20viewBox%3D%270%200%20820%20243%27%3E%3Crect%20width%3D%27820%27%20height%3D%27243%27%20fill-opacity%3D%220%22%2F%3E%3C%2Fsvg%3E\" data-srcset=\"https:\/\/form-klar.de\/schorcht\/wp-content\/uploads\/2018\/04\/laserschweissen-hersteller2-200x59.jpg 200w, https:\/\/form-klar.de\/schorcht\/wp-content\/uploads\/2018\/04\/laserschweissen-hersteller2-300x89.jpg 300w, https:\/\/form-klar.de\/schorcht\/wp-content\/uploads\/2018\/04\/laserschweissen-hersteller2-400x119.jpg 400w, https:\/\/form-klar.de\/schorcht\/wp-content\/uploads\/2018\/04\/laserschweissen-hersteller2-600x178.jpg 600w, https:\/\/form-klar.de\/schorcht\/wp-content\/uploads\/2018\/04\/laserschweissen-hersteller2-768x228.jpg 768w, https:\/\/form-klar.de\/schorcht\/wp-content\/uploads\/2018\/04\/laserschweissen-hersteller2-800x237.jpg 800w, https:\/\/form-klar.de\/schorcht\/wp-content\/uploads\/2018\/04\/laserschweissen-hersteller2.jpg 820w\" data-sizes=\"auto\" data-orig-sizes=\"(max-width: 820px) 100vw, 820px\" \/><\/p>\n<h2>Modernes Verfahren: Laserschwei\u00dfen von Edelstahl \u2013 schnell und hochwertig<\/h2>\n<p>Stellen Sie Ihre Produktion zeitgem\u00e4\u00df auf. Setzen Sie Laserschwei\u00dfen ein. Wir fertigen Schwei\u00dfn\u00e4hte auf den Hundertstel Millimeter genau. Falls die N\u00e4hte besonders tief sein sollen: Wir setzen das um! Ebenfalls schwei\u00dfen wir sehr breite N\u00e4hte. Teilen Sie uns Ihre Anforderungen mit. Dementsprechend binden wir die einzelnen Edelstahl-Werkst\u00fccke optimal ein. Au\u00dferdem: Die Erhitzung beim Schwei\u00dfvorgang kann genau dosiert werden. Schlie\u00dflich wollen wir f\u00fcr unsere Kunden optimale Ergebnisse erzielen.<\/p>\n<h3>Viele unterschiedliche Metalle k\u00f6nnen geschwei\u00dft werden<\/h3>\n<p>Ob <a href=\"https:\/\/form-klar.de\/schorcht\/laserschweissen-aluminium\/\">Aluminium<\/a>, Stahl oder Edelstahl \u2013 wir sind breit aufgestellt. Sehr unterschiedliche Metalle k\u00f6nnen durch <a href=\"https:\/\/form-klar.de\/schorcht\/laserschweissen-kupfer\/\">Laserschwei\u00dfen <\/a>bearbeitet werden.&nbsp;Gern informieren wir Sie \u00fcber unsere Breite an Fertigungstechniken. Nutzen Sie die Power unserer Laseranlagen f\u00fcr Ihre Produktion! Neben Laserschwei\u00dfen bieten wir Ihnen noch das schichtweise Laserauftragen von Materialien an.<\/p>\n<h3>Optimal definierte Schwei\u00dfn\u00e4hte \u2013 setzen Sie auf h\u00f6chste Qualit\u00e4t<\/h3>\n<p>Legen Sie als unser Kunde exakt fest, wie stark die Schwei\u00dfn\u00e4hte sein sollen. Auch die \u00c4sthetik spielt beim Ergebnis oft eine gro\u00dfe Rolle! Wie hoch genau soll der Laserauftrag sein? Wo lohnt sich das Laserschwei\u00dfen von Edelstahl besonders? Ganz klar in der Fertigung komplizierter und feiner Werkst\u00fcck-Komponenten. Wir bieten Ihnen pr\u00e4zise Auftragserledigung. Besonders in der Medizintechnik kommt das Laserschwei\u00dfen von Edelstahl zum Einsatz. In diesem Bereich sind wir gut aufgestellt.<\/p>\n<h3>Erfolgreich seit 20 Jahren<\/h3>\n<p>Was bieten wir Ihnen? Wir stehen f\u00fcr die Qualit\u00e4t unserer Arbeit ein. Mit 100 % Dichtheitsgarantie unserer Schwei\u00dfverbindungen geben wir Ihnen Sicherheit. Denn Laserschwei\u00dfen von Aluminium produziert keine Poren. Wir schwei\u00dfen und schneiden unterschiedlichste geometrische Formen. Fragen Sie uns auch zur Beschriftung mittels des Lasers an.<\/p>\n<p>Als Partner zahlreicher Unternehmen im Werkzeugbau k\u00f6nnen wir unsere gro\u00dfe Erfahrung bei jedem Auftrag einbringen. Schlie\u00dflich sind wir seit \u00fcber 20 Jahren als Laserzentrum f\u00fcr die Industrie erfolgreich<\/p>\n<p>&nbsp;<\/p>\n","protected":false},"excerpt":{"rendered":"<p>Informationen zum Laserschwei\u00dfen von Edelstahl Das Laserschwei\u00dfen von Edelstahl Blechen kommt in der Industrie immer mehr zum Einsatz. G\u00fcnstig ist dieses Verfahren aufgrund der vielf\u00e4ltigen [&hellip;]<\/p>\n","protected":false},"author":10,"featured_media":0,"parent":0,"menu_order":0,"comment_status":"closed","ping_status":"closed","template":"","meta":{"ngg_post_thumbnail":0,"footnotes":"","_links_to":"","_links_to_target":""},"yoast_head":"<!-- This site is optimized with the Yoast SEO plugin v22.5 - https:\/\/yoast.com\/wordpress\/plugins\/seo\/ -->\n<title>Laserschwei\u00dfen von Edelstahl - wir sind Partner der Industrie<\/title>\n<meta name=\"description\" content=\"Das Laserschwei\u00dfen von Edelstahl ist in der modernen Produktion nicht mehr wegzudenken. \u2705 Unser Laserzentrum bietet Ihnen hochmoderne L\u00f6sungen an. \u2705\" \/>\n<meta name=\"robots\" content=\"noindex, follow, max-snippet:-1, max-image-preview:large, max-video-preview:-1\" \/>\n<meta property=\"og:locale\" content=\"de_DE\" \/>\n<meta property=\"og:type\" content=\"article\" \/>\n<meta property=\"og:title\" content=\"Laserschwei\u00dfen von Edelstahl - wir sind Partner der Industrie\" \/>\n<meta property=\"og:description\" content=\"Das Laserschwei\u00dfen von Edelstahl ist in der modernen Produktion nicht mehr wegzudenken. \u2705 Unser Laserzentrum bietet Ihnen hochmoderne L\u00f6sungen an. \u2705\" \/>\n<meta property=\"og:url\" content=\"https:\/\/form-klar.de\/schorcht\/laserschweissen-edelstahl\/\" \/>\n<meta property=\"og:site_name\" content=\"Laserzentrum Schorcht\" \/>\n<meta property=\"article:modified_time\" content=\"2020-02-11T11:10:19+00:00\" \/>\n<meta property=\"og:image\" content=\"https:\/\/form-klar.de\/schorcht\/wp-content\/uploads\/2018\/04\/laserschweissen-hersteller2.jpg\" \/>\n<meta name=\"twitter:label1\" content=\"Gesch\u00e4tzte Lesezeit\" \/>\n\t<meta name=\"twitter:data1\" content=\"2\u00a0Minuten\" \/>\n<script type=\"application\/ld+json\" class=\"yoast-schema-graph\">{\"@context\":\"https:\/\/schema.org\",\"@graph\":[{\"@type\":\"WebPage\",\"@id\":\"https:\/\/form-klar.de\/schorcht\/laserschweissen-edelstahl\/\",\"url\":\"https:\/\/form-klar.de\/schorcht\/laserschweissen-edelstahl\/\",\"name\":\"Laserschwei\u00dfen von Edelstahl - wir sind Partner der Industrie\",\"isPartOf\":{\"@id\":\"https:\/\/form-klar.de\/schorcht\/#website\"},\"primaryImageOfPage\":{\"@id\":\"https:\/\/form-klar.de\/schorcht\/laserschweissen-edelstahl\/#primaryimage\"},\"image\":{\"@id\":\"https:\/\/form-klar.de\/schorcht\/laserschweissen-edelstahl\/#primaryimage\"},\"thumbnailUrl\":\"https:\/\/form-klar.de\/schorcht\/wp-content\/uploads\/2018\/04\/laserschweissen-hersteller2.jpg\",\"datePublished\":\"2019-11-16T10:57:31+00:00\",\"dateModified\":\"2020-02-11T11:10:19+00:00\",\"description\":\"Das Laserschwei\u00dfen von Edelstahl ist in der modernen Produktion nicht mehr wegzudenken. \u2705 Unser Laserzentrum bietet Ihnen hochmoderne L\u00f6sungen an. \u2705\",\"inLanguage\":\"de\",\"potentialAction\":[{\"@type\":\"ReadAction\",\"target\":[\"https:\/\/form-klar.de\/schorcht\/laserschweissen-edelstahl\/\"]}]},{\"@type\":\"ImageObject\",\"inLanguage\":\"de\",\"@id\":\"https:\/\/form-klar.de\/schorcht\/laserschweissen-edelstahl\/#primaryimage\",\"url\":\"https:\/\/form-klar.de\/schorcht\/wp-content\/uploads\/2018\/04\/laserschweissen-hersteller2.jpg\",\"contentUrl\":\"https:\/\/form-klar.de\/schorcht\/wp-content\/uploads\/2018\/04\/laserschweissen-hersteller2.jpg\",\"width\":820,\"height\":243},{\"@type\":\"WebSite\",\"@id\":\"https:\/\/form-klar.de\/schorcht\/#website\",\"url\":\"https:\/\/form-klar.de\/schorcht\/\",\"name\":\"Laserzentrum Schorcht\",\"description\":\"Lohnfertigung in der Lasermaterialbearbeitung - 12 Laseranlagen\",\"potentialAction\":[{\"@type\":\"SearchAction\",\"target\":{\"@type\":\"EntryPoint\",\"urlTemplate\":\"https:\/\/form-klar.de\/schorcht\/?s={search_term_string}\"},\"query-input\":\"required name=search_term_string\"}],\"inLanguage\":\"de\"}]}<\/script>\n<!-- \/ Yoast SEO plugin. -->","yoast_head_json":{"title":"Laserschwei\u00dfen von Edelstahl - wir sind Partner der Industrie","description":"Das Laserschwei\u00dfen von Edelstahl ist in der modernen Produktion nicht mehr wegzudenken. \u2705 Unser Laserzentrum bietet Ihnen hochmoderne L\u00f6sungen an. \u2705","robots":{"index":"noindex","follow":"follow","max-snippet":"max-snippet:-1","max-image-preview":"max-image-preview:large","max-video-preview":"max-video-preview:-1"},"og_locale":"de_DE","og_type":"article","og_title":"Laserschwei\u00dfen von Edelstahl - wir sind Partner der Industrie","og_description":"Das Laserschwei\u00dfen von Edelstahl ist in der modernen Produktion nicht mehr wegzudenken. \u2705 Unser Laserzentrum bietet Ihnen hochmoderne L\u00f6sungen an. \u2705","og_url":"https:\/\/form-klar.de\/schorcht\/laserschweissen-edelstahl\/","og_site_name":"Laserzentrum Schorcht","article_modified_time":"2020-02-11T11:10:19+00:00","og_image":[{"url":"https:\/\/form-klar.de\/schorcht\/wp-content\/uploads\/2018\/04\/laserschweissen-hersteller2.jpg"}],"twitter_misc":{"Gesch\u00e4tzte Lesezeit":"2\u00a0Minuten"},"schema":{"@context":"https:\/\/schema.org","@graph":[{"@type":"WebPage","@id":"https:\/\/form-klar.de\/schorcht\/laserschweissen-edelstahl\/","url":"https:\/\/form-klar.de\/schorcht\/laserschweissen-edelstahl\/","name":"Laserschwei\u00dfen von Edelstahl - wir sind Partner der Industrie","isPartOf":{"@id":"https:\/\/form-klar.de\/schorcht\/#website"},"primaryImageOfPage":{"@id":"https:\/\/form-klar.de\/schorcht\/laserschweissen-edelstahl\/#primaryimage"},"image":{"@id":"https:\/\/form-klar.de\/schorcht\/laserschweissen-edelstahl\/#primaryimage"},"thumbnailUrl":"https:\/\/form-klar.de\/schorcht\/wp-content\/uploads\/2018\/04\/laserschweissen-hersteller2.jpg","datePublished":"2019-11-16T10:57:31+00:00","dateModified":"2020-02-11T11:10:19+00:00","description":"Das Laserschwei\u00dfen von Edelstahl ist in der modernen Produktion nicht mehr wegzudenken. \u2705 Unser Laserzentrum bietet Ihnen hochmoderne L\u00f6sungen an. \u2705","inLanguage":"de","potentialAction":[{"@type":"ReadAction","target":["https:\/\/form-klar.de\/schorcht\/laserschweissen-edelstahl\/"]}]},{"@type":"ImageObject","inLanguage":"de","@id":"https:\/\/form-klar.de\/schorcht\/laserschweissen-edelstahl\/#primaryimage","url":"https:\/\/form-klar.de\/schorcht\/wp-content\/uploads\/2018\/04\/laserschweissen-hersteller2.jpg","contentUrl":"https:\/\/form-klar.de\/schorcht\/wp-content\/uploads\/2018\/04\/laserschweissen-hersteller2.jpg","width":820,"height":243},{"@type":"WebSite","@id":"https:\/\/form-klar.de\/schorcht\/#website","url":"https:\/\/form-klar.de\/schorcht\/","name":"Laserzentrum Schorcht","description":"Lohnfertigung in der Lasermaterialbearbeitung - 12 Laseranlagen","potentialAction":[{"@type":"SearchAction","target":{"@type":"EntryPoint","urlTemplate":"https:\/\/form-klar.de\/schorcht\/?s={search_term_string}"},"query-input":"required name=search_term_string"}],"inLanguage":"de"}]}},"_links":{"self":[{"href":"https:\/\/form-klar.de\/schorcht\/wp-json\/wp\/v2\/pages\/1205"}],"collection":[{"href":"https:\/\/form-klar.de\/schorcht\/wp-json\/wp\/v2\/pages"}],"about":[{"href":"https:\/\/form-klar.de\/schorcht\/wp-json\/wp\/v2\/types\/page"}],"author":[{"embeddable":true,"href":"https:\/\/form-klar.de\/schorcht\/wp-json\/wp\/v2\/users\/10"}],"replies":[{"embeddable":true,"href":"https:\/\/form-klar.de\/schorcht\/wp-json\/wp\/v2\/comments?post=1205"}],"version-history":[{"count":2,"href":"https:\/\/form-klar.de\/schorcht\/wp-json\/wp\/v2\/pages\/1205\/revisions"}],"predecessor-version":[{"id":1268,"href":"https:\/\/form-klar.de\/schorcht\/wp-json\/wp\/v2\/pages\/1205\/revisions\/1268"}],"wp:attachment":[{"href":"https:\/\/form-klar.de\/schorcht\/wp-json\/wp\/v2\/media?parent=1205"}],"curies":[{"name":"wp","href":"https:\/\/api.w.org\/{rel}","templated":true}]}}