{"id":1188,"date":"2017-10-06T07:58:14","date_gmt":"2017-10-06T07:58:14","guid":{"rendered":"https:\/\/form-klar.de\/schorcht\/?page_id=1188"},"modified":"2018-04-16T16:31:03","modified_gmt":"2018-04-16T16:31:03","slug":"laserschweissen-kupfer","status":"publish","type":"page","link":"https:\/\/form-klar.de\/schorcht\/laserschweissen-kupfer\/","title":{"rendered":"Laserschwei\u00dfen Kupfer"},"content":{"rendered":"<h1>Laserschwei\u00dfen Kupfer<\/h1>\n<h2>Laserschwei\u00dfen von Kupfer \u2013 so lassen Sie effektiv herstellen<\/h2>\n<p>Das Laserzentrum Schorcht ist Ihr Partner f\u00fcr das Feinschwei\u00dfen und Laserschwei\u00dfen von Edelstahl, Kupfer und anderen Legierungen. Wir bieten Ihnen station\u00e4re wie mobile Anlagen f\u00fcr das Laserschwei\u00dfen von Bauteilen aus Kupfer, Aluminium und Edelstahl. Nutzen Sie die Vorteile unserer 3D Laseranlage, der Nd YAG Laser, der CO<sub>2<\/sub> Hochleistungslaser und der unterschiedlichen Faserlaser. Fragen Sie uns, welche M\u00f6glichkeiten wir haben. Ihre Vorteile von Laserschwei\u00dfen: Auf pr\u00e4zise Art werden viele metallische Liegerungen auch Aluminium, Kupfer verschwei\u00dft.<\/p>\n<p><img decoding=\"async\" class=\"lazyload alignnone size-full wp-image-1265\" src=\"https:\/\/form-klar.de\/schorcht\/wp-content\/uploads\/2018\/04\/laserschweissen-hersteller2.jpg\" data-orig-src=\"https:\/\/form-klar.de\/schorcht\/wp-content\/uploads\/2018\/04\/laserschweissen-hersteller2.jpg\" alt=\"Laserschwei\u00dfen kupfer\" width=\"820\" height=\"243\" srcset=\"data:image\/svg+xml,%3Csvg%20xmlns%3D%27http%3A%2F%2Fwww.w3.org%2F2000%2Fsvg%27%20width%3D%27820%27%20height%3D%27243%27%20viewBox%3D%270%200%20820%20243%27%3E%3Crect%20width%3D%27820%27%20height%3D%27243%27%20fill-opacity%3D%220%22%2F%3E%3C%2Fsvg%3E\" data-srcset=\"https:\/\/form-klar.de\/schorcht\/wp-content\/uploads\/2018\/04\/laserschweissen-hersteller2-200x59.jpg 200w, https:\/\/form-klar.de\/schorcht\/wp-content\/uploads\/2018\/04\/laserschweissen-hersteller2-300x89.jpg 300w, https:\/\/form-klar.de\/schorcht\/wp-content\/uploads\/2018\/04\/laserschweissen-hersteller2-400x119.jpg 400w, https:\/\/form-klar.de\/schorcht\/wp-content\/uploads\/2018\/04\/laserschweissen-hersteller2-600x178.jpg 600w, https:\/\/form-klar.de\/schorcht\/wp-content\/uploads\/2018\/04\/laserschweissen-hersteller2-768x228.jpg 768w, https:\/\/form-klar.de\/schorcht\/wp-content\/uploads\/2018\/04\/laserschweissen-hersteller2-800x237.jpg 800w, https:\/\/form-klar.de\/schorcht\/wp-content\/uploads\/2018\/04\/laserschweissen-hersteller2.jpg 820w\" data-sizes=\"auto\" data-orig-sizes=\"(max-width: 820px) 100vw, 820px\" \/><\/p>\n<h3>Individuelles Angebot f\u00fcr Auftr\u00e4ge im Laserschwei\u00dfen<\/h3>\n<p>F\u00fcr jeden Auftrag im <a href=\"https:\/\/form-klar.de\/schorcht\/laserschweissen\/\">Laserschwei\u00dfen <\/a>von Kupfer und anderen Legierungen machen wir ein individuelles Angebot. Wir sind Ihr Ansprechpartner von der ersten L\u00f6sungsidee an. Fragen Sie uns an von der ersten CAD-Zeichnung bis zur Erstellung von Schwei\u00dfbaugruppen. Dabei setzen wir auch auf ein Arbeiten im Netzwerk beim Laserschwei\u00dfen. Zusammen mit unseren Partnern bieten wir Ihnen ausgefeilte Gesamtl\u00f6sungen f\u00fcr jeden Auftrag. Gern beraten wir Sie auf Ihrem Weg zum optimalen Produkt.<\/p>\n<h3>F\u00fcr viele Branchen ist das Laserschwei\u00dfen von Kupferlegierungen wichtig<\/h3>\n<p>Gern informieren wir Sie auch \u00fcber Entwicklungen der Zukunft. Selbst reflektierende Materialien wir Kupfer lassen sich genauso wie Stahl schwei\u00dfen. Mit einem speziellen Laser wird das Laserschwei\u00dfen von <strong>elektrischen Kontakten<\/strong> immer besser m\u00f6glich. Da Kupfer zu den ersten Metallen geh\u00f6rte, die der Mensch bearbeitete, ist es interessant zu erfahren wie wir heute Kupferverbindungen herstellen. Welche Eigenschaften hat Kupfer? Er ist ein guter W\u00e4rmeleiter aber leitet auch Strom hervorragend. Kupfer ist deshalb auch in Elektrotechnik nicht mehr wegzudenken. Aber auch in der Chemiebranche als Material f\u00fcr W\u00e4rmetauscher, Rohre und Kessel ist Kupfer weit verbreitet. In Zukunft werden die Anforderungen an das F\u00fcgen von Bauteilen aus Kupfer steigen. Ein wichtiger Faktor ist dabei die Automobilindustrie.<\/p>\n<h3>Effektives Laserschwei\u00dfen und Feinschwei\u00dfen<\/h3>\n<p>Laserschwei\u00dfen erm\u00f6glicht seit kurzer Zeit das effektive Schwei\u00dfen von Kupfer Legierungen. Das Laserschwei\u00dfen ist beispielsweise dem WIG-Schwei\u00dfen bei Kupferlegierungen \u00fcberlegen. Auch in Zukunft kann die Entwicklung des Laserschwei\u00dfens von Kupfer gro\u00dfe Fortschritte machen. So werden sich zum Beispiel sich zum Beispiel Aluminium und Kupfer miteinander verschwei\u00dfen lassen.<\/p>\n<h3>Feinschwei\u00dfen f\u00fcr Kupferlegierungen<\/h3>\n<p>Laserschwei\u00dfen verbindet <strong>Pr\u00e4zision mit Schnelligkeit<\/strong>. F\u00fcr unsere Kunden ist das Verfahren des Laserschwei\u00dfens deshalb sehr effektiv und kosteng\u00fcnstig.<\/p>\n<p>Beim Laserschwei\u00dfen k\u00f6nnen wir auf eine hohe Qualit\u00e4t der N\u00e4hte verweisen. Die F\u00fcgeverfahren kommen fast ganz ohne Aufh\u00e4rtung, thermischen Verzug oder Oxidation aus. Gern \u00fcbernehmen wir auch Schwei\u00dfauftr\u00e4ge mit Zusatzwerkstoff zu Werkzeugreparaturen und ersetzen fehlende Gravuren und Markierungen.<\/p>\n<p>Haben Sie Interesse an <strong>Feinschwei\u00dfen von Kupfer Legierungen<\/strong>? Fragen Sie unsere Experten! Greifen Sie auf die Vielseitigkeit unserer Anlagentechnik zur\u00fcck!<\/p>\n","protected":false},"excerpt":{"rendered":"<p>Laserschwei\u00dfen Kupfer Laserschwei\u00dfen von Kupfer \u2013 so lassen Sie effektiv herstellen Das Laserzentrum Schorcht ist Ihr Partner f\u00fcr das Feinschwei\u00dfen und Laserschwei\u00dfen von Edelstahl, Kupfer [&hellip;]<\/p>\n","protected":false},"author":9,"featured_media":0,"parent":0,"menu_order":0,"comment_status":"closed","ping_status":"closed","template":"","meta":{"ngg_post_thumbnail":0,"footnotes":"","_links_to":"","_links_to_target":""},"yoast_head":"<!-- This site is optimized with the Yoast SEO plugin v22.5 - https:\/\/yoast.com\/wordpress\/plugins\/seo\/ -->\n<title>Laserschwei\u00dfen Kupfer vom Profi | LASERZENTRUM SCHORCHT<\/title>\n<meta name=\"description\" content=\"Das Laserzentrum Schorcht ist Ihr Partner f\u00fcr das Feinschwei\u00dfen und Laserschwei\u00dfen von Edelstahl, Kupfer und anderen Legierungen.\" \/>\n<meta name=\"robots\" content=\"noindex, follow, max-snippet:-1, max-image-preview:large, max-video-preview:-1\" \/>\n<meta property=\"og:locale\" content=\"de_DE\" \/>\n<meta property=\"og:type\" content=\"article\" \/>\n<meta property=\"og:title\" content=\"Laserschwei\u00dfen Kupfer vom Profi | LASERZENTRUM SCHORCHT\" \/>\n<meta property=\"og:description\" content=\"Das Laserzentrum Schorcht ist Ihr Partner f\u00fcr das Feinschwei\u00dfen und Laserschwei\u00dfen von Edelstahl, Kupfer und anderen Legierungen.\" \/>\n<meta property=\"og:url\" content=\"https:\/\/form-klar.de\/schorcht\/laserschweissen-kupfer\/\" \/>\n<meta property=\"og:site_name\" content=\"Laserzentrum Schorcht\" \/>\n<meta property=\"article:modified_time\" content=\"2018-04-16T16:31:03+00:00\" \/>\n<meta property=\"og:image\" content=\"https:\/\/form-klar.de\/schorcht\/wp-content\/uploads\/2018\/04\/laserschweissen-hersteller2.jpg\" \/>\n<meta name=\"twitter:label1\" content=\"Gesch\u00e4tzte Lesezeit\" \/>\n\t<meta name=\"twitter:data1\" content=\"2\u00a0Minuten\" \/>\n<script type=\"application\/ld+json\" class=\"yoast-schema-graph\">{\"@context\":\"https:\/\/schema.org\",\"@graph\":[{\"@type\":\"WebPage\",\"@id\":\"https:\/\/form-klar.de\/schorcht\/laserschweissen-kupfer\/\",\"url\":\"https:\/\/form-klar.de\/schorcht\/laserschweissen-kupfer\/\",\"name\":\"Laserschwei\u00dfen Kupfer vom Profi | LASERZENTRUM SCHORCHT\",\"isPartOf\":{\"@id\":\"https:\/\/form-klar.de\/schorcht\/#website\"},\"primaryImageOfPage\":{\"@id\":\"https:\/\/form-klar.de\/schorcht\/laserschweissen-kupfer\/#primaryimage\"},\"image\":{\"@id\":\"https:\/\/form-klar.de\/schorcht\/laserschweissen-kupfer\/#primaryimage\"},\"thumbnailUrl\":\"https:\/\/form-klar.de\/schorcht\/wp-content\/uploads\/2018\/04\/laserschweissen-hersteller2.jpg\",\"datePublished\":\"2017-10-06T07:58:14+00:00\",\"dateModified\":\"2018-04-16T16:31:03+00:00\",\"description\":\"Das Laserzentrum Schorcht ist Ihr Partner f\u00fcr das Feinschwei\u00dfen und Laserschwei\u00dfen von Edelstahl, Kupfer und anderen Legierungen.\",\"inLanguage\":\"de\",\"potentialAction\":[{\"@type\":\"ReadAction\",\"target\":[\"https:\/\/form-klar.de\/schorcht\/laserschweissen-kupfer\/\"]}]},{\"@type\":\"ImageObject\",\"inLanguage\":\"de\",\"@id\":\"https:\/\/form-klar.de\/schorcht\/laserschweissen-kupfer\/#primaryimage\",\"url\":\"https:\/\/form-klar.de\/schorcht\/wp-content\/uploads\/2018\/04\/laserschweissen-hersteller2.jpg\",\"contentUrl\":\"https:\/\/form-klar.de\/schorcht\/wp-content\/uploads\/2018\/04\/laserschweissen-hersteller2.jpg\",\"width\":820,\"height\":243},{\"@type\":\"WebSite\",\"@id\":\"https:\/\/form-klar.de\/schorcht\/#website\",\"url\":\"https:\/\/form-klar.de\/schorcht\/\",\"name\":\"Laserzentrum Schorcht\",\"description\":\"Lohnfertigung in der Lasermaterialbearbeitung - 12 Laseranlagen\",\"potentialAction\":[{\"@type\":\"SearchAction\",\"target\":{\"@type\":\"EntryPoint\",\"urlTemplate\":\"https:\/\/form-klar.de\/schorcht\/?s={search_term_string}\"},\"query-input\":\"required name=search_term_string\"}],\"inLanguage\":\"de\"}]}<\/script>\n<!-- \/ Yoast SEO plugin. -->","yoast_head_json":{"title":"Laserschwei\u00dfen Kupfer vom Profi | LASERZENTRUM SCHORCHT","description":"Das Laserzentrum Schorcht ist Ihr Partner f\u00fcr das Feinschwei\u00dfen und Laserschwei\u00dfen von Edelstahl, Kupfer und anderen Legierungen.","robots":{"index":"noindex","follow":"follow","max-snippet":"max-snippet:-1","max-image-preview":"max-image-preview:large","max-video-preview":"max-video-preview:-1"},"og_locale":"de_DE","og_type":"article","og_title":"Laserschwei\u00dfen Kupfer vom Profi | LASERZENTRUM SCHORCHT","og_description":"Das Laserzentrum Schorcht ist Ihr Partner f\u00fcr das Feinschwei\u00dfen und Laserschwei\u00dfen von Edelstahl, Kupfer und anderen Legierungen.","og_url":"https:\/\/form-klar.de\/schorcht\/laserschweissen-kupfer\/","og_site_name":"Laserzentrum Schorcht","article_modified_time":"2018-04-16T16:31:03+00:00","og_image":[{"url":"https:\/\/form-klar.de\/schorcht\/wp-content\/uploads\/2018\/04\/laserschweissen-hersteller2.jpg"}],"twitter_misc":{"Gesch\u00e4tzte Lesezeit":"2\u00a0Minuten"},"schema":{"@context":"https:\/\/schema.org","@graph":[{"@type":"WebPage","@id":"https:\/\/form-klar.de\/schorcht\/laserschweissen-kupfer\/","url":"https:\/\/form-klar.de\/schorcht\/laserschweissen-kupfer\/","name":"Laserschwei\u00dfen Kupfer vom Profi | LASERZENTRUM SCHORCHT","isPartOf":{"@id":"https:\/\/form-klar.de\/schorcht\/#website"},"primaryImageOfPage":{"@id":"https:\/\/form-klar.de\/schorcht\/laserschweissen-kupfer\/#primaryimage"},"image":{"@id":"https:\/\/form-klar.de\/schorcht\/laserschweissen-kupfer\/#primaryimage"},"thumbnailUrl":"https:\/\/form-klar.de\/schorcht\/wp-content\/uploads\/2018\/04\/laserschweissen-hersteller2.jpg","datePublished":"2017-10-06T07:58:14+00:00","dateModified":"2018-04-16T16:31:03+00:00","description":"Das Laserzentrum Schorcht ist Ihr Partner f\u00fcr das Feinschwei\u00dfen und Laserschwei\u00dfen von Edelstahl, Kupfer und anderen Legierungen.","inLanguage":"de","potentialAction":[{"@type":"ReadAction","target":["https:\/\/form-klar.de\/schorcht\/laserschweissen-kupfer\/"]}]},{"@type":"ImageObject","inLanguage":"de","@id":"https:\/\/form-klar.de\/schorcht\/laserschweissen-kupfer\/#primaryimage","url":"https:\/\/form-klar.de\/schorcht\/wp-content\/uploads\/2018\/04\/laserschweissen-hersteller2.jpg","contentUrl":"https:\/\/form-klar.de\/schorcht\/wp-content\/uploads\/2018\/04\/laserschweissen-hersteller2.jpg","width":820,"height":243},{"@type":"WebSite","@id":"https:\/\/form-klar.de\/schorcht\/#website","url":"https:\/\/form-klar.de\/schorcht\/","name":"Laserzentrum Schorcht","description":"Lohnfertigung in der Lasermaterialbearbeitung - 12 Laseranlagen","potentialAction":[{"@type":"SearchAction","target":{"@type":"EntryPoint","urlTemplate":"https:\/\/form-klar.de\/schorcht\/?s={search_term_string}"},"query-input":"required name=search_term_string"}],"inLanguage":"de"}]}},"_links":{"self":[{"href":"https:\/\/form-klar.de\/schorcht\/wp-json\/wp\/v2\/pages\/1188"}],"collection":[{"href":"https:\/\/form-klar.de\/schorcht\/wp-json\/wp\/v2\/pages"}],"about":[{"href":"https:\/\/form-klar.de\/schorcht\/wp-json\/wp\/v2\/types\/page"}],"author":[{"embeddable":true,"href":"https:\/\/form-klar.de\/schorcht\/wp-json\/wp\/v2\/users\/9"}],"replies":[{"embeddable":true,"href":"https:\/\/form-klar.de\/schorcht\/wp-json\/wp\/v2\/comments?post=1188"}],"version-history":[{"count":3,"href":"https:\/\/form-klar.de\/schorcht\/wp-json\/wp\/v2\/pages\/1188\/revisions"}],"predecessor-version":[{"id":1269,"href":"https:\/\/form-klar.de\/schorcht\/wp-json\/wp\/v2\/pages\/1188\/revisions\/1269"}],"wp:attachment":[{"href":"https:\/\/form-klar.de\/schorcht\/wp-json\/wp\/v2\/media?parent=1188"}],"curies":[{"name":"wp","href":"https:\/\/api.w.org\/{rel}","templated":true}]}}