{"id":1180,"date":"2017-08-23T10:29:14","date_gmt":"2017-08-23T10:29:14","guid":{"rendered":"https:\/\/form-klar.de\/schorcht\/?page_id=1180"},"modified":"2017-08-23T10:35:39","modified_gmt":"2017-08-23T10:35:39","slug":"laserbearbeitung","status":"publish","type":"page","link":"https:\/\/form-klar.de\/schorcht\/laserbearbeitung\/","title":{"rendered":"Laserbearbeitung"},"content":{"rendered":"<h2>Laserbearbeitung<\/h2>\n<h2>Das Laserzentrum Schorcht ist Ihr Profi f\u00fcr Laserbearbeitung<\/h2>\n<p>Sie suchen Lohnfertiger im Bereich Laserbearbeitung? Wir sind Ihr Partner! Setzen Sie auf unsere Kompetenz. Wir arbeiten f\u00fcr viele Branchen haben. Seit 20 Jahren sind wir erfolgreich am Markt. Profitieren Sie davon. F\u00fcr die Laserbearbeitung brauchen Sie einen Dienstleister, der sein Handwerk versteht. Insbesondere in der <a href=\"https:\/\/form-klar.de\/schorcht\/laserschweissen\/lohnfertigung\/\">Lohnfertigung <\/a>sind Sie auf einen Partner angewiesen, der Sie direkt in Ihrer Produktentwicklung unterst\u00fctzt. Von der Entwicklung \u00fcber die Bearbeitung bis zum kompletten Herstellen von Baugruppen und Produkten reichen unsere Leistungen.<\/p>\n<h3>Was bieten wir Ihnen konkret in der Laserbearbeitung?<\/h3>\n<p>Laserbearbeitung: Das hei\u00dft, wir bearbeiten eine gro\u00dfe Bandbreite von Materialien in Ihrem Auftrag. Lohnunternehmen wie wir sind in der Technik und im Maschinenpark besonders breit aufgestellt. Fragen Sie uns an f\u00fcr Laserschneiden und <a href=\"https:\/\/form-klar.de\/schorcht\/laserschweissen\/\">Laserschwei\u00dfen <\/a>sowie das Beschriften und Bohren mit dem Laser. F\u00fcr diese gro\u00dfe Vielfalt an Leistungen bieten wir Ihnen die passende leistungsstarke Technik. 14 Laseranlagen stehen f\u00fcr Ihren Auftrag in der Lohnfertigung zur Verf\u00fcgung.<\/p>\n<h3>Qualit\u00e4t z\u00e4hlt \u2013 besonders in der Laserbearbeitung<\/h3>\n<p>Als Laserzentrum garantieren wir Ihnen Qualit\u00e4t. Nat\u00fcrlich verf\u00fcgen wir \u00fcber ein Qualit\u00e4tsmanagement, einen eigenen Werkzeugbau sowie \u00fcber ein Labor. Bei der Laserbearbeitung von Rohren k\u00f6nnen wir auf beste Referenzen verweisen. Viele Produkte haben wir bereits f\u00fcr Kunden aus der Chemischen Industrie, dem Automobilbau, dem Maschinenbau und der Medizintechnik produziert. Kontaktieren Sie unsere Ansprechpartner.<\/p>\n<h3>Laserbearbeitung und Werkzeug-Bearbeitung<\/h3>\n<p>Nutzen Sie f\u00fcr Auftr\u00e4ge in der Laserbearbeitung unsere 3D-Laseanlagen, <strong>unsere Nd-YAG-Laser, unsere CO2-Hochleistungslaser<\/strong> und Faserlaser in verschiedenen Ausf\u00fchrungen \u2013 z.B. auch mit Roboterf\u00fchrung. Dazu bieten wir Ihnen auch einen kompletten Maschinenpark aus dem Werkzeugbau. F\u00fcr das Finish Ihrer Bauteile und Werkzeuge setzen wir Schleifmaschinen mit automatischer Trocknung ein.<\/p>\n<h3>Partnerschaft f\u00fcr Ihren Erfolg \u2013 mit Laserbearbeitung schnell und effektiv herstellen<\/h3>\n<p>Wir m\u00f6chten Ihnen unsere Partnerschaft anbieten. Arbeiten wir gemeinsam erfolgreich an Ihrem Produkt! Setzen Sie unser Know-how in der Laserbearbeitung effektiv beim Herstellen von <strong>Werkzeugen<\/strong>, <strong>Rohrverbindungen<\/strong> und anderen Vorhaben ein. Wir haben schon in der Phase der Entwicklung eng mit Ihnen zusammen.<br \/>\nDie Vorteile der Laserbearbeitung liegen auf der Hand. Hohe <a href=\"https:\/\/de.wikipedia.org\/wiki\/Temperatur\" target=\"_blank\" rel=\"noopener\">Temperaturen <\/a> treten nur kurzzeitig und auf einer klar definierten Fl\u00e4che auf. Das Ergebnis ist bekannt: Werkst\u00fccke haben einen geringen Verzug, die Nahtgeometrien sind sehr variabel. Mit hochmodernen Laserverfahren starten Sie in die Zukunft! Sparen Sie Kosten und machen Sie Ihre Produktion mit einem kompetenten Lohnunternehmen effektiver!<\/p>\n","protected":false},"excerpt":{"rendered":"<p>Laserbearbeitung Das Laserzentrum Schorcht ist Ihr Profi f\u00fcr Laserbearbeitung Sie suchen Lohnfertiger im Bereich Laserbearbeitung? Wir sind Ihr Partner! Setzen Sie auf unsere Kompetenz. Wir [&hellip;]<\/p>\n","protected":false},"author":9,"featured_media":0,"parent":0,"menu_order":0,"comment_status":"closed","ping_status":"closed","template":"","meta":{"ngg_post_thumbnail":0,"footnotes":"","_links_to":"","_links_to_target":""},"yoast_head":"<!-- This site is optimized with the Yoast SEO plugin v22.5 - https:\/\/yoast.com\/wordpress\/plugins\/seo\/ -->\n<title>Laserbearbeitung vom Profi | LASERZENTRUM SCHORCHT<\/title>\n<meta name=\"description\" content=\"Laserbearbeitung? Sie suchen Lohnfertiger im Bereich Laserbearbeitung? Wir sind Ihr Partner! Setzen Sie auf unsere Kompetenz.\" \/>\n<meta name=\"robots\" content=\"noindex, follow, max-snippet:-1, max-image-preview:large, max-video-preview:-1\" \/>\n<meta property=\"og:locale\" content=\"de_DE\" \/>\n<meta property=\"og:type\" content=\"article\" \/>\n<meta property=\"og:title\" content=\"Laserbearbeitung vom Profi | LASERZENTRUM SCHORCHT\" \/>\n<meta property=\"og:description\" content=\"Laserbearbeitung? Sie suchen Lohnfertiger im Bereich Laserbearbeitung? Wir sind Ihr Partner! Setzen Sie auf unsere Kompetenz.\" \/>\n<meta property=\"og:url\" content=\"https:\/\/form-klar.de\/schorcht\/laserbearbeitung\/\" \/>\n<meta property=\"og:site_name\" content=\"Laserzentrum Schorcht\" \/>\n<meta property=\"article:modified_time\" content=\"2017-08-23T10:35:39+00:00\" \/>\n<meta name=\"twitter:label1\" content=\"Gesch\u00e4tzte Lesezeit\" \/>\n\t<meta name=\"twitter:data1\" content=\"2\u00a0Minuten\" \/>\n<script type=\"application\/ld+json\" class=\"yoast-schema-graph\">{\"@context\":\"https:\/\/schema.org\",\"@graph\":[{\"@type\":\"WebPage\",\"@id\":\"https:\/\/form-klar.de\/schorcht\/laserbearbeitung\/\",\"url\":\"https:\/\/form-klar.de\/schorcht\/laserbearbeitung\/\",\"name\":\"Laserbearbeitung vom Profi | LASERZENTRUM SCHORCHT\",\"isPartOf\":{\"@id\":\"https:\/\/form-klar.de\/schorcht\/#website\"},\"datePublished\":\"2017-08-23T10:29:14+00:00\",\"dateModified\":\"2017-08-23T10:35:39+00:00\",\"description\":\"Laserbearbeitung? Sie suchen Lohnfertiger im Bereich Laserbearbeitung? Wir sind Ihr Partner! Setzen Sie auf unsere Kompetenz.\",\"inLanguage\":\"de\",\"potentialAction\":[{\"@type\":\"ReadAction\",\"target\":[\"https:\/\/form-klar.de\/schorcht\/laserbearbeitung\/\"]}]},{\"@type\":\"WebSite\",\"@id\":\"https:\/\/form-klar.de\/schorcht\/#website\",\"url\":\"https:\/\/form-klar.de\/schorcht\/\",\"name\":\"Laserzentrum Schorcht\",\"description\":\"Lohnfertigung in der Lasermaterialbearbeitung - 12 Laseranlagen\",\"potentialAction\":[{\"@type\":\"SearchAction\",\"target\":{\"@type\":\"EntryPoint\",\"urlTemplate\":\"https:\/\/form-klar.de\/schorcht\/?s={search_term_string}\"},\"query-input\":\"required name=search_term_string\"}],\"inLanguage\":\"de\"}]}<\/script>\n<!-- \/ Yoast SEO plugin. -->","yoast_head_json":{"title":"Laserbearbeitung vom Profi | LASERZENTRUM SCHORCHT","description":"Laserbearbeitung? Sie suchen Lohnfertiger im Bereich Laserbearbeitung? Wir sind Ihr Partner! Setzen Sie auf unsere Kompetenz.","robots":{"index":"noindex","follow":"follow","max-snippet":"max-snippet:-1","max-image-preview":"max-image-preview:large","max-video-preview":"max-video-preview:-1"},"og_locale":"de_DE","og_type":"article","og_title":"Laserbearbeitung vom Profi | LASERZENTRUM SCHORCHT","og_description":"Laserbearbeitung? Sie suchen Lohnfertiger im Bereich Laserbearbeitung? Wir sind Ihr Partner! Setzen Sie auf unsere Kompetenz.","og_url":"https:\/\/form-klar.de\/schorcht\/laserbearbeitung\/","og_site_name":"Laserzentrum Schorcht","article_modified_time":"2017-08-23T10:35:39+00:00","twitter_misc":{"Gesch\u00e4tzte Lesezeit":"2\u00a0Minuten"},"schema":{"@context":"https:\/\/schema.org","@graph":[{"@type":"WebPage","@id":"https:\/\/form-klar.de\/schorcht\/laserbearbeitung\/","url":"https:\/\/form-klar.de\/schorcht\/laserbearbeitung\/","name":"Laserbearbeitung vom Profi | LASERZENTRUM SCHORCHT","isPartOf":{"@id":"https:\/\/form-klar.de\/schorcht\/#website"},"datePublished":"2017-08-23T10:29:14+00:00","dateModified":"2017-08-23T10:35:39+00:00","description":"Laserbearbeitung? Sie suchen Lohnfertiger im Bereich Laserbearbeitung? Wir sind Ihr Partner! Setzen Sie auf unsere Kompetenz.","inLanguage":"de","potentialAction":[{"@type":"ReadAction","target":["https:\/\/form-klar.de\/schorcht\/laserbearbeitung\/"]}]},{"@type":"WebSite","@id":"https:\/\/form-klar.de\/schorcht\/#website","url":"https:\/\/form-klar.de\/schorcht\/","name":"Laserzentrum Schorcht","description":"Lohnfertigung in der Lasermaterialbearbeitung - 12 Laseranlagen","potentialAction":[{"@type":"SearchAction","target":{"@type":"EntryPoint","urlTemplate":"https:\/\/form-klar.de\/schorcht\/?s={search_term_string}"},"query-input":"required name=search_term_string"}],"inLanguage":"de"}]}},"_links":{"self":[{"href":"https:\/\/form-klar.de\/schorcht\/wp-json\/wp\/v2\/pages\/1180"}],"collection":[{"href":"https:\/\/form-klar.de\/schorcht\/wp-json\/wp\/v2\/pages"}],"about":[{"href":"https:\/\/form-klar.de\/schorcht\/wp-json\/wp\/v2\/types\/page"}],"author":[{"embeddable":true,"href":"https:\/\/form-klar.de\/schorcht\/wp-json\/wp\/v2\/users\/9"}],"replies":[{"embeddable":true,"href":"https:\/\/form-klar.de\/schorcht\/wp-json\/wp\/v2\/comments?post=1180"}],"version-history":[{"count":5,"href":"https:\/\/form-klar.de\/schorcht\/wp-json\/wp\/v2\/pages\/1180\/revisions"}],"predecessor-version":[{"id":1186,"href":"https:\/\/form-klar.de\/schorcht\/wp-json\/wp\/v2\/pages\/1180\/revisions\/1186"}],"wp:attachment":[{"href":"https:\/\/form-klar.de\/schorcht\/wp-json\/wp\/v2\/media?parent=1180"}],"curies":[{"name":"wp","href":"https:\/\/api.w.org\/{rel}","templated":true}]}}