{"id":1155,"date":"2017-07-14T14:59:34","date_gmt":"2017-07-14T14:59:34","guid":{"rendered":"https:\/\/form-klar.de\/schorcht\/?page_id=1155"},"modified":"2018-04-16T16:28:35","modified_gmt":"2018-04-16T16:28:35","slug":"laserschneiden-thueringen","status":"publish","type":"page","link":"https:\/\/form-klar.de\/schorcht\/laserschneiden-thueringen\/","title":{"rendered":"Laserschneiden Th\u00fcringen"},"content":{"rendered":"<h1>Laserschneiden Th\u00fcringen<\/h1>\n<h2>Kompetenz beim Laserschneiden aus und f\u00fcr Th\u00fcringen<\/h2>\n<p>Laserschneiden ist unsere Profession. Wir sind ein kompetentes Unternehmen in Th\u00fcringen und <a href=\"https:\/\/form-klar.de\/schorcht\/laserabtragen-lohnfertigung\/\">Lohnfertiger <\/a>f\u00fcr Laserschneiden und Laserschwei\u00dfen. Nutzen sie die Power unseres Laserzentrums. Neben dem Laserschwei\u00dfen und <a href=\"https:\/\/form-klar.de\/schorcht\/laserschneiden-lohnfertigung\/\">Laserschneiden <\/a>k\u00fcmmern wir uns nat\u00fcrlich auch um professionelles Gravieren und Beschriften von Werkzeugen sowie um die Werkzeugreparatur f\u00fcr Kunden in Th\u00fcringen und dar\u00fcber hinaus.<\/p>\n<p><img decoding=\"async\" class=\"lazyload alignnone size-full wp-image-1261\" src=\"https:\/\/form-klar.de\/schorcht\/wp-content\/uploads\/2018\/04\/laserschneiden-lohn2.jpg\" data-orig-src=\"https:\/\/form-klar.de\/schorcht\/wp-content\/uploads\/2018\/04\/laserschneiden-lohn2.jpg\" alt=\"Laserschneiden Th\u00fcringen\" width=\"820\" height=\"243\" srcset=\"data:image\/svg+xml,%3Csvg%20xmlns%3D%27http%3A%2F%2Fwww.w3.org%2F2000%2Fsvg%27%20width%3D%27820%27%20height%3D%27243%27%20viewBox%3D%270%200%20820%20243%27%3E%3Crect%20width%3D%27820%27%20height%3D%27243%27%20fill-opacity%3D%220%22%2F%3E%3C%2Fsvg%3E\" data-srcset=\"https:\/\/form-klar.de\/schorcht\/wp-content\/uploads\/2018\/04\/laserschneiden-lohn2-200x59.jpg 200w, https:\/\/form-klar.de\/schorcht\/wp-content\/uploads\/2018\/04\/laserschneiden-lohn2-300x89.jpg 300w, https:\/\/form-klar.de\/schorcht\/wp-content\/uploads\/2018\/04\/laserschneiden-lohn2-400x119.jpg 400w, https:\/\/form-klar.de\/schorcht\/wp-content\/uploads\/2018\/04\/laserschneiden-lohn2-600x178.jpg 600w, https:\/\/form-klar.de\/schorcht\/wp-content\/uploads\/2018\/04\/laserschneiden-lohn2-768x228.jpg 768w, https:\/\/form-klar.de\/schorcht\/wp-content\/uploads\/2018\/04\/laserschneiden-lohn2-800x237.jpg 800w, https:\/\/form-klar.de\/schorcht\/wp-content\/uploads\/2018\/04\/laserschneiden-lohn2.jpg 820w\" data-sizes=\"auto\" data-orig-sizes=\"(max-width: 820px) 100vw, 820px\" \/><\/p>\n<h3>Auftr\u00e4ge f\u00fcr f\u00fcr Laserschneiden gehen nach Th\u00fcringen<\/h3>\n<p>Sie m\u00f6chten bei uns, dem Spezialist f\u00fcr Laserschneiden in Th\u00fcringen beauftragen? Unser Team steht Ihnen sofort mit unserer Lasertechnologie zur Verf\u00fcgung. Hier mit dem Standort in der Mitte Deutschlands k\u00f6nnen wir schnell und spezialisiert f\u00fcr Sie Auftr\u00e4ge im Lohnschneiden erledigen. Nutzen Sie die Power unserer 14 Laseranlagen. Dar\u00fcber hinaus bieten wir Ihnen hochqualitative Prozesse und Lieferbedingungen &#8211; denn wir arbeiten selbstverst\u00e4ndlich nach einem Qualit\u00e4tsmanagementsystem. Weitere Argumente f\u00fcr Ihre Auftragsvergabe: Wir bieten wir Ihnen einen inhouse Werkzeugbau sowie ein Labor um sichere und schnelle Produktentwicklungen zu gew\u00e4hrleisten.<\/p>\n<h3>Nutzen Sie die Erfahrung, die Sicherheit, die Pr\u00e4zision und das Know-how f\u00fcr Th\u00fcringen<\/h3>\n<p>Auftr\u00e4ge im Laserschneiden k\u00f6nnen wir parallel auf vier Laserschneidanlagen durchf\u00fchren. Beim CNC Laserschneiden bewegt sich der Laserstrahl entlang vorprogrammierter Pfade und erreicht so eine sehr hohe Pr\u00e4zision. Das der Schnittspalt kaum breiter als der Laser ist (etwa 20 \u00b5m breit) werden alle Werkzeugteile sehr pr\u00e4zise geschnitten und es ist kaum Nachbearbeitung der Teile beim Laserschneiden notwendig. Wir bieten Ihnen also beim Laserschneiden eine gro\u00dfe Erfahrungsbreite aus 20 Jahren Laseranlagenbetrieb, dazu eine zertifizierte organisatorische und technische Sicherheit sowie eine hohe technische Pr\u00e4zision. Nutzen Sie diese Vorteile bei einem Laserlohnbetrieb in Th\u00fcringen. Wir halten unsere gro\u00dfen Kapazit\u00e4ten f\u00fcr Sie bereit. Nutzen Sie diese Fertigkeiten beim Laserschneiden und machen Sie Ihre Werkzeugproduktion oder Ihre Werkstra\u00dfe effektiver und sicherer gegen Ausf\u00e4lle. Wir sind schnell zugegen bei der Werkzeugreparatur und bei der Werkzeugentwicklung in Ihrem Auftrag.<\/p>\n<h3>Unternehmen in Th\u00fcringen &#8211; Spezielle Auftr\u00e4ge f\u00fcr Laserschneiden<\/h3>\n<p>Welche besonderen Leistungen beim Laserschneiden bieten wir hier in Th\u00fcringen an? Das Flachbettschneiden mit dem Laser hat den Vorteil, dass wir auch Gro\u00dfformate pr\u00e4zise schneiden k\u00f6nnen. Damit ist der Bereich Makroschneiden abgedeckt. Unsere Besonderheit: Wir k\u00f6nnen auch Teile in der Gr\u00f6\u00dfe eines Stecknadelkopfes f\u00fcr Sie schneiden. Sogar eine sehr pr\u00e4zise Bohrung k\u00f6nnen wir in diese Werkzeuggr\u00f6\u00dfe setzen. Wir nutzen so Verfahren zum Mikroschneiden mit dem Laser.<\/p>\n<h3>Ihr Ansprechpartner f\u00fcr das Laserschneiden in Th\u00fcringen<\/h3>\n<p>Wir schneiden Rohre bis zu 260 mm L\u00e4nge, bis zu einem Durchmesser von 400 mm und erreichen Dicken bis zu 12 mm. Nutzen Sie nat\u00fcrlich die Vorteile des ber\u00fchrungslosen Laserschneidens mit seiner fast verformungsfreien Bearbeitungsqualit\u00e4t.<\/p>\n","protected":false},"excerpt":{"rendered":"<p>Laserschneiden Th\u00fcringen Kompetenz beim Laserschneiden aus und f\u00fcr Th\u00fcringen Laserschneiden ist unsere Profession. Wir sind ein kompetentes Unternehmen in Th\u00fcringen und Lohnfertiger f\u00fcr Laserschneiden und [&hellip;]<\/p>\n","protected":false},"author":9,"featured_media":0,"parent":0,"menu_order":0,"comment_status":"closed","ping_status":"closed","template":"","meta":{"ngg_post_thumbnail":0,"footnotes":"","_links_to":"","_links_to_target":""},"yoast_head":"<!-- This site is optimized with the Yoast SEO plugin v22.5 - https:\/\/yoast.com\/wordpress\/plugins\/seo\/ -->\n<title>Laserschneiden Th\u00fcringen | Laserzentrum Schorcht<\/title>\n<meta name=\"robots\" content=\"noindex, follow, max-snippet:-1, max-image-preview:large, max-video-preview:-1\" \/>\n<meta property=\"og:locale\" content=\"de_DE\" \/>\n<meta property=\"og:type\" content=\"article\" \/>\n<meta property=\"og:title\" content=\"Laserschneiden Th\u00fcringen | Laserzentrum Schorcht\" \/>\n<meta property=\"og:description\" content=\"Laserschneiden Th\u00fcringen Kompetenz beim Laserschneiden aus und f\u00fcr Th\u00fcringen Laserschneiden ist unsere Profession. Wir sind ein kompetentes Unternehmen in Th\u00fcringen und Lohnfertiger f\u00fcr Laserschneiden und [&hellip;]\" \/>\n<meta property=\"og:url\" content=\"https:\/\/form-klar.de\/schorcht\/laserschneiden-thueringen\/\" \/>\n<meta property=\"og:site_name\" content=\"Laserzentrum Schorcht\" \/>\n<meta property=\"article:modified_time\" content=\"2018-04-16T16:28:35+00:00\" \/>\n<meta property=\"og:image\" content=\"https:\/\/form-klar.de\/schorcht\/wp-content\/uploads\/2018\/04\/laserschneiden-lohn2.jpg\" \/>\n<meta name=\"twitter:label1\" content=\"Gesch\u00e4tzte Lesezeit\" \/>\n\t<meta name=\"twitter:data1\" content=\"2\u00a0Minuten\" \/>\n<script type=\"application\/ld+json\" class=\"yoast-schema-graph\">{\"@context\":\"https:\/\/schema.org\",\"@graph\":[{\"@type\":\"WebPage\",\"@id\":\"https:\/\/form-klar.de\/schorcht\/laserschneiden-thueringen\/\",\"url\":\"https:\/\/form-klar.de\/schorcht\/laserschneiden-thueringen\/\",\"name\":\"Laserschneiden Th\u00fcringen | Laserzentrum Schorcht\",\"isPartOf\":{\"@id\":\"https:\/\/form-klar.de\/schorcht\/#website\"},\"primaryImageOfPage\":{\"@id\":\"https:\/\/form-klar.de\/schorcht\/laserschneiden-thueringen\/#primaryimage\"},\"image\":{\"@id\":\"https:\/\/form-klar.de\/schorcht\/laserschneiden-thueringen\/#primaryimage\"},\"thumbnailUrl\":\"https:\/\/form-klar.de\/schorcht\/wp-content\/uploads\/2018\/04\/laserschneiden-lohn2.jpg\",\"datePublished\":\"2017-07-14T14:59:34+00:00\",\"dateModified\":\"2018-04-16T16:28:35+00:00\",\"inLanguage\":\"de\",\"potentialAction\":[{\"@type\":\"ReadAction\",\"target\":[\"https:\/\/form-klar.de\/schorcht\/laserschneiden-thueringen\/\"]}]},{\"@type\":\"ImageObject\",\"inLanguage\":\"de\",\"@id\":\"https:\/\/form-klar.de\/schorcht\/laserschneiden-thueringen\/#primaryimage\",\"url\":\"https:\/\/form-klar.de\/schorcht\/wp-content\/uploads\/2018\/04\/laserschneiden-lohn2.jpg\",\"contentUrl\":\"https:\/\/form-klar.de\/schorcht\/wp-content\/uploads\/2018\/04\/laserschneiden-lohn2.jpg\",\"width\":820,\"height\":243},{\"@type\":\"WebSite\",\"@id\":\"https:\/\/form-klar.de\/schorcht\/#website\",\"url\":\"https:\/\/form-klar.de\/schorcht\/\",\"name\":\"Laserzentrum Schorcht\",\"description\":\"Lohnfertigung in der Lasermaterialbearbeitung - 12 Laseranlagen\",\"potentialAction\":[{\"@type\":\"SearchAction\",\"target\":{\"@type\":\"EntryPoint\",\"urlTemplate\":\"https:\/\/form-klar.de\/schorcht\/?s={search_term_string}\"},\"query-input\":\"required name=search_term_string\"}],\"inLanguage\":\"de\"}]}<\/script>\n<!-- \/ Yoast SEO plugin. -->","yoast_head_json":{"title":"Laserschneiden Th\u00fcringen | Laserzentrum Schorcht","robots":{"index":"noindex","follow":"follow","max-snippet":"max-snippet:-1","max-image-preview":"max-image-preview:large","max-video-preview":"max-video-preview:-1"},"og_locale":"de_DE","og_type":"article","og_title":"Laserschneiden Th\u00fcringen | Laserzentrum Schorcht","og_description":"Laserschneiden Th\u00fcringen Kompetenz beim Laserschneiden aus und f\u00fcr Th\u00fcringen Laserschneiden ist unsere Profession. Wir sind ein kompetentes Unternehmen in Th\u00fcringen und Lohnfertiger f\u00fcr Laserschneiden und [&hellip;]","og_url":"https:\/\/form-klar.de\/schorcht\/laserschneiden-thueringen\/","og_site_name":"Laserzentrum Schorcht","article_modified_time":"2018-04-16T16:28:35+00:00","og_image":[{"url":"https:\/\/form-klar.de\/schorcht\/wp-content\/uploads\/2018\/04\/laserschneiden-lohn2.jpg"}],"twitter_misc":{"Gesch\u00e4tzte Lesezeit":"2\u00a0Minuten"},"schema":{"@context":"https:\/\/schema.org","@graph":[{"@type":"WebPage","@id":"https:\/\/form-klar.de\/schorcht\/laserschneiden-thueringen\/","url":"https:\/\/form-klar.de\/schorcht\/laserschneiden-thueringen\/","name":"Laserschneiden Th\u00fcringen | Laserzentrum Schorcht","isPartOf":{"@id":"https:\/\/form-klar.de\/schorcht\/#website"},"primaryImageOfPage":{"@id":"https:\/\/form-klar.de\/schorcht\/laserschneiden-thueringen\/#primaryimage"},"image":{"@id":"https:\/\/form-klar.de\/schorcht\/laserschneiden-thueringen\/#primaryimage"},"thumbnailUrl":"https:\/\/form-klar.de\/schorcht\/wp-content\/uploads\/2018\/04\/laserschneiden-lohn2.jpg","datePublished":"2017-07-14T14:59:34+00:00","dateModified":"2018-04-16T16:28:35+00:00","inLanguage":"de","potentialAction":[{"@type":"ReadAction","target":["https:\/\/form-klar.de\/schorcht\/laserschneiden-thueringen\/"]}]},{"@type":"ImageObject","inLanguage":"de","@id":"https:\/\/form-klar.de\/schorcht\/laserschneiden-thueringen\/#primaryimage","url":"https:\/\/form-klar.de\/schorcht\/wp-content\/uploads\/2018\/04\/laserschneiden-lohn2.jpg","contentUrl":"https:\/\/form-klar.de\/schorcht\/wp-content\/uploads\/2018\/04\/laserschneiden-lohn2.jpg","width":820,"height":243},{"@type":"WebSite","@id":"https:\/\/form-klar.de\/schorcht\/#website","url":"https:\/\/form-klar.de\/schorcht\/","name":"Laserzentrum Schorcht","description":"Lohnfertigung in der Lasermaterialbearbeitung - 12 Laseranlagen","potentialAction":[{"@type":"SearchAction","target":{"@type":"EntryPoint","urlTemplate":"https:\/\/form-klar.de\/schorcht\/?s={search_term_string}"},"query-input":"required name=search_term_string"}],"inLanguage":"de"}]}},"_links":{"self":[{"href":"https:\/\/form-klar.de\/schorcht\/wp-json\/wp\/v2\/pages\/1155"}],"collection":[{"href":"https:\/\/form-klar.de\/schorcht\/wp-json\/wp\/v2\/pages"}],"about":[{"href":"https:\/\/form-klar.de\/schorcht\/wp-json\/wp\/v2\/types\/page"}],"author":[{"embeddable":true,"href":"https:\/\/form-klar.de\/schorcht\/wp-json\/wp\/v2\/users\/9"}],"replies":[{"embeddable":true,"href":"https:\/\/form-klar.de\/schorcht\/wp-json\/wp\/v2\/comments?post=1155"}],"version-history":[{"count":3,"href":"https:\/\/form-klar.de\/schorcht\/wp-json\/wp\/v2\/pages\/1155\/revisions"}],"predecessor-version":[{"id":1264,"href":"https:\/\/form-klar.de\/schorcht\/wp-json\/wp\/v2\/pages\/1155\/revisions\/1264"}],"wp:attachment":[{"href":"https:\/\/form-klar.de\/schorcht\/wp-json\/wp\/v2\/media?parent=1155"}],"curies":[{"name":"wp","href":"https:\/\/api.w.org\/{rel}","templated":true}]}}