{"id":1117,"date":"2017-05-15T06:58:32","date_gmt":"2017-05-15T06:58:32","guid":{"rendered":"https:\/\/form-klar.de\/schorcht\/?page_id=1117"},"modified":"2017-08-07T14:29:19","modified_gmt":"2017-08-07T14:29:19","slug":"laserabtragen-lohnfertigung","status":"publish","type":"page","link":"https:\/\/form-klar.de\/schorcht\/laserabtragen-lohnfertigung\/","title":{"rendered":"Laserabtragen Lohnfertigung"},"content":{"rendered":"<h1>Laserabtragen in der Lohnfertigung &nbsp;&#8211; nutzen Sie unser professionelles Know-how<\/h1>\n<p>Wenn es um Pr\u00e4zision und die Bearbeitung durch <strong>Laser<\/strong> geht, sind wir Ihr professioneller Ansprechpartner. Nutzen Sie die schnelle Auftragserledigung eines externen Dienstleisters in Sachen <strong>Laserabtragen Lohnfertigung<\/strong>. Hier in der Region bieten wir einen einzigartigen Service mit einem immer aktuell ausger\u00fcsteten Laserzentrum. Alle Aufgaben erledigen wir zuverl\u00e4ssig im vorgegebenen Zeitrahmen. Schnell wird Ihr Auftrag wieder an Ihre Adresse geliefert. Unsere speziellen Leistungen sind Laserschneiden, <a href=\"https:\/\/form-klar.de\/schorcht\/laserschweissen\/lohnfertigung\/\">Laserschwei\u00dfen<\/a>, Laserbeschriften, Laserbohren, Rohrbearbeitung und das Laserabtragen.<\/p>\n<p>Auch f\u00fcr die Leistungen des Lasergravierens, CNC-Fr\u00e4sens und Laseraufsch\u00e4umens sind wir die Profis in Ihrer Region. Insbesondere wenn es schnell gehen soll und sie m\u00f6glicherweise nicht die n\u00f6tigen Kapazit\u00e4ten frei halten k\u00f6nnen, sollten Sie einen Lohnfertiger ins Boot holen, der Ihnen professionell und in k\u00fcrzester Zeit die notwenigen Arbeitsvorg\u00e4nge prompt durchf\u00fchren kann.<\/p>\n<h3>Laserabtragen Lohnfertigung &#8211; Immer beste Qualit\u00e4t und Sicherheit f\u00fcr Ihr Unternehmen und Ihr Produkt<\/h3>\n<p>Wir sind Ihr Lohnfertiger und Auftragshersteller, um Ihre Produkte kosteng\u00fcnstig und in hoher Qualit\u00e4t fertig zu stellen. Lagern Sie jetzt Ihre CNC- und Laser-Arbeitsprozesse aus. Outsourcing ist ein wichtiger Schritt um zum Beispiel die Kosten in Ihrem Unternehmen niedrig zu halten, ohne Abstriche in Qualit\u00e4t und Schnelligkeit zu machen. Auch wenn Sie in Ihrem Unternehmen nicht die Qualit\u00e4t gew\u00e4hrleisten k\u00f6nnen, die unsere Laserprofis bieten k\u00f6nnen, sollten Sie sich f\u00fcr das Laserzentrum Schorcht entscheiden. Fehlt die notwendige Technologie im Unternehmen, helfen wir Ihnen mit unseren vielf\u00e4ltigen technologischen M\u00f6glichkeiten aus. Wir sind in unserem Laserzentrum auf <a href=\"https:\/\/form-klar.de\/schorcht\/laserbeschriftung-lohnfertigung\/\">Laseranwendungen <\/a>spezialisiert und bieten Ihnen auch aufgrund unseres hohen Durchsatzes ein sehr gutes Preis-Leistungsverh\u00e4ltnis. Im Gegensatz zu einer Auslagerung der Lohnfertigung im Ausland bieten wir Ihnen Zuverl\u00e4ssigkeit im Lieferprozess, stabile Qualit\u00e4t und zeitnahe Verf\u00fcgbarkeit der Leistung.<\/p>\n<h3>Besonders beim Laserabtragen in der Lohnfertigung kommt es auf h\u00f6chste Pr\u00e4zision an<\/h3>\n<p>Beim Entfernen d\u00fcnner Schichten durch Laser kommt es ganz besonders auf Pr\u00e4zision an. Beim Laserabtragen werden genau definierte Dicken oder auch Layer eines Werkst\u00fccks entfernt und abgetragen. Dabei d\u00fcrfen nat\u00fcrlich keine Sch\u00e4den entstehen oder zu viel Substrat entfernt werden. Laserabtragen dient der genauen D\u00fcnnschichtstrukturierung eines Werkst\u00fcckes. Dabei werden ausschlie\u00dflich Laser mit qualitativ hochwertiger Strahlqualit\u00e4t verwendet. Zum Einsatz kommt das Laserabtragen beispielsweise bei der Strukturierung von Solarzellen oder Silizium-Wavern. In der Elektronikindustrie eignen sich insbesondere CO<sub>2<\/sub>-Laser, um einen sehr feinen Abtrag von Kunststoffschichten zu erm\u00f6glichen. Der Laser wird sehr genau und pr\u00e4zise \u00fcber dem Werkst\u00fcck positioniert, um das Material gezielt abzutragen. Insbesondere werden bei dieser Anwendungsform Kabelisolierungen partiell entfernt. Das Besondere ist, dass das Kernmaterial unbesch\u00e4digt bleibt und keine Kratzer im Material hinterlassen werden. Auch der W\u00e4rmeeintrag beim Laserabtragen ist minimal.<\/p>\n<p><strong>Wir sind Ihr externer Spezialist f\u00fcr das Laserabtragen!<\/strong><\/p>\n","protected":false},"excerpt":{"rendered":"<p>Laserabtragen in der Lohnfertigung &nbsp;&#8211; nutzen Sie unser professionelles Know-how Wenn es um Pr\u00e4zision und die Bearbeitung durch Laser geht, sind wir Ihr professioneller Ansprechpartner. [&hellip;]<\/p>\n","protected":false},"author":9,"featured_media":0,"parent":0,"menu_order":0,"comment_status":"closed","ping_status":"closed","template":"","meta":{"ngg_post_thumbnail":0,"footnotes":"","_links_to":"","_links_to_target":""},"yoast_head":"<!-- This site is optimized with the Yoast SEO plugin v22.5 - https:\/\/yoast.com\/wordpress\/plugins\/seo\/ -->\n<title>Laserabtragen Lohnfertigung - Experten f\u00fcr Laserschwei\u00dfen und Laserschneiden<\/title>\n<meta name=\"description\" content=\"Laserabtragen Lohnfertigung? Schorcht. \u2713 20 Jahre Kompetenz \u2713 T\u00dcV-Zertifizierung nach DIN EN ISO\/TS 16949 \u2713 14 Laseranlagen \u2713 eigener Werkzeugbau\" \/>\n<meta name=\"robots\" content=\"noindex, follow, max-snippet:-1, max-image-preview:large, max-video-preview:-1\" \/>\n<meta property=\"og:locale\" content=\"de_DE\" \/>\n<meta property=\"og:type\" content=\"article\" \/>\n<meta property=\"og:title\" content=\"Laserabtragen Lohnfertigung - Experten f\u00fcr Laserschwei\u00dfen und Laserschneiden\" \/>\n<meta property=\"og:description\" content=\"Laserabtragen Lohnfertigung? Schorcht. \u2713 20 Jahre Kompetenz \u2713 T\u00dcV-Zertifizierung nach DIN EN ISO\/TS 16949 \u2713 14 Laseranlagen \u2713 eigener Werkzeugbau\" \/>\n<meta property=\"og:url\" content=\"https:\/\/form-klar.de\/schorcht\/laserabtragen-lohnfertigung\/\" \/>\n<meta property=\"og:site_name\" content=\"Laserzentrum Schorcht\" \/>\n<meta property=\"article:modified_time\" content=\"2017-08-07T14:29:19+00:00\" \/>\n<meta name=\"twitter:label1\" content=\"Gesch\u00e4tzte Lesezeit\" \/>\n\t<meta name=\"twitter:data1\" content=\"2\u00a0Minuten\" \/>\n<script type=\"application\/ld+json\" class=\"yoast-schema-graph\">{\"@context\":\"https:\/\/schema.org\",\"@graph\":[{\"@type\":\"WebPage\",\"@id\":\"https:\/\/form-klar.de\/schorcht\/laserabtragen-lohnfertigung\/\",\"url\":\"https:\/\/form-klar.de\/schorcht\/laserabtragen-lohnfertigung\/\",\"name\":\"Laserabtragen Lohnfertigung - Experten f\u00fcr Laserschwei\u00dfen und Laserschneiden\",\"isPartOf\":{\"@id\":\"https:\/\/form-klar.de\/schorcht\/#website\"},\"datePublished\":\"2017-05-15T06:58:32+00:00\",\"dateModified\":\"2017-08-07T14:29:19+00:00\",\"description\":\"Laserabtragen Lohnfertigung? Schorcht. \u2713 20 Jahre Kompetenz \u2713 T\u00dcV-Zertifizierung nach DIN EN ISO\/TS 16949 \u2713 14 Laseranlagen \u2713 eigener Werkzeugbau\",\"inLanguage\":\"de\",\"potentialAction\":[{\"@type\":\"ReadAction\",\"target\":[\"https:\/\/form-klar.de\/schorcht\/laserabtragen-lohnfertigung\/\"]}]},{\"@type\":\"WebSite\",\"@id\":\"https:\/\/form-klar.de\/schorcht\/#website\",\"url\":\"https:\/\/form-klar.de\/schorcht\/\",\"name\":\"Laserzentrum Schorcht\",\"description\":\"Lohnfertigung in der Lasermaterialbearbeitung - 12 Laseranlagen\",\"potentialAction\":[{\"@type\":\"SearchAction\",\"target\":{\"@type\":\"EntryPoint\",\"urlTemplate\":\"https:\/\/form-klar.de\/schorcht\/?s={search_term_string}\"},\"query-input\":\"required name=search_term_string\"}],\"inLanguage\":\"de\"}]}<\/script>\n<!-- \/ Yoast SEO plugin. -->","yoast_head_json":{"title":"Laserabtragen Lohnfertigung - Experten f\u00fcr Laserschwei\u00dfen und Laserschneiden","description":"Laserabtragen Lohnfertigung? Schorcht. \u2713 20 Jahre Kompetenz \u2713 T\u00dcV-Zertifizierung nach DIN EN ISO\/TS 16949 \u2713 14 Laseranlagen \u2713 eigener Werkzeugbau","robots":{"index":"noindex","follow":"follow","max-snippet":"max-snippet:-1","max-image-preview":"max-image-preview:large","max-video-preview":"max-video-preview:-1"},"og_locale":"de_DE","og_type":"article","og_title":"Laserabtragen Lohnfertigung - Experten f\u00fcr Laserschwei\u00dfen und Laserschneiden","og_description":"Laserabtragen Lohnfertigung? Schorcht. \u2713 20 Jahre Kompetenz \u2713 T\u00dcV-Zertifizierung nach DIN EN ISO\/TS 16949 \u2713 14 Laseranlagen \u2713 eigener Werkzeugbau","og_url":"https:\/\/form-klar.de\/schorcht\/laserabtragen-lohnfertigung\/","og_site_name":"Laserzentrum Schorcht","article_modified_time":"2017-08-07T14:29:19+00:00","twitter_misc":{"Gesch\u00e4tzte Lesezeit":"2\u00a0Minuten"},"schema":{"@context":"https:\/\/schema.org","@graph":[{"@type":"WebPage","@id":"https:\/\/form-klar.de\/schorcht\/laserabtragen-lohnfertigung\/","url":"https:\/\/form-klar.de\/schorcht\/laserabtragen-lohnfertigung\/","name":"Laserabtragen Lohnfertigung - Experten f\u00fcr Laserschwei\u00dfen und Laserschneiden","isPartOf":{"@id":"https:\/\/form-klar.de\/schorcht\/#website"},"datePublished":"2017-05-15T06:58:32+00:00","dateModified":"2017-08-07T14:29:19+00:00","description":"Laserabtragen Lohnfertigung? Schorcht. \u2713 20 Jahre Kompetenz \u2713 T\u00dcV-Zertifizierung nach DIN EN ISO\/TS 16949 \u2713 14 Laseranlagen \u2713 eigener Werkzeugbau","inLanguage":"de","potentialAction":[{"@type":"ReadAction","target":["https:\/\/form-klar.de\/schorcht\/laserabtragen-lohnfertigung\/"]}]},{"@type":"WebSite","@id":"https:\/\/form-klar.de\/schorcht\/#website","url":"https:\/\/form-klar.de\/schorcht\/","name":"Laserzentrum Schorcht","description":"Lohnfertigung in der Lasermaterialbearbeitung - 12 Laseranlagen","potentialAction":[{"@type":"SearchAction","target":{"@type":"EntryPoint","urlTemplate":"https:\/\/form-klar.de\/schorcht\/?s={search_term_string}"},"query-input":"required name=search_term_string"}],"inLanguage":"de"}]}},"_links":{"self":[{"href":"https:\/\/form-klar.de\/schorcht\/wp-json\/wp\/v2\/pages\/1117"}],"collection":[{"href":"https:\/\/form-klar.de\/schorcht\/wp-json\/wp\/v2\/pages"}],"about":[{"href":"https:\/\/form-klar.de\/schorcht\/wp-json\/wp\/v2\/types\/page"}],"author":[{"embeddable":true,"href":"https:\/\/form-klar.de\/schorcht\/wp-json\/wp\/v2\/users\/9"}],"replies":[{"embeddable":true,"href":"https:\/\/form-klar.de\/schorcht\/wp-json\/wp\/v2\/comments?post=1117"}],"version-history":[{"count":6,"href":"https:\/\/form-klar.de\/schorcht\/wp-json\/wp\/v2\/pages\/1117\/revisions"}],"predecessor-version":[{"id":1171,"href":"https:\/\/form-klar.de\/schorcht\/wp-json\/wp\/v2\/pages\/1117\/revisions\/1171"}],"wp:attachment":[{"href":"https:\/\/form-klar.de\/schorcht\/wp-json\/wp\/v2\/media?parent=1117"}],"curies":[{"name":"wp","href":"https:\/\/api.w.org\/{rel}","templated":true}]}}