{"id":1110,"date":"2017-03-17T13:47:34","date_gmt":"2017-03-17T13:47:34","guid":{"rendered":"https:\/\/form-klar.de\/schorcht\/?page_id=1110"},"modified":"2018-04-16T16:25:49","modified_gmt":"2018-04-16T16:25:49","slug":"laserbeschriftung-lohnfertigung","status":"publish","type":"page","link":"https:\/\/form-klar.de\/schorcht\/laserbeschriftung-lohnfertigung\/","title":{"rendered":"Laserbeschriftung Lohnfertigung"},"content":{"rendered":"<h1>Laserbeschriftung Lohnfertigung<\/h1>\n<h2>Wir stellen Ihre Produkte in der Lohnfertigung her und bieten Ihnen hohe Kompetenz in der Laserbeschriftung<\/h2>\n<p><strong>Lohnfertigung<\/strong> hat f\u00fcr unsere Kunden viele Vorteile. Wenn unsere Kunden Dienstleistungen wie zum Beispiel die <a href=\"https:\/\/form-klar.de\/schorcht\/laserbeschriften\/\">Laserbeschriftung<\/a>, CNC-Fr\u00e4sen, aber auch <a href=\"https:\/\/form-klar.de\/schorcht\/laserschneiden\/\">Laserschneiden<\/a>, Lasergravieren und Laseraufsch\u00e4umen an uns in Auftrag geben, k\u00f6nnen sie sicher sein, dass alle Aufgaben im vorgegeben Zeitrahmen und in h\u00f6chster Pr\u00e4zision und Qualit\u00e4t erledigt werden. Besonders sinnvoll ist es, wenn gerade Engp\u00e4sse in Ihrem Unternehmen auftreten und Arbeitsprozesse ausgelagert werden m\u00fcssen. Planen Sie den Arbeitsbeschritt der <a href=\"https:\/\/form-klar.de\/schorcht\/laserbeschriftung-medizintechnik\/\">Laserbeschriftung <\/a>Ihres Produktes oder Werkzeugs auszulagern? Wir m\u00f6chten uns Ihnen als kompetentes Unternehmen in der Lohnfertigung vorstellen. Mit unserer gro\u00dfen Kompetenz, unserem Qualit\u00e4tsbewusstsein und unserer hohen Zuverl\u00e4ssigkeit empfehlen wir uns als Unternehmen, dass schon viele Jahre erfolgreich in der Laserbeschriftung Lohnfertigung t\u00e4tig ist.<\/p>\n<p><img decoding=\"async\" class=\"lazyload alignnone size-full wp-image-1257\" src=\"https:\/\/form-klar.de\/schorcht\/wp-content\/uploads\/2018\/04\/laser-gravur-thueringen2.jpg\" data-orig-src=\"https:\/\/form-klar.de\/schorcht\/wp-content\/uploads\/2018\/04\/laser-gravur-thueringen2.jpg\" alt=\"Laserbeschriftung Lohnfertigung\" width=\"820\" height=\"243\" srcset=\"data:image\/svg+xml,%3Csvg%20xmlns%3D%27http%3A%2F%2Fwww.w3.org%2F2000%2Fsvg%27%20width%3D%27820%27%20height%3D%27243%27%20viewBox%3D%270%200%20820%20243%27%3E%3Crect%20width%3D%27820%27%20height%3D%27243%27%20fill-opacity%3D%220%22%2F%3E%3C%2Fsvg%3E\" data-srcset=\"https:\/\/form-klar.de\/schorcht\/wp-content\/uploads\/2018\/04\/laser-gravur-thueringen2-200x59.jpg 200w, https:\/\/form-klar.de\/schorcht\/wp-content\/uploads\/2018\/04\/laser-gravur-thueringen2-300x89.jpg 300w, https:\/\/form-klar.de\/schorcht\/wp-content\/uploads\/2018\/04\/laser-gravur-thueringen2-400x119.jpg 400w, https:\/\/form-klar.de\/schorcht\/wp-content\/uploads\/2018\/04\/laser-gravur-thueringen2-600x178.jpg 600w, https:\/\/form-klar.de\/schorcht\/wp-content\/uploads\/2018\/04\/laser-gravur-thueringen2-768x228.jpg 768w, https:\/\/form-klar.de\/schorcht\/wp-content\/uploads\/2018\/04\/laser-gravur-thueringen2-800x237.jpg 800w, https:\/\/form-klar.de\/schorcht\/wp-content\/uploads\/2018\/04\/laser-gravur-thueringen2.jpg 820w\" data-sizes=\"auto\" data-orig-sizes=\"(max-width: 820px) 100vw, 820px\" \/><\/p>\n<p>Wir m\u00f6chten, dass Sie Ihre eigenen Produktionskapazit\u00e4ten aussch\u00f6pfen und die <strong>Laserbeschriftung<\/strong> auslagern. Sie sparen damit auch Kosten, denn wir k\u00f6nnen den Auftrag der Laserbeschriftung schnell, zeitnah und hochwertig mit unserem Maschinenparkt durchf\u00fchren. Wenn Sie keine spezialisierten Maschinen f\u00fcr die Laserbeschriftung zur Verf\u00fcgung haben, empfiehlt sich auf jeden Fall die Weitervergabe des Auftrages an ein Unternehmen der Lohnfertigung.<\/p>\n<h3>Laserbeschriftung Lohnfertigung &#8211; Wir sind Ihr externer Spezialist in der 2D und 3D-Laserbeschriftung<\/h3>\n<p>Buchen Sie jetzt Produktionskapazit\u00e4t beim Profi f\u00fcr alle Arten der <strong>Laserbeschriftung<\/strong>. Im ersten Schritt beraten wir Sie \u00fcber die optimale Ausf\u00fchrung der Beschriftung. Wir beschriften grunds\u00e4tzlich jedes Material in skalierbaren Gr\u00f6\u00dfen von 3D-Grafiken bis hin zu mikroskopisch kleinen maschinenlesbaren Beschriftungscodes. Nutzen Sie die Flexibilit\u00e4t unserer Laseranlagen. Die Leistungen Kennzeichnung und Beschriftung &nbsp;verbinden wir mit unserer Erfahrung in vielen Branchen \u2013 von Automotive bis hin zur Medizintechnik. Unser Kompetenzzentrum f\u00fcr Lasertechnik b\u00fcndelt Ihnen alle Einzelleistungen wie zum Beispiel Gravieren, Beschriften, Abtragen und Aufsch\u00e4umen. Wir beschriften gro\u00dfe Serien, Kleinserien und Einzelst\u00fccke. Sie haben Fragen zur geplanten Lohnfertigung? Wir m\u00f6chten Sie mit unserer Vielseitigkeit \u00fcberzeugen. So setzen wir Lasersysteme mit verschiedenen Strahlquellen ein. In Ihrem Auftrag kommen CO2-Laser, ND:YAG Laser oder Faserlaser zum Einsatz. Die Spezifizierung der Lasertechnik ist abh\u00e4ngig von der Art des Auftrages. M\u00f6chten Sie Ihre Produkte mit Zeichen oder Schriften beschriften, sollen Bilder eingraviert werden, Logos oder ein maschinenlesbarer Datametrix-Code? Unsere Ingenieure sprechen mit Ihnen im Vorfeld eines Auftrages alle Details der Laserbeschriftung ab.<\/p>\n<h3>Wir sind Ihr Partner bei der Fertigstellung Ihrer Produkte im Maschinen- und Werkzeugbau<\/h3>\n<p>Unsere Fachleute begleiten Sie bei der Entwicklung von Maschinen- und Werkzeugteilen mit unserem Know-how. Wir bieten Ihnen alle Leistungen der Laserschneidtechnik aus einer Hand. Vertrauen Sie auf die Leistungsf\u00e4higkeit unseres Laserzentrums. Die Vorteile einer ber\u00fchrungslosen Beschriftung mit dem Laser sind offensichtlich. Die Bearbeitung ist weitgehend kr\u00e4ftefrei, Ihr Werkst\u00fcck unterliegt keinem Verzug, da keine Materialspannung auftritt. Au\u00dferdem ist die Laserbeschriftung f\u00e4lschungssicher und nur mit einer kompletten Zerst\u00f6rung des Beschriftung zu entfernen. M\u00f6chten Sie Ihr Logo in 2D oder in einer 3D-Beschriftung gravieren lassen? Sprechen Sie uns an.<\/p>\n<p><strong>Wir sind Ihr kompetenter Ansprechpartner f\u00fcr eine individuelle Laserbeschriftung in der Lohnfertigung.<\/strong><\/p>\n","protected":false},"excerpt":{"rendered":"<p>Laserbeschriftung Lohnfertigung Wir stellen Ihre Produkte in der Lohnfertigung her und bieten Ihnen hohe Kompetenz in der Laserbeschriftung Lohnfertigung hat f\u00fcr unsere Kunden viele Vorteile. [&hellip;]<\/p>\n","protected":false},"author":9,"featured_media":0,"parent":0,"menu_order":0,"comment_status":"closed","ping_status":"closed","template":"","meta":{"ngg_post_thumbnail":0,"footnotes":"","_links_to":"","_links_to_target":""},"yoast_head":"<!-- This site is optimized with the Yoast SEO plugin v22.5 - https:\/\/yoast.com\/wordpress\/plugins\/seo\/ -->\n<title>Laserbeschriftung Lohnfertigung - Hohe Kompetenz in der Laserbeschriftung<\/title>\n<meta name=\"description\" content=\"Laserbeschriftung Lohnfertigung? Schorcht. \u2713 20 Jahre Erfahrung \u2713 T\u00dcV-Zertifizierung DIN EN ISO\/TS 16949 \u2713 14 Laseranlagen \u2713 Hauseigener Werkzeugbau\" \/>\n<meta name=\"robots\" content=\"noindex, follow, max-snippet:-1, max-image-preview:large, max-video-preview:-1\" \/>\n<meta property=\"og:locale\" content=\"de_DE\" \/>\n<meta property=\"og:type\" content=\"article\" \/>\n<meta property=\"og:title\" content=\"Laserbeschriftung Lohnfertigung - Hohe Kompetenz in der Laserbeschriftung\" \/>\n<meta property=\"og:description\" content=\"Laserbeschriftung Lohnfertigung? Schorcht. \u2713 20 Jahre Erfahrung \u2713 T\u00dcV-Zertifizierung DIN EN ISO\/TS 16949 \u2713 14 Laseranlagen \u2713 Hauseigener Werkzeugbau\" \/>\n<meta property=\"og:url\" content=\"https:\/\/form-klar.de\/schorcht\/laserbeschriftung-lohnfertigung\/\" \/>\n<meta property=\"og:site_name\" content=\"Laserzentrum Schorcht\" \/>\n<meta property=\"article:modified_time\" content=\"2018-04-16T16:25:49+00:00\" \/>\n<meta property=\"og:image\" content=\"https:\/\/form-klar.de\/schorcht\/wp-content\/uploads\/2018\/04\/laser-gravur-thueringen2.jpg\" \/>\n<meta name=\"twitter:label1\" content=\"Gesch\u00e4tzte Lesezeit\" \/>\n\t<meta name=\"twitter:data1\" content=\"3\u00a0Minuten\" \/>\n<script type=\"application\/ld+json\" class=\"yoast-schema-graph\">{\"@context\":\"https:\/\/schema.org\",\"@graph\":[{\"@type\":\"WebPage\",\"@id\":\"https:\/\/form-klar.de\/schorcht\/laserbeschriftung-lohnfertigung\/\",\"url\":\"https:\/\/form-klar.de\/schorcht\/laserbeschriftung-lohnfertigung\/\",\"name\":\"Laserbeschriftung Lohnfertigung - Hohe Kompetenz in der Laserbeschriftung\",\"isPartOf\":{\"@id\":\"https:\/\/form-klar.de\/schorcht\/#website\"},\"primaryImageOfPage\":{\"@id\":\"https:\/\/form-klar.de\/schorcht\/laserbeschriftung-lohnfertigung\/#primaryimage\"},\"image\":{\"@id\":\"https:\/\/form-klar.de\/schorcht\/laserbeschriftung-lohnfertigung\/#primaryimage\"},\"thumbnailUrl\":\"https:\/\/form-klar.de\/schorcht\/wp-content\/uploads\/2018\/04\/laser-gravur-thueringen2.jpg\",\"datePublished\":\"2017-03-17T13:47:34+00:00\",\"dateModified\":\"2018-04-16T16:25:49+00:00\",\"description\":\"Laserbeschriftung Lohnfertigung? Schorcht. \u2713 20 Jahre Erfahrung \u2713 T\u00dcV-Zertifizierung DIN EN ISO\/TS 16949 \u2713 14 Laseranlagen \u2713 Hauseigener Werkzeugbau\",\"inLanguage\":\"de\",\"potentialAction\":[{\"@type\":\"ReadAction\",\"target\":[\"https:\/\/form-klar.de\/schorcht\/laserbeschriftung-lohnfertigung\/\"]}]},{\"@type\":\"ImageObject\",\"inLanguage\":\"de\",\"@id\":\"https:\/\/form-klar.de\/schorcht\/laserbeschriftung-lohnfertigung\/#primaryimage\",\"url\":\"https:\/\/form-klar.de\/schorcht\/wp-content\/uploads\/2018\/04\/laser-gravur-thueringen2.jpg\",\"contentUrl\":\"https:\/\/form-klar.de\/schorcht\/wp-content\/uploads\/2018\/04\/laser-gravur-thueringen2.jpg\",\"width\":820,\"height\":243},{\"@type\":\"WebSite\",\"@id\":\"https:\/\/form-klar.de\/schorcht\/#website\",\"url\":\"https:\/\/form-klar.de\/schorcht\/\",\"name\":\"Laserzentrum Schorcht\",\"description\":\"Lohnfertigung in der Lasermaterialbearbeitung - 12 Laseranlagen\",\"potentialAction\":[{\"@type\":\"SearchAction\",\"target\":{\"@type\":\"EntryPoint\",\"urlTemplate\":\"https:\/\/form-klar.de\/schorcht\/?s={search_term_string}\"},\"query-input\":\"required name=search_term_string\"}],\"inLanguage\":\"de\"}]}<\/script>\n<!-- \/ Yoast SEO plugin. -->","yoast_head_json":{"title":"Laserbeschriftung Lohnfertigung - Hohe Kompetenz in der Laserbeschriftung","description":"Laserbeschriftung Lohnfertigung? Schorcht. \u2713 20 Jahre Erfahrung \u2713 T\u00dcV-Zertifizierung DIN EN ISO\/TS 16949 \u2713 14 Laseranlagen \u2713 Hauseigener Werkzeugbau","robots":{"index":"noindex","follow":"follow","max-snippet":"max-snippet:-1","max-image-preview":"max-image-preview:large","max-video-preview":"max-video-preview:-1"},"og_locale":"de_DE","og_type":"article","og_title":"Laserbeschriftung Lohnfertigung - Hohe Kompetenz in der Laserbeschriftung","og_description":"Laserbeschriftung Lohnfertigung? Schorcht. \u2713 20 Jahre Erfahrung \u2713 T\u00dcV-Zertifizierung DIN EN ISO\/TS 16949 \u2713 14 Laseranlagen \u2713 Hauseigener Werkzeugbau","og_url":"https:\/\/form-klar.de\/schorcht\/laserbeschriftung-lohnfertigung\/","og_site_name":"Laserzentrum Schorcht","article_modified_time":"2018-04-16T16:25:49+00:00","og_image":[{"url":"https:\/\/form-klar.de\/schorcht\/wp-content\/uploads\/2018\/04\/laser-gravur-thueringen2.jpg"}],"twitter_misc":{"Gesch\u00e4tzte Lesezeit":"3\u00a0Minuten"},"schema":{"@context":"https:\/\/schema.org","@graph":[{"@type":"WebPage","@id":"https:\/\/form-klar.de\/schorcht\/laserbeschriftung-lohnfertigung\/","url":"https:\/\/form-klar.de\/schorcht\/laserbeschriftung-lohnfertigung\/","name":"Laserbeschriftung Lohnfertigung - Hohe Kompetenz in der Laserbeschriftung","isPartOf":{"@id":"https:\/\/form-klar.de\/schorcht\/#website"},"primaryImageOfPage":{"@id":"https:\/\/form-klar.de\/schorcht\/laserbeschriftung-lohnfertigung\/#primaryimage"},"image":{"@id":"https:\/\/form-klar.de\/schorcht\/laserbeschriftung-lohnfertigung\/#primaryimage"},"thumbnailUrl":"https:\/\/form-klar.de\/schorcht\/wp-content\/uploads\/2018\/04\/laser-gravur-thueringen2.jpg","datePublished":"2017-03-17T13:47:34+00:00","dateModified":"2018-04-16T16:25:49+00:00","description":"Laserbeschriftung Lohnfertigung? Schorcht. \u2713 20 Jahre Erfahrung \u2713 T\u00dcV-Zertifizierung DIN EN ISO\/TS 16949 \u2713 14 Laseranlagen \u2713 Hauseigener Werkzeugbau","inLanguage":"de","potentialAction":[{"@type":"ReadAction","target":["https:\/\/form-klar.de\/schorcht\/laserbeschriftung-lohnfertigung\/"]}]},{"@type":"ImageObject","inLanguage":"de","@id":"https:\/\/form-klar.de\/schorcht\/laserbeschriftung-lohnfertigung\/#primaryimage","url":"https:\/\/form-klar.de\/schorcht\/wp-content\/uploads\/2018\/04\/laser-gravur-thueringen2.jpg","contentUrl":"https:\/\/form-klar.de\/schorcht\/wp-content\/uploads\/2018\/04\/laser-gravur-thueringen2.jpg","width":820,"height":243},{"@type":"WebSite","@id":"https:\/\/form-klar.de\/schorcht\/#website","url":"https:\/\/form-klar.de\/schorcht\/","name":"Laserzentrum Schorcht","description":"Lohnfertigung in der Lasermaterialbearbeitung - 12 Laseranlagen","potentialAction":[{"@type":"SearchAction","target":{"@type":"EntryPoint","urlTemplate":"https:\/\/form-klar.de\/schorcht\/?s={search_term_string}"},"query-input":"required name=search_term_string"}],"inLanguage":"de"}]}},"_links":{"self":[{"href":"https:\/\/form-klar.de\/schorcht\/wp-json\/wp\/v2\/pages\/1110"}],"collection":[{"href":"https:\/\/form-klar.de\/schorcht\/wp-json\/wp\/v2\/pages"}],"about":[{"href":"https:\/\/form-klar.de\/schorcht\/wp-json\/wp\/v2\/types\/page"}],"author":[{"embeddable":true,"href":"https:\/\/form-klar.de\/schorcht\/wp-json\/wp\/v2\/users\/9"}],"replies":[{"embeddable":true,"href":"https:\/\/form-klar.de\/schorcht\/wp-json\/wp\/v2\/comments?post=1110"}],"version-history":[{"count":7,"href":"https:\/\/form-klar.de\/schorcht\/wp-json\/wp\/v2\/pages\/1110\/revisions"}],"predecessor-version":[{"id":1259,"href":"https:\/\/form-klar.de\/schorcht\/wp-json\/wp\/v2\/pages\/1110\/revisions\/1259"}],"wp:attachment":[{"href":"https:\/\/form-klar.de\/schorcht\/wp-json\/wp\/v2\/media?parent=1110"}],"curies":[{"name":"wp","href":"https:\/\/api.w.org\/{rel}","templated":true}]}}