{"id":1104,"date":"2017-03-16T12:47:28","date_gmt":"2017-03-16T12:47:28","guid":{"rendered":"https:\/\/form-klar.de\/schorcht\/?page_id=1104"},"modified":"2017-06-29T13:49:58","modified_gmt":"2017-06-29T13:49:58","slug":"warum-muss-auch-beim-laserschweissen-in-manchen-faellen-schutzgas-zugefuehrt-werden","status":"publish","type":"page","link":"https:\/\/form-klar.de\/schorcht\/faq\/warum-muss-auch-beim-laserschweissen-in-manchen-faellen-schutzgas-zugefuehrt-werden\/","title":{"rendered":"Warum muss auch beim Laserschwei\u00dfen in manchen F\u00e4llen Schutzgas zugef\u00fchrt werden?"},"content":{"rendered":"<h1>Warum muss auch beim Laserschwei\u00dfen in manchen F\u00e4llen Schutzgas zugef\u00fchrt werden?<\/h1>\n<p>Ein Vorteil des <strong>Laserschwei\u00dfens<\/strong> ist die sehr kleine W\u00e4rmezone w\u00e4hrend des Schwei\u00dfvorganges. Diese wird durch eine sehr kurze Pulsdauer w\u00e4hrend der Schwei\u00dfzeit von 5-10 ms erreicht. Die Schwei\u00dfsequenzen sind in einer Frequenz von 10 Hz gepulst, welches die W\u00e4rmezone ebenfalls klein h\u00e4lt. Bei einigen F\u00e4llen, zum Beispiel sehr kleinen Werkst\u00fccken, kommt es trotzdem vor, dass sich das Werkst\u00fcck zu stark erhitzt. Bei diesen F\u00e4llen muss ein geeignetes Schutzgas hinzu gef\u00fchrt werden, damit sich das Werkst\u00fcck nicht zu stark erhitzt und verformt.<\/p>\n","protected":false},"excerpt":{"rendered":"<p>Warum muss auch beim Laserschwei\u00dfen in manchen F\u00e4llen Schutzgas zugef\u00fchrt werden? Ein Vorteil des Laserschwei\u00dfens ist die sehr kleine W\u00e4rmezone w\u00e4hrend des Schwei\u00dfvorganges. Diese wird [&hellip;]<\/p>\n","protected":false},"author":9,"featured_media":0,"parent":1092,"menu_order":0,"comment_status":"closed","ping_status":"closed","template":"","meta":{"ngg_post_thumbnail":0,"footnotes":"","_links_to":"","_links_to_target":""},"yoast_head":"<!-- This site is optimized with the Yoast SEO plugin v22.5 - https:\/\/yoast.com\/wordpress\/plugins\/seo\/ -->\n<title>Warum muss auch beim Laserschwei\u00dfen in manchen F\u00e4llen Schutzgas zugef\u00fchrt werden? | Laserzentrum Schorcht<\/title>\n<meta name=\"robots\" content=\"noindex, follow, max-snippet:-1, max-image-preview:large, max-video-preview:-1\" \/>\n<meta property=\"og:locale\" content=\"de_DE\" \/>\n<meta property=\"og:type\" content=\"article\" \/>\n<meta property=\"og:title\" content=\"Warum muss auch beim Laserschwei\u00dfen in manchen F\u00e4llen Schutzgas zugef\u00fchrt werden? | Laserzentrum Schorcht\" \/>\n<meta property=\"og:description\" content=\"Warum muss auch beim Laserschwei\u00dfen in manchen F\u00e4llen Schutzgas zugef\u00fchrt werden? Ein Vorteil des Laserschwei\u00dfens ist die sehr kleine W\u00e4rmezone w\u00e4hrend des Schwei\u00dfvorganges. Diese wird [&hellip;]\" \/>\n<meta property=\"og:url\" content=\"https:\/\/form-klar.de\/schorcht\/faq\/warum-muss-auch-beim-laserschweissen-in-manchen-faellen-schutzgas-zugefuehrt-werden\/\" \/>\n<meta property=\"og:site_name\" content=\"Laserzentrum Schorcht\" \/>\n<meta property=\"article:modified_time\" content=\"2017-06-29T13:49:58+00:00\" \/>\n<meta name=\"twitter:label1\" content=\"Gesch\u00e4tzte Lesezeit\" \/>\n\t<meta name=\"twitter:data1\" content=\"1\u00a0Minute\" \/>\n<script type=\"application\/ld+json\" class=\"yoast-schema-graph\">{\"@context\":\"https:\/\/schema.org\",\"@graph\":[{\"@type\":\"WebPage\",\"@id\":\"https:\/\/form-klar.de\/schorcht\/faq\/warum-muss-auch-beim-laserschweissen-in-manchen-faellen-schutzgas-zugefuehrt-werden\/\",\"url\":\"https:\/\/form-klar.de\/schorcht\/faq\/warum-muss-auch-beim-laserschweissen-in-manchen-faellen-schutzgas-zugefuehrt-werden\/\",\"name\":\"Warum muss auch beim Laserschwei\u00dfen in manchen F\u00e4llen Schutzgas zugef\u00fchrt werden? | Laserzentrum Schorcht\",\"isPartOf\":{\"@id\":\"https:\/\/form-klar.de\/schorcht\/#website\"},\"datePublished\":\"2017-03-16T12:47:28+00:00\",\"dateModified\":\"2017-06-29T13:49:58+00:00\",\"breadcrumb\":{\"@id\":\"https:\/\/form-klar.de\/schorcht\/faq\/warum-muss-auch-beim-laserschweissen-in-manchen-faellen-schutzgas-zugefuehrt-werden\/#breadcrumb\"},\"inLanguage\":\"de\",\"potentialAction\":[{\"@type\":\"ReadAction\",\"target\":[\"https:\/\/form-klar.de\/schorcht\/faq\/warum-muss-auch-beim-laserschweissen-in-manchen-faellen-schutzgas-zugefuehrt-werden\/\"]}]},{\"@type\":\"BreadcrumbList\",\"@id\":\"https:\/\/form-klar.de\/schorcht\/faq\/warum-muss-auch-beim-laserschweissen-in-manchen-faellen-schutzgas-zugefuehrt-werden\/#breadcrumb\",\"itemListElement\":[{\"@type\":\"ListItem\",\"position\":1,\"name\":\"FAQ\",\"item\":\"https:\/\/form-klar.de\/schorcht\/faq\/\"},{\"@type\":\"ListItem\",\"position\":2,\"name\":\"Warum muss auch beim Laserschwei\u00dfen in manchen F\u00e4llen Schutzgas zugef\u00fchrt werden?\"}]},{\"@type\":\"WebSite\",\"@id\":\"https:\/\/form-klar.de\/schorcht\/#website\",\"url\":\"https:\/\/form-klar.de\/schorcht\/\",\"name\":\"Laserzentrum Schorcht\",\"description\":\"Lohnfertigung in der Lasermaterialbearbeitung - 12 Laseranlagen\",\"potentialAction\":[{\"@type\":\"SearchAction\",\"target\":{\"@type\":\"EntryPoint\",\"urlTemplate\":\"https:\/\/form-klar.de\/schorcht\/?s={search_term_string}\"},\"query-input\":\"required name=search_term_string\"}],\"inLanguage\":\"de\"}]}<\/script>\n<!-- \/ Yoast SEO plugin. -->","yoast_head_json":{"title":"Warum muss auch beim Laserschwei\u00dfen in manchen F\u00e4llen Schutzgas zugef\u00fchrt werden? | Laserzentrum Schorcht","robots":{"index":"noindex","follow":"follow","max-snippet":"max-snippet:-1","max-image-preview":"max-image-preview:large","max-video-preview":"max-video-preview:-1"},"og_locale":"de_DE","og_type":"article","og_title":"Warum muss auch beim Laserschwei\u00dfen in manchen F\u00e4llen Schutzgas zugef\u00fchrt werden? | Laserzentrum Schorcht","og_description":"Warum muss auch beim Laserschwei\u00dfen in manchen F\u00e4llen Schutzgas zugef\u00fchrt werden? Ein Vorteil des Laserschwei\u00dfens ist die sehr kleine W\u00e4rmezone w\u00e4hrend des Schwei\u00dfvorganges. Diese wird [&hellip;]","og_url":"https:\/\/form-klar.de\/schorcht\/faq\/warum-muss-auch-beim-laserschweissen-in-manchen-faellen-schutzgas-zugefuehrt-werden\/","og_site_name":"Laserzentrum Schorcht","article_modified_time":"2017-06-29T13:49:58+00:00","twitter_misc":{"Gesch\u00e4tzte Lesezeit":"1\u00a0Minute"},"schema":{"@context":"https:\/\/schema.org","@graph":[{"@type":"WebPage","@id":"https:\/\/form-klar.de\/schorcht\/faq\/warum-muss-auch-beim-laserschweissen-in-manchen-faellen-schutzgas-zugefuehrt-werden\/","url":"https:\/\/form-klar.de\/schorcht\/faq\/warum-muss-auch-beim-laserschweissen-in-manchen-faellen-schutzgas-zugefuehrt-werden\/","name":"Warum muss auch beim Laserschwei\u00dfen in manchen F\u00e4llen Schutzgas zugef\u00fchrt werden? | Laserzentrum Schorcht","isPartOf":{"@id":"https:\/\/form-klar.de\/schorcht\/#website"},"datePublished":"2017-03-16T12:47:28+00:00","dateModified":"2017-06-29T13:49:58+00:00","breadcrumb":{"@id":"https:\/\/form-klar.de\/schorcht\/faq\/warum-muss-auch-beim-laserschweissen-in-manchen-faellen-schutzgas-zugefuehrt-werden\/#breadcrumb"},"inLanguage":"de","potentialAction":[{"@type":"ReadAction","target":["https:\/\/form-klar.de\/schorcht\/faq\/warum-muss-auch-beim-laserschweissen-in-manchen-faellen-schutzgas-zugefuehrt-werden\/"]}]},{"@type":"BreadcrumbList","@id":"https:\/\/form-klar.de\/schorcht\/faq\/warum-muss-auch-beim-laserschweissen-in-manchen-faellen-schutzgas-zugefuehrt-werden\/#breadcrumb","itemListElement":[{"@type":"ListItem","position":1,"name":"FAQ","item":"https:\/\/form-klar.de\/schorcht\/faq\/"},{"@type":"ListItem","position":2,"name":"Warum muss auch beim Laserschwei\u00dfen in manchen F\u00e4llen Schutzgas zugef\u00fchrt werden?"}]},{"@type":"WebSite","@id":"https:\/\/form-klar.de\/schorcht\/#website","url":"https:\/\/form-klar.de\/schorcht\/","name":"Laserzentrum Schorcht","description":"Lohnfertigung in der Lasermaterialbearbeitung - 12 Laseranlagen","potentialAction":[{"@type":"SearchAction","target":{"@type":"EntryPoint","urlTemplate":"https:\/\/form-klar.de\/schorcht\/?s={search_term_string}"},"query-input":"required name=search_term_string"}],"inLanguage":"de"}]}},"_links":{"self":[{"href":"https:\/\/form-klar.de\/schorcht\/wp-json\/wp\/v2\/pages\/1104"}],"collection":[{"href":"https:\/\/form-klar.de\/schorcht\/wp-json\/wp\/v2\/pages"}],"about":[{"href":"https:\/\/form-klar.de\/schorcht\/wp-json\/wp\/v2\/types\/page"}],"author":[{"embeddable":true,"href":"https:\/\/form-klar.de\/schorcht\/wp-json\/wp\/v2\/users\/9"}],"replies":[{"embeddable":true,"href":"https:\/\/form-klar.de\/schorcht\/wp-json\/wp\/v2\/comments?post=1104"}],"version-history":[{"count":2,"href":"https:\/\/form-klar.de\/schorcht\/wp-json\/wp\/v2\/pages\/1104\/revisions"}],"predecessor-version":[{"id":1133,"href":"https:\/\/form-klar.de\/schorcht\/wp-json\/wp\/v2\/pages\/1104\/revisions\/1133"}],"up":[{"embeddable":true,"href":"https:\/\/form-klar.de\/schorcht\/wp-json\/wp\/v2\/pages\/1092"}],"wp:attachment":[{"href":"https:\/\/form-klar.de\/schorcht\/wp-json\/wp\/v2\/media?parent=1104"}],"curies":[{"name":"wp","href":"https:\/\/api.w.org\/{rel}","templated":true}]}}