{"id":1096,"date":"2017-03-16T12:44:37","date_gmt":"2017-03-16T12:44:37","guid":{"rendered":"https:\/\/form-klar.de\/schorcht\/?page_id=1096"},"modified":"2017-06-29T13:52:14","modified_gmt":"2017-06-29T13:52:14","slug":"wie-definiert-man-laserschweissen-als-schweissverfahren","status":"publish","type":"page","link":"https:\/\/form-klar.de\/schorcht\/faq\/wie-definiert-man-laserschweissen-als-schweissverfahren\/","title":{"rendered":"Wie definiert man Laserschwei\u00dfen als Schwei\u00dfverfahren?"},"content":{"rendered":"<h1>Wie definiert man Laserschwei\u00dfen als Schwei\u00dfverfahren?<\/h1>\n<p>Was ist eigentlich <a href=\"https:\/\/form-klar.de\/schorcht\/laserschweissen\/\">Laserschwei\u00dfen<\/a>? Dieses <a href=\"https:\/\/form-klar.de\/schorcht\/laserschweissen\/lohnfertigung\/\">Schwei\u00dfverfahren nach EN ISO 4063<\/a>: Prozess 52 erh\u00e4lt seine Energie zum Schwei\u00dfen durch einen Laser. Mit diesem Laser werden im Pulsverfahren Bauteile verschwei\u00dft. Dieses Verfahren hat gegen\u00fcber anderen Schwei\u00dfverfahren entscheidende Vorteile: Laserschwei\u00dfen erlaubt eine hohe Schwei\u00dfgeschwindigkeit \u2013 ideal f\u00fcr gro\u00dfe St\u00fcckzahlen zu verschwei\u00dfender Bauteile. <strong>Laserschwei\u00dfen<\/strong> hat auch eine Reihe qualitativer Vorteile: Die Schwei\u00dfnahtform ist schmal und schlank, der thermische Verzug beim Bauteil bleibt gering.&nbsp; Das Schwei\u00dfverfahren kann haupts\u00e4chlich ohne Zusatzwerkstoffe durchgef\u00fchrt werden.<\/p>\n","protected":false},"excerpt":{"rendered":"<p>Wie definiert man Laserschwei\u00dfen als Schwei\u00dfverfahren? Was ist eigentlich Laserschwei\u00dfen? Dieses Schwei\u00dfverfahren nach EN ISO 4063: Prozess 52 erh\u00e4lt seine Energie zum Schwei\u00dfen durch einen [&hellip;]<\/p>\n","protected":false},"author":9,"featured_media":0,"parent":1092,"menu_order":0,"comment_status":"closed","ping_status":"closed","template":"","meta":{"ngg_post_thumbnail":0,"footnotes":"","_links_to":"","_links_to_target":""},"yoast_head":"<!-- This site is optimized with the Yoast SEO plugin v22.5 - https:\/\/yoast.com\/wordpress\/plugins\/seo\/ -->\n<title>Wie definiert man Laserschwei\u00dfen als Schwei\u00dfverfahren? | Laserzentrum Schorcht<\/title>\n<meta name=\"robots\" content=\"noindex, follow, max-snippet:-1, max-image-preview:large, max-video-preview:-1\" \/>\n<meta property=\"og:locale\" content=\"de_DE\" \/>\n<meta property=\"og:type\" content=\"article\" \/>\n<meta property=\"og:title\" content=\"Wie definiert man Laserschwei\u00dfen als Schwei\u00dfverfahren? | Laserzentrum Schorcht\" \/>\n<meta property=\"og:description\" content=\"Wie definiert man Laserschwei\u00dfen als Schwei\u00dfverfahren? Was ist eigentlich Laserschwei\u00dfen? Dieses Schwei\u00dfverfahren nach EN ISO 4063: Prozess 52 erh\u00e4lt seine Energie zum Schwei\u00dfen durch einen [&hellip;]\" \/>\n<meta property=\"og:url\" content=\"https:\/\/form-klar.de\/schorcht\/faq\/wie-definiert-man-laserschweissen-als-schweissverfahren\/\" \/>\n<meta property=\"og:site_name\" content=\"Laserzentrum Schorcht\" \/>\n<meta property=\"article:modified_time\" content=\"2017-06-29T13:52:14+00:00\" \/>\n<meta name=\"twitter:label1\" content=\"Gesch\u00e4tzte Lesezeit\" \/>\n\t<meta name=\"twitter:data1\" content=\"1\u00a0Minute\" \/>\n<script type=\"application\/ld+json\" class=\"yoast-schema-graph\">{\"@context\":\"https:\/\/schema.org\",\"@graph\":[{\"@type\":\"WebPage\",\"@id\":\"https:\/\/form-klar.de\/schorcht\/faq\/wie-definiert-man-laserschweissen-als-schweissverfahren\/\",\"url\":\"https:\/\/form-klar.de\/schorcht\/faq\/wie-definiert-man-laserschweissen-als-schweissverfahren\/\",\"name\":\"Wie definiert man Laserschwei\u00dfen als Schwei\u00dfverfahren? | Laserzentrum Schorcht\",\"isPartOf\":{\"@id\":\"https:\/\/form-klar.de\/schorcht\/#website\"},\"datePublished\":\"2017-03-16T12:44:37+00:00\",\"dateModified\":\"2017-06-29T13:52:14+00:00\",\"breadcrumb\":{\"@id\":\"https:\/\/form-klar.de\/schorcht\/faq\/wie-definiert-man-laserschweissen-als-schweissverfahren\/#breadcrumb\"},\"inLanguage\":\"de\",\"potentialAction\":[{\"@type\":\"ReadAction\",\"target\":[\"https:\/\/form-klar.de\/schorcht\/faq\/wie-definiert-man-laserschweissen-als-schweissverfahren\/\"]}]},{\"@type\":\"BreadcrumbList\",\"@id\":\"https:\/\/form-klar.de\/schorcht\/faq\/wie-definiert-man-laserschweissen-als-schweissverfahren\/#breadcrumb\",\"itemListElement\":[{\"@type\":\"ListItem\",\"position\":1,\"name\":\"FAQ\",\"item\":\"https:\/\/form-klar.de\/schorcht\/faq\/\"},{\"@type\":\"ListItem\",\"position\":2,\"name\":\"Wie definiert man Laserschwei\u00dfen als Schwei\u00dfverfahren?\"}]},{\"@type\":\"WebSite\",\"@id\":\"https:\/\/form-klar.de\/schorcht\/#website\",\"url\":\"https:\/\/form-klar.de\/schorcht\/\",\"name\":\"Laserzentrum Schorcht\",\"description\":\"Lohnfertigung in der Lasermaterialbearbeitung - 12 Laseranlagen\",\"potentialAction\":[{\"@type\":\"SearchAction\",\"target\":{\"@type\":\"EntryPoint\",\"urlTemplate\":\"https:\/\/form-klar.de\/schorcht\/?s={search_term_string}\"},\"query-input\":\"required name=search_term_string\"}],\"inLanguage\":\"de\"}]}<\/script>\n<!-- \/ Yoast SEO plugin. -->","yoast_head_json":{"title":"Wie definiert man Laserschwei\u00dfen als Schwei\u00dfverfahren? | Laserzentrum Schorcht","robots":{"index":"noindex","follow":"follow","max-snippet":"max-snippet:-1","max-image-preview":"max-image-preview:large","max-video-preview":"max-video-preview:-1"},"og_locale":"de_DE","og_type":"article","og_title":"Wie definiert man Laserschwei\u00dfen als Schwei\u00dfverfahren? | Laserzentrum Schorcht","og_description":"Wie definiert man Laserschwei\u00dfen als Schwei\u00dfverfahren? Was ist eigentlich Laserschwei\u00dfen? Dieses Schwei\u00dfverfahren nach EN ISO 4063: Prozess 52 erh\u00e4lt seine Energie zum Schwei\u00dfen durch einen [&hellip;]","og_url":"https:\/\/form-klar.de\/schorcht\/faq\/wie-definiert-man-laserschweissen-als-schweissverfahren\/","og_site_name":"Laserzentrum Schorcht","article_modified_time":"2017-06-29T13:52:14+00:00","twitter_misc":{"Gesch\u00e4tzte Lesezeit":"1\u00a0Minute"},"schema":{"@context":"https:\/\/schema.org","@graph":[{"@type":"WebPage","@id":"https:\/\/form-klar.de\/schorcht\/faq\/wie-definiert-man-laserschweissen-als-schweissverfahren\/","url":"https:\/\/form-klar.de\/schorcht\/faq\/wie-definiert-man-laserschweissen-als-schweissverfahren\/","name":"Wie definiert man Laserschwei\u00dfen als Schwei\u00dfverfahren? | Laserzentrum Schorcht","isPartOf":{"@id":"https:\/\/form-klar.de\/schorcht\/#website"},"datePublished":"2017-03-16T12:44:37+00:00","dateModified":"2017-06-29T13:52:14+00:00","breadcrumb":{"@id":"https:\/\/form-klar.de\/schorcht\/faq\/wie-definiert-man-laserschweissen-als-schweissverfahren\/#breadcrumb"},"inLanguage":"de","potentialAction":[{"@type":"ReadAction","target":["https:\/\/form-klar.de\/schorcht\/faq\/wie-definiert-man-laserschweissen-als-schweissverfahren\/"]}]},{"@type":"BreadcrumbList","@id":"https:\/\/form-klar.de\/schorcht\/faq\/wie-definiert-man-laserschweissen-als-schweissverfahren\/#breadcrumb","itemListElement":[{"@type":"ListItem","position":1,"name":"FAQ","item":"https:\/\/form-klar.de\/schorcht\/faq\/"},{"@type":"ListItem","position":2,"name":"Wie definiert man Laserschwei\u00dfen als Schwei\u00dfverfahren?"}]},{"@type":"WebSite","@id":"https:\/\/form-klar.de\/schorcht\/#website","url":"https:\/\/form-klar.de\/schorcht\/","name":"Laserzentrum Schorcht","description":"Lohnfertigung in der Lasermaterialbearbeitung - 12 Laseranlagen","potentialAction":[{"@type":"SearchAction","target":{"@type":"EntryPoint","urlTemplate":"https:\/\/form-klar.de\/schorcht\/?s={search_term_string}"},"query-input":"required name=search_term_string"}],"inLanguage":"de"}]}},"_links":{"self":[{"href":"https:\/\/form-klar.de\/schorcht\/wp-json\/wp\/v2\/pages\/1096"}],"collection":[{"href":"https:\/\/form-klar.de\/schorcht\/wp-json\/wp\/v2\/pages"}],"about":[{"href":"https:\/\/form-klar.de\/schorcht\/wp-json\/wp\/v2\/types\/page"}],"author":[{"embeddable":true,"href":"https:\/\/form-klar.de\/schorcht\/wp-json\/wp\/v2\/users\/9"}],"replies":[{"embeddable":true,"href":"https:\/\/form-klar.de\/schorcht\/wp-json\/wp\/v2\/comments?post=1096"}],"version-history":[{"count":5,"href":"https:\/\/form-klar.de\/schorcht\/wp-json\/wp\/v2\/pages\/1096\/revisions"}],"predecessor-version":[{"id":1136,"href":"https:\/\/form-klar.de\/schorcht\/wp-json\/wp\/v2\/pages\/1096\/revisions\/1136"}],"up":[{"embeddable":true,"href":"https:\/\/form-klar.de\/schorcht\/wp-json\/wp\/v2\/pages\/1092"}],"wp:attachment":[{"href":"https:\/\/form-klar.de\/schorcht\/wp-json\/wp\/v2\/media?parent=1096"}],"curies":[{"name":"wp","href":"https:\/\/api.w.org\/{rel}","templated":true}]}}