{"id":1071,"date":"2016-11-25T07:34:15","date_gmt":"2016-11-25T07:34:15","guid":{"rendered":"https:\/\/form-klar.de\/schorcht\/?page_id=1071"},"modified":"2018-04-16T16:26:15","modified_gmt":"2018-04-16T16:26:15","slug":"laserbeschriftung-medizintechnik","status":"publish","type":"page","link":"https:\/\/form-klar.de\/schorcht\/laserbeschriftung-medizintechnik\/","title":{"rendered":"Laserbeschriftung Medizintechnik"},"content":{"rendered":"<h1>Wir sind Ihr Ansprechpartner f\u00fcr Laserbeschriften und Markieraufgaben in der Medizintechnik<\/h1>\n<p>Unternehmen der <strong>Medizintechnik<\/strong> setzen f\u00fcr die Herstellung Ihrer Werkzeuge, Apparaturen und Maschinen gern auf Lohnhersteller in der Laserschneidtechnik. Das <strong>Laserzentrum Schorcht<\/strong> ist beispielsweise auch Ihr Profi f\u00fcr alle Arten der <a href=\"https:\/\/form-klar.de\/schorcht\/laserbeschriften\/\">Laserbeschriftung<\/a>. Ganz individuell arbeiten wir in Ihrem Auftrag und k\u00f6nnen so mit der passenden Lasertechnologie jedes Material in jeder Gr\u00f6\u00dfe beschriften oder kennzeichnen. Unseren Service der Laserbeschriftungen zeichnet somit eine hohe Flexibilit\u00e4t aus.<\/p>\n<p><img decoding=\"async\" class=\"lazyload alignnone size-full wp-image-1257\" src=\"https:\/\/form-klar.de\/schorcht\/wp-content\/uploads\/2018\/04\/laser-gravur-thueringen2.jpg\" data-orig-src=\"https:\/\/form-klar.de\/schorcht\/wp-content\/uploads\/2018\/04\/laser-gravur-thueringen2.jpg\" alt=\"Laserbeschriftung Medizintechnik\" width=\"820\" height=\"243\" srcset=\"data:image\/svg+xml,%3Csvg%20xmlns%3D%27http%3A%2F%2Fwww.w3.org%2F2000%2Fsvg%27%20width%3D%27820%27%20height%3D%27243%27%20viewBox%3D%270%200%20820%20243%27%3E%3Crect%20width%3D%27820%27%20height%3D%27243%27%20fill-opacity%3D%220%22%2F%3E%3C%2Fsvg%3E\" data-srcset=\"https:\/\/form-klar.de\/schorcht\/wp-content\/uploads\/2018\/04\/laser-gravur-thueringen2-200x59.jpg 200w, https:\/\/form-klar.de\/schorcht\/wp-content\/uploads\/2018\/04\/laser-gravur-thueringen2-300x89.jpg 300w, https:\/\/form-klar.de\/schorcht\/wp-content\/uploads\/2018\/04\/laser-gravur-thueringen2-400x119.jpg 400w, https:\/\/form-klar.de\/schorcht\/wp-content\/uploads\/2018\/04\/laser-gravur-thueringen2-600x178.jpg 600w, https:\/\/form-klar.de\/schorcht\/wp-content\/uploads\/2018\/04\/laser-gravur-thueringen2-768x228.jpg 768w, https:\/\/form-klar.de\/schorcht\/wp-content\/uploads\/2018\/04\/laser-gravur-thueringen2-800x237.jpg 800w, https:\/\/form-klar.de\/schorcht\/wp-content\/uploads\/2018\/04\/laser-gravur-thueringen2.jpg 820w\" data-sizes=\"auto\" data-orig-sizes=\"(max-width: 820px) 100vw, 820px\" \/><\/p>\n<h2>Laserbeschriftung Medizintechnik &#8211; Nutzen Sie unsere branchen\u00fcbergreifende Erfahrung auf dem Gebiet der Laserbeschriftung<\/h2>\n<p>Wir sind seit vielen Jahren mit hoher Kompetenz f\u00fcr Unternehmen der Medizintechnik-Branche t\u00e4tig. Lassen Sie Ihre Werkzeuge der <a href=\"https:\/\/form-klar.de\/schorcht\/laserschweissen\/medizintechnik\/\">Medizintechnik <\/a>von uns beschriften. Nutzen Sie das Know-how eines Kompetenzzentrums f\u00fcr Lasertechnik. Wir sind Ihr Partner bei der Entwicklung von Technologien, Instrumenten und Werkzeugen in der&nbsp; medizintechnischen Branche.<\/p>\n<h3>Laserbeschriftung in der Lohnfertigung f\u00fcr Kunden der Medizintechnik in Deutschland und Europa<\/h3>\n<p>Wir begleiten Sie als Partner in der technologischen Entwicklung Ihrer Medizintechnik. Dazu bieten wir Ihnen geb\u00fcndelt aus einer Hand alle Leistungen der Lasertechnik in der Werkzeugbearbeitung und im Werkzeugbau an. Mit der Laserbeschriftung beschriften und kennzeichnen wir Ihre Werkzeuge, Bauteile und Instrumente ber\u00fchrungslos. Sie ben\u00f6tigen eine Lasergravur f\u00fcr Ihre Medizintechnik-Bauteile? Nutzen Sie die Vorteile der ber\u00fchrungslosen Beschriftung. Die kr\u00e4ftefreie Bearbeitung Ihres Medizintechnik-Werkst\u00fccks hat zur Folge, dass weniger Materialspannung w\u00e4hrend des Bearbeitungsvorganges anfallen. Auch die Verformung des Materials entf\u00e4llt. So k\u00f6nnen wir in unserem Laserbearbeitungszentrum f\u00fcr Medizintechnik auch extrem kleine maschinenlesbare Kennzeichnungen und Gravuren mit unseren modernen Lasersystemen herstellen. Mit dem T\u00e4tigkeitsfeld der Lasergravur und Laserbeschriftungen stellen wir individuell in Ihrem Auftrag folgende Beschriftungen und Kennzeichnungen her:<\/p>\n<ul>\n<li>Schriften<\/li>\n<li>Maschinenummern<\/li>\n<li>QR-Codes<\/li>\n<li>Grafiken<\/li>\n<li>Matrix-Daten<\/li>\n<li>Logos in 2D oder 3D<\/li>\n<\/ul>\n<p>In Ihrem Auftrag f\u00fcr die Medizintechnik setzen wir jeweils das ideal passende Lasersystem ein. So w\u00e4hlen wir aus unserem Maschinenpark den passenden CO2-Laser, ND:YAG oder Faserlaser aus. Laser-Beschriftungen k\u00f6nnen f\u00fcr Einzelst\u00fccke wie Prototypen, kleine St\u00fcckzahlen aber auch gro\u00dfe St\u00fcckzahlen. Unser Laserzentrum steht f\u00fcr die p\u00fcnktliche und m\u00f6glichst schnelle Auslieferung aller Laserbeschrifteten Teile.&nbsp; Wir stehen in unserem Laserzentrum f\u00fcr die hohe Qualit\u00e4t aller beschrifteten Teile. Gern stellen wir Ihnen den Service einer Musterfertigung in unserem Labor zur Verf\u00fcgung. Mit diesem Service sichern wir die optimale Qualit\u00e4t und die genaue Umsetzung Ihrer W\u00fcnsche bei den jeweiligen Laserbeschriftungen.&nbsp; Gern fertigen wir Vergr\u00f6\u00dferungen der Schriftbilder zur Freigabe an. Die Freigaben setzten wir bei der Beschriftung sehr kleiner Schriftbilder 1:1 in hoher Qualit\u00e4t in der jeweiligen Gr\u00f6\u00dfe um.<\/p>\n<h3>Setzen Sie auf die ber\u00fchrungslose Beschriftung Ihrer Werkzeuge und Maschinenteile in der Medizintechnik<\/h3>\n<p>Wir freuen uns auf jeden Auftrag aus der Medizintechnik-Branche. Punkten Sie f\u00fcr Ihre Kunden mit den modernsten Beschriftungs- und Laserschneidverfahren. &nbsp;Unser Laserzentrum ist bestrebt unseren Kunden in ganz Deutschland immer die modernsten Beschriftungsverfahren via Laser anbieten zu k\u00f6nnen. Deshalb vervollkommnen wir regelm\u00e4\u00dfig unseren Produktionsablauf und unseren Maschinenpark mit modernen gepulsten Laseranlagen f\u00fcr perfekte Laserbeschriftungen.<\/p>\n<p>Mit Laserbeschriftungen sch\u00fctzen Sie Ihre Instrumente gegen den m\u00f6glichen Versuch eines Plagiats. Alle vorhandenen Materialeigenschaften werden bei einer Laserbeschriftung nicht beeintr\u00e4chtigt. So k\u00f6nnen Sie auch weiterhin die Werkzeuge der Medizintechnik bei hohen Temperaturen professionell sterilisieren.<\/p>\n<h3>Ihre Vorteile mit Laserbeschriftungen<\/h3>\n<ul>\n<li>Beschriftung mit kleinster Werkzeuggr\u00f6\u00dfe und verschiedenen St\u00fcckzahlen<\/li>\n<li>Sehr geringer Verzug im Mikrobereich bei der Beschriftung<\/li>\n<li>F\u00e4lschungssichere Beschriftungen f\u00fcr Ihre Instrumente<\/li>\n<\/ul>\n<p><strong>Ihr Kontakt zu unseren Fachberatern: 036691 5700-0.<\/strong><\/p>\n<p>Wir stehen jederzeit gern zur Verf\u00fcgung.<\/p>\n","protected":false},"excerpt":{"rendered":"<p>Wir sind Ihr Ansprechpartner f\u00fcr Laserbeschriften und Markieraufgaben in der Medizintechnik Unternehmen der Medizintechnik setzen f\u00fcr die Herstellung Ihrer Werkzeuge, Apparaturen und Maschinen gern auf [&hellip;]<\/p>\n","protected":false},"author":9,"featured_media":0,"parent":0,"menu_order":0,"comment_status":"closed","ping_status":"closed","template":"","meta":{"ngg_post_thumbnail":0,"footnotes":"","_links_to":"","_links_to_target":""},"yoast_head":"<!-- This site is optimized with the Yoast SEO plugin v22.5 - https:\/\/yoast.com\/wordpress\/plugins\/seo\/ -->\n<title>Laserbeschriftung Medizintechnik \/ Markieraufgaben - Zuverl\u00e4ssig &amp; Pr\u00e4zise<\/title>\n<meta name=\"description\" content=\"Laserbeschriftung Medizintechnik? Schorcht -20 Jahre Kompetenz \u2713 T\u00dcV-Zertifizierung nach DIN EN ISO\/TS 16949 \u2713 Eigener Werkzeugbau \u2713 14 moderne Laseranlagen\" \/>\n<meta name=\"robots\" content=\"noindex, follow, max-snippet:-1, max-image-preview:large, max-video-preview:-1\" \/>\n<meta property=\"og:locale\" content=\"de_DE\" \/>\n<meta property=\"og:type\" content=\"article\" \/>\n<meta property=\"og:title\" content=\"Laserbeschriftung Medizintechnik \/ Markieraufgaben - Zuverl\u00e4ssig &amp; Pr\u00e4zise\" \/>\n<meta property=\"og:description\" content=\"Laserbeschriftung Medizintechnik? Schorcht -20 Jahre Kompetenz \u2713 T\u00dcV-Zertifizierung nach DIN EN ISO\/TS 16949 \u2713 Eigener Werkzeugbau \u2713 14 moderne Laseranlagen\" \/>\n<meta property=\"og:url\" content=\"https:\/\/form-klar.de\/schorcht\/laserbeschriftung-medizintechnik\/\" \/>\n<meta property=\"og:site_name\" content=\"Laserzentrum Schorcht\" \/>\n<meta property=\"article:modified_time\" content=\"2018-04-16T16:26:15+00:00\" \/>\n<meta property=\"og:image\" content=\"https:\/\/form-klar.de\/schorcht\/wp-content\/uploads\/2018\/04\/laser-gravur-thueringen2.jpg\" \/>\n<meta name=\"twitter:label1\" content=\"Gesch\u00e4tzte Lesezeit\" \/>\n\t<meta name=\"twitter:data1\" content=\"3\u00a0Minuten\" \/>\n<script type=\"application\/ld+json\" class=\"yoast-schema-graph\">{\"@context\":\"https:\/\/schema.org\",\"@graph\":[{\"@type\":\"WebPage\",\"@id\":\"https:\/\/form-klar.de\/schorcht\/laserbeschriftung-medizintechnik\/\",\"url\":\"https:\/\/form-klar.de\/schorcht\/laserbeschriftung-medizintechnik\/\",\"name\":\"Laserbeschriftung Medizintechnik \/ Markieraufgaben - Zuverl\u00e4ssig & Pr\u00e4zise\",\"isPartOf\":{\"@id\":\"https:\/\/form-klar.de\/schorcht\/#website\"},\"primaryImageOfPage\":{\"@id\":\"https:\/\/form-klar.de\/schorcht\/laserbeschriftung-medizintechnik\/#primaryimage\"},\"image\":{\"@id\":\"https:\/\/form-klar.de\/schorcht\/laserbeschriftung-medizintechnik\/#primaryimage\"},\"thumbnailUrl\":\"https:\/\/form-klar.de\/schorcht\/wp-content\/uploads\/2018\/04\/laser-gravur-thueringen2.jpg\",\"datePublished\":\"2016-11-25T07:34:15+00:00\",\"dateModified\":\"2018-04-16T16:26:15+00:00\",\"description\":\"Laserbeschriftung Medizintechnik? Schorcht -20 Jahre Kompetenz \u2713 T\u00dcV-Zertifizierung nach DIN EN ISO\/TS 16949 \u2713 Eigener Werkzeugbau \u2713 14 moderne Laseranlagen\",\"inLanguage\":\"de\",\"potentialAction\":[{\"@type\":\"ReadAction\",\"target\":[\"https:\/\/form-klar.de\/schorcht\/laserbeschriftung-medizintechnik\/\"]}]},{\"@type\":\"ImageObject\",\"inLanguage\":\"de\",\"@id\":\"https:\/\/form-klar.de\/schorcht\/laserbeschriftung-medizintechnik\/#primaryimage\",\"url\":\"https:\/\/form-klar.de\/schorcht\/wp-content\/uploads\/2018\/04\/laser-gravur-thueringen2.jpg\",\"contentUrl\":\"https:\/\/form-klar.de\/schorcht\/wp-content\/uploads\/2018\/04\/laser-gravur-thueringen2.jpg\",\"width\":820,\"height\":243},{\"@type\":\"WebSite\",\"@id\":\"https:\/\/form-klar.de\/schorcht\/#website\",\"url\":\"https:\/\/form-klar.de\/schorcht\/\",\"name\":\"Laserzentrum Schorcht\",\"description\":\"Lohnfertigung in der Lasermaterialbearbeitung - 12 Laseranlagen\",\"potentialAction\":[{\"@type\":\"SearchAction\",\"target\":{\"@type\":\"EntryPoint\",\"urlTemplate\":\"https:\/\/form-klar.de\/schorcht\/?s={search_term_string}\"},\"query-input\":\"required name=search_term_string\"}],\"inLanguage\":\"de\"}]}<\/script>\n<!-- \/ Yoast SEO plugin. -->","yoast_head_json":{"title":"Laserbeschriftung Medizintechnik \/ Markieraufgaben - Zuverl\u00e4ssig & Pr\u00e4zise","description":"Laserbeschriftung Medizintechnik? Schorcht -20 Jahre Kompetenz \u2713 T\u00dcV-Zertifizierung nach DIN EN ISO\/TS 16949 \u2713 Eigener Werkzeugbau \u2713 14 moderne Laseranlagen","robots":{"index":"noindex","follow":"follow","max-snippet":"max-snippet:-1","max-image-preview":"max-image-preview:large","max-video-preview":"max-video-preview:-1"},"og_locale":"de_DE","og_type":"article","og_title":"Laserbeschriftung Medizintechnik \/ Markieraufgaben - Zuverl\u00e4ssig & Pr\u00e4zise","og_description":"Laserbeschriftung Medizintechnik? Schorcht -20 Jahre Kompetenz \u2713 T\u00dcV-Zertifizierung nach DIN EN ISO\/TS 16949 \u2713 Eigener Werkzeugbau \u2713 14 moderne Laseranlagen","og_url":"https:\/\/form-klar.de\/schorcht\/laserbeschriftung-medizintechnik\/","og_site_name":"Laserzentrum Schorcht","article_modified_time":"2018-04-16T16:26:15+00:00","og_image":[{"url":"https:\/\/form-klar.de\/schorcht\/wp-content\/uploads\/2018\/04\/laser-gravur-thueringen2.jpg"}],"twitter_misc":{"Gesch\u00e4tzte Lesezeit":"3\u00a0Minuten"},"schema":{"@context":"https:\/\/schema.org","@graph":[{"@type":"WebPage","@id":"https:\/\/form-klar.de\/schorcht\/laserbeschriftung-medizintechnik\/","url":"https:\/\/form-klar.de\/schorcht\/laserbeschriftung-medizintechnik\/","name":"Laserbeschriftung Medizintechnik \/ Markieraufgaben - Zuverl\u00e4ssig & Pr\u00e4zise","isPartOf":{"@id":"https:\/\/form-klar.de\/schorcht\/#website"},"primaryImageOfPage":{"@id":"https:\/\/form-klar.de\/schorcht\/laserbeschriftung-medizintechnik\/#primaryimage"},"image":{"@id":"https:\/\/form-klar.de\/schorcht\/laserbeschriftung-medizintechnik\/#primaryimage"},"thumbnailUrl":"https:\/\/form-klar.de\/schorcht\/wp-content\/uploads\/2018\/04\/laser-gravur-thueringen2.jpg","datePublished":"2016-11-25T07:34:15+00:00","dateModified":"2018-04-16T16:26:15+00:00","description":"Laserbeschriftung Medizintechnik? Schorcht -20 Jahre Kompetenz \u2713 T\u00dcV-Zertifizierung nach DIN EN ISO\/TS 16949 \u2713 Eigener Werkzeugbau \u2713 14 moderne Laseranlagen","inLanguage":"de","potentialAction":[{"@type":"ReadAction","target":["https:\/\/form-klar.de\/schorcht\/laserbeschriftung-medizintechnik\/"]}]},{"@type":"ImageObject","inLanguage":"de","@id":"https:\/\/form-klar.de\/schorcht\/laserbeschriftung-medizintechnik\/#primaryimage","url":"https:\/\/form-klar.de\/schorcht\/wp-content\/uploads\/2018\/04\/laser-gravur-thueringen2.jpg","contentUrl":"https:\/\/form-klar.de\/schorcht\/wp-content\/uploads\/2018\/04\/laser-gravur-thueringen2.jpg","width":820,"height":243},{"@type":"WebSite","@id":"https:\/\/form-klar.de\/schorcht\/#website","url":"https:\/\/form-klar.de\/schorcht\/","name":"Laserzentrum Schorcht","description":"Lohnfertigung in der Lasermaterialbearbeitung - 12 Laseranlagen","potentialAction":[{"@type":"SearchAction","target":{"@type":"EntryPoint","urlTemplate":"https:\/\/form-klar.de\/schorcht\/?s={search_term_string}"},"query-input":"required name=search_term_string"}],"inLanguage":"de"}]}},"_links":{"self":[{"href":"https:\/\/form-klar.de\/schorcht\/wp-json\/wp\/v2\/pages\/1071"}],"collection":[{"href":"https:\/\/form-klar.de\/schorcht\/wp-json\/wp\/v2\/pages"}],"about":[{"href":"https:\/\/form-klar.de\/schorcht\/wp-json\/wp\/v2\/types\/page"}],"author":[{"embeddable":true,"href":"https:\/\/form-klar.de\/schorcht\/wp-json\/wp\/v2\/users\/9"}],"replies":[{"embeddable":true,"href":"https:\/\/form-klar.de\/schorcht\/wp-json\/wp\/v2\/comments?post=1071"}],"version-history":[{"count":6,"href":"https:\/\/form-klar.de\/schorcht\/wp-json\/wp\/v2\/pages\/1071\/revisions"}],"predecessor-version":[{"id":1260,"href":"https:\/\/form-klar.de\/schorcht\/wp-json\/wp\/v2\/pages\/1071\/revisions\/1260"}],"wp:attachment":[{"href":"https:\/\/form-klar.de\/schorcht\/wp-json\/wp\/v2\/media?parent=1071"}],"curies":[{"name":"wp","href":"https:\/\/api.w.org\/{rel}","templated":true}]}}