{"id":802,"date":"2024-05-07T20:23:50","date_gmt":"2024-05-07T20:23:50","guid":{"rendered":"https:\/\/form-klar.de\/meyersolar\/?page_id=802"},"modified":"2024-12-06T16:33:30","modified_gmt":"2024-12-06T16:33:30","slug":"foeritztal-solaranlage","status":"publish","type":"page","link":"https:\/\/form-klar.de\/meyersolar\/siteinfo\/sitemap\/foeritztal-solaranlage\/","title":{"rendered":"F\u00f6ritztal Solaranlage"},"content":{"rendered":"<h2>In F\u00f6ritztal Solaranlage installieren<\/h2>\n<p>Wenn Sie <strong>in F\u00f6ritztal eine Solaranlage installieren<\/strong> m\u00f6chten, sind wir Ihr Partner. Machen Sie doch einfach einen ersten Termin aus. Wir kommen vorbei und fangen schon direkt vor Ort mit den Planungen an. Wir sichten das Dach, die Neigung und die Ausrichtung. Dann besprechen wir den Umfang der Leistungen. W\u00fcnschen Sie zus\u00e4tzlich einen Speicher? Wir beraten Sie gerne! Setzen Sie auf modernste Module und Technik. Setzen Sie auf Professionalit\u00e4t und Schnelligkeit! Dann k\u00f6nnen Sie bald vom selbstproduzierten Strom profitieren. Als Grundst\u00fccksbesitzer auf Sonnenenergie zu setzen, geh\u00f6rt fast schon dazu. Ihr eigener Strom macht Sie unabh\u00e4ngig von den Schwankungen der Energiepreise. Und das, was \u00fcbrigbleibt, speisen Sie gegen Entgelt ins Netz ein. Kontaktieren Sie uns, um eine Solaranlage auf Ihrem Dach zu installieren. Mit der Installation einer <a title=\"F\u00f6ritztal Solaranlage\" href=\"https:\/\/form-klar.de\/meyersolar\/produkte\/\"><strong>Photovoltaikanlage <\/strong><\/a>sichern Sie sich also Unabh\u00e4ngigkeit. Zudem tragen Sie zum Klimaschutz bei und sparen Geld.<\/p>\n<h4>Hochwertige Solarenergie gewinnen<\/h4>\n<p>Wir sind <strong>Ihr Partner f\u00fcr Solartechnik<\/strong> und bieten professionelle Planung, Montage und Inbetriebnahme Ihrer Photovoltaikanlage. Ebenso unterst\u00fctzen wir Sie auch bei F\u00f6rderantr\u00e4gen. Zudem bieten wir Wartungsdienste an, um Qualit\u00e4t und Sicherheit Ihrer Anlage langfristig zu garantieren.<\/p>\n<h4>Vor der Installation: Umfassende Beratung und Planung<\/h4>\n<p>Zuerst pr\u00fcfen wir die Installationsm\u00f6glichkeiten bei Ihnen in F\u00f6ritztal. Ein Berater entwickelt vor Ort ein ma\u00dfgeschneidertes Konzept f\u00fcr Ihre Photovoltaikanlage. Basierend darauf erhalten Sie ein Festpreisangebot. Nach Auftragserteilung beginnen wir schnell mit den Vorbereitungen. Die Installation startet normalerweise nach wenigen Wochen. Unsere Experten besprechen mit Ihnen alle notwendigen Schritte und f\u00fchren auch die <strong>Inbetriebnahme<\/strong> durch. Sie werden ebenso in die Bedienung Ihrer neuen Anlage eingewiesen.<\/p>\n<h4>In F\u00f6ritztal Solaranlage betreiben \u2013 ideal f\u00fcr Sie privat, effektiv f\u00fcr Ihr Unternehmen und langfristig gut f\u00fcr Ihre Familie und den Planeten<\/h4>\n<p>\u200bDer wichtigste Vorteil: Mit uns setzen Sie auf Module, die sehr lange halten. Auch die Tr\u00e4gertechnik ist ausgereift und sicher. Zudem installieren wir alles so, dass es optimal zu Ihren W\u00fcnschen passt. Alles schlie\u00dfen wir fachgerecht an. Dann erfolgt die <a title=\"xxx\" href=\"https:\/\/form-klar.de\/meyersolar\/photovoltaikanlagen-solar-erfurt\/\"><strong> Anmeldung beim \u00f6rtlichen Energieunternehmen<\/strong><\/a>. Ist Ihre Solaranlage angemeldet beginnt die Einspeisung ins Netz gegen Verg\u00fctung. Sie erzeugen von nun ab Strom selbst \u2013 ob f\u00fcr den Haushalt, ob f\u00fcr eigenes Unternehmen, ob f\u00fcr die <strong>Heizanlage oder auch f\u00fcr Warmwasser<\/strong> \u2013 entdecken Sie die M\u00f6glichkeiten in F\u00f6ritztal!<\/p>\n","protected":false},"excerpt":{"rendered":"<p>In F\u00f6ritztal Solaranlage installieren Wenn Sie in F\u00f6ritztal eine Solaranlage [&hellip;]<\/p>\n","protected":false},"author":5,"featured_media":0,"parent":19,"menu_order":0,"comment_status":"closed","ping_status":"closed","template":"","meta":{"ngg_post_thumbnail":0,"footnotes":""},"class_list":["post-802","page","type-page","status-publish","hentry"],"yoast_head":"<!-- This site is optimized with the Yoast SEO plugin v24.8 - https:\/\/yoast.com\/wordpress\/plugins\/seo\/ -->\n<title>F\u00f6ritztal Solaranlage: Photovoltaik planen &amp; installieren + Speicher<\/title>\n<meta name=\"description\" content=\"Sie m\u00f6chten auf Ihrem Hausdach in F\u00f6ritztal eine Solaranlage errichten? Wir stehen f\u00fcr schnelle Planung, Installation und Inbetriebnahme.\" \/>\n<meta name=\"robots\" content=\"noindex, follow, max-snippet:-1, max-image-preview:large, max-video-preview:-1\" \/>\n<meta property=\"og:locale\" content=\"de_DE\" \/>\n<meta property=\"og:type\" content=\"article\" \/>\n<meta property=\"og:title\" content=\"F\u00f6ritztal Solaranlage: Photovoltaik planen &amp; installieren + Speicher\" \/>\n<meta property=\"og:description\" content=\"Sie m\u00f6chten auf Ihrem Hausdach in F\u00f6ritztal eine Solaranlage errichten? Wir stehen f\u00fcr schnelle Planung, Installation und Inbetriebnahme.\" \/>\n<meta property=\"og:url\" content=\"https:\/\/form-klar.de\/meyersolar\/siteinfo\/sitemap\/foeritztal-solaranlage\/\" \/>\n<meta property=\"og:site_name\" content=\"Meyer Solar\" \/>\n<meta property=\"article:modified_time\" content=\"2024-12-06T16:33:30+00:00\" \/>\n<meta name=\"twitter:card\" content=\"summary_large_image\" \/>\n<meta name=\"twitter:label1\" content=\"Gesch\u00e4tzte Lesezeit\" \/>\n\t<meta name=\"twitter:data1\" content=\"3\u00a0Minuten\" \/>\n<script type=\"application\/ld+json\" class=\"yoast-schema-graph\">{\"@context\":\"https:\/\/schema.org\",\"@graph\":[{\"@type\":\"WebPage\",\"@id\":\"https:\/\/form-klar.de\/meyersolar\/siteinfo\/sitemap\/foeritztal-solaranlage\/\",\"url\":\"https:\/\/form-klar.de\/meyersolar\/siteinfo\/sitemap\/foeritztal-solaranlage\/\",\"name\":\"F\u00f6ritztal Solaranlage: Photovoltaik planen & installieren + Speicher\",\"isPartOf\":{\"@id\":\"https:\/\/form-klar.de\/meyersolar\/#website\"},\"datePublished\":\"2024-05-07T20:23:50+00:00\",\"dateModified\":\"2024-12-06T16:33:30+00:00\",\"description\":\"Sie m\u00f6chten auf Ihrem Hausdach in F\u00f6ritztal eine Solaranlage errichten? Wir stehen f\u00fcr schnelle Planung, Installation und Inbetriebnahme.\",\"breadcrumb\":{\"@id\":\"https:\/\/form-klar.de\/meyersolar\/siteinfo\/sitemap\/foeritztal-solaranlage\/#breadcrumb\"},\"inLanguage\":\"de\",\"potentialAction\":[{\"@type\":\"ReadAction\",\"target\":[\"https:\/\/form-klar.de\/meyersolar\/siteinfo\/sitemap\/foeritztal-solaranlage\/\"]}]},{\"@type\":\"BreadcrumbList\",\"@id\":\"https:\/\/form-klar.de\/meyersolar\/siteinfo\/sitemap\/foeritztal-solaranlage\/#breadcrumb\",\"itemListElement\":[{\"@type\":\"ListItem\",\"position\":1,\"name\":\"Startseite\",\"item\":\"https:\/\/form-klar.de\/meyersolar\/\"},{\"@type\":\"ListItem\",\"position\":2,\"name\":\"Siteinfo\",\"item\":\"https:\/\/form-klar.de\/meyersolar\/siteinfo\/\"},{\"@type\":\"ListItem\",\"position\":3,\"name\":\"Sitemap\",\"item\":\"https:\/\/form-klar.de\/meyersolar\/siteinfo\/sitemap\/\"},{\"@type\":\"ListItem\",\"position\":4,\"name\":\"F\u00f6ritztal Solaranlage\"}]},{\"@type\":\"WebSite\",\"@id\":\"https:\/\/form-klar.de\/meyersolar\/#website\",\"url\":\"https:\/\/form-klar.de\/meyersolar\/\",\"name\":\"Meyer Solar\",\"description\":\"Solaranlagen und Photovoltaikanlagen in Th\u00fcringen aus Erfurt\",\"potentialAction\":[{\"@type\":\"SearchAction\",\"target\":{\"@type\":\"EntryPoint\",\"urlTemplate\":\"https:\/\/form-klar.de\/meyersolar\/?s={search_term_string}\"},\"query-input\":{\"@type\":\"PropertyValueSpecification\",\"valueRequired\":true,\"valueName\":\"search_term_string\"}}],\"inLanguage\":\"de\"}]}<\/script>\n<!-- \/ Yoast SEO plugin. -->","yoast_head_json":{"title":"F\u00f6ritztal Solaranlage: Photovoltaik planen & installieren + Speicher","description":"Sie m\u00f6chten auf Ihrem Hausdach in F\u00f6ritztal eine Solaranlage errichten? Wir stehen f\u00fcr schnelle Planung, Installation und Inbetriebnahme.","robots":{"index":"noindex","follow":"follow","max-snippet":"max-snippet:-1","max-image-preview":"max-image-preview:large","max-video-preview":"max-video-preview:-1"},"og_locale":"de_DE","og_type":"article","og_title":"F\u00f6ritztal Solaranlage: Photovoltaik planen & installieren + Speicher","og_description":"Sie m\u00f6chten auf Ihrem Hausdach in F\u00f6ritztal eine Solaranlage errichten? Wir stehen f\u00fcr schnelle Planung, Installation und Inbetriebnahme.","og_url":"https:\/\/form-klar.de\/meyersolar\/siteinfo\/sitemap\/foeritztal-solaranlage\/","og_site_name":"Meyer Solar","article_modified_time":"2024-12-06T16:33:30+00:00","twitter_card":"summary_large_image","twitter_misc":{"Gesch\u00e4tzte Lesezeit":"3\u00a0Minuten"},"schema":{"@context":"https:\/\/schema.org","@graph":[{"@type":"WebPage","@id":"https:\/\/form-klar.de\/meyersolar\/siteinfo\/sitemap\/foeritztal-solaranlage\/","url":"https:\/\/form-klar.de\/meyersolar\/siteinfo\/sitemap\/foeritztal-solaranlage\/","name":"F\u00f6ritztal Solaranlage: Photovoltaik planen & installieren + Speicher","isPartOf":{"@id":"https:\/\/form-klar.de\/meyersolar\/#website"},"datePublished":"2024-05-07T20:23:50+00:00","dateModified":"2024-12-06T16:33:30+00:00","description":"Sie m\u00f6chten auf Ihrem Hausdach in F\u00f6ritztal eine Solaranlage errichten? Wir stehen f\u00fcr schnelle Planung, Installation und Inbetriebnahme.","breadcrumb":{"@id":"https:\/\/form-klar.de\/meyersolar\/siteinfo\/sitemap\/foeritztal-solaranlage\/#breadcrumb"},"inLanguage":"de","potentialAction":[{"@type":"ReadAction","target":["https:\/\/form-klar.de\/meyersolar\/siteinfo\/sitemap\/foeritztal-solaranlage\/"]}]},{"@type":"BreadcrumbList","@id":"https:\/\/form-klar.de\/meyersolar\/siteinfo\/sitemap\/foeritztal-solaranlage\/#breadcrumb","itemListElement":[{"@type":"ListItem","position":1,"name":"Startseite","item":"https:\/\/form-klar.de\/meyersolar\/"},{"@type":"ListItem","position":2,"name":"Siteinfo","item":"https:\/\/form-klar.de\/meyersolar\/siteinfo\/"},{"@type":"ListItem","position":3,"name":"Sitemap","item":"https:\/\/form-klar.de\/meyersolar\/siteinfo\/sitemap\/"},{"@type":"ListItem","position":4,"name":"F\u00f6ritztal Solaranlage"}]},{"@type":"WebSite","@id":"https:\/\/form-klar.de\/meyersolar\/#website","url":"https:\/\/form-klar.de\/meyersolar\/","name":"Meyer Solar","description":"Solaranlagen und Photovoltaikanlagen in Th\u00fcringen aus Erfurt","potentialAction":[{"@type":"SearchAction","target":{"@type":"EntryPoint","urlTemplate":"https:\/\/form-klar.de\/meyersolar\/?s={search_term_string}"},"query-input":{"@type":"PropertyValueSpecification","valueRequired":true,"valueName":"search_term_string"}}],"inLanguage":"de"}]}},"_links":{"self":[{"href":"https:\/\/form-klar.de\/meyersolar\/wp-json\/wp\/v2\/pages\/802","targetHints":{"allow":["GET"]}}],"collection":[{"href":"https:\/\/form-klar.de\/meyersolar\/wp-json\/wp\/v2\/pages"}],"about":[{"href":"https:\/\/form-klar.de\/meyersolar\/wp-json\/wp\/v2\/types\/page"}],"author":[{"embeddable":true,"href":"https:\/\/form-klar.de\/meyersolar\/wp-json\/wp\/v2\/users\/5"}],"replies":[{"embeddable":true,"href":"https:\/\/form-klar.de\/meyersolar\/wp-json\/wp\/v2\/comments?post=802"}],"version-history":[{"count":2,"href":"https:\/\/form-klar.de\/meyersolar\/wp-json\/wp\/v2\/pages\/802\/revisions"}],"predecessor-version":[{"id":804,"href":"https:\/\/form-klar.de\/meyersolar\/wp-json\/wp\/v2\/pages\/802\/revisions\/804"}],"up":[{"embeddable":true,"href":"https:\/\/form-klar.de\/meyersolar\/wp-json\/wp\/v2\/pages\/19"}],"wp:attachment":[{"href":"https:\/\/form-klar.de\/meyersolar\/wp-json\/wp\/v2\/media?parent=802"}],"curies":[{"name":"wp","href":"https:\/\/api.w.org\/{rel}","templated":true}]}}