{"id":797,"date":"2024-04-16T06:13:48","date_gmt":"2024-04-16T06:13:48","guid":{"rendered":"https:\/\/form-klar.de\/meyersolar\/?page_id=797"},"modified":"2024-12-11T09:55:49","modified_gmt":"2024-12-11T09:55:49","slug":"geratal-solaranlage","status":"publish","type":"page","link":"https:\/\/form-klar.de\/meyersolar\/siteinfo\/sitemap\/geratal-solaranlage\/","title":{"rendered":"Geratal Solaranlage"},"content":{"rendered":"<h2>Geratal Solaranlage \u2013 fachkundige Montage<\/h2>\n<p>Planen Sie in Geratal den Einsatz einer Solaranlage? Suchen Sie zudem nach fachkundiger Unterst\u00fctzung? Unser Unternehmen sitzt in Th\u00fcringen und hat sich auf Solarenergie spezialisiert. Wir beraten nicht nur gr\u00fcndlich, sondern k\u00fcmmern uns auch um die Realisierung Ihrer Anlage sowie um einen erstklassigen Service. Wovon h\u00e4ngt die Ertragsf\u00e4higkeit einer Solaranlage ab? Erstens von der <strong>Technologiequalit\u00e4t<\/strong>. Zweitens vom Standort. Und drittens von Planung und Montage-Qualit\u00e4t. Alles zusammen garantiert einen langfristig effizienten Betrieb.<\/p>\n<h3>Nachhaltig investieren<\/h3>\n<p>Eine Investition in Solaranlagen zahlt sich immer aus. Denn die Solarenergie ist in jeden Fall zukunftssicher. Erreichen Sie Unabh\u00e4ngigkeit durch die <a title=\"Geratal Solaranlage\" href=\"https:\/\/form-klar.de\/meyersolar\/photovoltaikanlagen-solar-erfurt\/\"><strong>Produktion von Solarstrom<\/strong><\/a>! Ob ins Netz einspeisen oder speichern &#8211; auch beides kann eine L\u00f6sung sein. F\u00fcr eine erfolgreiche Umsetzung ist fachkundige Planung essenziell! Genau hier setzen wir an. Unsere Planung f\u00fcr Ihr Projekt zielt auf den Erfolg! Also einerseits auf langfristige Rentabilit\u00e4t &#8211; andererseits auf die schnelle und sichere Inbetriebnahme.<\/p>\n<h3>Premium L\u00f6sung: Geratal Solaranlage<\/h3>\n<p>Willkommen bei Meyer-Solar \u2013 Ihrem bevorzugter <strong>Fachpartner in Geratal<\/strong>. Unser Angebot umfasst Premium-L\u00f6sungen, die exakt auf Ihre Bed\u00fcrfnisse zugeschnitten sind. Sie tr\u00e4umen von einer unabh\u00e4ngigen Energieversorgung in Geratal? Los gehts! Mit uns geht alles schnell und sicher! Bei der Auswahl von Modulen und Wechselrichtern legen wir zudem gr\u00f6\u00dften Wert auf Qualit\u00e4t, um die Langlebigkeit Ihrer Anlage zu gew\u00e4hrleisten. Gerne beraten wir Sie auch zu Speicher-Systemen.<\/p>\n<h3>Montageoptionen: DIY oder professionelle Installation<\/h3>\n<p>Sie m\u00f6chten die Installation selbst \u00fcbernehmen? Wir unterst\u00fctzen Sie auch hierbei \u2013 sei es telefonisch oder pers\u00f6nlich. Wenn Sie jedoch eine professionelle Installation bevorzugen, stehen wir bereit! Dann installieren wir schnell und mit Garantie.<\/p>\n<h3>Solarl\u00f6sungen f\u00fcr Geratal \u2013 je nach Bedarf<\/h3>\n<p>\u200b<br \/>\nOb Installation auf dem Dach oder Solarpark \u2013 wir montieren ma\u00dfgeschneiderte Anlagen. Ein umfassender <strong>Standort-Check<\/strong> erm\u00f6glicht es uns, ein individuelles Ertragsmodell zu erstellen.<\/p>\n<h3>So maximieren Sie den Nutzen Ihrer Solaranlage<\/h3>\n<p>Wir <a title=\"Geratal Solaranlage\" href=\"https:\/\/form-klar.de\/meyersolar\/produkte\/\"><strong>bewerten die Standortbedingungen<\/strong><\/a> realistisch und k\u00fcmmern uns um die Anmeldung Ihrer Anlage beim lokalen Energieanbieter. Unsere Kunden sch\u00e4tzen unseren Service, besonders die wichtige Wartung f\u00fcr langfristig effiziente Solaranlagen.<\/p>\n","protected":false},"excerpt":{"rendered":"<p>Geratal Solaranlage \u2013 fachkundige Montage Planen Sie in Geratal den [&hellip;]<\/p>\n","protected":false},"author":5,"featured_media":0,"parent":19,"menu_order":0,"comment_status":"closed","ping_status":"closed","template":"","meta":{"ngg_post_thumbnail":0,"footnotes":""},"class_list":["post-797","page","type-page","status-publish","hentry"],"yoast_head":"<!-- This site is optimized with the Yoast SEO plugin v24.8 - https:\/\/yoast.com\/wordpress\/plugins\/seo\/ -->\n<title>Geratal Solaranlage montieren | Solar sicher aufs Dach | Montage<\/title>\n<meta name=\"description\" content=\"Geratal Solaranlage \u2013 und zwar mit Planung, Beratung &amp; Service \u2013 das bietet Ihnen Meyer Solar. Jetzt Stromertr\u00e4ge f\u00fcr die Zukunft sichern.\" \/>\n<meta name=\"robots\" content=\"noindex, follow, max-snippet:-1, max-image-preview:large, max-video-preview:-1\" \/>\n<meta property=\"og:locale\" content=\"de_DE\" \/>\n<meta property=\"og:type\" content=\"article\" \/>\n<meta property=\"og:title\" content=\"Geratal Solaranlage montieren | Solar sicher aufs Dach | Montage\" \/>\n<meta property=\"og:description\" content=\"Geratal Solaranlage \u2013 und zwar mit Planung, Beratung &amp; Service \u2013 das bietet Ihnen Meyer Solar. Jetzt Stromertr\u00e4ge f\u00fcr die Zukunft sichern.\" \/>\n<meta property=\"og:url\" content=\"https:\/\/form-klar.de\/meyersolar\/siteinfo\/sitemap\/geratal-solaranlage\/\" \/>\n<meta property=\"og:site_name\" content=\"Meyer Solar\" \/>\n<meta property=\"article:modified_time\" content=\"2024-12-11T09:55:49+00:00\" \/>\n<meta name=\"twitter:card\" content=\"summary_large_image\" \/>\n<meta name=\"twitter:label1\" content=\"Gesch\u00e4tzte Lesezeit\" \/>\n\t<meta name=\"twitter:data1\" content=\"2\u00a0Minuten\" \/>\n<script type=\"application\/ld+json\" class=\"yoast-schema-graph\">{\"@context\":\"https:\/\/schema.org\",\"@graph\":[{\"@type\":\"WebPage\",\"@id\":\"https:\/\/form-klar.de\/meyersolar\/siteinfo\/sitemap\/geratal-solaranlage\/\",\"url\":\"https:\/\/form-klar.de\/meyersolar\/siteinfo\/sitemap\/geratal-solaranlage\/\",\"name\":\"Geratal Solaranlage montieren | Solar sicher aufs Dach | Montage\",\"isPartOf\":{\"@id\":\"https:\/\/form-klar.de\/meyersolar\/#website\"},\"datePublished\":\"2024-04-16T06:13:48+00:00\",\"dateModified\":\"2024-12-11T09:55:49+00:00\",\"description\":\"Geratal Solaranlage \u2013 und zwar mit Planung, Beratung & Service \u2013 das bietet Ihnen Meyer Solar. Jetzt Stromertr\u00e4ge f\u00fcr die Zukunft sichern.\",\"breadcrumb\":{\"@id\":\"https:\/\/form-klar.de\/meyersolar\/siteinfo\/sitemap\/geratal-solaranlage\/#breadcrumb\"},\"inLanguage\":\"de\",\"potentialAction\":[{\"@type\":\"ReadAction\",\"target\":[\"https:\/\/form-klar.de\/meyersolar\/siteinfo\/sitemap\/geratal-solaranlage\/\"]}]},{\"@type\":\"BreadcrumbList\",\"@id\":\"https:\/\/form-klar.de\/meyersolar\/siteinfo\/sitemap\/geratal-solaranlage\/#breadcrumb\",\"itemListElement\":[{\"@type\":\"ListItem\",\"position\":1,\"name\":\"Startseite\",\"item\":\"https:\/\/form-klar.de\/meyersolar\/\"},{\"@type\":\"ListItem\",\"position\":2,\"name\":\"Siteinfo\",\"item\":\"https:\/\/form-klar.de\/meyersolar\/siteinfo\/\"},{\"@type\":\"ListItem\",\"position\":3,\"name\":\"Sitemap\",\"item\":\"https:\/\/form-klar.de\/meyersolar\/siteinfo\/sitemap\/\"},{\"@type\":\"ListItem\",\"position\":4,\"name\":\"Geratal Solaranlage\"}]},{\"@type\":\"WebSite\",\"@id\":\"https:\/\/form-klar.de\/meyersolar\/#website\",\"url\":\"https:\/\/form-klar.de\/meyersolar\/\",\"name\":\"Meyer Solar\",\"description\":\"Solaranlagen und Photovoltaikanlagen in Th\u00fcringen aus Erfurt\",\"potentialAction\":[{\"@type\":\"SearchAction\",\"target\":{\"@type\":\"EntryPoint\",\"urlTemplate\":\"https:\/\/form-klar.de\/meyersolar\/?s={search_term_string}\"},\"query-input\":{\"@type\":\"PropertyValueSpecification\",\"valueRequired\":true,\"valueName\":\"search_term_string\"}}],\"inLanguage\":\"de\"}]}<\/script>\n<!-- \/ Yoast SEO plugin. -->","yoast_head_json":{"title":"Geratal Solaranlage montieren | Solar sicher aufs Dach | Montage","description":"Geratal Solaranlage \u2013 und zwar mit Planung, Beratung & Service \u2013 das bietet Ihnen Meyer Solar. Jetzt Stromertr\u00e4ge f\u00fcr die Zukunft sichern.","robots":{"index":"noindex","follow":"follow","max-snippet":"max-snippet:-1","max-image-preview":"max-image-preview:large","max-video-preview":"max-video-preview:-1"},"og_locale":"de_DE","og_type":"article","og_title":"Geratal Solaranlage montieren | Solar sicher aufs Dach | Montage","og_description":"Geratal Solaranlage \u2013 und zwar mit Planung, Beratung & Service \u2013 das bietet Ihnen Meyer Solar. Jetzt Stromertr\u00e4ge f\u00fcr die Zukunft sichern.","og_url":"https:\/\/form-klar.de\/meyersolar\/siteinfo\/sitemap\/geratal-solaranlage\/","og_site_name":"Meyer Solar","article_modified_time":"2024-12-11T09:55:49+00:00","twitter_card":"summary_large_image","twitter_misc":{"Gesch\u00e4tzte Lesezeit":"2\u00a0Minuten"},"schema":{"@context":"https:\/\/schema.org","@graph":[{"@type":"WebPage","@id":"https:\/\/form-klar.de\/meyersolar\/siteinfo\/sitemap\/geratal-solaranlage\/","url":"https:\/\/form-klar.de\/meyersolar\/siteinfo\/sitemap\/geratal-solaranlage\/","name":"Geratal Solaranlage montieren | Solar sicher aufs Dach | Montage","isPartOf":{"@id":"https:\/\/form-klar.de\/meyersolar\/#website"},"datePublished":"2024-04-16T06:13:48+00:00","dateModified":"2024-12-11T09:55:49+00:00","description":"Geratal Solaranlage \u2013 und zwar mit Planung, Beratung & Service \u2013 das bietet Ihnen Meyer Solar. Jetzt Stromertr\u00e4ge f\u00fcr die Zukunft sichern.","breadcrumb":{"@id":"https:\/\/form-klar.de\/meyersolar\/siteinfo\/sitemap\/geratal-solaranlage\/#breadcrumb"},"inLanguage":"de","potentialAction":[{"@type":"ReadAction","target":["https:\/\/form-klar.de\/meyersolar\/siteinfo\/sitemap\/geratal-solaranlage\/"]}]},{"@type":"BreadcrumbList","@id":"https:\/\/form-klar.de\/meyersolar\/siteinfo\/sitemap\/geratal-solaranlage\/#breadcrumb","itemListElement":[{"@type":"ListItem","position":1,"name":"Startseite","item":"https:\/\/form-klar.de\/meyersolar\/"},{"@type":"ListItem","position":2,"name":"Siteinfo","item":"https:\/\/form-klar.de\/meyersolar\/siteinfo\/"},{"@type":"ListItem","position":3,"name":"Sitemap","item":"https:\/\/form-klar.de\/meyersolar\/siteinfo\/sitemap\/"},{"@type":"ListItem","position":4,"name":"Geratal Solaranlage"}]},{"@type":"WebSite","@id":"https:\/\/form-klar.de\/meyersolar\/#website","url":"https:\/\/form-klar.de\/meyersolar\/","name":"Meyer Solar","description":"Solaranlagen und Photovoltaikanlagen in Th\u00fcringen aus Erfurt","potentialAction":[{"@type":"SearchAction","target":{"@type":"EntryPoint","urlTemplate":"https:\/\/form-klar.de\/meyersolar\/?s={search_term_string}"},"query-input":{"@type":"PropertyValueSpecification","valueRequired":true,"valueName":"search_term_string"}}],"inLanguage":"de"}]}},"_links":{"self":[{"href":"https:\/\/form-klar.de\/meyersolar\/wp-json\/wp\/v2\/pages\/797","targetHints":{"allow":["GET"]}}],"collection":[{"href":"https:\/\/form-klar.de\/meyersolar\/wp-json\/wp\/v2\/pages"}],"about":[{"href":"https:\/\/form-klar.de\/meyersolar\/wp-json\/wp\/v2\/types\/page"}],"author":[{"embeddable":true,"href":"https:\/\/form-klar.de\/meyersolar\/wp-json\/wp\/v2\/users\/5"}],"replies":[{"embeddable":true,"href":"https:\/\/form-klar.de\/meyersolar\/wp-json\/wp\/v2\/comments?post=797"}],"version-history":[{"count":1,"href":"https:\/\/form-klar.de\/meyersolar\/wp-json\/wp\/v2\/pages\/797\/revisions"}],"predecessor-version":[{"id":798,"href":"https:\/\/form-klar.de\/meyersolar\/wp-json\/wp\/v2\/pages\/797\/revisions\/798"}],"up":[{"embeddable":true,"href":"https:\/\/form-klar.de\/meyersolar\/wp-json\/wp\/v2\/pages\/19"}],"wp:attachment":[{"href":"https:\/\/form-klar.de\/meyersolar\/wp-json\/wp\/v2\/media?parent=797"}],"curies":[{"name":"wp","href":"https:\/\/api.w.org\/{rel}","templated":true}]}}