{"id":782,"date":"2023-12-11T09:04:03","date_gmt":"2023-12-11T09:04:03","guid":{"rendered":"https:\/\/form-klar.de\/meyersolar\/?page_id=782"},"modified":"2024-12-11T09:54:17","modified_gmt":"2024-12-11T09:54:17","slug":"gerstungen-solaranlage","status":"publish","type":"page","link":"https:\/\/form-klar.de\/meyersolar\/siteinfo\/sitemap\/gerstungen-solaranlage\/","title":{"rendered":"Gerstungen Solaranlage"},"content":{"rendered":"<h2>Gerstungen Solaranlage \u2013 Experten gefragt<\/h2>\n<p>Planen Sie in Gerstungen eine Solaranlage? Wir stehen bereit! Denn damit Ihre Anlage schnell Strom bringt, brauchen Sie einen Partner, der sich zuverl\u00e4ssig um alles k\u00fcmmert. Eine Solaranlage sollte zudem stets fachgerecht errichtet werden! Aber auch die Anmeldung bei Ihrem regionalen Energieanbieter in Gerstungen ist kein Pappenstil. Wie fangen Sie am besten an? Ein kluges Erstgespr\u00e4ch mit einem Experten ist der Schl\u00fcssel zu einer guten Anlage. Sie wollen ja, dass Ihre Solaranlage \u00fcber Jahrzehnte richtig arbeitet und Strom erzeugt. Aber die <a title=\"Gerstungen Solaranlage\" href=\"https:\/\/form-klar.de\/meyersolar\/produkte\/rentabilitaet-und-funktionalitaetsweise-von- photovoltaikanlagen\/\"><strong>Solarpanels<\/strong><\/a> allein machen es nicht aus. Wichtig ist auch ein stabiles Ger\u00fcst, das korrekt auf Ihrem Dach montiert wird. Je nach Dachtyp bieten wir das passende Know-how und die L\u00f6sungen an. Vorher ist jedoch eine gr\u00fcndliche \u00dcberlegung zum Standort der Solaranlage n\u00f6tig, und hierbei sind wir Ihr sachkundiger Berater.<\/p>\n<h3>Wert der Erfahrung \u2013 jedes Detail z\u00e4hlt bei Solaranlagen<\/h3>\n<p>Unsere langj\u00e4hrige Praxis zeigt uns, was wirklich wichtig ist. <strong>Umgehen Sie kostspielige Patzer<\/strong> bei der Montage, indem Sie auf einen Partner vom Fach setzen. Mit guter Markentechnik garantieren wir zudem Top-Ertrag. Setzen Sie auf uns! Denn wir kennen den passenden Kniff f\u00fcr alle F\u00e4lle. Ihr Ziel in Gerstungen ist es, viel Strom zu gewinnen. Das allein reicht aber nicht aus. Es geht auch darum, Ihre Anlage f\u00fcr die Zukunft fit zu machen. Wobei Ihre eigenen W\u00fcnsche und Pl\u00e4ne stets zuerst kommen.<\/p>\n<h3>In Gerstungen Solaranlage planen \u2013 Rat, Aufbau und Dienstleistung f\u00fcr Zuhause und Firmen<\/h3>\n<p>Egal ob Firma oder Privat \u2013 wir stehen mit Rat und Tat zur Seite. Ist eine autarke L\u00f6sung mit leistungsf\u00e4higem Speicher f\u00fcr Sie ideal? M\u00f6chten Sie mit Solarstrom ein Elektroauto oder mehr laden? Ist Ihr Dach oder Grundst\u00fcck \u00fcberhaupt geeignet f\u00fcr eine Solaranlage? Was ist mit Solarw\u00e4rme? K\u00f6nnte das eine Option sein? Wir entwerfen einen <strong>Plan f\u00fcr Ihre Anlage<\/strong>, der bis ins Detail durchdacht ist.<\/p>\n<h3>Ein Plan, der in die Zukunft zeigt<\/h3>\n<p>\u200bIst der Plan fertig, starten wir mit dem <a title=\"Gerstungen Solaranlage\" href=\"https:\/\/form-klar.de\/meyersolar\/photovoltaikanlagen-solar-erfurt\/\"><strong>Aufbau der gesamten Anlage<\/strong><\/a>. Auch hier zahlt sich ein Profi aus. Es ist ja immer sch\u00f6n, wenn alles reibungslos funktioniert. Zuletzt ist die Meldung bei Ihrem Stromlieferanten wichtig. Bei vielen Anmeldungen k\u00f6nnen sich Verz\u00f6gerungen ergeben, falls in den Papieren etwas fehlt. Mit uns als <strong>Experten<\/strong> k\u00f6nnen Sie darauf vertrauen, dass Sie mit Ihrer Anlage sofort nach der Montage <strong>gleich einspeisen oder sich versorgen k\u00f6nnen<\/strong>!<\/p>\n","protected":false},"excerpt":{"rendered":"<p>Gerstungen Solaranlage \u2013 Experten gefragt Planen Sie in Gerstungen eine [&hellip;]<\/p>\n","protected":false},"author":5,"featured_media":0,"parent":19,"menu_order":0,"comment_status":"closed","ping_status":"closed","template":"","meta":{"ngg_post_thumbnail":0,"footnotes":""},"class_list":["post-782","page","type-page","status-publish","hentry"],"yoast_head":"<!-- This site is optimized with the Yoast SEO plugin v24.8 - https:\/\/yoast.com\/wordpress\/plugins\/seo\/ -->\n<title>Gerstungen Solaranlage | Nutzen Sie Photovoltaik &amp; Solarthermie<\/title>\n<meta name=\"description\" content=\"In Gerstungen Solaranlage planen: Wir sind Ihr Fachpartner. Damit Ihre Anlage schnell errichtet wird, braucht es Experten, die alles regeln\" \/>\n<meta name=\"robots\" content=\"noindex, follow, max-snippet:-1, max-image-preview:large, max-video-preview:-1\" \/>\n<meta property=\"og:locale\" content=\"de_DE\" \/>\n<meta property=\"og:type\" content=\"article\" \/>\n<meta property=\"og:title\" content=\"Gerstungen Solaranlage | Nutzen Sie Photovoltaik &amp; Solarthermie\" \/>\n<meta property=\"og:description\" content=\"In Gerstungen Solaranlage planen: Wir sind Ihr Fachpartner. Damit Ihre Anlage schnell errichtet wird, braucht es Experten, die alles regeln\" \/>\n<meta property=\"og:url\" content=\"https:\/\/form-klar.de\/meyersolar\/siteinfo\/sitemap\/gerstungen-solaranlage\/\" \/>\n<meta property=\"og:site_name\" content=\"Meyer Solar\" \/>\n<meta property=\"article:modified_time\" content=\"2024-12-11T09:54:17+00:00\" \/>\n<meta name=\"twitter:card\" content=\"summary_large_image\" \/>\n<meta name=\"twitter:label1\" content=\"Gesch\u00e4tzte Lesezeit\" \/>\n\t<meta name=\"twitter:data1\" content=\"3\u00a0Minuten\" \/>\n<script type=\"application\/ld+json\" class=\"yoast-schema-graph\">{\"@context\":\"https:\/\/schema.org\",\"@graph\":[{\"@type\":\"WebPage\",\"@id\":\"https:\/\/form-klar.de\/meyersolar\/siteinfo\/sitemap\/gerstungen-solaranlage\/\",\"url\":\"https:\/\/form-klar.de\/meyersolar\/siteinfo\/sitemap\/gerstungen-solaranlage\/\",\"name\":\"Gerstungen Solaranlage | Nutzen Sie Photovoltaik & Solarthermie\",\"isPartOf\":{\"@id\":\"https:\/\/form-klar.de\/meyersolar\/#website\"},\"datePublished\":\"2023-12-11T09:04:03+00:00\",\"dateModified\":\"2024-12-11T09:54:17+00:00\",\"description\":\"In Gerstungen Solaranlage planen: Wir sind Ihr Fachpartner. Damit Ihre Anlage schnell errichtet wird, braucht es Experten, die alles regeln\",\"breadcrumb\":{\"@id\":\"https:\/\/form-klar.de\/meyersolar\/siteinfo\/sitemap\/gerstungen-solaranlage\/#breadcrumb\"},\"inLanguage\":\"de\",\"potentialAction\":[{\"@type\":\"ReadAction\",\"target\":[\"https:\/\/form-klar.de\/meyersolar\/siteinfo\/sitemap\/gerstungen-solaranlage\/\"]}]},{\"@type\":\"BreadcrumbList\",\"@id\":\"https:\/\/form-klar.de\/meyersolar\/siteinfo\/sitemap\/gerstungen-solaranlage\/#breadcrumb\",\"itemListElement\":[{\"@type\":\"ListItem\",\"position\":1,\"name\":\"Startseite\",\"item\":\"https:\/\/form-klar.de\/meyersolar\/\"},{\"@type\":\"ListItem\",\"position\":2,\"name\":\"Siteinfo\",\"item\":\"https:\/\/form-klar.de\/meyersolar\/siteinfo\/\"},{\"@type\":\"ListItem\",\"position\":3,\"name\":\"Sitemap\",\"item\":\"https:\/\/form-klar.de\/meyersolar\/siteinfo\/sitemap\/\"},{\"@type\":\"ListItem\",\"position\":4,\"name\":\"Gerstungen Solaranlage\"}]},{\"@type\":\"WebSite\",\"@id\":\"https:\/\/form-klar.de\/meyersolar\/#website\",\"url\":\"https:\/\/form-klar.de\/meyersolar\/\",\"name\":\"Meyer Solar\",\"description\":\"Solaranlagen und Photovoltaikanlagen in Th\u00fcringen aus Erfurt\",\"potentialAction\":[{\"@type\":\"SearchAction\",\"target\":{\"@type\":\"EntryPoint\",\"urlTemplate\":\"https:\/\/form-klar.de\/meyersolar\/?s={search_term_string}\"},\"query-input\":{\"@type\":\"PropertyValueSpecification\",\"valueRequired\":true,\"valueName\":\"search_term_string\"}}],\"inLanguage\":\"de\"}]}<\/script>\n<!-- \/ Yoast SEO plugin. -->","yoast_head_json":{"title":"Gerstungen Solaranlage | Nutzen Sie Photovoltaik & Solarthermie","description":"In Gerstungen Solaranlage planen: Wir sind Ihr Fachpartner. Damit Ihre Anlage schnell errichtet wird, braucht es Experten, die alles regeln","robots":{"index":"noindex","follow":"follow","max-snippet":"max-snippet:-1","max-image-preview":"max-image-preview:large","max-video-preview":"max-video-preview:-1"},"og_locale":"de_DE","og_type":"article","og_title":"Gerstungen Solaranlage | Nutzen Sie Photovoltaik & Solarthermie","og_description":"In Gerstungen Solaranlage planen: Wir sind Ihr Fachpartner. Damit Ihre Anlage schnell errichtet wird, braucht es Experten, die alles regeln","og_url":"https:\/\/form-klar.de\/meyersolar\/siteinfo\/sitemap\/gerstungen-solaranlage\/","og_site_name":"Meyer Solar","article_modified_time":"2024-12-11T09:54:17+00:00","twitter_card":"summary_large_image","twitter_misc":{"Gesch\u00e4tzte Lesezeit":"3\u00a0Minuten"},"schema":{"@context":"https:\/\/schema.org","@graph":[{"@type":"WebPage","@id":"https:\/\/form-klar.de\/meyersolar\/siteinfo\/sitemap\/gerstungen-solaranlage\/","url":"https:\/\/form-klar.de\/meyersolar\/siteinfo\/sitemap\/gerstungen-solaranlage\/","name":"Gerstungen Solaranlage | Nutzen Sie Photovoltaik & Solarthermie","isPartOf":{"@id":"https:\/\/form-klar.de\/meyersolar\/#website"},"datePublished":"2023-12-11T09:04:03+00:00","dateModified":"2024-12-11T09:54:17+00:00","description":"In Gerstungen Solaranlage planen: Wir sind Ihr Fachpartner. Damit Ihre Anlage schnell errichtet wird, braucht es Experten, die alles regeln","breadcrumb":{"@id":"https:\/\/form-klar.de\/meyersolar\/siteinfo\/sitemap\/gerstungen-solaranlage\/#breadcrumb"},"inLanguage":"de","potentialAction":[{"@type":"ReadAction","target":["https:\/\/form-klar.de\/meyersolar\/siteinfo\/sitemap\/gerstungen-solaranlage\/"]}]},{"@type":"BreadcrumbList","@id":"https:\/\/form-klar.de\/meyersolar\/siteinfo\/sitemap\/gerstungen-solaranlage\/#breadcrumb","itemListElement":[{"@type":"ListItem","position":1,"name":"Startseite","item":"https:\/\/form-klar.de\/meyersolar\/"},{"@type":"ListItem","position":2,"name":"Siteinfo","item":"https:\/\/form-klar.de\/meyersolar\/siteinfo\/"},{"@type":"ListItem","position":3,"name":"Sitemap","item":"https:\/\/form-klar.de\/meyersolar\/siteinfo\/sitemap\/"},{"@type":"ListItem","position":4,"name":"Gerstungen Solaranlage"}]},{"@type":"WebSite","@id":"https:\/\/form-klar.de\/meyersolar\/#website","url":"https:\/\/form-klar.de\/meyersolar\/","name":"Meyer Solar","description":"Solaranlagen und Photovoltaikanlagen in Th\u00fcringen aus Erfurt","potentialAction":[{"@type":"SearchAction","target":{"@type":"EntryPoint","urlTemplate":"https:\/\/form-klar.de\/meyersolar\/?s={search_term_string}"},"query-input":{"@type":"PropertyValueSpecification","valueRequired":true,"valueName":"search_term_string"}}],"inLanguage":"de"}]}},"_links":{"self":[{"href":"https:\/\/form-klar.de\/meyersolar\/wp-json\/wp\/v2\/pages\/782","targetHints":{"allow":["GET"]}}],"collection":[{"href":"https:\/\/form-klar.de\/meyersolar\/wp-json\/wp\/v2\/pages"}],"about":[{"href":"https:\/\/form-klar.de\/meyersolar\/wp-json\/wp\/v2\/types\/page"}],"author":[{"embeddable":true,"href":"https:\/\/form-klar.de\/meyersolar\/wp-json\/wp\/v2\/users\/5"}],"replies":[{"embeddable":true,"href":"https:\/\/form-klar.de\/meyersolar\/wp-json\/wp\/v2\/comments?post=782"}],"version-history":[{"count":2,"href":"https:\/\/form-klar.de\/meyersolar\/wp-json\/wp\/v2\/pages\/782\/revisions"}],"predecessor-version":[{"id":784,"href":"https:\/\/form-klar.de\/meyersolar\/wp-json\/wp\/v2\/pages\/782\/revisions\/784"}],"up":[{"embeddable":true,"href":"https:\/\/form-klar.de\/meyersolar\/wp-json\/wp\/v2\/pages\/19"}],"wp:attachment":[{"href":"https:\/\/form-klar.de\/meyersolar\/wp-json\/wp\/v2\/media?parent=782"}],"curies":[{"name":"wp","href":"https:\/\/api.w.org\/{rel}","templated":true}]}}