{"id":730,"date":"2022-10-05T07:50:30","date_gmt":"2022-10-05T07:50:30","guid":{"rendered":"https:\/\/form-klar.de\/meyersolar\/?page_id=730"},"modified":"2024-12-11T09:48:47","modified_gmt":"2024-12-11T09:48:47","slug":"eisenberg-solaranlage","status":"publish","type":"page","link":"https:\/\/form-klar.de\/meyersolar\/eisenberg-solaranlage\/","title":{"rendered":"Eisenberg Solaranlage"},"content":{"rendered":"<h2>Wir planen Solaranlagen \u2013 f\u00fcr eine gute Stromernte<\/h2>\n<p>Sie m\u00f6chten in Eisenberg eine Solaranlage errichten? Dann wenden Sie sich an die Experten hier in der Region. Egal ob gro\u00dfe Dachanlage oder <a title=\"Eisenberg Solaranlage\" href=\"https:\/\/form-klar.de\/meyersolar\/photovoltaikanlagen-solar-erfurt\/vororttermin-solaranlagen- erfurt\/\"><strong>Flachdach- Photovoltaik f\u00fcr Ihre Nebengeb\u00e4ude <\/strong><\/a> \u2013 wir begleiten Ihr Solarprojekt bis zur Inbetriebnahme und dar\u00fcber hinaus. Wie gehen wir dabei vor? Am Anfang steht immer der Vororttermin. Hier geht es uns darum, den Standort kennenzulernen. Dabei k\u00f6nnen wir sofort sehen, welche M\u00f6glichkeiten der <strong>Solarstandort in Eisenberg <\/strong> bietet. Wichtig ist es f\u00fcr Sie als Bauherrn, dass Sie genau wissen welche Einschr\u00e4nkungen im Ertrag gegebenenfalls zu erwarten sind. Denn darum geht es auch im n\u00e4chsten Schritt \u2013 der genauen Planung Ihrer Solaranlage in Eisenberg.<\/p>\n<h4>Ertrag Ihrer Solaranlage<\/h4>\n<p>Hier in der Region ist ein guter Ertrag zu erwarten. Wenn alle Bedingungen erf\u00fcllt sind, wird Ihr Projekt ein erfolgreiches Projekt, um Energiekosten zu senken. In der Planungsphase findet eine grunds\u00e4tzliche Beratung statt. Denn Architektur, \u00c4sthetik und die technischen Details m\u00fcssen stimmen. In jeden unserer Planungsschritte beziehen wir Sie mit ein. Wenn Sie ein Flachdach nutzen m\u00f6chten, geh\u00f6rt auch eine <strong> Analyse der Verschattung <\/strong> \u00fcber den Tag und \u00fcber die Monate hinweg einfach dazu. Das alles erm\u00f6glicht es uns eine Ertragsvorausschau zu erstellen.<\/p>\n<h4>In Eisenberg Solaranlage installieren<\/h4>\n<p>Sie sind zufrieden mit unserem Angebot? Dann werden alle weiteren Schritte von uns in die Wege geleitet. Denn der \u00f6rtliche Energieversorger muss mit einbezogen werden. Zudem m\u00fcssen bei Dachkonstruktionen auch <strong> Statiker und Dachdecker <\/strong> mit im Team sein. Wir richten uns nat\u00fcrlich nach der Gr\u00f6\u00dfe des Projektes \u2013 so stehen Kosten und Nutzen immer genau im richtigen Verh\u00e4ltnis. Zum Angebot erhalten Sie auch eine Fotomontage mit Ihrer Anlage \u2013 so k\u00f6nnen Sie sich vorab schon mal ein Bild von der fertig projektierten Solaranlage machen.<\/p>\n<h4>Meyersolar \u2013 Konzepte f\u00fcr alternative Energie<\/h4>\n<p>Rechtzeitig und ohne Probleme beantragen wir die Anlage schlie\u00dflich bei Ihrem \u00f6rtlichen Energieversorger. Wichtig f\u00fcr eine <a title=\"Rentabilit\u00e4t Eisenberg Solar\" href=\"https:\/\/form-klar.de\/meyersolar\/produkte\/rentabilitaet-und-funktionalitaetsweise-von- photovoltaikanlagen\/\"><strong>fristgerechte Inbetriebnahme<\/strong><\/a> ist schlie\u00dflich die umfassende Dokumentation aller verwendeten Module, Wechselrichter und vielem mehr. Die anschlie\u00dfende Installation wird mit Qualit\u00e4tswerkzeugen ausgef\u00fchrt. Sie m\u00f6chten die Anlage selbst montieren? Dann stehen wir Ihnen beratend zur Seite. Das macht sich im Preis bemerkbar. Diese Variante bieten wir Ihnen auf jeden Fall auch an. <strong>Eisenberg Solaranlage <\/strong> : Machen Sie sich unabh\u00e4ngig und sparen Sie <strong>laufende Stromkosten <\/strong> ! F\u00fcr die Region Schmalkalden planen wir moderne Solaranlagen. Zudem k\u00f6nnen wir Ihnen vorab f\u00fcr Ihren Standort berechnen, ob sich Photovoltaik f\u00fcr Ihr Dach lohnt. Als in Th\u00fcringen t\u00e4tiges <a title=\"Solaranlagen Schmalkalden\" href=\"https:\/\/form-klar.de\/meyersolar\/solaranlagen- meyersolar-erfurt-thueringen\/\"><strong>Beratungs- und Installationsunternehmen<\/strong><\/a> sind wir hier in der Region ihr starker und zuverl\u00e4ssiger Partner.<\/p>\n<h4>Grunds\u00e4tzliche Fragen kl\u00e4ren wir gern in einem Vor-Ort-Gespr\u00e4ch in der Region Eisenberg<\/h4>\n<p>Ob <a title=\"Solaranlagen \u2013 Photovoltaik, Solarthermie\" href=\"https:\/\/form-klar.de\/meyersolar\/photovoltaikanlagen-solar-erfurt\/\"><strong>Photovoltaik oder Solarthermie<\/strong><\/a> \u2013 was passt f\u00fcr Sie? Vielleicht m\u00f6chten Sie beide Technologien installieren oder Sie entscheiden sich f\u00fcr eine der M\u00f6glichkeit. Wir sind da, um Sie bei dieser Entscheidung bestm\u00f6glich zu beraten. Werden Sie Ihr eigener Energieerzeuger. Mit Solarthermie schaffen Sie eine umweltfreundliche M\u00f6glichkeit, Ihren <strong>Warmwasserspeicher<\/strong> aufzuf\u00fcllen. Duschen Sie zuk\u00fcnftig mit der Kraft der Sonne! Eine Photovoltaikanlage macht Sie hingegen zum <strong>Stromeinspeiser ins Netz<\/strong>. Daf\u00fcr erhalten Sie Verg\u00fctungen. Nat\u00fcrlich beraten wir Sie auch zum Thema <strong>Autarkie und Insel-Anlagen<\/strong>.<\/p>\n<h4>So gehen wir vor \u2013 gute Beratung und solide Konzeption<\/h4>\n<p>\u200bWie sieht nun unser Service f\u00fcr Sie in Eisenberg und Umgebung aus? Zuerst treffen wir uns bei Ihnen bei einem Vor-Ort-Termin. Hier geht es darum, alle \u00f6rtlichen Gegebenheiten zu pr\u00fcfen. Sind Einschr\u00e4nkungen erkennbar? Wir pr\u00fcfen alles auf Herz und Nieren. Danach ist es uns m\u00f6glich, Ihre Anlage auf dem Papier zu planen.<\/p>\n<h4>Solaranlagen: Angebot mit Ertragsvorausschau \u2013 unser Service f\u00fcr Sie<\/h4>\n<p>Gern setzen wir uns mit Ihnen in Ruhe zusammen, damit alles auch nach Ihren Vorstellungen geplant ist. Gern beantworten wir auch Fragen wie diese: \u201eWie kommt die Anlage aufs Dach\u201c, \u201eWie ist die Optik?\u201c, \u201eWelche Technischen Module werden eingesetzt?\u201c. <strong>Sie haben ein Flachdach?<\/strong> Hier kommt es besonders auf eine professionelle Beschattungsanalyse an. Denn die Sonne strahlt im Jahreslauf unterschiedlich stark! Alles muss im Konzept ber\u00fccksichtigt werden. Sind alle Eckpunkte klar, unterbreiten wir Ihnen ein belastbares Angebot. Wichtig f\u00fcr Sie: Auch eine Ertragsvorschau und Berechnung zur Wirtschaftlichkeit ist in dieses Angebot integriert.<\/p>\n<h4>Installation und Service von Solaranlagen \u2013 lassen Sie uns nun mit der Arbeit beginnen<\/h4>\n<p>Sind Sie mit unserem Angebot zufrieden, dann wird zuerst die gesamte Anlage bei Ihrem regionalen Energieversorger beantragt. Lassen Sie uns gemeinsam diesen Weg gehen \u2013 Wir sind der Profi f\u00fcr schl\u00fcsselfertige <strong>Solaranlagen in Eisenberg und Umgebung<\/strong>!<\/p>\n","protected":false},"excerpt":{"rendered":"<p>Wir planen Solaranlagen \u2013 f\u00fcr eine gute Stromernte Sie m\u00f6chten [&hellip;]<\/p>\n","protected":false},"author":5,"featured_media":0,"parent":0,"menu_order":0,"comment_status":"closed","ping_status":"closed","template":"","meta":{"ngg_post_thumbnail":0,"footnotes":""},"class_list":["post-730","page","type-page","status-publish","hentry"],"yoast_head":"<!-- This site is optimized with the Yoast SEO plugin v24.8 - https:\/\/yoast.com\/wordpress\/plugins\/seo\/ -->\n<title>Eisenberg Solaranlage | Service | Planung | Installation<\/title>\n<meta name=\"description\" content=\"In Eisenberg Solaranlage planen und installieren: Wir f\u00fchren das Projekt schnell und reibungslos durch - auch Selbstmontage m\u00f6glich.\" \/>\n<meta name=\"robots\" content=\"noindex, follow, max-snippet:-1, max-image-preview:large, max-video-preview:-1\" \/>\n<meta property=\"og:locale\" content=\"de_DE\" \/>\n<meta property=\"og:type\" content=\"article\" \/>\n<meta property=\"og:title\" content=\"Eisenberg Solaranlage | Service | Planung | Installation\" \/>\n<meta property=\"og:description\" content=\"In Eisenberg Solaranlage planen und installieren: Wir f\u00fchren das Projekt schnell und reibungslos durch - auch Selbstmontage m\u00f6glich.\" \/>\n<meta property=\"og:url\" content=\"https:\/\/form-klar.de\/meyersolar\/eisenberg-solaranlage\/\" \/>\n<meta property=\"og:site_name\" content=\"Meyer Solar\" \/>\n<meta property=\"article:modified_time\" content=\"2024-12-11T09:48:47+00:00\" \/>\n<meta name=\"twitter:card\" content=\"summary_large_image\" \/>\n<meta name=\"twitter:label1\" content=\"Gesch\u00e4tzte Lesezeit\" \/>\n\t<meta name=\"twitter:data1\" content=\"4\u00a0Minuten\" \/>\n<script type=\"application\/ld+json\" class=\"yoast-schema-graph\">{\"@context\":\"https:\/\/schema.org\",\"@graph\":[{\"@type\":\"WebPage\",\"@id\":\"https:\/\/form-klar.de\/meyersolar\/eisenberg-solaranlage\/\",\"url\":\"https:\/\/form-klar.de\/meyersolar\/eisenberg-solaranlage\/\",\"name\":\"Eisenberg Solaranlage | Service | Planung | Installation\",\"isPartOf\":{\"@id\":\"https:\/\/form-klar.de\/meyersolar\/#website\"},\"datePublished\":\"2022-10-05T07:50:30+00:00\",\"dateModified\":\"2024-12-11T09:48:47+00:00\",\"description\":\"In Eisenberg Solaranlage planen und installieren: Wir f\u00fchren das Projekt schnell und reibungslos durch - auch Selbstmontage m\u00f6glich.\",\"breadcrumb\":{\"@id\":\"https:\/\/form-klar.de\/meyersolar\/eisenberg-solaranlage\/#breadcrumb\"},\"inLanguage\":\"de\",\"potentialAction\":[{\"@type\":\"ReadAction\",\"target\":[\"https:\/\/form-klar.de\/meyersolar\/eisenberg-solaranlage\/\"]}]},{\"@type\":\"BreadcrumbList\",\"@id\":\"https:\/\/form-klar.de\/meyersolar\/eisenberg-solaranlage\/#breadcrumb\",\"itemListElement\":[{\"@type\":\"ListItem\",\"position\":1,\"name\":\"Startseite\",\"item\":\"https:\/\/form-klar.de\/meyersolar\/\"},{\"@type\":\"ListItem\",\"position\":2,\"name\":\"Eisenberg Solaranlage\"}]},{\"@type\":\"WebSite\",\"@id\":\"https:\/\/form-klar.de\/meyersolar\/#website\",\"url\":\"https:\/\/form-klar.de\/meyersolar\/\",\"name\":\"Meyer Solar\",\"description\":\"Solaranlagen und Photovoltaikanlagen in Th\u00fcringen aus Erfurt\",\"potentialAction\":[{\"@type\":\"SearchAction\",\"target\":{\"@type\":\"EntryPoint\",\"urlTemplate\":\"https:\/\/form-klar.de\/meyersolar\/?s={search_term_string}\"},\"query-input\":{\"@type\":\"PropertyValueSpecification\",\"valueRequired\":true,\"valueName\":\"search_term_string\"}}],\"inLanguage\":\"de\"}]}<\/script>\n<!-- \/ Yoast SEO plugin. -->","yoast_head_json":{"title":"Eisenberg Solaranlage | Service | Planung | Installation","description":"In Eisenberg Solaranlage planen und installieren: Wir f\u00fchren das Projekt schnell und reibungslos durch - auch Selbstmontage m\u00f6glich.","robots":{"index":"noindex","follow":"follow","max-snippet":"max-snippet:-1","max-image-preview":"max-image-preview:large","max-video-preview":"max-video-preview:-1"},"og_locale":"de_DE","og_type":"article","og_title":"Eisenberg Solaranlage | Service | Planung | Installation","og_description":"In Eisenberg Solaranlage planen und installieren: Wir f\u00fchren das Projekt schnell und reibungslos durch - auch Selbstmontage m\u00f6glich.","og_url":"https:\/\/form-klar.de\/meyersolar\/eisenberg-solaranlage\/","og_site_name":"Meyer Solar","article_modified_time":"2024-12-11T09:48:47+00:00","twitter_card":"summary_large_image","twitter_misc":{"Gesch\u00e4tzte Lesezeit":"4\u00a0Minuten"},"schema":{"@context":"https:\/\/schema.org","@graph":[{"@type":"WebPage","@id":"https:\/\/form-klar.de\/meyersolar\/eisenberg-solaranlage\/","url":"https:\/\/form-klar.de\/meyersolar\/eisenberg-solaranlage\/","name":"Eisenberg Solaranlage | Service | Planung | Installation","isPartOf":{"@id":"https:\/\/form-klar.de\/meyersolar\/#website"},"datePublished":"2022-10-05T07:50:30+00:00","dateModified":"2024-12-11T09:48:47+00:00","description":"In Eisenberg Solaranlage planen und installieren: Wir f\u00fchren das Projekt schnell und reibungslos durch - auch Selbstmontage m\u00f6glich.","breadcrumb":{"@id":"https:\/\/form-klar.de\/meyersolar\/eisenberg-solaranlage\/#breadcrumb"},"inLanguage":"de","potentialAction":[{"@type":"ReadAction","target":["https:\/\/form-klar.de\/meyersolar\/eisenberg-solaranlage\/"]}]},{"@type":"BreadcrumbList","@id":"https:\/\/form-klar.de\/meyersolar\/eisenberg-solaranlage\/#breadcrumb","itemListElement":[{"@type":"ListItem","position":1,"name":"Startseite","item":"https:\/\/form-klar.de\/meyersolar\/"},{"@type":"ListItem","position":2,"name":"Eisenberg Solaranlage"}]},{"@type":"WebSite","@id":"https:\/\/form-klar.de\/meyersolar\/#website","url":"https:\/\/form-klar.de\/meyersolar\/","name":"Meyer Solar","description":"Solaranlagen und Photovoltaikanlagen in Th\u00fcringen aus Erfurt","potentialAction":[{"@type":"SearchAction","target":{"@type":"EntryPoint","urlTemplate":"https:\/\/form-klar.de\/meyersolar\/?s={search_term_string}"},"query-input":{"@type":"PropertyValueSpecification","valueRequired":true,"valueName":"search_term_string"}}],"inLanguage":"de"}]}},"_links":{"self":[{"href":"https:\/\/form-klar.de\/meyersolar\/wp-json\/wp\/v2\/pages\/730","targetHints":{"allow":["GET"]}}],"collection":[{"href":"https:\/\/form-klar.de\/meyersolar\/wp-json\/wp\/v2\/pages"}],"about":[{"href":"https:\/\/form-klar.de\/meyersolar\/wp-json\/wp\/v2\/types\/page"}],"author":[{"embeddable":true,"href":"https:\/\/form-klar.de\/meyersolar\/wp-json\/wp\/v2\/users\/5"}],"replies":[{"embeddable":true,"href":"https:\/\/form-klar.de\/meyersolar\/wp-json\/wp\/v2\/comments?post=730"}],"version-history":[{"count":5,"href":"https:\/\/form-klar.de\/meyersolar\/wp-json\/wp\/v2\/pages\/730\/revisions"}],"predecessor-version":[{"id":735,"href":"https:\/\/form-klar.de\/meyersolar\/wp-json\/wp\/v2\/pages\/730\/revisions\/735"}],"wp:attachment":[{"href":"https:\/\/form-klar.de\/meyersolar\/wp-json\/wp\/v2\/media?parent=730"}],"curies":[{"name":"wp","href":"https:\/\/api.w.org\/{rel}","templated":true}]}}