{"id":701,"date":"2021-11-04T13:37:03","date_gmt":"2021-11-04T13:37:03","guid":{"rendered":"https:\/\/form-klar.de\/meyersolar\/?page_id=701"},"modified":"2024-12-11T09:44:24","modified_gmt":"2024-12-11T09:44:24","slug":"solaranlage-waltershausen","status":"publish","type":"page","link":"https:\/\/form-klar.de\/meyersolar\/solaranlage-waltershausen\/","title":{"rendered":"Solaranlage Waltershausen"},"content":{"rendered":"<h2>Solaranlage Waltershausen: Auf die optimale Planung und hochwertige Module kommt es an<\/h2>\n<p>Die Anschaffung einer Solaranlage auf Ihrem bestehenden Haus oder auf Ihrem Grundst\u00fcck lohnt sich, wenn Sie einige zentrale Dinge beachten. Es kommt nach unserer Ansicht vor allen Dingen auf eine Planung an, die die <a title=\"Solaranlage Waltershausen\" href=\"https:\/\/form-klar.de\/meyersolar\/photovoltaikanlagen-solar-erfurt\/\"><strong>Wirtschaftlichkeit \u00fcber Jahre und Jahrzehnte<\/strong><\/a> im Voraus berechnet. Wir verrechnen Ihre pers\u00f6nliche Ersparnis und begleichen damit was Anschaffung und Betrieb der Anlage kosten wird. Abgesehen davon wirkt sich die Klimabilanz positiv auf Ihren CO2-Abdruck aus.<\/p>\n<h3>Wir sind die Berater f\u00fcr Ihre Solaranlage in Waltershausen<\/h3>\n<p>Dabei sind wir vor allen Dingen stets am Puls der Zeit. Denn politische Vorgaben \u00e4ndern sich st\u00e4ndig. Umso wichtiger ist es, dass Sie Ihre <a title=\"Produkte Solaranlage\" href=\"https:\/\/form-klar.de\/meyersolar\/produkte\/\"><strong>Solaranlage mit hochwertigen Modulen<\/strong><\/a> ausstatten. Wir beraten Sie vor allem auch zu den gefragten Themen Stromeinspeisung und Eigenverbrauch. Denn der selbst erzeugte Strom ist wesentlich preiswerter als der Strom, der aus dem Netz kommt.<\/p>\n<h3>Keine Zukunftsmusik mehr: Auftanken von Elektrofahrzeugen mit dem selbst erzeugten Strom<\/h3>\n<p>Auch beim <strong>Auftanken von Elektrofahrzeugen<\/strong> kann der selbst erzeugte Strom genutzt werden. Bei diesen \u00dcberlegungen, die in den n\u00e4chsten Jahren noch an Fahrt aufnehmen werden, unterst\u00fctzen wir Sie gern hier im Raum Waltershausen. Denn wenn Deutschland der Leitmarkt f\u00fcr Elektromobilit\u00e4t wird, wollen Sie sicher ein g\u00fcnstiges Tanksystem f\u00fcr Ihre E-Mobile nutzen!<\/p>\n<h3>Installation von Photovoltaik auf gewerblichen Neubauten<\/h3>\n<p>Wussten Sie schon? <strong>Installation von Photovoltaik<\/strong> auf gewerblichen Neubauten in Waltershausen und Umgebung wird Pflicht. Wir beraten Sie zu einer Installation kompetent. Sie m\u00f6chten den Weg zu Energieerzeuger jetzt gehen? Wir stehen Ihnen zur Seite und Sie k\u00f6nnen dabei in den n\u00e4chsten Jahren sicher Ihre Stromkosten senken.<\/p>\n<p>Sie wohnen in Waltershausen oder hier in der Region und interessieren sich f\u00fcr Solarenergie? Dann machen wir Ihnen nach einem <strong>Vor-Ort-Termin<\/strong> ein Angebot. Ob Photovoltaikanlage, Solaranlage oder Solarthermieanlage \u2013 wir planen Ihre Anlagen. Im zweiten Schritt setzen wir alles mit unseren Partnerunternehmen um.<\/p>\n<p>Entscheidend bleibt es, <strong>hochwertige Technik<\/strong> und Module zu verwenden. Zum anderen sollte die Anlage genau auf Ihre Anforderungen, aber auch W\u00fcnsche und Visionen zugeschnitten sein, beziehungsweise ihnen nicht im Wege stehen. Gern beraten wir Sie!<\/p>\n","protected":false},"excerpt":{"rendered":"<p>Solaranlage Waltershausen: Auf die optimale Planung und hochwertige Module kommt [&hellip;]<\/p>\n","protected":false},"author":6,"featured_media":0,"parent":0,"menu_order":0,"comment_status":"closed","ping_status":"closed","template":"","meta":{"ngg_post_thumbnail":0,"footnotes":""},"class_list":["post-701","page","type-page","status-publish","hentry"],"yoast_head":"<!-- This site is optimized with the Yoast SEO plugin v24.8 - https:\/\/yoast.com\/wordpress\/plugins\/seo\/ -->\n<title>Solaranlage Waltershausen \u2013 Planung, Realisierung und Service<\/title>\n<meta name=\"description\" content=\"Solaranlage Waltershausen: \u2705 Nutzen Sie die staatlichen F\u00f6rderungen beispielsweise f\u00fcr Stromspeicher \u2013 diese sind n\u00f6tig f\u00fcr den Eigenverbrauch. \u2705 Solaranlage Waltershausen, Fachbetrieb, Planung, Realisierung, Service\" \/>\n<meta name=\"robots\" content=\"noindex, follow, max-snippet:-1, max-image-preview:large, max-video-preview:-1\" \/>\n<meta property=\"og:locale\" content=\"de_DE\" \/>\n<meta property=\"og:type\" content=\"article\" \/>\n<meta property=\"og:title\" content=\"Solaranlage Waltershausen \u2013 Planung, Realisierung und Service\" \/>\n<meta property=\"og:description\" content=\"Solaranlage Waltershausen: \u2705 Nutzen Sie die staatlichen F\u00f6rderungen beispielsweise f\u00fcr Stromspeicher \u2013 diese sind n\u00f6tig f\u00fcr den Eigenverbrauch. \u2705 Solaranlage Waltershausen, Fachbetrieb, Planung, Realisierung, Service\" \/>\n<meta property=\"og:url\" content=\"https:\/\/form-klar.de\/meyersolar\/solaranlage-waltershausen\/\" \/>\n<meta property=\"og:site_name\" content=\"Meyer Solar\" \/>\n<meta property=\"article:modified_time\" content=\"2024-12-11T09:44:24+00:00\" \/>\n<meta name=\"twitter:card\" content=\"summary_large_image\" \/>\n<meta name=\"twitter:label1\" content=\"Gesch\u00e4tzte Lesezeit\" \/>\n\t<meta name=\"twitter:data1\" content=\"2\u00a0Minuten\" \/>\n<script type=\"application\/ld+json\" class=\"yoast-schema-graph\">{\"@context\":\"https:\/\/schema.org\",\"@graph\":[{\"@type\":\"WebPage\",\"@id\":\"https:\/\/form-klar.de\/meyersolar\/solaranlage-waltershausen\/\",\"url\":\"https:\/\/form-klar.de\/meyersolar\/solaranlage-waltershausen\/\",\"name\":\"Solaranlage Waltershausen \u2013 Planung, Realisierung und Service\",\"isPartOf\":{\"@id\":\"https:\/\/form-klar.de\/meyersolar\/#website\"},\"datePublished\":\"2021-11-04T13:37:03+00:00\",\"dateModified\":\"2024-12-11T09:44:24+00:00\",\"description\":\"Solaranlage Waltershausen: \u2705 Nutzen Sie die staatlichen F\u00f6rderungen beispielsweise f\u00fcr Stromspeicher \u2013 diese sind n\u00f6tig f\u00fcr den Eigenverbrauch. \u2705 Solaranlage Waltershausen, Fachbetrieb, Planung, Realisierung, Service\",\"breadcrumb\":{\"@id\":\"https:\/\/form-klar.de\/meyersolar\/solaranlage-waltershausen\/#breadcrumb\"},\"inLanguage\":\"de\",\"potentialAction\":[{\"@type\":\"ReadAction\",\"target\":[\"https:\/\/form-klar.de\/meyersolar\/solaranlage-waltershausen\/\"]}]},{\"@type\":\"BreadcrumbList\",\"@id\":\"https:\/\/form-klar.de\/meyersolar\/solaranlage-waltershausen\/#breadcrumb\",\"itemListElement\":[{\"@type\":\"ListItem\",\"position\":1,\"name\":\"Startseite\",\"item\":\"https:\/\/form-klar.de\/meyersolar\/\"},{\"@type\":\"ListItem\",\"position\":2,\"name\":\"Solaranlage Waltershausen\"}]},{\"@type\":\"WebSite\",\"@id\":\"https:\/\/form-klar.de\/meyersolar\/#website\",\"url\":\"https:\/\/form-klar.de\/meyersolar\/\",\"name\":\"Meyer Solar\",\"description\":\"Solaranlagen und Photovoltaikanlagen in Th\u00fcringen aus Erfurt\",\"potentialAction\":[{\"@type\":\"SearchAction\",\"target\":{\"@type\":\"EntryPoint\",\"urlTemplate\":\"https:\/\/form-klar.de\/meyersolar\/?s={search_term_string}\"},\"query-input\":{\"@type\":\"PropertyValueSpecification\",\"valueRequired\":true,\"valueName\":\"search_term_string\"}}],\"inLanguage\":\"de\"}]}<\/script>\n<!-- \/ Yoast SEO plugin. -->","yoast_head_json":{"title":"Solaranlage Waltershausen \u2013 Planung, Realisierung und Service","description":"Solaranlage Waltershausen: \u2705 Nutzen Sie die staatlichen F\u00f6rderungen beispielsweise f\u00fcr Stromspeicher \u2013 diese sind n\u00f6tig f\u00fcr den Eigenverbrauch. \u2705 Solaranlage Waltershausen, Fachbetrieb, Planung, Realisierung, Service","robots":{"index":"noindex","follow":"follow","max-snippet":"max-snippet:-1","max-image-preview":"max-image-preview:large","max-video-preview":"max-video-preview:-1"},"og_locale":"de_DE","og_type":"article","og_title":"Solaranlage Waltershausen \u2013 Planung, Realisierung und Service","og_description":"Solaranlage Waltershausen: \u2705 Nutzen Sie die staatlichen F\u00f6rderungen beispielsweise f\u00fcr Stromspeicher \u2013 diese sind n\u00f6tig f\u00fcr den Eigenverbrauch. \u2705 Solaranlage Waltershausen, Fachbetrieb, Planung, Realisierung, Service","og_url":"https:\/\/form-klar.de\/meyersolar\/solaranlage-waltershausen\/","og_site_name":"Meyer Solar","article_modified_time":"2024-12-11T09:44:24+00:00","twitter_card":"summary_large_image","twitter_misc":{"Gesch\u00e4tzte Lesezeit":"2\u00a0Minuten"},"schema":{"@context":"https:\/\/schema.org","@graph":[{"@type":"WebPage","@id":"https:\/\/form-klar.de\/meyersolar\/solaranlage-waltershausen\/","url":"https:\/\/form-klar.de\/meyersolar\/solaranlage-waltershausen\/","name":"Solaranlage Waltershausen \u2013 Planung, Realisierung und Service","isPartOf":{"@id":"https:\/\/form-klar.de\/meyersolar\/#website"},"datePublished":"2021-11-04T13:37:03+00:00","dateModified":"2024-12-11T09:44:24+00:00","description":"Solaranlage Waltershausen: \u2705 Nutzen Sie die staatlichen F\u00f6rderungen beispielsweise f\u00fcr Stromspeicher \u2013 diese sind n\u00f6tig f\u00fcr den Eigenverbrauch. \u2705 Solaranlage Waltershausen, Fachbetrieb, Planung, Realisierung, Service","breadcrumb":{"@id":"https:\/\/form-klar.de\/meyersolar\/solaranlage-waltershausen\/#breadcrumb"},"inLanguage":"de","potentialAction":[{"@type":"ReadAction","target":["https:\/\/form-klar.de\/meyersolar\/solaranlage-waltershausen\/"]}]},{"@type":"BreadcrumbList","@id":"https:\/\/form-klar.de\/meyersolar\/solaranlage-waltershausen\/#breadcrumb","itemListElement":[{"@type":"ListItem","position":1,"name":"Startseite","item":"https:\/\/form-klar.de\/meyersolar\/"},{"@type":"ListItem","position":2,"name":"Solaranlage Waltershausen"}]},{"@type":"WebSite","@id":"https:\/\/form-klar.de\/meyersolar\/#website","url":"https:\/\/form-klar.de\/meyersolar\/","name":"Meyer Solar","description":"Solaranlagen und Photovoltaikanlagen in Th\u00fcringen aus Erfurt","potentialAction":[{"@type":"SearchAction","target":{"@type":"EntryPoint","urlTemplate":"https:\/\/form-klar.de\/meyersolar\/?s={search_term_string}"},"query-input":{"@type":"PropertyValueSpecification","valueRequired":true,"valueName":"search_term_string"}}],"inLanguage":"de"}]}},"_links":{"self":[{"href":"https:\/\/form-klar.de\/meyersolar\/wp-json\/wp\/v2\/pages\/701","targetHints":{"allow":["GET"]}}],"collection":[{"href":"https:\/\/form-klar.de\/meyersolar\/wp-json\/wp\/v2\/pages"}],"about":[{"href":"https:\/\/form-klar.de\/meyersolar\/wp-json\/wp\/v2\/types\/page"}],"author":[{"embeddable":true,"href":"https:\/\/form-klar.de\/meyersolar\/wp-json\/wp\/v2\/users\/6"}],"replies":[{"embeddable":true,"href":"https:\/\/form-klar.de\/meyersolar\/wp-json\/wp\/v2\/comments?post=701"}],"version-history":[{"count":2,"href":"https:\/\/form-klar.de\/meyersolar\/wp-json\/wp\/v2\/pages\/701\/revisions"}],"predecessor-version":[{"id":703,"href":"https:\/\/form-klar.de\/meyersolar\/wp-json\/wp\/v2\/pages\/701\/revisions\/703"}],"wp:attachment":[{"href":"https:\/\/form-klar.de\/meyersolar\/wp-json\/wp\/v2\/media?parent=701"}],"curies":[{"name":"wp","href":"https:\/\/api.w.org\/{rel}","templated":true}]}}