{"id":685,"date":"2021-06-07T12:32:59","date_gmt":"2021-06-07T12:32:59","guid":{"rendered":"https:\/\/form-klar.de\/meyersolar\/?page_id=685"},"modified":"2024-12-11T09:37:28","modified_gmt":"2024-12-11T09:37:28","slug":"heilbad-heiligenstadt-solaranlage","status":"publish","type":"page","link":"https:\/\/form-klar.de\/meyersolar\/heilbad-heiligenstadt-solaranlage\/","title":{"rendered":"Heilbad Heiligenstadt Solaranlage"},"content":{"rendered":"<h2>Heilbad Heiligenstadt Solaranlage \u2013 Wir planen f\u00fcr Sie<\/h2>\n<p>F\u00fcr <strong>Heilbad Heiligenstadt<\/strong> planen und installieren wir die passende Solaranlage. Dabei sind wir Ihr starker Partner, besonders wenn es um Photovoltaik und Solarthermie in Heilbad Heiligenstadt geht. Wir planen nicht nur f\u00fcr Sie, sondern k\u00fcmmern uns auch um die gesamte <a title=\"Heilbad Heiligenstadt Solaranlage\" href=\"https:\/\/form-klar.de\/meyersolar\/photovoltaikanlagen-solar-erfurt\/\"><strong>Anmeldung der Anlage<\/strong><\/a>.<\/p>\n<p>Wir begleiten Sie sicher auf dem Weg zum alternativen Energieerzeuger. Zuerst sollten Sie die zwei unterschiedlichen Wege der Energiegewinnung aus Solar kennen lernen. Zum einen ist das die Stromerzeugung durch <strong>Photovoltaikanlagen<\/strong>. Zum anderen k\u00f6nnen Sie auch Energie gewinnen aus <strong>Solarthermieanlagen<\/strong>. Diese nutzen Sie f\u00fcr Ihre hauseigene Warmwassergewinnung.<\/p>\n<h3>Immer im ersten Schritt: Pr\u00fcfung Ihres Standorts in Heilbad Heiligenstadt<\/h3>\n<p>Lernen Sie unser Unternehmen kennen! Was tun wir f\u00fcr Sie? Wir k\u00fcmmern uns darum, das Ihre Anlage aus sehr hochwertigen Modulen errichtet wird. Das ist \u00fcbrigens der beste Weg, um eine Solaranlage effizient und sicher \u00fcber Jahrzehnte zu betreiben. Wir schauen in Ihrem Fall in Heilbad Heiligenstadt uns den Standort genau an. Denn schon darauf sollte man genau acht geben.<\/p>\n<p>Ohne unverbindlichen <a title=\"Planung Ihrer Photovoltaikanlage\" href=\"https:\/\/form-klar.de\/meyersolar\/photovoltaikanlagen-solar-erfurt\/vororttermin-solaranlagen-erfurt\/\"><strong>Vorort-Termin<\/strong><\/a> starten wir kein Solaranlagen-Projekt. Alle Faktoren am Standort pr\u00fcfen wir genau und fachm\u00e4nnisch. Auf eventuelle Einschr\u00e4nkungen der Stromernte k\u00f6nnen wir Sie schon in diesem fr\u00fchen Stadium aufmerksam machen. Jetzt erst gehen wir den zweiten Schritt: Die gemeinsame Planung der Anlage. Jede Anlage, die wir planen soll nicht nur effizient und leistungsstark sein, sondern auch noch \u00e4sthetisch aussehen.<\/p>\n<h3>Solare Energiegewinnung \u2013 machen Sie Ihr Eigenheim f\u00fcr die Zukunft fit<\/h3>\n<p>\u00dcbrigens: Auch <strong>Energieversorger<\/strong> m\u00fcssen in die Planung einer Solaranlage eingebunden werden. Die Anlage soll aufs Dach? Dann m\u00fcssen auch Statiker und Dachdecker ein W\u00f6rtchen mitzureden. Wir k\u00fcmmern uns darum, dass alles genau nach Ihren W\u00fcnschen l\u00e4uft. Dann kommen wir zur <strong>Installation<\/strong>.<\/p>\n<p>Hier ist es besonders wichtig mit Qualit\u00e4tswerkzeugen zu arbeiten. Ist alles optimal installiert, geht die Anlage in Betrieb. Um die Wartung k\u00fcmmern wir uns selbstverst\u00e4ndlich auch. Sie haben <strong>Fragen zur Finanzierung Ihrer Anlage<\/strong>? Hier helfen wir Ihnen ebenso \u2013 auch bei der Versicherung!<\/p>\n","protected":false},"excerpt":{"rendered":"<p>Heilbad Heiligenstadt Solaranlage \u2013 Wir planen f\u00fcr Sie F\u00fcr Heilbad [&hellip;]<\/p>\n","protected":false},"author":6,"featured_media":0,"parent":0,"menu_order":0,"comment_status":"closed","ping_status":"closed","template":"","meta":{"ngg_post_thumbnail":0,"footnotes":""},"class_list":["post-685","page","type-page","status-publish","hentry"],"yoast_head":"<!-- This site is optimized with the Yoast SEO plugin v24.8 - https:\/\/yoast.com\/wordpress\/plugins\/seo\/ -->\n<title>Heilbad Heiligenstadt Solaranlage planen | Photovoltaik aufs Dach<\/title>\n<meta name=\"description\" content=\"Jetzt auf die Energie der Zukunft setzen \u2705 Heilbad Heiligenstadt Solaranlage \u2705 Photovoltaikanlage planen, installieren + Service \u2705\" \/>\n<meta name=\"robots\" content=\"noindex, follow, max-snippet:-1, max-image-preview:large, max-video-preview:-1\" \/>\n<meta property=\"og:locale\" content=\"de_DE\" \/>\n<meta property=\"og:type\" content=\"article\" \/>\n<meta property=\"og:title\" content=\"Heilbad Heiligenstadt Solaranlage planen | Photovoltaik aufs Dach\" \/>\n<meta property=\"og:description\" content=\"Jetzt auf die Energie der Zukunft setzen \u2705 Heilbad Heiligenstadt Solaranlage \u2705 Photovoltaikanlage planen, installieren + Service \u2705\" \/>\n<meta property=\"og:url\" content=\"https:\/\/form-klar.de\/meyersolar\/heilbad-heiligenstadt-solaranlage\/\" \/>\n<meta property=\"og:site_name\" content=\"Meyer Solar\" \/>\n<meta property=\"article:modified_time\" content=\"2024-12-11T09:37:28+00:00\" \/>\n<meta name=\"twitter:card\" content=\"summary_large_image\" \/>\n<meta name=\"twitter:label1\" content=\"Gesch\u00e4tzte Lesezeit\" \/>\n\t<meta name=\"twitter:data1\" content=\"2\u00a0Minuten\" \/>\n<script type=\"application\/ld+json\" class=\"yoast-schema-graph\">{\"@context\":\"https:\/\/schema.org\",\"@graph\":[{\"@type\":\"WebPage\",\"@id\":\"https:\/\/form-klar.de\/meyersolar\/heilbad-heiligenstadt-solaranlage\/\",\"url\":\"https:\/\/form-klar.de\/meyersolar\/heilbad-heiligenstadt-solaranlage\/\",\"name\":\"Heilbad Heiligenstadt Solaranlage planen | Photovoltaik aufs Dach\",\"isPartOf\":{\"@id\":\"https:\/\/form-klar.de\/meyersolar\/#website\"},\"datePublished\":\"2021-06-07T12:32:59+00:00\",\"dateModified\":\"2024-12-11T09:37:28+00:00\",\"description\":\"Jetzt auf die Energie der Zukunft setzen \u2705 Heilbad Heiligenstadt Solaranlage \u2705 Photovoltaikanlage planen, installieren + Service \u2705\",\"breadcrumb\":{\"@id\":\"https:\/\/form-klar.de\/meyersolar\/heilbad-heiligenstadt-solaranlage\/#breadcrumb\"},\"inLanguage\":\"de\",\"potentialAction\":[{\"@type\":\"ReadAction\",\"target\":[\"https:\/\/form-klar.de\/meyersolar\/heilbad-heiligenstadt-solaranlage\/\"]}]},{\"@type\":\"BreadcrumbList\",\"@id\":\"https:\/\/form-klar.de\/meyersolar\/heilbad-heiligenstadt-solaranlage\/#breadcrumb\",\"itemListElement\":[{\"@type\":\"ListItem\",\"position\":1,\"name\":\"Startseite\",\"item\":\"https:\/\/form-klar.de\/meyersolar\/\"},{\"@type\":\"ListItem\",\"position\":2,\"name\":\"Heilbad Heiligenstadt Solaranlage\"}]},{\"@type\":\"WebSite\",\"@id\":\"https:\/\/form-klar.de\/meyersolar\/#website\",\"url\":\"https:\/\/form-klar.de\/meyersolar\/\",\"name\":\"Meyer Solar\",\"description\":\"Solaranlagen und Photovoltaikanlagen in Th\u00fcringen aus Erfurt\",\"potentialAction\":[{\"@type\":\"SearchAction\",\"target\":{\"@type\":\"EntryPoint\",\"urlTemplate\":\"https:\/\/form-klar.de\/meyersolar\/?s={search_term_string}\"},\"query-input\":{\"@type\":\"PropertyValueSpecification\",\"valueRequired\":true,\"valueName\":\"search_term_string\"}}],\"inLanguage\":\"de\"}]}<\/script>\n<!-- \/ Yoast SEO plugin. -->","yoast_head_json":{"title":"Heilbad Heiligenstadt Solaranlage planen | Photovoltaik aufs Dach","description":"Jetzt auf die Energie der Zukunft setzen \u2705 Heilbad Heiligenstadt Solaranlage \u2705 Photovoltaikanlage planen, installieren + Service \u2705","robots":{"index":"noindex","follow":"follow","max-snippet":"max-snippet:-1","max-image-preview":"max-image-preview:large","max-video-preview":"max-video-preview:-1"},"og_locale":"de_DE","og_type":"article","og_title":"Heilbad Heiligenstadt Solaranlage planen | Photovoltaik aufs Dach","og_description":"Jetzt auf die Energie der Zukunft setzen \u2705 Heilbad Heiligenstadt Solaranlage \u2705 Photovoltaikanlage planen, installieren + Service \u2705","og_url":"https:\/\/form-klar.de\/meyersolar\/heilbad-heiligenstadt-solaranlage\/","og_site_name":"Meyer Solar","article_modified_time":"2024-12-11T09:37:28+00:00","twitter_card":"summary_large_image","twitter_misc":{"Gesch\u00e4tzte Lesezeit":"2\u00a0Minuten"},"schema":{"@context":"https:\/\/schema.org","@graph":[{"@type":"WebPage","@id":"https:\/\/form-klar.de\/meyersolar\/heilbad-heiligenstadt-solaranlage\/","url":"https:\/\/form-klar.de\/meyersolar\/heilbad-heiligenstadt-solaranlage\/","name":"Heilbad Heiligenstadt Solaranlage planen | Photovoltaik aufs Dach","isPartOf":{"@id":"https:\/\/form-klar.de\/meyersolar\/#website"},"datePublished":"2021-06-07T12:32:59+00:00","dateModified":"2024-12-11T09:37:28+00:00","description":"Jetzt auf die Energie der Zukunft setzen \u2705 Heilbad Heiligenstadt Solaranlage \u2705 Photovoltaikanlage planen, installieren + Service \u2705","breadcrumb":{"@id":"https:\/\/form-klar.de\/meyersolar\/heilbad-heiligenstadt-solaranlage\/#breadcrumb"},"inLanguage":"de","potentialAction":[{"@type":"ReadAction","target":["https:\/\/form-klar.de\/meyersolar\/heilbad-heiligenstadt-solaranlage\/"]}]},{"@type":"BreadcrumbList","@id":"https:\/\/form-klar.de\/meyersolar\/heilbad-heiligenstadt-solaranlage\/#breadcrumb","itemListElement":[{"@type":"ListItem","position":1,"name":"Startseite","item":"https:\/\/form-klar.de\/meyersolar\/"},{"@type":"ListItem","position":2,"name":"Heilbad Heiligenstadt Solaranlage"}]},{"@type":"WebSite","@id":"https:\/\/form-klar.de\/meyersolar\/#website","url":"https:\/\/form-klar.de\/meyersolar\/","name":"Meyer Solar","description":"Solaranlagen und Photovoltaikanlagen in Th\u00fcringen aus Erfurt","potentialAction":[{"@type":"SearchAction","target":{"@type":"EntryPoint","urlTemplate":"https:\/\/form-klar.de\/meyersolar\/?s={search_term_string}"},"query-input":{"@type":"PropertyValueSpecification","valueRequired":true,"valueName":"search_term_string"}}],"inLanguage":"de"}]}},"_links":{"self":[{"href":"https:\/\/form-klar.de\/meyersolar\/wp-json\/wp\/v2\/pages\/685","targetHints":{"allow":["GET"]}}],"collection":[{"href":"https:\/\/form-klar.de\/meyersolar\/wp-json\/wp\/v2\/pages"}],"about":[{"href":"https:\/\/form-klar.de\/meyersolar\/wp-json\/wp\/v2\/types\/page"}],"author":[{"embeddable":true,"href":"https:\/\/form-klar.de\/meyersolar\/wp-json\/wp\/v2\/users\/6"}],"replies":[{"embeddable":true,"href":"https:\/\/form-klar.de\/meyersolar\/wp-json\/wp\/v2\/comments?post=685"}],"version-history":[{"count":3,"href":"https:\/\/form-klar.de\/meyersolar\/wp-json\/wp\/v2\/pages\/685\/revisions"}],"predecessor-version":[{"id":688,"href":"https:\/\/form-klar.de\/meyersolar\/wp-json\/wp\/v2\/pages\/685\/revisions\/688"}],"wp:attachment":[{"href":"https:\/\/form-klar.de\/meyersolar\/wp-json\/wp\/v2\/media?parent=685"}],"curies":[{"name":"wp","href":"https:\/\/api.w.org\/{rel}","templated":true}]}}