{"id":674,"date":"2021-02-16T16:30:47","date_gmt":"2021-02-16T16:30:47","guid":{"rendered":"https:\/\/form-klar.de\/meyersolar\/?page_id=674"},"modified":"2024-12-11T09:35:09","modified_gmt":"2024-12-11T09:35:09","slug":"photovoltaikanlagen-erfurt","status":"publish","type":"page","link":"https:\/\/form-klar.de\/meyersolar\/photovoltaikanlagen-erfurt\/","title":{"rendered":"Photovoltaikanlagen Erfurt"},"content":{"rendered":"<h2>Photovoltaikanlagen Erfurt \u2013 planen, installieren und warten<\/h2>\n<p>Wir sind der <a title=\"Photovoltaikanlagen Erfurt\" href=\"https:\/\/form-klar.de\/meyersolar\/solaranlagen-meyersolar-erfurt-thueringen\/\"><strong>Fachbetrieb f\u00fcr Photovoltaikanlagen<\/strong><\/a> f\u00fcr die Region Erfurt. Kontaktieren Sie uns einfach, wenn Sie mit dem Gedanken spielen, Solar zur Stromerzeugung bei Ihnen einzusetzen. Ob Hausbau, Dachfl\u00e4che auf Ihrem Gewerbeimmobilien oder Freilandsolar \u2013 wir beraten Sie im ersten Schritt professionell. Nach der Beratung \u00fcbernehmen wir die Planung, die Montage und schlie\u00dflich auch den Service rund um Ihre Solaranlage.<\/p>\n<h3>Top-Solarmodule in Erfurt bestellen<\/h3>\n<p>Die Qualit\u00e4t und schlie\u00dflich der Ertrag von Photovoltaikanlagen h\u00e4ngt direkt von der Qualit\u00e4t der Solarmodule ab. Setzen Sie nun am besten auf Produkte, die allen hohen Anforderungen gerecht werden. Wir nutzen ausschlie\u00dflich <a title=\"Module Photovoltaikanlagen\" href=\"https:\/\/form-klar.de\/meyersolar\/produkte\/\"><strong>Markentechnologie<\/strong><\/a>. Auf diese Weise wird es m\u00f6glich, verl\u00e4ssliche Ertragszahlen f\u00fcr Sie zu prognostizieren. Ob Sunpower, Sharp, Bosch oder Kaneka \u2013 auf Qualit\u00e4t kommt es an! \u00dcbrigens ist es nicht nur wichtig, m\u00f6glichst gute Module einzusetzen. Ebenso spielt die Qualit\u00e4t der Wechselrichter eine gro\u00dfe Rolle. Deshalb setzen wir Ger\u00e4te von SMA, Kostal oder Fronius ein. Ebenso setzen wir auf besonders <strong>langlebige Montagesysteme<\/strong>. Wenn alles stimmt, sind Sie \u00fcber Jahrzehnte mit Ihrer Photovoltaikanlage in der Region Erfurt zufrieden.<\/p>\n<h3>Wir pr\u00fcfen Ihren Standort \u2013 Photovoltaikanlagen Erfurt<\/h3>\n<p>Lassen Sie nun im n\u00e4chsten Schritt Ihren Standort von uns pr\u00fcfen. Dann k\u00f6nnen wir Ihnen ein belastbares Angebot sowie eine Ertragsvorschau liefern. Sind Sie mit unserem Angebot zufrieden, \u00fcbernehmen wir die Montage der schl\u00fcsselfertigen Solaranlagen. Jeder Bausatz wird optimal auf Ihr Dach zugeschnitten.<\/p>\n<h3>Alle Leistungen rund um Solar in Erfurt auf einen Blick<\/h3>\n<p>Unabh\u00e4ngigkeit in Sachen <strong>Stromerzeugung und W\u00e4rmeerzeugung<\/strong> ist Ihnen wichtig? M\u00f6chten Sie sich zu solaren Inselsystemen informieren? Wir beraten Sie kompetent und verl\u00e4sslich. Zudem bieten wir Ihnen auch einen professionellen Service f\u00fcr bestehende Anlagen an. Dar\u00fcber hinaus installieren wir Einzelkomponenten und Module f\u00fcr die Kommunikation mit dem SMA Wechselrichter. Sie haben Fragen zur <strong>Finanzierung von Photovoltaikanlagen<\/strong>? Auch bei diesem Punkt beraten wir Sie verl\u00e4sslich. Fragen<\/p>\n<p>Sie uns zu Finanzierung und Versicherung!<br \/>\nNutzen Sie die Energie der Sonne. Denn der alternativen Energieerzeugung geh\u00f6rt die Zukunft.<\/p>\n","protected":false},"excerpt":{"rendered":"<p>Photovoltaikanlagen Erfurt \u2013 planen, installieren und warten Wir sind der [&hellip;]<\/p>\n","protected":false},"author":6,"featured_media":0,"parent":0,"menu_order":0,"comment_status":"closed","ping_status":"closed","template":"","meta":{"ngg_post_thumbnail":0,"footnotes":""},"class_list":["post-674","page","type-page","status-publish","hentry"],"yoast_head":"<!-- This site is optimized with the Yoast SEO plugin v24.8 - https:\/\/yoast.com\/wordpress\/plugins\/seo\/ -->\n<title>Photovoltaikanlagen Erfurt | Solarstrom im Aufwind | Meyersolar<\/title>\n<meta name=\"description\" content=\"Bei uns erhalten Sie alle Information \u00fcber Photovoltaikanlagen f\u00fcr die Region Erfurt. Wir sind Ihr Beratungs- und Servicebetrieb in der Region. \u2705 Photovoltaikanlagen Erfurt \u2705\" \/>\n<meta name=\"robots\" content=\"noindex, follow, max-snippet:-1, max-image-preview:large, max-video-preview:-1\" \/>\n<meta property=\"og:locale\" content=\"de_DE\" \/>\n<meta property=\"og:type\" content=\"article\" \/>\n<meta property=\"og:title\" content=\"Photovoltaikanlagen Erfurt | Solarstrom im Aufwind | Meyersolar\" \/>\n<meta property=\"og:description\" content=\"Bei uns erhalten Sie alle Information \u00fcber Photovoltaikanlagen f\u00fcr die Region Erfurt. Wir sind Ihr Beratungs- und Servicebetrieb in der Region. \u2705 Photovoltaikanlagen Erfurt \u2705\" \/>\n<meta property=\"og:url\" content=\"https:\/\/form-klar.de\/meyersolar\/photovoltaikanlagen-erfurt\/\" \/>\n<meta property=\"og:site_name\" content=\"Meyer Solar\" \/>\n<meta property=\"article:modified_time\" content=\"2024-12-11T09:35:09+00:00\" \/>\n<meta name=\"twitter:card\" content=\"summary_large_image\" \/>\n<meta name=\"twitter:label1\" content=\"Gesch\u00e4tzte Lesezeit\" \/>\n\t<meta name=\"twitter:data1\" content=\"2\u00a0Minuten\" \/>\n<script type=\"application\/ld+json\" class=\"yoast-schema-graph\">{\"@context\":\"https:\/\/schema.org\",\"@graph\":[{\"@type\":\"WebPage\",\"@id\":\"https:\/\/form-klar.de\/meyersolar\/photovoltaikanlagen-erfurt\/\",\"url\":\"https:\/\/form-klar.de\/meyersolar\/photovoltaikanlagen-erfurt\/\",\"name\":\"Photovoltaikanlagen Erfurt | Solarstrom im Aufwind | Meyersolar\",\"isPartOf\":{\"@id\":\"https:\/\/form-klar.de\/meyersolar\/#website\"},\"datePublished\":\"2021-02-16T16:30:47+00:00\",\"dateModified\":\"2024-12-11T09:35:09+00:00\",\"description\":\"Bei uns erhalten Sie alle Information \u00fcber Photovoltaikanlagen f\u00fcr die Region Erfurt. Wir sind Ihr Beratungs- und Servicebetrieb in der Region. \u2705 Photovoltaikanlagen Erfurt \u2705\",\"breadcrumb\":{\"@id\":\"https:\/\/form-klar.de\/meyersolar\/photovoltaikanlagen-erfurt\/#breadcrumb\"},\"inLanguage\":\"de\",\"potentialAction\":[{\"@type\":\"ReadAction\",\"target\":[\"https:\/\/form-klar.de\/meyersolar\/photovoltaikanlagen-erfurt\/\"]}]},{\"@type\":\"BreadcrumbList\",\"@id\":\"https:\/\/form-klar.de\/meyersolar\/photovoltaikanlagen-erfurt\/#breadcrumb\",\"itemListElement\":[{\"@type\":\"ListItem\",\"position\":1,\"name\":\"Startseite\",\"item\":\"https:\/\/form-klar.de\/meyersolar\/\"},{\"@type\":\"ListItem\",\"position\":2,\"name\":\"Photovoltaikanlagen Erfurt\"}]},{\"@type\":\"WebSite\",\"@id\":\"https:\/\/form-klar.de\/meyersolar\/#website\",\"url\":\"https:\/\/form-klar.de\/meyersolar\/\",\"name\":\"Meyer Solar\",\"description\":\"Solaranlagen und Photovoltaikanlagen in Th\u00fcringen aus Erfurt\",\"potentialAction\":[{\"@type\":\"SearchAction\",\"target\":{\"@type\":\"EntryPoint\",\"urlTemplate\":\"https:\/\/form-klar.de\/meyersolar\/?s={search_term_string}\"},\"query-input\":{\"@type\":\"PropertyValueSpecification\",\"valueRequired\":true,\"valueName\":\"search_term_string\"}}],\"inLanguage\":\"de\"}]}<\/script>\n<!-- \/ Yoast SEO plugin. -->","yoast_head_json":{"title":"Photovoltaikanlagen Erfurt | Solarstrom im Aufwind | Meyersolar","description":"Bei uns erhalten Sie alle Information \u00fcber Photovoltaikanlagen f\u00fcr die Region Erfurt. Wir sind Ihr Beratungs- und Servicebetrieb in der Region. \u2705 Photovoltaikanlagen Erfurt \u2705","robots":{"index":"noindex","follow":"follow","max-snippet":"max-snippet:-1","max-image-preview":"max-image-preview:large","max-video-preview":"max-video-preview:-1"},"og_locale":"de_DE","og_type":"article","og_title":"Photovoltaikanlagen Erfurt | Solarstrom im Aufwind | Meyersolar","og_description":"Bei uns erhalten Sie alle Information \u00fcber Photovoltaikanlagen f\u00fcr die Region Erfurt. Wir sind Ihr Beratungs- und Servicebetrieb in der Region. \u2705 Photovoltaikanlagen Erfurt \u2705","og_url":"https:\/\/form-klar.de\/meyersolar\/photovoltaikanlagen-erfurt\/","og_site_name":"Meyer Solar","article_modified_time":"2024-12-11T09:35:09+00:00","twitter_card":"summary_large_image","twitter_misc":{"Gesch\u00e4tzte Lesezeit":"2\u00a0Minuten"},"schema":{"@context":"https:\/\/schema.org","@graph":[{"@type":"WebPage","@id":"https:\/\/form-klar.de\/meyersolar\/photovoltaikanlagen-erfurt\/","url":"https:\/\/form-klar.de\/meyersolar\/photovoltaikanlagen-erfurt\/","name":"Photovoltaikanlagen Erfurt | Solarstrom im Aufwind | Meyersolar","isPartOf":{"@id":"https:\/\/form-klar.de\/meyersolar\/#website"},"datePublished":"2021-02-16T16:30:47+00:00","dateModified":"2024-12-11T09:35:09+00:00","description":"Bei uns erhalten Sie alle Information \u00fcber Photovoltaikanlagen f\u00fcr die Region Erfurt. Wir sind Ihr Beratungs- und Servicebetrieb in der Region. \u2705 Photovoltaikanlagen Erfurt \u2705","breadcrumb":{"@id":"https:\/\/form-klar.de\/meyersolar\/photovoltaikanlagen-erfurt\/#breadcrumb"},"inLanguage":"de","potentialAction":[{"@type":"ReadAction","target":["https:\/\/form-klar.de\/meyersolar\/photovoltaikanlagen-erfurt\/"]}]},{"@type":"BreadcrumbList","@id":"https:\/\/form-klar.de\/meyersolar\/photovoltaikanlagen-erfurt\/#breadcrumb","itemListElement":[{"@type":"ListItem","position":1,"name":"Startseite","item":"https:\/\/form-klar.de\/meyersolar\/"},{"@type":"ListItem","position":2,"name":"Photovoltaikanlagen Erfurt"}]},{"@type":"WebSite","@id":"https:\/\/form-klar.de\/meyersolar\/#website","url":"https:\/\/form-klar.de\/meyersolar\/","name":"Meyer Solar","description":"Solaranlagen und Photovoltaikanlagen in Th\u00fcringen aus Erfurt","potentialAction":[{"@type":"SearchAction","target":{"@type":"EntryPoint","urlTemplate":"https:\/\/form-klar.de\/meyersolar\/?s={search_term_string}"},"query-input":{"@type":"PropertyValueSpecification","valueRequired":true,"valueName":"search_term_string"}}],"inLanguage":"de"}]}},"_links":{"self":[{"href":"https:\/\/form-klar.de\/meyersolar\/wp-json\/wp\/v2\/pages\/674","targetHints":{"allow":["GET"]}}],"collection":[{"href":"https:\/\/form-klar.de\/meyersolar\/wp-json\/wp\/v2\/pages"}],"about":[{"href":"https:\/\/form-klar.de\/meyersolar\/wp-json\/wp\/v2\/types\/page"}],"author":[{"embeddable":true,"href":"https:\/\/form-klar.de\/meyersolar\/wp-json\/wp\/v2\/users\/6"}],"replies":[{"embeddable":true,"href":"https:\/\/form-klar.de\/meyersolar\/wp-json\/wp\/v2\/comments?post=674"}],"version-history":[{"count":3,"href":"https:\/\/form-klar.de\/meyersolar\/wp-json\/wp\/v2\/pages\/674\/revisions"}],"predecessor-version":[{"id":676,"href":"https:\/\/form-klar.de\/meyersolar\/wp-json\/wp\/v2\/pages\/674\/revisions\/676"}],"wp:attachment":[{"href":"https:\/\/form-klar.de\/meyersolar\/wp-json\/wp\/v2\/media?parent=674"}],"curies":[{"name":"wp","href":"https:\/\/api.w.org\/{rel}","templated":true}]}}