{"id":668,"date":"2020-12-14T11:54:16","date_gmt":"2020-12-14T11:54:16","guid":{"rendered":"https:\/\/form-klar.de\/meyersolar\/?page_id=668"},"modified":"2024-12-11T09:32:46","modified_gmt":"2024-12-11T09:32:46","slug":"solaranlagen-halle","status":"publish","type":"page","link":"https:\/\/form-klar.de\/meyersolar\/solaranlagen-halle\/","title":{"rendered":"Solaranlagen Halle"},"content":{"rendered":"<h2>Mit Solaranlagen umweltfreundlich Energie erzeugen<\/h2>\n<p>In der heutigen Zeit erfreut sich der Einsatz von <strong>Solaranlagen auch in Halle und im n\u00e4heren Umkreis<\/strong> immer gr\u00f6\u00dferer Beliebtheit. Denn diese Anlagen gelten als umweltfreundliche M\u00f6glichkeiten der Energiegewinnung. Des Weiteren sorgen sie f\u00fcr eine Verringerung der <strong>Energiekosten<\/strong>. Eine Solaranlage stellt eine technische Anlage dar, welche die Sonnenenergie in eine nutzbare Energie umwandelt. Grunds\u00e4tzlich gibt es <a title=\"Solaranlagen f\u00fcr Halle und Umgebung\" href=\"https:\/\/form-klar.de\/meyersolar\/produkte\/\"><strong> Fotovoltaikanlagen und Solarthermieanlagen<\/strong><\/a> als zwei verschiedene Solaranlagen, die von unserem Fachbetrieb erh\u00e4ltlich und montierbar sind.<\/p>\n<h3>Solaranlagen f\u00fcr den Umkreis Halle: Moderne Fotovoltaikanlagen<\/h3>\n<p>Wie funktioniert denn das? Durch den fotoelektrischen Effekt wandelt eine Fotovoltaikanlage Sonnenlicht in Strom um. Die Technologie hat sich in den vergangenen Jahrzehnten stark verbessert, sodass Energie von einer Fotovoltaikanlage schon viel g\u00fcnstiger ist im Gegensatz zu Strom aus dem Netz. Deswegen ist das Installieren einer solchen Solaranlage nahezu immer lohnenswert. Wenn man diese Anlage mit einem <strong>Stromspeicher<\/strong> kombiniert, l\u00e4sst sich Solarstrom aus der Fotovoltaikanlage nutzen, wenn es keinen Sonnenschein gibt und der Eigenverbrauch zunimmt. Durch eine Fotovoltaikanlage ist es m\u00f6glich, bei einem Privathaushalt die <strong>Stromkosten<\/strong> um bis zu 80 Prozent zu verringern.<\/p>\n<h3>Solarthermieanlagen \u2013optimal f\u00fcr die Warmwassererzeugung<\/h3>\n<p>Im Vergleich zu Fotovoltaikanlagen sind <strong>Solarthermieanlagen zur W\u00e4rmeerzeugung<\/strong> mit Sonnenenergie zust\u00e4ndig. Oft erw\u00e4rmt dazu die Sonne ein w\u00e4rme\u00fcbertragendes Medium, welches die Strahlungsw\u00e4rme entsprechend aufnimmt und weitergeben kann. H\u00e4ufig setzt man in Geb\u00e4uden Solarthermie zur Erw\u00e4rmung des Brauchwassers ein. F\u00fcr eine Solarthermieanlage liegen die Anschaffungskosten zwar deutlich unter dem Kaufpreis f\u00fcr eine Fotovoltaikanlage. Denn die Solarthermieanlage deckt oft lediglich einen kleinen Teil vom W\u00e4rmebedarf ab. Daher sind ebenso die Einsparungen durch diese Solaranlagen niedriger. Deswegen hat sich in den letzten Jahren in Privatgeb\u00e4uden der Trend von Solarthermie zu Fotovoltaik entwickelt. Allerdings gibt es Solarthermieanlagen nicht nur auf Geb\u00e4uden. Insbesondere in s\u00fcdlichen L\u00e4ndern findet man gro\u00dfe Anlagen. Hier setzt man Parabolrinnenkollektoren oder solare Turmkraftwerke ein. Beide Kraftwerkstypen b\u00fcndeln auf eine Stelle das Sonnenlicht.<\/p>\n<h3>Ablauf der Installation<\/h3>\n<p>In den meisten F\u00e4llen dauert die Montage einer Solaranlage auf Ihrem Hausdach in Halle und Saalekreis von unserem Team lediglich einen Tag. Die elektrische Installation, welche bei einer Fotovoltaik- oder Solarthermieanlage erforderlich ist, f\u00fchrt ein Elektriker separat durch. Bei einer Fotovoltaikanlage besteht die M\u00f6glichkeit, dass erst nach einigen Wochen <a title=\"Unser Solaranlagen-Service f\u00fcr Sie\" href=\"https:\/\/form-klar.de\/meyersolar\/solaranlagen-meyersolar-erfurt-thueringen\/\"><strong>Netzanschluss und Inbetriebnahme<\/strong><\/a> stattfinden. Das h\u00e4ngt jedoch davon ab, wie rasch Ihr <strong>Netzbetreiber<\/strong> diesen Antrag zum Netzanschluss der Solaranlage bearbeiten kann.<\/p>\n","protected":false},"excerpt":{"rendered":"<p>Mit Solaranlagen umweltfreundlich Energie erzeugen In der heutigen Zeit erfreut [&hellip;]<\/p>\n","protected":false},"author":6,"featured_media":0,"parent":0,"menu_order":0,"comment_status":"closed","ping_status":"closed","template":"","meta":{"ngg_post_thumbnail":0,"footnotes":""},"class_list":["post-668","page","type-page","status-publish","hentry"],"yoast_head":"<!-- This site is optimized with the Yoast SEO plugin v24.8 - https:\/\/yoast.com\/wordpress\/plugins\/seo\/ -->\n<title>Solaranlagen | f\u00fcr Halle und Umgebung | Meyer Solar<\/title>\n<meta name=\"description\" content=\"Unser Service f\u00fcr Halle und Umgebung: \u2705 Wir planen und realisieren neue Solaranlagen f\u00fcr Halle Stadtgebiet und Umgebung im Saalekreis. \u2705 Solaranlagen Halle, Solaranlage, umweltfreundliche Energie\" \/>\n<meta name=\"robots\" content=\"noindex, follow, max-snippet:-1, max-image-preview:large, max-video-preview:-1\" \/>\n<meta property=\"og:locale\" content=\"de_DE\" \/>\n<meta property=\"og:type\" content=\"article\" \/>\n<meta property=\"og:title\" content=\"Solaranlagen | f\u00fcr Halle und Umgebung | Meyer Solar\" \/>\n<meta property=\"og:description\" content=\"Unser Service f\u00fcr Halle und Umgebung: \u2705 Wir planen und realisieren neue Solaranlagen f\u00fcr Halle Stadtgebiet und Umgebung im Saalekreis. \u2705 Solaranlagen Halle, Solaranlage, umweltfreundliche Energie\" \/>\n<meta property=\"og:url\" content=\"https:\/\/form-klar.de\/meyersolar\/solaranlagen-halle\/\" \/>\n<meta property=\"og:site_name\" content=\"Meyer Solar\" \/>\n<meta property=\"article:modified_time\" content=\"2024-12-11T09:32:46+00:00\" \/>\n<meta name=\"twitter:card\" content=\"summary_large_image\" \/>\n<meta name=\"twitter:label1\" content=\"Gesch\u00e4tzte Lesezeit\" \/>\n\t<meta name=\"twitter:data1\" content=\"3\u00a0Minuten\" \/>\n<script type=\"application\/ld+json\" class=\"yoast-schema-graph\">{\"@context\":\"https:\/\/schema.org\",\"@graph\":[{\"@type\":\"WebPage\",\"@id\":\"https:\/\/form-klar.de\/meyersolar\/solaranlagen-halle\/\",\"url\":\"https:\/\/form-klar.de\/meyersolar\/solaranlagen-halle\/\",\"name\":\"Solaranlagen | f\u00fcr Halle und Umgebung | Meyer Solar\",\"isPartOf\":{\"@id\":\"https:\/\/form-klar.de\/meyersolar\/#website\"},\"datePublished\":\"2020-12-14T11:54:16+00:00\",\"dateModified\":\"2024-12-11T09:32:46+00:00\",\"description\":\"Unser Service f\u00fcr Halle und Umgebung: \u2705 Wir planen und realisieren neue Solaranlagen f\u00fcr Halle Stadtgebiet und Umgebung im Saalekreis. \u2705 Solaranlagen Halle, Solaranlage, umweltfreundliche Energie\",\"breadcrumb\":{\"@id\":\"https:\/\/form-klar.de\/meyersolar\/solaranlagen-halle\/#breadcrumb\"},\"inLanguage\":\"de\",\"potentialAction\":[{\"@type\":\"ReadAction\",\"target\":[\"https:\/\/form-klar.de\/meyersolar\/solaranlagen-halle\/\"]}]},{\"@type\":\"BreadcrumbList\",\"@id\":\"https:\/\/form-klar.de\/meyersolar\/solaranlagen-halle\/#breadcrumb\",\"itemListElement\":[{\"@type\":\"ListItem\",\"position\":1,\"name\":\"Startseite\",\"item\":\"https:\/\/form-klar.de\/meyersolar\/\"},{\"@type\":\"ListItem\",\"position\":2,\"name\":\"Solaranlagen Halle\"}]},{\"@type\":\"WebSite\",\"@id\":\"https:\/\/form-klar.de\/meyersolar\/#website\",\"url\":\"https:\/\/form-klar.de\/meyersolar\/\",\"name\":\"Meyer Solar\",\"description\":\"Solaranlagen und Photovoltaikanlagen in Th\u00fcringen aus Erfurt\",\"potentialAction\":[{\"@type\":\"SearchAction\",\"target\":{\"@type\":\"EntryPoint\",\"urlTemplate\":\"https:\/\/form-klar.de\/meyersolar\/?s={search_term_string}\"},\"query-input\":{\"@type\":\"PropertyValueSpecification\",\"valueRequired\":true,\"valueName\":\"search_term_string\"}}],\"inLanguage\":\"de\"}]}<\/script>\n<!-- \/ Yoast SEO plugin. -->","yoast_head_json":{"title":"Solaranlagen | f\u00fcr Halle und Umgebung | Meyer Solar","description":"Unser Service f\u00fcr Halle und Umgebung: \u2705 Wir planen und realisieren neue Solaranlagen f\u00fcr Halle Stadtgebiet und Umgebung im Saalekreis. \u2705 Solaranlagen Halle, Solaranlage, umweltfreundliche Energie","robots":{"index":"noindex","follow":"follow","max-snippet":"max-snippet:-1","max-image-preview":"max-image-preview:large","max-video-preview":"max-video-preview:-1"},"og_locale":"de_DE","og_type":"article","og_title":"Solaranlagen | f\u00fcr Halle und Umgebung | Meyer Solar","og_description":"Unser Service f\u00fcr Halle und Umgebung: \u2705 Wir planen und realisieren neue Solaranlagen f\u00fcr Halle Stadtgebiet und Umgebung im Saalekreis. \u2705 Solaranlagen Halle, Solaranlage, umweltfreundliche Energie","og_url":"https:\/\/form-klar.de\/meyersolar\/solaranlagen-halle\/","og_site_name":"Meyer Solar","article_modified_time":"2024-12-11T09:32:46+00:00","twitter_card":"summary_large_image","twitter_misc":{"Gesch\u00e4tzte Lesezeit":"3\u00a0Minuten"},"schema":{"@context":"https:\/\/schema.org","@graph":[{"@type":"WebPage","@id":"https:\/\/form-klar.de\/meyersolar\/solaranlagen-halle\/","url":"https:\/\/form-klar.de\/meyersolar\/solaranlagen-halle\/","name":"Solaranlagen | f\u00fcr Halle und Umgebung | Meyer Solar","isPartOf":{"@id":"https:\/\/form-klar.de\/meyersolar\/#website"},"datePublished":"2020-12-14T11:54:16+00:00","dateModified":"2024-12-11T09:32:46+00:00","description":"Unser Service f\u00fcr Halle und Umgebung: \u2705 Wir planen und realisieren neue Solaranlagen f\u00fcr Halle Stadtgebiet und Umgebung im Saalekreis. \u2705 Solaranlagen Halle, Solaranlage, umweltfreundliche Energie","breadcrumb":{"@id":"https:\/\/form-klar.de\/meyersolar\/solaranlagen-halle\/#breadcrumb"},"inLanguage":"de","potentialAction":[{"@type":"ReadAction","target":["https:\/\/form-klar.de\/meyersolar\/solaranlagen-halle\/"]}]},{"@type":"BreadcrumbList","@id":"https:\/\/form-klar.de\/meyersolar\/solaranlagen-halle\/#breadcrumb","itemListElement":[{"@type":"ListItem","position":1,"name":"Startseite","item":"https:\/\/form-klar.de\/meyersolar\/"},{"@type":"ListItem","position":2,"name":"Solaranlagen Halle"}]},{"@type":"WebSite","@id":"https:\/\/form-klar.de\/meyersolar\/#website","url":"https:\/\/form-klar.de\/meyersolar\/","name":"Meyer Solar","description":"Solaranlagen und Photovoltaikanlagen in Th\u00fcringen aus Erfurt","potentialAction":[{"@type":"SearchAction","target":{"@type":"EntryPoint","urlTemplate":"https:\/\/form-klar.de\/meyersolar\/?s={search_term_string}"},"query-input":{"@type":"PropertyValueSpecification","valueRequired":true,"valueName":"search_term_string"}}],"inLanguage":"de"}]}},"_links":{"self":[{"href":"https:\/\/form-klar.de\/meyersolar\/wp-json\/wp\/v2\/pages\/668","targetHints":{"allow":["GET"]}}],"collection":[{"href":"https:\/\/form-klar.de\/meyersolar\/wp-json\/wp\/v2\/pages"}],"about":[{"href":"https:\/\/form-klar.de\/meyersolar\/wp-json\/wp\/v2\/types\/page"}],"author":[{"embeddable":true,"href":"https:\/\/form-klar.de\/meyersolar\/wp-json\/wp\/v2\/users\/6"}],"replies":[{"embeddable":true,"href":"https:\/\/form-klar.de\/meyersolar\/wp-json\/wp\/v2\/comments?post=668"}],"version-history":[{"count":2,"href":"https:\/\/form-klar.de\/meyersolar\/wp-json\/wp\/v2\/pages\/668\/revisions"}],"predecessor-version":[{"id":670,"href":"https:\/\/form-klar.de\/meyersolar\/wp-json\/wp\/v2\/pages\/668\/revisions\/670"}],"wp:attachment":[{"href":"https:\/\/form-klar.de\/meyersolar\/wp-json\/wp\/v2\/media?parent=668"}],"curies":[{"name":"wp","href":"https:\/\/api.w.org\/{rel}","templated":true}]}}