{"id":642,"date":"2020-04-29T08:32:24","date_gmt":"2020-04-29T08:32:24","guid":{"rendered":"https:\/\/form-klar.de\/meyersolar\/?page_id=642"},"modified":"2024-12-11T09:18:22","modified_gmt":"2024-12-11T09:18:22","slug":"solaranlagen-fuer-sonneberg","status":"publish","type":"page","link":"https:\/\/form-klar.de\/meyersolar\/solaranlagen-fuer-sonneberg\/","title":{"rendered":"Solaranlagen f\u00fcr Sonneberg"},"content":{"rendered":"<h2>Solaranlagen f\u00fcr Sonneberg planen<\/h2>\n<p>Wir planen <strong><a title=\"Solaranlagen Sonneberg\" href=\"https:\/\/form-klar.de\/meyersolar\/photovoltaikanlagen-solar-erfurt\/\">Solaranlagen in Sonneberg und Umgebung<\/a><\/strong>. Denn wir m\u00f6chten, dass auch bei Ihnen in der Region Sonneberg sich Solaranlagen richtig lohnen. Warum kommt es auf die Planung von Photovoltaik auf besonderes Fachwissen an? Weil wir m\u00f6chten, dass Ihre Solaranlage nachhaltig Ertr\u00e4ge f\u00fcr Sie liefert. Bei einem Erstgespr\u00e4ch mit uns k\u00f6nnen Sie sich informieren, welche Vorteile Ihnen die Zusammenarbeit mit uns bietet.<\/p>\n<h3>Solaranlagen in Sonneberg: Wenn etwas jahrzehntelang laufen soll \u2013 brauchen Sie von Anfang an gute Beratung<\/h3>\n<p>Effizienz steht f\u00fcr uns an erster Stelle. Damit Solaranlagen jahrzehntelang optimalen Stromertrag liefern, sollten Sie von Anfang an alles richtig machen. Wir beraten Sie, wenn Sie beispielsweise eine&nbsp;<strong>Solaranlage auf Ihrem Hausdach<\/strong> planen. Zudem beraten wir Sie auch bei gr\u00f6\u00dferen Projekten, wenn Sie solaranlagen auf Ihrem Grundst\u00fcck planen und installieren m\u00f6chten.<\/p>\n<h3>Beratung, Installation und Service \u2013 wir decken alles ab<\/h3>\n<p>Wir sind Ihr Beratungs- und Serviceunternehmen. Grunds\u00e4tzlich starten wir die Zusammenarbeit mit einem Vor-Ort-Termin bei Ihnen in Sonneberg. Dann pr\u00fcfen wir den Standort auf Herz und Nieren. Zudem beraten wir Sie bei dieser Gelegenheit bereits zu den technischen Grundlagen Ihrer zuk\u00fcnftigen Solaranlage. Erst dann bieten wir Ihnen einen&nbsp;<strong>Servicevertrag<\/strong>. Auf diese Weise k\u00f6nnen wir uns vor Vertragsabschluss gegenseitig kennen lernen.<\/p>\n<h3>Ertragsvorschau \u2013 So lohnt sich eine Solaranlage auch f\u00fcr Sie mit Sicherheit<\/h3>\n<p>Gern pr\u00e4sentieren wir Ihnen im zweiten Schritt eine <strong><a title=\"Realisierung von Solaranlagen\" href=\"https:\/\/form-klar.de\/meyersolar\/photovoltaikanlagen-solar-erfurt\/angebot-realisierung-von-solar-photovoltaikanlagen\/\">Ertragsvorschau<\/a><\/strong> f\u00fcr Ihren Standort. Denn auf der Basis dieser Daten k\u00f6nnen Sie sich entscheiden, was Ihre Solaranlage genau leisten kann. Wir beraten Sie zudem zur Einspeiseproblematik. Gern bieten wir Ihnen auch eine Anlage an, die zwei M\u00f6glichkeiten bietet:&nbsp;<strong>Einspeisung oder Eigenverbrauch<\/strong>. Auch eine Kombination aus beiden ist m\u00f6glich.<\/p>\n<p>In jedem Fall geht es um die Installation einer modernen Haustechnik. Wir setzen auf etablierte Marken und damit auf eine Qualit\u00e4t, die Ihnen langfristig hohe Ertr\u00e4ge bieten kann. Denn mit Qualit\u00e4tsprodukten ist das Ausfallrisiko gering und unser Service im Falle aller F\u00e4lle immer zur Stelle.<\/p>\n<p>Wir freuen uns auf Ihr Interesse im Raum Sonneberg.<\/p>\n","protected":false},"excerpt":{"rendered":"<p>Solaranlagen f\u00fcr Sonneberg planen Wir planen Solaranlagen in Sonneberg und [&hellip;]<\/p>\n","protected":false},"author":6,"featured_media":0,"parent":0,"menu_order":0,"comment_status":"closed","ping_status":"closed","template":"","meta":{"ngg_post_thumbnail":0,"footnotes":""},"class_list":["post-642","page","type-page","status-publish","hentry"],"yoast_head":"<!-- This site is optimized with the Yoast SEO plugin v24.8 - https:\/\/yoast.com\/wordpress\/plugins\/seo\/ -->\n<title>Solaranlagen f\u00fcr Sonneberg: Planung, Bau &amp; Service | Photovoltaik<\/title>\n<meta name=\"description\" content=\"Wer im Raum Sonneberg Solaranlagen installieren m\u00f6chte, ist bei unserem Beratungs- und Planungsunternehmen genau richtig. \u2705\" \/>\n<meta name=\"robots\" content=\"noindex, follow, max-snippet:-1, max-image-preview:large, max-video-preview:-1\" \/>\n<meta property=\"og:locale\" content=\"de_DE\" \/>\n<meta property=\"og:type\" content=\"article\" \/>\n<meta property=\"og:title\" content=\"Solaranlagen f\u00fcr Sonneberg: Planung, Bau &amp; Service | Photovoltaik\" \/>\n<meta property=\"og:description\" content=\"Wer im Raum Sonneberg Solaranlagen installieren m\u00f6chte, ist bei unserem Beratungs- und Planungsunternehmen genau richtig. \u2705\" \/>\n<meta property=\"og:url\" content=\"https:\/\/form-klar.de\/meyersolar\/solaranlagen-fuer-sonneberg\/\" \/>\n<meta property=\"og:site_name\" content=\"Meyer Solar\" \/>\n<meta property=\"article:modified_time\" content=\"2024-12-11T09:18:22+00:00\" \/>\n<meta name=\"twitter:card\" content=\"summary_large_image\" \/>\n<meta name=\"twitter:label1\" content=\"Gesch\u00e4tzte Lesezeit\" \/>\n\t<meta name=\"twitter:data1\" content=\"2\u00a0Minuten\" \/>\n<script type=\"application\/ld+json\" class=\"yoast-schema-graph\">{\"@context\":\"https:\/\/schema.org\",\"@graph\":[{\"@type\":\"WebPage\",\"@id\":\"https:\/\/form-klar.de\/meyersolar\/solaranlagen-fuer-sonneberg\/\",\"url\":\"https:\/\/form-klar.de\/meyersolar\/solaranlagen-fuer-sonneberg\/\",\"name\":\"Solaranlagen f\u00fcr Sonneberg: Planung, Bau & Service | Photovoltaik\",\"isPartOf\":{\"@id\":\"https:\/\/form-klar.de\/meyersolar\/#website\"},\"datePublished\":\"2020-04-29T08:32:24+00:00\",\"dateModified\":\"2024-12-11T09:18:22+00:00\",\"description\":\"Wer im Raum Sonneberg Solaranlagen installieren m\u00f6chte, ist bei unserem Beratungs- und Planungsunternehmen genau richtig. \u2705\",\"breadcrumb\":{\"@id\":\"https:\/\/form-klar.de\/meyersolar\/solaranlagen-fuer-sonneberg\/#breadcrumb\"},\"inLanguage\":\"de\",\"potentialAction\":[{\"@type\":\"ReadAction\",\"target\":[\"https:\/\/form-klar.de\/meyersolar\/solaranlagen-fuer-sonneberg\/\"]}]},{\"@type\":\"BreadcrumbList\",\"@id\":\"https:\/\/form-klar.de\/meyersolar\/solaranlagen-fuer-sonneberg\/#breadcrumb\",\"itemListElement\":[{\"@type\":\"ListItem\",\"position\":1,\"name\":\"Startseite\",\"item\":\"https:\/\/form-klar.de\/meyersolar\/\"},{\"@type\":\"ListItem\",\"position\":2,\"name\":\"Solaranlagen f\u00fcr Sonneberg\"}]},{\"@type\":\"WebSite\",\"@id\":\"https:\/\/form-klar.de\/meyersolar\/#website\",\"url\":\"https:\/\/form-klar.de\/meyersolar\/\",\"name\":\"Meyer Solar\",\"description\":\"Solaranlagen und Photovoltaikanlagen in Th\u00fcringen aus Erfurt\",\"potentialAction\":[{\"@type\":\"SearchAction\",\"target\":{\"@type\":\"EntryPoint\",\"urlTemplate\":\"https:\/\/form-klar.de\/meyersolar\/?s={search_term_string}\"},\"query-input\":{\"@type\":\"PropertyValueSpecification\",\"valueRequired\":true,\"valueName\":\"search_term_string\"}}],\"inLanguage\":\"de\"}]}<\/script>\n<!-- \/ Yoast SEO plugin. -->","yoast_head_json":{"title":"Solaranlagen f\u00fcr Sonneberg: Planung, Bau & Service | Photovoltaik","description":"Wer im Raum Sonneberg Solaranlagen installieren m\u00f6chte, ist bei unserem Beratungs- und Planungsunternehmen genau richtig. \u2705","robots":{"index":"noindex","follow":"follow","max-snippet":"max-snippet:-1","max-image-preview":"max-image-preview:large","max-video-preview":"max-video-preview:-1"},"og_locale":"de_DE","og_type":"article","og_title":"Solaranlagen f\u00fcr Sonneberg: Planung, Bau & Service | Photovoltaik","og_description":"Wer im Raum Sonneberg Solaranlagen installieren m\u00f6chte, ist bei unserem Beratungs- und Planungsunternehmen genau richtig. \u2705","og_url":"https:\/\/form-klar.de\/meyersolar\/solaranlagen-fuer-sonneberg\/","og_site_name":"Meyer Solar","article_modified_time":"2024-12-11T09:18:22+00:00","twitter_card":"summary_large_image","twitter_misc":{"Gesch\u00e4tzte Lesezeit":"2\u00a0Minuten"},"schema":{"@context":"https:\/\/schema.org","@graph":[{"@type":"WebPage","@id":"https:\/\/form-klar.de\/meyersolar\/solaranlagen-fuer-sonneberg\/","url":"https:\/\/form-klar.de\/meyersolar\/solaranlagen-fuer-sonneberg\/","name":"Solaranlagen f\u00fcr Sonneberg: Planung, Bau & Service | Photovoltaik","isPartOf":{"@id":"https:\/\/form-klar.de\/meyersolar\/#website"},"datePublished":"2020-04-29T08:32:24+00:00","dateModified":"2024-12-11T09:18:22+00:00","description":"Wer im Raum Sonneberg Solaranlagen installieren m\u00f6chte, ist bei unserem Beratungs- und Planungsunternehmen genau richtig. \u2705","breadcrumb":{"@id":"https:\/\/form-klar.de\/meyersolar\/solaranlagen-fuer-sonneberg\/#breadcrumb"},"inLanguage":"de","potentialAction":[{"@type":"ReadAction","target":["https:\/\/form-klar.de\/meyersolar\/solaranlagen-fuer-sonneberg\/"]}]},{"@type":"BreadcrumbList","@id":"https:\/\/form-klar.de\/meyersolar\/solaranlagen-fuer-sonneberg\/#breadcrumb","itemListElement":[{"@type":"ListItem","position":1,"name":"Startseite","item":"https:\/\/form-klar.de\/meyersolar\/"},{"@type":"ListItem","position":2,"name":"Solaranlagen f\u00fcr Sonneberg"}]},{"@type":"WebSite","@id":"https:\/\/form-klar.de\/meyersolar\/#website","url":"https:\/\/form-klar.de\/meyersolar\/","name":"Meyer Solar","description":"Solaranlagen und Photovoltaikanlagen in Th\u00fcringen aus Erfurt","potentialAction":[{"@type":"SearchAction","target":{"@type":"EntryPoint","urlTemplate":"https:\/\/form-klar.de\/meyersolar\/?s={search_term_string}"},"query-input":{"@type":"PropertyValueSpecification","valueRequired":true,"valueName":"search_term_string"}}],"inLanguage":"de"}]}},"_links":{"self":[{"href":"https:\/\/form-klar.de\/meyersolar\/wp-json\/wp\/v2\/pages\/642","targetHints":{"allow":["GET"]}}],"collection":[{"href":"https:\/\/form-klar.de\/meyersolar\/wp-json\/wp\/v2\/pages"}],"about":[{"href":"https:\/\/form-klar.de\/meyersolar\/wp-json\/wp\/v2\/types\/page"}],"author":[{"embeddable":true,"href":"https:\/\/form-klar.de\/meyersolar\/wp-json\/wp\/v2\/users\/6"}],"replies":[{"embeddable":true,"href":"https:\/\/form-klar.de\/meyersolar\/wp-json\/wp\/v2\/comments?post=642"}],"version-history":[{"count":1,"href":"https:\/\/form-klar.de\/meyersolar\/wp-json\/wp\/v2\/pages\/642\/revisions"}],"predecessor-version":[{"id":643,"href":"https:\/\/form-klar.de\/meyersolar\/wp-json\/wp\/v2\/pages\/642\/revisions\/643"}],"wp:attachment":[{"href":"https:\/\/form-klar.de\/meyersolar\/wp-json\/wp\/v2\/media?parent=642"}],"curies":[{"name":"wp","href":"https:\/\/api.w.org\/{rel}","templated":true}]}}