{"id":577,"date":"2019-10-07T12:47:52","date_gmt":"2019-10-07T12:47:52","guid":{"rendered":"https:\/\/form-klar.de\/meyersolar\/?page_id=577"},"modified":"2024-12-11T09:13:52","modified_gmt":"2024-12-11T09:13:52","slug":"photovoltaik-wirkungsgrad","status":"publish","type":"page","link":"https:\/\/form-klar.de\/meyersolar\/photovoltaik-wirkungsgrad\/","title":{"rendered":"Photovoltaik Wirkungsgrad"},"content":{"rendered":"<h2>Wie steht es mit dem Wirkungsgrad Ihrer Photovoltaik?<\/h2>\n<p><strong>Wirkungsgrad und Energiebilanz von Photovoltaik<\/strong> sind ausschlaggebend daf\u00fcr, wie viel <strong><a title=\"Meyersolar errichtet 96 kWp Sunpower-Kraftwerk zur Eigennutzung\" href=\"https:\/\/form-klar.de\/meyersolar\/2011\/04\/meyersolar-errichtet-96-kwp-kraftwerk-zur-eigennutzung\/\">Strom<\/a><\/strong> Sie ernten. Wir von Meyer Solar sichern Ihnen <strong>einen optimalen Wirkungsgrad<\/strong> von Anfang an. Dabei ist es besonders in der ersten Phase der Planung unsere Aufgabe, den <strong>Wirkungsgrad der gesamten Anlage<\/strong> zu berechnen.<\/p>\n<p>Nicht nur die Module und ihre Ausrichtung sind wichtig, sondern auch die <strong>technische Peripherie<\/strong>. Dabei geht es insbesondere um den Wechselrichter aber auch um die verwendeten Kabel. Und ganz zuerst ist es selbstverst\u00e4ndlich wichtig, Verschattungen zu vermeiden. Ihr Haus oder Ihre Freianlage sollte also von Anfang an gut durchdacht sein.<\/p>\n<h3>Wir analysieren die Effektivit\u00e4t Ihres Photovoltaik-Standortes bereits in der Planungsphase<\/h3>\n<p>Wie gehen wir von Meyer Solar dabei vor. Immer den optimalen <strong>Wirkungsgrad Ihrer Photovoltaik<\/strong> im Blick, treffen wir uns bei Ihnen zu einem ersten Vor-Ort-Termin. Hier k\u00f6nnen wir m\u00f6gliche Einschr\u00e4nkungen sofort erkennen. In dieser Phase k\u00f6nnen Sie von unseren gesammelten Erfahrungswerten profitieren.<\/p>\n<h3>Es kommt darauf an, den Wirkungsgrad Ihrer Photovoltaik zu verbessern<\/h3>\n<p>Dabei zeigen wir aber erste M\u00f6glichkeiten an, wie man den <strong>Wirkungsgrad der Photovoltaik steigern<\/strong> k\u00f6nnte. Im n\u00e4chsten Schritt erfolgt die genaue Planung der Photovoltaik. Dabei f\u00fchren wir eine Beschattungsanalyse durch. Wie wir das machen? Ganz einfach.<\/p>\n<p>Wir prognostizieren f\u00fcr Ihren Standort den <strong>Jahresverlauf der Sonneneinstrahlung<\/strong> in einem kleinen Film. Auf diese Weise zeigen wir Ihnen anschaulich, wie effektiv Ihre Photovoltaik auch in Zukunft arbeiten wird. Unser Angebot enth\u00e4lt somit auch eine Ertragsvorschau und eine Berechnung der Wirtschaftlichkeit.<\/p>\n<h3>Ob Architektur, \u00c4sthetik oder Technik \u2013 wir bringen alles auf einen Nenner!<\/h3>\n<p><strong><a title=\"Kontakt\" href=\"https:\/\/form-klar.de\/meyersolar\/siteinfo\/kontakt\/\">Am besten, Sie kontaktieren uns fr\u00fchzeitig<\/a><\/strong>. Dann k\u00f6nnen wir alles von A bis Z planen. Die Installation der Anlage \u00fcbernimmt ein fester Stamm von Handwerksbetrieben. Sie m\u00f6chten die Anlage selbst montieren? Dann stehen wir Ihnen mit technischem Sachverstand beratend zur Seite. Wir m\u00f6chten, dass Ihre Anlage l\u00e4uft und Ihnen gute Ertr\u00e4ge bringt.<\/p>\n<p>\u00dcbrigens kommt es auch auf eine professionelle \u00dcberwachung und Wartung Ihrer Anlage an, um den Wirkungsrad \u00fcber Jahrzehnte optimal zu halten.<\/p>\n<p><strong><a title=\"Kontakt\" href=\"https:\/\/form-klar.de\/meyersolar\/kontakt\/\">Gern stehen wir f\u00fcr eine erste Beratung an Ihrer Seite<\/a><\/strong>!<\/p>\n","protected":false},"excerpt":{"rendered":"<p>Wie steht es mit dem Wirkungsgrad Ihrer Photovoltaik? Wirkungsgrad und [&hellip;]<\/p>\n","protected":false},"author":6,"featured_media":0,"parent":0,"menu_order":0,"comment_status":"closed","ping_status":"closed","template":"","meta":{"ngg_post_thumbnail":0,"footnotes":""},"class_list":["post-577","page","type-page","status-publish","hentry"],"yoast_head":"<!-- This site is optimized with the Yoast SEO plugin v24.8 - https:\/\/yoast.com\/wordpress\/plugins\/seo\/ -->\n<title>Lernen Sie mehr \u00fcber den Wirkungsgrad von Photovoltaik<\/title>\n<meta name=\"description\" content=\"Bei der Planung Ihrer Photovoltaik wichtig f\u00fcr den wirtschaftlichen Ertrag. \u2705 Wir sichern Ihnen die besten Module und Wechselrichter. \u2705 Kontakt: Meyer Solar. \u2705\" \/>\n<meta name=\"robots\" content=\"noindex, follow, max-snippet:-1, max-image-preview:large, max-video-preview:-1\" \/>\n<meta property=\"og:locale\" content=\"de_DE\" \/>\n<meta property=\"og:type\" content=\"article\" \/>\n<meta property=\"og:title\" content=\"Lernen Sie mehr \u00fcber den Wirkungsgrad von Photovoltaik\" \/>\n<meta property=\"og:description\" content=\"Bei der Planung Ihrer Photovoltaik wichtig f\u00fcr den wirtschaftlichen Ertrag. \u2705 Wir sichern Ihnen die besten Module und Wechselrichter. \u2705 Kontakt: Meyer Solar. \u2705\" \/>\n<meta property=\"og:url\" content=\"https:\/\/form-klar.de\/meyersolar\/photovoltaik-wirkungsgrad\/\" \/>\n<meta property=\"og:site_name\" content=\"Meyer Solar\" \/>\n<meta property=\"article:modified_time\" content=\"2024-12-11T09:13:52+00:00\" \/>\n<meta name=\"twitter:card\" content=\"summary_large_image\" \/>\n<meta name=\"twitter:label1\" content=\"Gesch\u00e4tzte Lesezeit\" \/>\n\t<meta name=\"twitter:data1\" content=\"2\u00a0Minuten\" \/>\n<script type=\"application\/ld+json\" class=\"yoast-schema-graph\">{\"@context\":\"https:\/\/schema.org\",\"@graph\":[{\"@type\":\"WebPage\",\"@id\":\"https:\/\/form-klar.de\/meyersolar\/photovoltaik-wirkungsgrad\/\",\"url\":\"https:\/\/form-klar.de\/meyersolar\/photovoltaik-wirkungsgrad\/\",\"name\":\"Lernen Sie mehr \u00fcber den Wirkungsgrad von Photovoltaik\",\"isPartOf\":{\"@id\":\"https:\/\/form-klar.de\/meyersolar\/#website\"},\"datePublished\":\"2019-10-07T12:47:52+00:00\",\"dateModified\":\"2024-12-11T09:13:52+00:00\",\"description\":\"Bei der Planung Ihrer Photovoltaik wichtig f\u00fcr den wirtschaftlichen Ertrag. \u2705 Wir sichern Ihnen die besten Module und Wechselrichter. \u2705 Kontakt: Meyer Solar. \u2705\",\"breadcrumb\":{\"@id\":\"https:\/\/form-klar.de\/meyersolar\/photovoltaik-wirkungsgrad\/#breadcrumb\"},\"inLanguage\":\"de\",\"potentialAction\":[{\"@type\":\"ReadAction\",\"target\":[\"https:\/\/form-klar.de\/meyersolar\/photovoltaik-wirkungsgrad\/\"]}]},{\"@type\":\"BreadcrumbList\",\"@id\":\"https:\/\/form-klar.de\/meyersolar\/photovoltaik-wirkungsgrad\/#breadcrumb\",\"itemListElement\":[{\"@type\":\"ListItem\",\"position\":1,\"name\":\"Startseite\",\"item\":\"https:\/\/form-klar.de\/meyersolar\/\"},{\"@type\":\"ListItem\",\"position\":2,\"name\":\"Photovoltaik Wirkungsgrad\"}]},{\"@type\":\"WebSite\",\"@id\":\"https:\/\/form-klar.de\/meyersolar\/#website\",\"url\":\"https:\/\/form-klar.de\/meyersolar\/\",\"name\":\"Meyer Solar\",\"description\":\"Solaranlagen und Photovoltaikanlagen in Th\u00fcringen aus Erfurt\",\"potentialAction\":[{\"@type\":\"SearchAction\",\"target\":{\"@type\":\"EntryPoint\",\"urlTemplate\":\"https:\/\/form-klar.de\/meyersolar\/?s={search_term_string}\"},\"query-input\":{\"@type\":\"PropertyValueSpecification\",\"valueRequired\":true,\"valueName\":\"search_term_string\"}}],\"inLanguage\":\"de\"}]}<\/script>\n<!-- \/ Yoast SEO plugin. -->","yoast_head_json":{"title":"Lernen Sie mehr \u00fcber den Wirkungsgrad von Photovoltaik","description":"Bei der Planung Ihrer Photovoltaik wichtig f\u00fcr den wirtschaftlichen Ertrag. \u2705 Wir sichern Ihnen die besten Module und Wechselrichter. \u2705 Kontakt: Meyer Solar. \u2705","robots":{"index":"noindex","follow":"follow","max-snippet":"max-snippet:-1","max-image-preview":"max-image-preview:large","max-video-preview":"max-video-preview:-1"},"og_locale":"de_DE","og_type":"article","og_title":"Lernen Sie mehr \u00fcber den Wirkungsgrad von Photovoltaik","og_description":"Bei der Planung Ihrer Photovoltaik wichtig f\u00fcr den wirtschaftlichen Ertrag. \u2705 Wir sichern Ihnen die besten Module und Wechselrichter. \u2705 Kontakt: Meyer Solar. \u2705","og_url":"https:\/\/form-klar.de\/meyersolar\/photovoltaik-wirkungsgrad\/","og_site_name":"Meyer Solar","article_modified_time":"2024-12-11T09:13:52+00:00","twitter_card":"summary_large_image","twitter_misc":{"Gesch\u00e4tzte Lesezeit":"2\u00a0Minuten"},"schema":{"@context":"https:\/\/schema.org","@graph":[{"@type":"WebPage","@id":"https:\/\/form-klar.de\/meyersolar\/photovoltaik-wirkungsgrad\/","url":"https:\/\/form-klar.de\/meyersolar\/photovoltaik-wirkungsgrad\/","name":"Lernen Sie mehr \u00fcber den Wirkungsgrad von Photovoltaik","isPartOf":{"@id":"https:\/\/form-klar.de\/meyersolar\/#website"},"datePublished":"2019-10-07T12:47:52+00:00","dateModified":"2024-12-11T09:13:52+00:00","description":"Bei der Planung Ihrer Photovoltaik wichtig f\u00fcr den wirtschaftlichen Ertrag. \u2705 Wir sichern Ihnen die besten Module und Wechselrichter. \u2705 Kontakt: Meyer Solar. \u2705","breadcrumb":{"@id":"https:\/\/form-klar.de\/meyersolar\/photovoltaik-wirkungsgrad\/#breadcrumb"},"inLanguage":"de","potentialAction":[{"@type":"ReadAction","target":["https:\/\/form-klar.de\/meyersolar\/photovoltaik-wirkungsgrad\/"]}]},{"@type":"BreadcrumbList","@id":"https:\/\/form-klar.de\/meyersolar\/photovoltaik-wirkungsgrad\/#breadcrumb","itemListElement":[{"@type":"ListItem","position":1,"name":"Startseite","item":"https:\/\/form-klar.de\/meyersolar\/"},{"@type":"ListItem","position":2,"name":"Photovoltaik Wirkungsgrad"}]},{"@type":"WebSite","@id":"https:\/\/form-klar.de\/meyersolar\/#website","url":"https:\/\/form-klar.de\/meyersolar\/","name":"Meyer Solar","description":"Solaranlagen und Photovoltaikanlagen in Th\u00fcringen aus Erfurt","potentialAction":[{"@type":"SearchAction","target":{"@type":"EntryPoint","urlTemplate":"https:\/\/form-klar.de\/meyersolar\/?s={search_term_string}"},"query-input":{"@type":"PropertyValueSpecification","valueRequired":true,"valueName":"search_term_string"}}],"inLanguage":"de"}]}},"_links":{"self":[{"href":"https:\/\/form-klar.de\/meyersolar\/wp-json\/wp\/v2\/pages\/577","targetHints":{"allow":["GET"]}}],"collection":[{"href":"https:\/\/form-klar.de\/meyersolar\/wp-json\/wp\/v2\/pages"}],"about":[{"href":"https:\/\/form-klar.de\/meyersolar\/wp-json\/wp\/v2\/types\/page"}],"author":[{"embeddable":true,"href":"https:\/\/form-klar.de\/meyersolar\/wp-json\/wp\/v2\/users\/6"}],"replies":[{"embeddable":true,"href":"https:\/\/form-klar.de\/meyersolar\/wp-json\/wp\/v2\/comments?post=577"}],"version-history":[{"count":2,"href":"https:\/\/form-klar.de\/meyersolar\/wp-json\/wp\/v2\/pages\/577\/revisions"}],"predecessor-version":[{"id":3713,"href":"https:\/\/form-klar.de\/meyersolar\/wp-json\/wp\/v2\/pages\/577\/revisions\/3713"}],"wp:attachment":[{"href":"https:\/\/form-klar.de\/meyersolar\/wp-json\/wp\/v2\/media?parent=577"}],"curies":[{"name":"wp","href":"https:\/\/api.w.org\/{rel}","templated":true}]}}