{"id":570,"date":"2019-08-23T09:13:54","date_gmt":"2019-08-23T09:13:54","guid":{"rendered":"https:\/\/form-klar.de\/meyersolar\/?page_id=570"},"modified":"2024-12-11T09:10:35","modified_gmt":"2024-12-11T09:10:35","slug":"energiebilanz-photovoltaik","status":"publish","type":"page","link":"https:\/\/form-klar.de\/meyersolar\/energiebilanz-photovoltaik\/","title":{"rendered":"Energiebilanz Photovoltaik"},"content":{"rendered":"<p><b>Energiebilanz Photovoltaik \u2013 Check von meyersolar.de<\/b><\/p>\n<p><strong>Energiebilanz f\u00fcr Photovoltaik checken<\/strong>: Wer zur Energiewende beitragen will und gleichzeitig erfolgreich Strom ernten m\u00f6chte, der sollte sich vor der <strong><a title=\"Installation Solaranlage\" href=\"https:\/\/form-klar.de\/meyersolar\/photovoltaikanlagen-solar-erfurt\/installation-von-photovoltaikanlagen\/installation-solaranlage\/\">Installation einer Photovoltaikanlage<\/a> professionell beraten lassen<\/strong>. Kontaktieren Sie uns rechtzeitig &#8211; dann l\u00e4sst sich alles besser planen. Wir \u00fcbernehmen wir die Installation der Anlage. Zudem bieten wir Ihnen verschiedene Servicepakete zur Pflege Ihrer Solartechnik an. Dadurch erhalten Sie die Gewissheit, dass Ihre Anlage von Anfang an optimal konfiguriert wird.<\/p>\n<h3>Optimaler Standort und Marken-Module f\u00fcr einen guten Stromertrag!<\/h3>\n<p>Sie m\u00f6chten <a title=\"Planung\" href=\"https:\/\/form-klar.de\/meyersolar\/photovoltaikanlagen-solar-erfurt\/planung-von-solar-photovoltaikanlagen\/\"><strong>Photovoltaik<\/strong><\/a>, die sich f\u00fcr Sie rechnet? Wir rechnen Ihnen individuell f\u00fcr Ihren Standort vor, ab welchen Zeitraum sich Ihre Photovoltaik amortisiert. Wir haben den Wirkungsgrad Ihrer Anlage stets im Blick. Zum einen sollte Ihr Standort optimal ausgew\u00e4hlt sein. Schon bei dieser Entscheidung beraten wir Eigenheimbesitzer und H\u00e4uslebauer intensiv. Auf diese Wiese k\u00f6nnen wir die Anlage von Anfang an so installieren, dass ein <strong>h\u00f6chstm\u00f6glicher Wirkungsgrad<\/strong> gesichert ist.<\/p>\n<h3>Qualit\u00e4t macht den Unterschied!<\/h3>\n<p>Auch die Qualit\u00e4t der Module ist entscheidend. Bei Qualit\u00e4tsmodulen liegt dieser zurzeit bei leicht \u00fcber 20 %. Dabei arbeitet Wissenschaft und Industrie daran, den <strong>Wirkungsgrad<\/strong> und damit die <strong>Energiebilanz<\/strong> immer mehr zu steigern.<\/p>\n<h3>Wie rechnet sich eine Solaranlage \u00fcberhaupt? Positive Energiebilanz Photovoltaik durch hohe Lebensdauer!<\/h3>\n<p>Da die <strong>Herstellung von Solarwafern<\/strong> also <strong>Solarmodulen<\/strong> sehr energieintensiv ist, brauchen Sie einen gewissen Zeitraum, damit die <strong>Photovoltaik Energiebilanz<\/strong> wieder stimmt. Ab wann amortisieren sich Solarmodule? Zuerst einmal k\u00f6nnen Sie sicher sein: Sie erzeugen mit Ihrer Anlage ein Vielfaches der zur <strong>Herstellung von Solarmodulen<\/strong> ben\u00f6tigten Energie.<\/p>\n<p>Die <strong>Nutzung von Photovoltaik<\/strong> wird dabei immer rentabler. Dabei wird standardm\u00e4\u00dfig die Herstellung, die Montage und die Entsorgung bereits in die Energiebilanz mit einbezogen. Mit <strong>leistungsf\u00e4higen Qualit\u00e4tsmodulen<\/strong> erreicht Ihre Anlage eine <strong>Lebensdauer von etwa 25 Jahren<\/strong>. <strong>Schon ab 2,5 Jahren ist die Energiebilanz f\u00fcr Ihre Anlage positiv<\/strong>.<\/p>\n<p><a title=\"Service\" href=\"https:\/\/form-klar.de\/meyersolar\/photovoltaikanlagen-solar-erfurt\/\"><strong>Wir montieren fachgerecht<\/strong><\/a>, so dass wir eine <strong>m\u00f6glichst schnelle Amortisierung<\/strong> sowie eine <strong>schnell erreichbare positive Energiebilanz<\/strong> sichern.<\/p>\n","protected":false},"excerpt":{"rendered":"<p>Energiebilanz Photovoltaik \u2013 Check von meyersolar.de Energiebilanz f\u00fcr Photovoltaik checken: [&hellip;]<\/p>\n","protected":false},"author":6,"featured_media":0,"parent":0,"menu_order":0,"comment_status":"closed","ping_status":"closed","template":"","meta":{"ngg_post_thumbnail":0,"footnotes":""},"class_list":["post-570","page","type-page","status-publish","hentry"],"yoast_head":"<!-- This site is optimized with the Yoast SEO plugin v24.8 - https:\/\/yoast.com\/wordpress\/plugins\/seo\/ -->\n<title>Photovoltaik \u2013 Kosten, Energiebilanz und Wirkungsgrad<\/title>\n<meta name=\"description\" content=\"Wir beraten Sie \u00fcber den Wirkungsgrad Ihrer Photovoltaik \u2705 Top Energiebilanz durch hochwertige Module und optimale Standortauswahl \u2705\" \/>\n<meta name=\"robots\" content=\"noindex, follow, max-snippet:-1, max-image-preview:large, max-video-preview:-1\" \/>\n<meta property=\"og:locale\" content=\"de_DE\" \/>\n<meta property=\"og:type\" content=\"article\" \/>\n<meta property=\"og:title\" content=\"Photovoltaik \u2013 Kosten, Energiebilanz und Wirkungsgrad\" \/>\n<meta property=\"og:description\" content=\"Wir beraten Sie \u00fcber den Wirkungsgrad Ihrer Photovoltaik \u2705 Top Energiebilanz durch hochwertige Module und optimale Standortauswahl \u2705\" \/>\n<meta property=\"og:url\" content=\"https:\/\/form-klar.de\/meyersolar\/energiebilanz-photovoltaik\/\" \/>\n<meta property=\"og:site_name\" content=\"Meyer Solar\" \/>\n<meta property=\"article:modified_time\" content=\"2024-12-11T09:10:35+00:00\" \/>\n<meta name=\"twitter:card\" content=\"summary_large_image\" \/>\n<meta name=\"twitter:label1\" content=\"Gesch\u00e4tzte Lesezeit\" \/>\n\t<meta name=\"twitter:data1\" content=\"2\u00a0Minuten\" \/>\n<script type=\"application\/ld+json\" class=\"yoast-schema-graph\">{\"@context\":\"https:\/\/schema.org\",\"@graph\":[{\"@type\":\"WebPage\",\"@id\":\"https:\/\/form-klar.de\/meyersolar\/energiebilanz-photovoltaik\/\",\"url\":\"https:\/\/form-klar.de\/meyersolar\/energiebilanz-photovoltaik\/\",\"name\":\"Photovoltaik \u2013 Kosten, Energiebilanz und Wirkungsgrad\",\"isPartOf\":{\"@id\":\"https:\/\/form-klar.de\/meyersolar\/#website\"},\"datePublished\":\"2019-08-23T09:13:54+00:00\",\"dateModified\":\"2024-12-11T09:10:35+00:00\",\"description\":\"Wir beraten Sie \u00fcber den Wirkungsgrad Ihrer Photovoltaik \u2705 Top Energiebilanz durch hochwertige Module und optimale Standortauswahl \u2705\",\"breadcrumb\":{\"@id\":\"https:\/\/form-klar.de\/meyersolar\/energiebilanz-photovoltaik\/#breadcrumb\"},\"inLanguage\":\"de\",\"potentialAction\":[{\"@type\":\"ReadAction\",\"target\":[\"https:\/\/form-klar.de\/meyersolar\/energiebilanz-photovoltaik\/\"]}]},{\"@type\":\"BreadcrumbList\",\"@id\":\"https:\/\/form-klar.de\/meyersolar\/energiebilanz-photovoltaik\/#breadcrumb\",\"itemListElement\":[{\"@type\":\"ListItem\",\"position\":1,\"name\":\"Startseite\",\"item\":\"https:\/\/form-klar.de\/meyersolar\/\"},{\"@type\":\"ListItem\",\"position\":2,\"name\":\"Energiebilanz Photovoltaik\"}]},{\"@type\":\"WebSite\",\"@id\":\"https:\/\/form-klar.de\/meyersolar\/#website\",\"url\":\"https:\/\/form-klar.de\/meyersolar\/\",\"name\":\"Meyer Solar\",\"description\":\"Solaranlagen und Photovoltaikanlagen in Th\u00fcringen aus Erfurt\",\"potentialAction\":[{\"@type\":\"SearchAction\",\"target\":{\"@type\":\"EntryPoint\",\"urlTemplate\":\"https:\/\/form-klar.de\/meyersolar\/?s={search_term_string}\"},\"query-input\":{\"@type\":\"PropertyValueSpecification\",\"valueRequired\":true,\"valueName\":\"search_term_string\"}}],\"inLanguage\":\"de\"}]}<\/script>\n<!-- \/ Yoast SEO plugin. -->","yoast_head_json":{"title":"Photovoltaik \u2013 Kosten, Energiebilanz und Wirkungsgrad","description":"Wir beraten Sie \u00fcber den Wirkungsgrad Ihrer Photovoltaik \u2705 Top Energiebilanz durch hochwertige Module und optimale Standortauswahl \u2705","robots":{"index":"noindex","follow":"follow","max-snippet":"max-snippet:-1","max-image-preview":"max-image-preview:large","max-video-preview":"max-video-preview:-1"},"og_locale":"de_DE","og_type":"article","og_title":"Photovoltaik \u2013 Kosten, Energiebilanz und Wirkungsgrad","og_description":"Wir beraten Sie \u00fcber den Wirkungsgrad Ihrer Photovoltaik \u2705 Top Energiebilanz durch hochwertige Module und optimale Standortauswahl \u2705","og_url":"https:\/\/form-klar.de\/meyersolar\/energiebilanz-photovoltaik\/","og_site_name":"Meyer Solar","article_modified_time":"2024-12-11T09:10:35+00:00","twitter_card":"summary_large_image","twitter_misc":{"Gesch\u00e4tzte Lesezeit":"2\u00a0Minuten"},"schema":{"@context":"https:\/\/schema.org","@graph":[{"@type":"WebPage","@id":"https:\/\/form-klar.de\/meyersolar\/energiebilanz-photovoltaik\/","url":"https:\/\/form-klar.de\/meyersolar\/energiebilanz-photovoltaik\/","name":"Photovoltaik \u2013 Kosten, Energiebilanz und Wirkungsgrad","isPartOf":{"@id":"https:\/\/form-klar.de\/meyersolar\/#website"},"datePublished":"2019-08-23T09:13:54+00:00","dateModified":"2024-12-11T09:10:35+00:00","description":"Wir beraten Sie \u00fcber den Wirkungsgrad Ihrer Photovoltaik \u2705 Top Energiebilanz durch hochwertige Module und optimale Standortauswahl \u2705","breadcrumb":{"@id":"https:\/\/form-klar.de\/meyersolar\/energiebilanz-photovoltaik\/#breadcrumb"},"inLanguage":"de","potentialAction":[{"@type":"ReadAction","target":["https:\/\/form-klar.de\/meyersolar\/energiebilanz-photovoltaik\/"]}]},{"@type":"BreadcrumbList","@id":"https:\/\/form-klar.de\/meyersolar\/energiebilanz-photovoltaik\/#breadcrumb","itemListElement":[{"@type":"ListItem","position":1,"name":"Startseite","item":"https:\/\/form-klar.de\/meyersolar\/"},{"@type":"ListItem","position":2,"name":"Energiebilanz Photovoltaik"}]},{"@type":"WebSite","@id":"https:\/\/form-klar.de\/meyersolar\/#website","url":"https:\/\/form-klar.de\/meyersolar\/","name":"Meyer Solar","description":"Solaranlagen und Photovoltaikanlagen in Th\u00fcringen aus Erfurt","potentialAction":[{"@type":"SearchAction","target":{"@type":"EntryPoint","urlTemplate":"https:\/\/form-klar.de\/meyersolar\/?s={search_term_string}"},"query-input":{"@type":"PropertyValueSpecification","valueRequired":true,"valueName":"search_term_string"}}],"inLanguage":"de"}]}},"_links":{"self":[{"href":"https:\/\/form-klar.de\/meyersolar\/wp-json\/wp\/v2\/pages\/570","targetHints":{"allow":["GET"]}}],"collection":[{"href":"https:\/\/form-klar.de\/meyersolar\/wp-json\/wp\/v2\/pages"}],"about":[{"href":"https:\/\/form-klar.de\/meyersolar\/wp-json\/wp\/v2\/types\/page"}],"author":[{"embeddable":true,"href":"https:\/\/form-klar.de\/meyersolar\/wp-json\/wp\/v2\/users\/6"}],"replies":[{"embeddable":true,"href":"https:\/\/form-klar.de\/meyersolar\/wp-json\/wp\/v2\/comments?post=570"}],"version-history":[{"count":3,"href":"https:\/\/form-klar.de\/meyersolar\/wp-json\/wp\/v2\/pages\/570\/revisions"}],"predecessor-version":[{"id":3711,"href":"https:\/\/form-klar.de\/meyersolar\/wp-json\/wp\/v2\/pages\/570\/revisions\/3711"}],"wp:attachment":[{"href":"https:\/\/form-klar.de\/meyersolar\/wp-json\/wp\/v2\/media?parent=570"}],"curies":[{"name":"wp","href":"https:\/\/api.w.org\/{rel}","templated":true}]}}