{"id":543,"date":"2019-05-10T11:01:45","date_gmt":"2019-05-10T11:01:45","guid":{"rendered":"https:\/\/form-klar.de\/meyersolar\/?page_id=543"},"modified":"2024-12-11T09:07:46","modified_gmt":"2024-12-11T09:07:46","slug":"solaranlage-rudolstadt","status":"publish","type":"page","link":"https:\/\/form-klar.de\/meyersolar\/solaranlage-rudolstadt\/","title":{"rendered":"Solaranlage Rudolstadt"},"content":{"rendered":"<h2>Solaranlage Rudolstadt<\/h2>\n<p><strong>Solaranlage Rudolstadt<\/strong>: <strong>Sie kommen aus Rudolstadt oder der Umgebung<\/strong> und planen eine <strong>Solaranlage<\/strong> anzuschaffen? Dann setzen Sie sich am besten mit einem kompetenten Berater und Planer zusammen. <a title=\"\u00dcber uns\" href=\"https:\/\/form-klar.de\/meyersolar\/solaranlagen-meyersolar-erfurt-thueringen\/\"><strong>Beispielsweise empfiehlt sich MeyerSolar<\/strong><\/a>. Als Unternehmen, dass in Th\u00fcringen ans\u00e4ssig ist, kann es viele zufriedene Kunden in der Region vorweisen.<\/p>\n<h3>MeyerSolar stellen sich vor!<\/h3>\n<p><strong>Wir erreichten Ihre Solaranlage in der Region um Rudolstadt, Saalfeld und Bad Blankenburg<\/strong>. Als Fachberater schauen wir uns zuerst Ihr Haus oder Ihr Grundst\u00fcck genau an. Dann beraten wir Sie zum Standort und erstellen Ihnen eine genaue Ertragsvorschau. Denn eine Solaranlage sollte sich auch langfristig f\u00fcr Sie rechnen. Sind Sie mit unserem <a title=\"Service\" href=\"https:\/\/form-klar.de\/meyersolar\/photovoltaikanlagen-solar-erfurt\/\"><strong>Angebot<\/strong><\/a> einverstanden, \u00fcbernehmen wir die Planung und Montage.<\/p>\n<h3>Solaranlage: Welche Module nutzen wir?<\/h3>\n<p><strong>Bei einer Solaranlage kommt es auf bestm\u00f6gliche Qualit\u00e4t an<\/strong>. Deshalb arbeiten wir ausschlie\u00dflich mit Markenmodulen. Auch das Montage-System muss vom Feinsten sein, um Ihnen langfristig Sicherheit zu gew\u00e4hrleisten. Ob <a title=\"Produkte\" href=\"https:\/\/form-klar.de\/meyersolar\/produkte\/\"><strong>Sunpower<\/strong>, <strong>Sharp<\/strong>, <strong>Kaneka oder Bosch<\/strong><\/a> \u2013 wir verwenden nur beste Technik. Auch bei den Wechselrichtern achten wir darauf, dass alles picobello l\u00e4uft. Deshalb setzen wir auf SMA, Fronius und Kostal.<\/p>\n<h3>Was bieten wir Ihnen f\u00fcr Leistungen? &#8211; Solaranlage Rudolstadt<\/h3>\n<p><strong>Zum ersten setzen wir auf schl\u00fcsselfertige Solaranlagen<\/strong>. Diese Anlagen m\u00fcssen optimal auf Ihr Dach zugeschnitten sein. Ebenso erstellen wir Angebote f\u00fcr solare Inselsysteme zur autonomen Versorgung von Ferienh\u00e4usern etc. in und um Rudolstadt. Aber auch bei der Lieferung von Einzelkomponenten stehen wir Ihnen mit Rat und Tat zur Seite. <a title=\"Kontakt\" href=\"https:\/\/form-klar.de\/meyersolar\/kontakt\/\"><strong>Fragen Sie uns unverbindlich an<\/strong><\/a>.<\/p>\n","protected":false},"excerpt":{"rendered":"<p>Solaranlage Rudolstadt Solaranlage Rudolstadt: Sie kommen aus Rudolstadt oder der [&hellip;]<\/p>\n","protected":false},"author":6,"featured_media":0,"parent":0,"menu_order":0,"comment_status":"closed","ping_status":"closed","template":"","meta":{"ngg_post_thumbnail":0,"footnotes":""},"class_list":["post-543","page","type-page","status-publish","hentry"],"yoast_head":"<!-- This site is optimized with the Yoast SEO plugin v24.8 - https:\/\/yoast.com\/wordpress\/plugins\/seo\/ -->\n<title>Ihre Solaranlage f\u00fcr Rudolstadt | Alternative Energie | MeyerSolar<\/title>\n<meta name=\"description\" content=\"Solaranlage Rudolstadt - MeyerSolar: Kompetente Fachplanung f\u00fcr Ihre Solaranlage &amp; Rentabilit\u00e4tsrechnung \u2705 Beratung \u2705 Montage \u2705 Service \u2705\" \/>\n<meta name=\"robots\" content=\"noindex, follow, max-snippet:-1, max-image-preview:large, max-video-preview:-1\" \/>\n<meta property=\"og:locale\" content=\"de_DE\" \/>\n<meta property=\"og:type\" content=\"article\" \/>\n<meta property=\"og:title\" content=\"Ihre Solaranlage f\u00fcr Rudolstadt | Alternative Energie | MeyerSolar\" \/>\n<meta property=\"og:description\" content=\"Solaranlage Rudolstadt - MeyerSolar: Kompetente Fachplanung f\u00fcr Ihre Solaranlage &amp; Rentabilit\u00e4tsrechnung \u2705 Beratung \u2705 Montage \u2705 Service \u2705\" \/>\n<meta property=\"og:url\" content=\"https:\/\/form-klar.de\/meyersolar\/solaranlage-rudolstadt\/\" \/>\n<meta property=\"og:site_name\" content=\"Meyer Solar\" \/>\n<meta property=\"article:modified_time\" content=\"2024-12-11T09:07:46+00:00\" \/>\n<meta name=\"twitter:card\" content=\"summary_large_image\" \/>\n<meta name=\"twitter:label1\" content=\"Gesch\u00e4tzte Lesezeit\" \/>\n\t<meta name=\"twitter:data1\" content=\"2\u00a0Minuten\" \/>\n<script type=\"application\/ld+json\" class=\"yoast-schema-graph\">{\"@context\":\"https:\/\/schema.org\",\"@graph\":[{\"@type\":\"WebPage\",\"@id\":\"https:\/\/form-klar.de\/meyersolar\/solaranlage-rudolstadt\/\",\"url\":\"https:\/\/form-klar.de\/meyersolar\/solaranlage-rudolstadt\/\",\"name\":\"Ihre Solaranlage f\u00fcr Rudolstadt | Alternative Energie | MeyerSolar\",\"isPartOf\":{\"@id\":\"https:\/\/form-klar.de\/meyersolar\/#website\"},\"datePublished\":\"2019-05-10T11:01:45+00:00\",\"dateModified\":\"2024-12-11T09:07:46+00:00\",\"description\":\"Solaranlage Rudolstadt - MeyerSolar: Kompetente Fachplanung f\u00fcr Ihre Solaranlage & Rentabilit\u00e4tsrechnung \u2705 Beratung \u2705 Montage \u2705 Service \u2705\",\"breadcrumb\":{\"@id\":\"https:\/\/form-klar.de\/meyersolar\/solaranlage-rudolstadt\/#breadcrumb\"},\"inLanguage\":\"de\",\"potentialAction\":[{\"@type\":\"ReadAction\",\"target\":[\"https:\/\/form-klar.de\/meyersolar\/solaranlage-rudolstadt\/\"]}]},{\"@type\":\"BreadcrumbList\",\"@id\":\"https:\/\/form-klar.de\/meyersolar\/solaranlage-rudolstadt\/#breadcrumb\",\"itemListElement\":[{\"@type\":\"ListItem\",\"position\":1,\"name\":\"Startseite\",\"item\":\"https:\/\/form-klar.de\/meyersolar\/\"},{\"@type\":\"ListItem\",\"position\":2,\"name\":\"Solaranlage Rudolstadt\"}]},{\"@type\":\"WebSite\",\"@id\":\"https:\/\/form-klar.de\/meyersolar\/#website\",\"url\":\"https:\/\/form-klar.de\/meyersolar\/\",\"name\":\"Meyer Solar\",\"description\":\"Solaranlagen und Photovoltaikanlagen in Th\u00fcringen aus Erfurt\",\"potentialAction\":[{\"@type\":\"SearchAction\",\"target\":{\"@type\":\"EntryPoint\",\"urlTemplate\":\"https:\/\/form-klar.de\/meyersolar\/?s={search_term_string}\"},\"query-input\":{\"@type\":\"PropertyValueSpecification\",\"valueRequired\":true,\"valueName\":\"search_term_string\"}}],\"inLanguage\":\"de\"}]}<\/script>\n<!-- \/ Yoast SEO plugin. -->","yoast_head_json":{"title":"Ihre Solaranlage f\u00fcr Rudolstadt | Alternative Energie | MeyerSolar","description":"Solaranlage Rudolstadt - MeyerSolar: Kompetente Fachplanung f\u00fcr Ihre Solaranlage & Rentabilit\u00e4tsrechnung \u2705 Beratung \u2705 Montage \u2705 Service \u2705","robots":{"index":"noindex","follow":"follow","max-snippet":"max-snippet:-1","max-image-preview":"max-image-preview:large","max-video-preview":"max-video-preview:-1"},"og_locale":"de_DE","og_type":"article","og_title":"Ihre Solaranlage f\u00fcr Rudolstadt | Alternative Energie | MeyerSolar","og_description":"Solaranlage Rudolstadt - MeyerSolar: Kompetente Fachplanung f\u00fcr Ihre Solaranlage & Rentabilit\u00e4tsrechnung \u2705 Beratung \u2705 Montage \u2705 Service \u2705","og_url":"https:\/\/form-klar.de\/meyersolar\/solaranlage-rudolstadt\/","og_site_name":"Meyer Solar","article_modified_time":"2024-12-11T09:07:46+00:00","twitter_card":"summary_large_image","twitter_misc":{"Gesch\u00e4tzte Lesezeit":"2\u00a0Minuten"},"schema":{"@context":"https:\/\/schema.org","@graph":[{"@type":"WebPage","@id":"https:\/\/form-klar.de\/meyersolar\/solaranlage-rudolstadt\/","url":"https:\/\/form-klar.de\/meyersolar\/solaranlage-rudolstadt\/","name":"Ihre Solaranlage f\u00fcr Rudolstadt | Alternative Energie | MeyerSolar","isPartOf":{"@id":"https:\/\/form-klar.de\/meyersolar\/#website"},"datePublished":"2019-05-10T11:01:45+00:00","dateModified":"2024-12-11T09:07:46+00:00","description":"Solaranlage Rudolstadt - MeyerSolar: Kompetente Fachplanung f\u00fcr Ihre Solaranlage & Rentabilit\u00e4tsrechnung \u2705 Beratung \u2705 Montage \u2705 Service \u2705","breadcrumb":{"@id":"https:\/\/form-klar.de\/meyersolar\/solaranlage-rudolstadt\/#breadcrumb"},"inLanguage":"de","potentialAction":[{"@type":"ReadAction","target":["https:\/\/form-klar.de\/meyersolar\/solaranlage-rudolstadt\/"]}]},{"@type":"BreadcrumbList","@id":"https:\/\/form-klar.de\/meyersolar\/solaranlage-rudolstadt\/#breadcrumb","itemListElement":[{"@type":"ListItem","position":1,"name":"Startseite","item":"https:\/\/form-klar.de\/meyersolar\/"},{"@type":"ListItem","position":2,"name":"Solaranlage Rudolstadt"}]},{"@type":"WebSite","@id":"https:\/\/form-klar.de\/meyersolar\/#website","url":"https:\/\/form-klar.de\/meyersolar\/","name":"Meyer Solar","description":"Solaranlagen und Photovoltaikanlagen in Th\u00fcringen aus Erfurt","potentialAction":[{"@type":"SearchAction","target":{"@type":"EntryPoint","urlTemplate":"https:\/\/form-klar.de\/meyersolar\/?s={search_term_string}"},"query-input":{"@type":"PropertyValueSpecification","valueRequired":true,"valueName":"search_term_string"}}],"inLanguage":"de"}]}},"_links":{"self":[{"href":"https:\/\/form-klar.de\/meyersolar\/wp-json\/wp\/v2\/pages\/543","targetHints":{"allow":["GET"]}}],"collection":[{"href":"https:\/\/form-klar.de\/meyersolar\/wp-json\/wp\/v2\/pages"}],"about":[{"href":"https:\/\/form-klar.de\/meyersolar\/wp-json\/wp\/v2\/types\/page"}],"author":[{"embeddable":true,"href":"https:\/\/form-klar.de\/meyersolar\/wp-json\/wp\/v2\/users\/6"}],"replies":[{"embeddable":true,"href":"https:\/\/form-klar.de\/meyersolar\/wp-json\/wp\/v2\/comments?post=543"}],"version-history":[{"count":3,"href":"https:\/\/form-klar.de\/meyersolar\/wp-json\/wp\/v2\/pages\/543\/revisions"}],"predecessor-version":[{"id":3708,"href":"https:\/\/form-klar.de\/meyersolar\/wp-json\/wp\/v2\/pages\/543\/revisions\/3708"}],"wp:attachment":[{"href":"https:\/\/form-klar.de\/meyersolar\/wp-json\/wp\/v2\/media?parent=543"}],"curies":[{"name":"wp","href":"https:\/\/api.w.org\/{rel}","templated":true}]}}