{"id":524,"date":"2019-03-12T10:28:16","date_gmt":"2019-03-12T10:28:16","guid":{"rendered":"https:\/\/form-klar.de\/meyersolar\/?page_id=524"},"modified":"2024-12-11T09:01:38","modified_gmt":"2024-12-11T09:01:38","slug":"photovoltaikanlage-erfurt","status":"publish","type":"page","link":"https:\/\/form-klar.de\/meyersolar\/photovoltaikanlage-erfurt\/","title":{"rendered":"Photovoltaikanlage Erfurt"},"content":{"rendered":"<h2>Photovoltaikanlage f\u00fcr Erfurt<\/h2>\n<p>Wir beraten Sie in der<strong> Region Erfurt<\/strong> zum <strong>Thema <a title=\"Planung Solaranlage\" href=\"https:\/\/form-klar.de\/meyersolar\/photovoltaikanlagen-solar-erfurt\/planung-von-solar-photovoltaikanlagen\/planung-solaranlage\/\">Photovoltaikanlage<\/a><\/strong>. Dabei beraten wir zum einen<strong> private Hausbesitzer<\/strong>, die sich f\u00fcr<strong><a title=\"Solaranlage Sondershausen\" href=\"https:\/\/form-klar.de\/meyersolar\/solaranlage-sondershausen\/\"> regenerative Energiequellen<\/a><\/strong> interessieren.<\/p>\n<p>Zum anderen beraten wir auch Unternehmen oder Bautr\u00e4ger, die<strong> Photovoltaik in gro\u00dfem Stil einsetzen<\/strong> m\u00f6chten.<\/p>\n<h3>Bei der Planung schauen wir 10 Jahre in die Zukunft \u2013 so sieht erfolgreiche dezentrale Stromproduktion aus<\/h3>\n<p>Unser Job ist im ersten Schritt dabei eine<strong> Rentabilit\u00e4ts- und Marchbarkeitsplanung<\/strong>. Wir schauen uns den Standort genau an. Daraufhin erstellen wir ein Konzept. Denn es ist wichtig, dass sich Ihre Photovoltaikanlage auch \u00fcber Jahrzehnte hinaus rechnet.<\/p>\n<p>Wir m\u00f6chten, dass sich Ihr Beitrag f\u00fcr den Umweltschutz und gegen den menschlichen<strong> Anteil am Klimawandel<\/strong> auch rechnet. Und das \u00fcber Jahre hinaus.<\/p>\n<h4>Der Beitrag Ihrer Photovoltaikanlage zur Reduktion von CO2<\/h4>\n<p><strong>Die Energiewende ist in aller Munde<\/strong>. Wir begleiten ganz normale B\u00fcrger, die ihren Beitrag leisten wollen und \u2013 das ist unsere Meinung \u2013 dass soll sich f\u00fcr Sie auch rechnen.<\/p>\n<p>Die Solarenergie steht unentgeltlich und zudem unbegrenzt zur Verf\u00fcgung. Mit Ihrer Photovoltaikanlage in der Region Erfurt tragen Sie ganz praktisch zur<strong> CO2-Reduktion<\/strong> bei.<\/p>\n<h3>Energie sparen \u2013 Strom bewusster verbrauchen- Strom selbst von der Sonne ernten und einspeisen<\/h3>\n<p><strong>Wir sind daf\u00fcr da<\/strong>, dass die Photovoltaikanlage wirtschaftlich betrieben wird. Funktioniert das, wird auch das Bewusstsein rund um erneuerbare Energien verst\u00e4rkt.<\/p>\n<p>Zudem k\u00f6nnen Sie viel daf\u00fcr tun, den Strom bewusster zu verbrauchen. Beispielsweise lohnt es sich auf jeden Fall die <strong>Standby-Funktionen<\/strong> Ihrer Ger\u00e4te zu deaktivieren. <strong>Energie sollte eben auf keinen Fall verschwendet werden<\/strong>.<\/p>\n<h4>Rendite berechnen f\u00fcr Ihre Photovoltaikanlage in Erfurt<\/h4>\n<p><a title=\"Kontakt\" href=\"https:\/\/form-klar.de\/meyersolar\/siteinfo\/kontakt\/\"><strong>Wir berechnen Ihre Renditen<\/strong><\/a>, die Sie mit Ihrer Anlage in Erfurt erzielen k\u00f6nnen. Die h\u00e4ngen sicher von der Gr\u00f6\u00dfe der Anlage ab.<\/p>\n<p>Allerdings spielt auch der Einsatz verl\u00e4sslicher Module und Technik eine gro\u00dfe Rolle. Auch der Standort bei Ihnen in Erfurt wird auf Herz und Nieren gepr\u00fcft.<\/p>\n<p>Unsere Anlagen sind durch ihre hohe<strong> Qualit\u00e4t wartungsarm<\/strong>. <a title=\"Kontakt\" href=\"https:\/\/form-klar.de\/meyersolar\/kontakt\/\"><strong>Fragen Sie nach bei Meyer Solar f\u00fcr Erfurt. Wir beraten Sie gern<\/strong><\/a>!&nbsp;<\/p>\n","protected":false},"excerpt":{"rendered":"<p>Photovoltaikanlage f\u00fcr Erfurt Wir beraten Sie in der Region Erfurt [&hellip;]<\/p>\n","protected":false},"author":6,"featured_media":0,"parent":0,"menu_order":0,"comment_status":"closed","ping_status":"closed","template":"","meta":{"ngg_post_thumbnail":0,"footnotes":""},"class_list":["post-524","page","type-page","status-publish","hentry"],"yoast_head":"<!-- This site is optimized with the Yoast SEO plugin v24.8 - https:\/\/yoast.com\/wordpress\/plugins\/seo\/ -->\n<title>Photovoltaikanlage f\u00fcr Erfurt | Meyer Solar | Beratung &amp; Service<\/title>\n<meta name=\"description\" content=\"Ihr Partner f\u00fcr Ihre neue Photovoltaikanlage. \u2705 Beratung f\u00fcr Erfurt \u2013 jetzt Vorteile nutzen! \u2705 Rentabilit\u00e4tsplan, Installation &amp; Service. \u2705\" \/>\n<meta name=\"robots\" content=\"noindex, follow, max-snippet:-1, max-image-preview:large, max-video-preview:-1\" \/>\n<meta property=\"og:locale\" content=\"de_DE\" \/>\n<meta property=\"og:type\" content=\"article\" \/>\n<meta property=\"og:title\" content=\"Photovoltaikanlage f\u00fcr Erfurt | Meyer Solar | Beratung &amp; Service\" \/>\n<meta property=\"og:description\" content=\"Ihr Partner f\u00fcr Ihre neue Photovoltaikanlage. \u2705 Beratung f\u00fcr Erfurt \u2013 jetzt Vorteile nutzen! \u2705 Rentabilit\u00e4tsplan, Installation &amp; Service. \u2705\" \/>\n<meta property=\"og:url\" content=\"https:\/\/form-klar.de\/meyersolar\/photovoltaikanlage-erfurt\/\" \/>\n<meta property=\"og:site_name\" content=\"Meyer Solar\" \/>\n<meta property=\"article:modified_time\" content=\"2024-12-11T09:01:38+00:00\" \/>\n<meta name=\"twitter:card\" content=\"summary_large_image\" \/>\n<meta name=\"twitter:label1\" content=\"Gesch\u00e4tzte Lesezeit\" \/>\n\t<meta name=\"twitter:data1\" content=\"2\u00a0Minuten\" \/>\n<script type=\"application\/ld+json\" class=\"yoast-schema-graph\">{\"@context\":\"https:\/\/schema.org\",\"@graph\":[{\"@type\":\"WebPage\",\"@id\":\"https:\/\/form-klar.de\/meyersolar\/photovoltaikanlage-erfurt\/\",\"url\":\"https:\/\/form-klar.de\/meyersolar\/photovoltaikanlage-erfurt\/\",\"name\":\"Photovoltaikanlage f\u00fcr Erfurt | Meyer Solar | Beratung & Service\",\"isPartOf\":{\"@id\":\"https:\/\/form-klar.de\/meyersolar\/#website\"},\"datePublished\":\"2019-03-12T10:28:16+00:00\",\"dateModified\":\"2024-12-11T09:01:38+00:00\",\"description\":\"Ihr Partner f\u00fcr Ihre neue Photovoltaikanlage. \u2705 Beratung f\u00fcr Erfurt \u2013 jetzt Vorteile nutzen! \u2705 Rentabilit\u00e4tsplan, Installation & Service. \u2705\",\"breadcrumb\":{\"@id\":\"https:\/\/form-klar.de\/meyersolar\/photovoltaikanlage-erfurt\/#breadcrumb\"},\"inLanguage\":\"de\",\"potentialAction\":[{\"@type\":\"ReadAction\",\"target\":[\"https:\/\/form-klar.de\/meyersolar\/photovoltaikanlage-erfurt\/\"]}]},{\"@type\":\"BreadcrumbList\",\"@id\":\"https:\/\/form-klar.de\/meyersolar\/photovoltaikanlage-erfurt\/#breadcrumb\",\"itemListElement\":[{\"@type\":\"ListItem\",\"position\":1,\"name\":\"Startseite\",\"item\":\"https:\/\/form-klar.de\/meyersolar\/\"},{\"@type\":\"ListItem\",\"position\":2,\"name\":\"Photovoltaikanlage Erfurt\"}]},{\"@type\":\"WebSite\",\"@id\":\"https:\/\/form-klar.de\/meyersolar\/#website\",\"url\":\"https:\/\/form-klar.de\/meyersolar\/\",\"name\":\"Meyer Solar\",\"description\":\"Solaranlagen und Photovoltaikanlagen in Th\u00fcringen aus Erfurt\",\"potentialAction\":[{\"@type\":\"SearchAction\",\"target\":{\"@type\":\"EntryPoint\",\"urlTemplate\":\"https:\/\/form-klar.de\/meyersolar\/?s={search_term_string}\"},\"query-input\":{\"@type\":\"PropertyValueSpecification\",\"valueRequired\":true,\"valueName\":\"search_term_string\"}}],\"inLanguage\":\"de\"}]}<\/script>\n<!-- \/ Yoast SEO plugin. -->","yoast_head_json":{"title":"Photovoltaikanlage f\u00fcr Erfurt | Meyer Solar | Beratung & Service","description":"Ihr Partner f\u00fcr Ihre neue Photovoltaikanlage. \u2705 Beratung f\u00fcr Erfurt \u2013 jetzt Vorteile nutzen! \u2705 Rentabilit\u00e4tsplan, Installation & Service. \u2705","robots":{"index":"noindex","follow":"follow","max-snippet":"max-snippet:-1","max-image-preview":"max-image-preview:large","max-video-preview":"max-video-preview:-1"},"og_locale":"de_DE","og_type":"article","og_title":"Photovoltaikanlage f\u00fcr Erfurt | Meyer Solar | Beratung & Service","og_description":"Ihr Partner f\u00fcr Ihre neue Photovoltaikanlage. \u2705 Beratung f\u00fcr Erfurt \u2013 jetzt Vorteile nutzen! \u2705 Rentabilit\u00e4tsplan, Installation & Service. \u2705","og_url":"https:\/\/form-klar.de\/meyersolar\/photovoltaikanlage-erfurt\/","og_site_name":"Meyer Solar","article_modified_time":"2024-12-11T09:01:38+00:00","twitter_card":"summary_large_image","twitter_misc":{"Gesch\u00e4tzte Lesezeit":"2\u00a0Minuten"},"schema":{"@context":"https:\/\/schema.org","@graph":[{"@type":"WebPage","@id":"https:\/\/form-klar.de\/meyersolar\/photovoltaikanlage-erfurt\/","url":"https:\/\/form-klar.de\/meyersolar\/photovoltaikanlage-erfurt\/","name":"Photovoltaikanlage f\u00fcr Erfurt | Meyer Solar | Beratung & Service","isPartOf":{"@id":"https:\/\/form-klar.de\/meyersolar\/#website"},"datePublished":"2019-03-12T10:28:16+00:00","dateModified":"2024-12-11T09:01:38+00:00","description":"Ihr Partner f\u00fcr Ihre neue Photovoltaikanlage. \u2705 Beratung f\u00fcr Erfurt \u2013 jetzt Vorteile nutzen! \u2705 Rentabilit\u00e4tsplan, Installation & Service. \u2705","breadcrumb":{"@id":"https:\/\/form-klar.de\/meyersolar\/photovoltaikanlage-erfurt\/#breadcrumb"},"inLanguage":"de","potentialAction":[{"@type":"ReadAction","target":["https:\/\/form-klar.de\/meyersolar\/photovoltaikanlage-erfurt\/"]}]},{"@type":"BreadcrumbList","@id":"https:\/\/form-klar.de\/meyersolar\/photovoltaikanlage-erfurt\/#breadcrumb","itemListElement":[{"@type":"ListItem","position":1,"name":"Startseite","item":"https:\/\/form-klar.de\/meyersolar\/"},{"@type":"ListItem","position":2,"name":"Photovoltaikanlage Erfurt"}]},{"@type":"WebSite","@id":"https:\/\/form-klar.de\/meyersolar\/#website","url":"https:\/\/form-klar.de\/meyersolar\/","name":"Meyer Solar","description":"Solaranlagen und Photovoltaikanlagen in Th\u00fcringen aus Erfurt","potentialAction":[{"@type":"SearchAction","target":{"@type":"EntryPoint","urlTemplate":"https:\/\/form-klar.de\/meyersolar\/?s={search_term_string}"},"query-input":{"@type":"PropertyValueSpecification","valueRequired":true,"valueName":"search_term_string"}}],"inLanguage":"de"}]}},"_links":{"self":[{"href":"https:\/\/form-klar.de\/meyersolar\/wp-json\/wp\/v2\/pages\/524","targetHints":{"allow":["GET"]}}],"collection":[{"href":"https:\/\/form-klar.de\/meyersolar\/wp-json\/wp\/v2\/pages"}],"about":[{"href":"https:\/\/form-klar.de\/meyersolar\/wp-json\/wp\/v2\/types\/page"}],"author":[{"embeddable":true,"href":"https:\/\/form-klar.de\/meyersolar\/wp-json\/wp\/v2\/users\/6"}],"replies":[{"embeddable":true,"href":"https:\/\/form-klar.de\/meyersolar\/wp-json\/wp\/v2\/comments?post=524"}],"version-history":[{"count":5,"href":"https:\/\/form-klar.de\/meyersolar\/wp-json\/wp\/v2\/pages\/524\/revisions"}],"predecessor-version":[{"id":3706,"href":"https:\/\/form-klar.de\/meyersolar\/wp-json\/wp\/v2\/pages\/524\/revisions\/3706"}],"wp:attachment":[{"href":"https:\/\/form-klar.de\/meyersolar\/wp-json\/wp\/v2\/media?parent=524"}],"curies":[{"name":"wp","href":"https:\/\/api.w.org\/{rel}","templated":true}]}}