{"id":503,"date":"2019-02-27T13:27:45","date_gmt":"2019-02-27T13:27:45","guid":{"rendered":"https:\/\/form-klar.de\/meyersolar\/?page_id=503"},"modified":"2024-12-11T08:59:52","modified_gmt":"2024-12-11T08:59:52","slug":"solaranlage-apolda","status":"publish","type":"page","link":"https:\/\/form-klar.de\/meyersolar\/solaranlage-apolda\/","title":{"rendered":"Solaranlage Apolda"},"content":{"rendered":"<p>Sie suchen einen Planer und Installateur f\u00fcr Ihre <strong><a title=\"Solaranlage M\u00fchlhausen\" href=\"https:\/\/form-klar.de\/meyersolar\/solaranlage-muehlhausen\/\">Solaranlage<\/a><\/strong> in und um Apolda? Wir beraten Sie gern vor Ort. Dabei beraten wir <strong>private Bauherren als auch Unternehmen<\/strong>. Denn bei Solaranlagen geht es um den langfristigen Ertrag. Wir planen f\u00fcr jede Zielgruppe alle Details. Daf\u00fcr setzen wir uns mit unserer Fachkenntnis ein. Gern kommen wir zu einem ersten Ortstermin bei Ihnen in der N\u00e4he von Apolda vorbei.<\/p>\n<h2 style=\"font-size: 24px; margin-bottom: 10px;\">Checkliste f\u00fcr ihre Solaranlage in Apolda \u2013 Meyer Solar pr\u00fcft Ihr Dach<\/h2>\n<p>Unser Service besteht in der schl\u00fcsselfertigen Planung und Umsetzung. Was m\u00fcssen Sie in Apolda bei Solaranlagen beachten? Hier unsere Checkliste. Erstens: Engagieren Sie sich einen Fachpartner wie Meyer Solar. Wir zeigen Ihnen, wie Sie Photovoltaik optimal auf Ihr Dach hin zuschneiden. Zum Beispiel mit einem ersten Vor-Ort-Termin. Dieser ist unbedingt notwendig, um die lokalen Gegebenheiten zu pr\u00fcfen.<\/p>\n<h3>Planen Sie die Solaranlage in Apolda mit einem Profi aus der Region<\/h3>\n<p>Dann beginnt die Planungsphase. Wir empfehlen, die Anlage optimal auf Ihr <strong>Haus oder Grundst\u00fcck<\/strong> anzupassen. Dazu geh\u00f6rt auch, dass Architektur und \u00c4sthetik zu Ihren Vorstellungen passen. Nat\u00fcrlich geht es auch um Module in hoher Qualit\u00e4t. Sie haben ein Flachdach? Dann f\u00fchren wir vor Ort eine Beschattungsanalyse durch. Auf diese Weise k\u00f6nnen wir beste Werte f\u00fcr Sie auch in der <strong>Region Apolda<\/strong> erreichen.<\/p>\n<h3>Steht die Sonne das ganze Jahr zur Verf\u00fcgung \u2013 unsere Analyse f\u00fcr Ihr Dach in Apolda<\/h3>\n<p>Zudem geht es darum, wie die Sonne Sie auch im Jahresverlauf mit Energie versorgen kann. Denn auch im Herbst und Winter sollte die <strong>Sonne m\u00f6glichst optimal Energie liefern<\/strong>.<\/p>\n<h3>Koordination aller Leistungen und Gewerke in Apolda und Umgebung<\/h3>\n<p>In der<strong> Umsetzung des Projektes<\/strong> m\u00fcssen einige Partner hinzugezogen werden. Daf\u00fcr sind wir da. Wir f\u00fchren alle F\u00e4den zusammen \u2013 zu einem gelungenen Projekt.<\/p>\n<h3>Guter Ertrag \u2013 auf Jahrzehnte im Voraus planen!<\/h3>\n<p>Gern setzen wir uns mit Ihnen zusammen, um eine Ertragsvorschau zu erstellen. Denn jede <strong><a title=\"Solaranlage Meiningen\" href=\"https:\/\/form-klar.de\/meyersolar\/solaranlage-meiningen\/\">Solaranlage<\/a><\/strong> hat ein Ziel: ein <strong>guter Ertrag<\/strong>. Die Ernte des Stroms sollte langfristig planbar sein. Hilfreich sind auf jeden Fall hochwertige Module, die nur geringen <strong>Service<\/strong> brauchen. Je besser die Anlage l\u00e4uft, desto sicherer speisen Sie den Strom ein.<\/p>\n","protected":false},"excerpt":{"rendered":"<p>Sie suchen einen Planer und Installateur f\u00fcr Ihre Solaranlage in [&hellip;]<\/p>\n","protected":false},"author":6,"featured_media":0,"parent":0,"menu_order":0,"comment_status":"closed","ping_status":"closed","template":"","meta":{"ngg_post_thumbnail":0,"footnotes":""},"class_list":["post-503","page","type-page","status-publish","hentry"],"yoast_head":"<!-- This site is optimized with the Yoast SEO plugin v24.8 - https:\/\/yoast.com\/wordpress\/plugins\/seo\/ -->\n<title>Solaranlage Apolda | Meyer Solar ist Ihr Fachmann | Planung und Installation<\/title>\n<meta name=\"description\" content=\"Solaranlage Apolda \u2705 F\u00fcr Privat und Unternehmen \u2705 Meyer Solar ist Ihr Partner \u2192 effizient planen \u2192 Ertrag sichern \u2192 Service genie\u00dfen \u2705\" \/>\n<meta name=\"robots\" content=\"noindex, follow, max-snippet:-1, max-image-preview:large, max-video-preview:-1\" \/>\n<meta property=\"og:locale\" content=\"de_DE\" \/>\n<meta property=\"og:type\" content=\"article\" \/>\n<meta property=\"og:title\" content=\"Solaranlage Apolda | Meyer Solar ist Ihr Fachmann | Planung und Installation\" \/>\n<meta property=\"og:description\" content=\"Solaranlage Apolda \u2705 F\u00fcr Privat und Unternehmen \u2705 Meyer Solar ist Ihr Partner \u2192 effizient planen \u2192 Ertrag sichern \u2192 Service genie\u00dfen \u2705\" \/>\n<meta property=\"og:url\" content=\"https:\/\/form-klar.de\/meyersolar\/solaranlage-apolda\/\" \/>\n<meta property=\"og:site_name\" content=\"Meyer Solar\" \/>\n<meta property=\"article:modified_time\" content=\"2024-12-11T08:59:52+00:00\" \/>\n<meta name=\"twitter:card\" content=\"summary_large_image\" \/>\n<meta name=\"twitter:label1\" content=\"Gesch\u00e4tzte Lesezeit\" \/>\n\t<meta name=\"twitter:data1\" content=\"2\u00a0Minuten\" \/>\n<script type=\"application\/ld+json\" class=\"yoast-schema-graph\">{\"@context\":\"https:\/\/schema.org\",\"@graph\":[{\"@type\":\"WebPage\",\"@id\":\"https:\/\/form-klar.de\/meyersolar\/solaranlage-apolda\/\",\"url\":\"https:\/\/form-klar.de\/meyersolar\/solaranlage-apolda\/\",\"name\":\"Solaranlage Apolda | Meyer Solar ist Ihr Fachmann | Planung und Installation\",\"isPartOf\":{\"@id\":\"https:\/\/form-klar.de\/meyersolar\/#website\"},\"datePublished\":\"2019-02-27T13:27:45+00:00\",\"dateModified\":\"2024-12-11T08:59:52+00:00\",\"description\":\"Solaranlage Apolda \u2705 F\u00fcr Privat und Unternehmen \u2705 Meyer Solar ist Ihr Partner \u2192 effizient planen \u2192 Ertrag sichern \u2192 Service genie\u00dfen \u2705\",\"breadcrumb\":{\"@id\":\"https:\/\/form-klar.de\/meyersolar\/solaranlage-apolda\/#breadcrumb\"},\"inLanguage\":\"de\",\"potentialAction\":[{\"@type\":\"ReadAction\",\"target\":[\"https:\/\/form-klar.de\/meyersolar\/solaranlage-apolda\/\"]}]},{\"@type\":\"BreadcrumbList\",\"@id\":\"https:\/\/form-klar.de\/meyersolar\/solaranlage-apolda\/#breadcrumb\",\"itemListElement\":[{\"@type\":\"ListItem\",\"position\":1,\"name\":\"Startseite\",\"item\":\"https:\/\/form-klar.de\/meyersolar\/\"},{\"@type\":\"ListItem\",\"position\":2,\"name\":\"Solaranlage Apolda\"}]},{\"@type\":\"WebSite\",\"@id\":\"https:\/\/form-klar.de\/meyersolar\/#website\",\"url\":\"https:\/\/form-klar.de\/meyersolar\/\",\"name\":\"Meyer Solar\",\"description\":\"Solaranlagen und Photovoltaikanlagen in Th\u00fcringen aus Erfurt\",\"potentialAction\":[{\"@type\":\"SearchAction\",\"target\":{\"@type\":\"EntryPoint\",\"urlTemplate\":\"https:\/\/form-klar.de\/meyersolar\/?s={search_term_string}\"},\"query-input\":{\"@type\":\"PropertyValueSpecification\",\"valueRequired\":true,\"valueName\":\"search_term_string\"}}],\"inLanguage\":\"de\"}]}<\/script>\n<!-- \/ Yoast SEO plugin. -->","yoast_head_json":{"title":"Solaranlage Apolda | Meyer Solar ist Ihr Fachmann | Planung und Installation","description":"Solaranlage Apolda \u2705 F\u00fcr Privat und Unternehmen \u2705 Meyer Solar ist Ihr Partner \u2192 effizient planen \u2192 Ertrag sichern \u2192 Service genie\u00dfen \u2705","robots":{"index":"noindex","follow":"follow","max-snippet":"max-snippet:-1","max-image-preview":"max-image-preview:large","max-video-preview":"max-video-preview:-1"},"og_locale":"de_DE","og_type":"article","og_title":"Solaranlage Apolda | Meyer Solar ist Ihr Fachmann | Planung und Installation","og_description":"Solaranlage Apolda \u2705 F\u00fcr Privat und Unternehmen \u2705 Meyer Solar ist Ihr Partner \u2192 effizient planen \u2192 Ertrag sichern \u2192 Service genie\u00dfen \u2705","og_url":"https:\/\/form-klar.de\/meyersolar\/solaranlage-apolda\/","og_site_name":"Meyer Solar","article_modified_time":"2024-12-11T08:59:52+00:00","twitter_card":"summary_large_image","twitter_misc":{"Gesch\u00e4tzte Lesezeit":"2\u00a0Minuten"},"schema":{"@context":"https:\/\/schema.org","@graph":[{"@type":"WebPage","@id":"https:\/\/form-klar.de\/meyersolar\/solaranlage-apolda\/","url":"https:\/\/form-klar.de\/meyersolar\/solaranlage-apolda\/","name":"Solaranlage Apolda | Meyer Solar ist Ihr Fachmann | Planung und Installation","isPartOf":{"@id":"https:\/\/form-klar.de\/meyersolar\/#website"},"datePublished":"2019-02-27T13:27:45+00:00","dateModified":"2024-12-11T08:59:52+00:00","description":"Solaranlage Apolda \u2705 F\u00fcr Privat und Unternehmen \u2705 Meyer Solar ist Ihr Partner \u2192 effizient planen \u2192 Ertrag sichern \u2192 Service genie\u00dfen \u2705","breadcrumb":{"@id":"https:\/\/form-klar.de\/meyersolar\/solaranlage-apolda\/#breadcrumb"},"inLanguage":"de","potentialAction":[{"@type":"ReadAction","target":["https:\/\/form-klar.de\/meyersolar\/solaranlage-apolda\/"]}]},{"@type":"BreadcrumbList","@id":"https:\/\/form-klar.de\/meyersolar\/solaranlage-apolda\/#breadcrumb","itemListElement":[{"@type":"ListItem","position":1,"name":"Startseite","item":"https:\/\/form-klar.de\/meyersolar\/"},{"@type":"ListItem","position":2,"name":"Solaranlage Apolda"}]},{"@type":"WebSite","@id":"https:\/\/form-klar.de\/meyersolar\/#website","url":"https:\/\/form-klar.de\/meyersolar\/","name":"Meyer Solar","description":"Solaranlagen und Photovoltaikanlagen in Th\u00fcringen aus Erfurt","potentialAction":[{"@type":"SearchAction","target":{"@type":"EntryPoint","urlTemplate":"https:\/\/form-klar.de\/meyersolar\/?s={search_term_string}"},"query-input":{"@type":"PropertyValueSpecification","valueRequired":true,"valueName":"search_term_string"}}],"inLanguage":"de"}]}},"_links":{"self":[{"href":"https:\/\/form-klar.de\/meyersolar\/wp-json\/wp\/v2\/pages\/503","targetHints":{"allow":["GET"]}}],"collection":[{"href":"https:\/\/form-klar.de\/meyersolar\/wp-json\/wp\/v2\/pages"}],"about":[{"href":"https:\/\/form-klar.de\/meyersolar\/wp-json\/wp\/v2\/types\/page"}],"author":[{"embeddable":true,"href":"https:\/\/form-klar.de\/meyersolar\/wp-json\/wp\/v2\/users\/6"}],"replies":[{"embeddable":true,"href":"https:\/\/form-klar.de\/meyersolar\/wp-json\/wp\/v2\/comments?post=503"}],"version-history":[{"count":6,"href":"https:\/\/form-klar.de\/meyersolar\/wp-json\/wp\/v2\/pages\/503\/revisions"}],"predecessor-version":[{"id":607,"href":"https:\/\/form-klar.de\/meyersolar\/wp-json\/wp\/v2\/pages\/503\/revisions\/607"}],"wp:attachment":[{"href":"https:\/\/form-klar.de\/meyersolar\/wp-json\/wp\/v2\/media?parent=503"}],"curies":[{"name":"wp","href":"https:\/\/api.w.org\/{rel}","templated":true}]}}