{"id":498,"date":"2020-01-15T12:17:00","date_gmt":"2020-01-15T12:17:00","guid":{"rendered":"https:\/\/form-klar.de\/meyersolar\/?page_id=498"},"modified":"2024-12-11T09:16:40","modified_gmt":"2024-12-11T09:16:40","slug":"solaranlage-soemmerda","status":"publish","type":"page","link":"https:\/\/form-klar.de\/meyersolar\/solaranlage-soemmerda\/","title":{"rendered":"Solaranlage S\u00f6mmerda"},"content":{"rendered":"<h1>Solaranlage f\u00fcr S\u00f6mmerda \u2013 wir beraten Sie in der Region<\/h1>\n<p>Wir sind die <strong>Fachberater f\u00fcr Ihre Solaranlage in S\u00f6mmerda<\/strong>. Denn wer plant, eine Solaranlage zu installieren, sollte sich von Anfang an gut beraten lassen. Wir installieren die Anlage und k\u00fcmmern uns um die Planungsphasen. Egal ob Sie im S\u00f6mmerda oder rings um S\u00f6mmerda in der Region wohnen \u2013 wir sind schnell bei vor Ort. Denn im ersten Schritt schauen wir uns Ihr Baugrundst\u00fcck an. Photovoltaik sollte man von Anfang an effizient konzipieren. Nur dann wirft die Anlage solche Ertr\u00e4ge ab, mit denen Sie auch langfristig zufrieden sind.<\/p>\n<h2>Wir beraten Sie von A bis Z \u2013 Photovoltaik, Solaranlage, Sunpower, Sharp, Bosch<\/h2>\n<p>Wir sind <strong>in Sachen Beratung Solar in ganz Th\u00fcringen gefragt<\/strong>. Unser Beratungsteam kommt gern nach S\u00f6mmerda, aber auch nach Nordhausen und Sondershausen. Wir freuen uns auf Ihr Interesse!<\/p>\n<h3>Solaranlage f\u00fcr Ihr Haus angedacht? Mit uns setzen Sie auf die Profis f\u00fcr S\u00f6mmerda<\/h3>\n<p>In erster Linie m\u00f6chten wir mit unserem Beratungsservice Hauseigent\u00fcmer ansprechen. Beim ersten Treffen checken wir die <strong>Lage Ihres Hauses<\/strong> und pr\u00fcfen die Machbarkeit. Auf Basis dieser Analyse unterbreiten wir Ihnen unser Angebot. Wissen Sie, welche M\u00f6glichkeiten Ihnen die <strong><a title=\"Solartechnik Kassel\" href=\"https:\/\/form-klar.de\/meyersolar\/solartechnik-kassel\/\">Solartechnik<\/a><\/strong> bietet? Wir rechnen es Ihnen genau aus! Mit uns k\u00f6nnen Sie Ihren Stromertrag in S\u00f6mmerda \u00fcber die Jahrzehnte planen. Wichtig ist es, bevor Sie loslegen, alles genau zu durchdenken.<\/p>\n<h3>Installation vom Fachpartner<\/h3>\n<p>Anschlie\u00dfend installieren wir die <strong>Anlage von A bis Z<\/strong> mit unseren \u00f6rtlichen Partnerfirmen. Dabei nutzen wir immer m\u00f6glichst hochwertige Module. Damit sichern wir den Wirkungsgrad Ihrer Anlage. Gleichzeitig soll die Anlage zuverl\u00e4ssig und wartungsarm laufen. Aus diesem Grund entscheiden wir uns f\u00fcr die Technik von Sunpower, Kaneka, Sharp und Bosch.<\/p>\n<h3>Produzieren Sie Ihren eigenen Strom auf Ihrem Haus<\/h3>\n<p>Die <strong><a title=\"Installation Solaranlage\" href=\"https:\/\/form-klar.de\/meyersolar\/photovoltaikanlagen-solar-erfurt\/installation-von-photovoltaikanlagen\/installation-solaranlage\/\">Installation<\/a><\/strong> wird nat\u00fcrlich von uns genau \u00fcberwacht. Kurzum: Mit uns setzen Sie auf Sicherheit bei der Installation. Genauso planen&nbsp; Sie mit Sicherheit. Denn auch in Zukunft kommt es auf die Ertr\u00e4ge durch Solarstrom an. Auch in<strong> 20 Jahren<\/strong> soll Ihre Anlage noch absolut zuverl\u00e4ssig funktionieren.<\/p>\n","protected":false},"excerpt":{"rendered":"<p>Solaranlage f\u00fcr S\u00f6mmerda \u2013 wir beraten Sie in der Region [&hellip;]<\/p>\n","protected":false},"author":6,"featured_media":0,"parent":0,"menu_order":0,"comment_status":"closed","ping_status":"closed","template":"","meta":{"ngg_post_thumbnail":0,"footnotes":""},"class_list":["post-498","page","type-page","status-publish","hentry"],"yoast_head":"<!-- This site is optimized with the Yoast SEO plugin v24.8 - https:\/\/yoast.com\/wordpress\/plugins\/seo\/ -->\n<title>Solaranlage S\u00f6mmerda \u2013 Photovoltaik f\u00fcr Ihr Dach!<\/title>\n<meta name=\"description\" content=\"Holen Sie sich den Fachplaner und Installateur f\u00fcr Ihre Solaranlage. \u2705 Planen Sie gut und holen Sie sich Ihren Stromertrag f\u00fcr die Zukunft! \u2705\" \/>\n<meta name=\"robots\" content=\"noindex, follow, max-snippet:-1, max-image-preview:large, max-video-preview:-1\" \/>\n<meta property=\"og:locale\" content=\"de_DE\" \/>\n<meta property=\"og:type\" content=\"article\" \/>\n<meta property=\"og:title\" content=\"Solaranlage S\u00f6mmerda \u2013 Photovoltaik f\u00fcr Ihr Dach!\" \/>\n<meta property=\"og:description\" content=\"Holen Sie sich den Fachplaner und Installateur f\u00fcr Ihre Solaranlage. \u2705 Planen Sie gut und holen Sie sich Ihren Stromertrag f\u00fcr die Zukunft! \u2705\" \/>\n<meta property=\"og:url\" content=\"https:\/\/form-klar.de\/meyersolar\/solaranlage-soemmerda\/\" \/>\n<meta property=\"og:site_name\" content=\"Meyer Solar\" \/>\n<meta property=\"article:modified_time\" content=\"2024-12-11T09:16:40+00:00\" \/>\n<meta name=\"twitter:card\" content=\"summary_large_image\" \/>\n<meta name=\"twitter:label1\" content=\"Gesch\u00e4tzte Lesezeit\" \/>\n\t<meta name=\"twitter:data1\" content=\"2\u00a0Minuten\" \/>\n<script type=\"application\/ld+json\" class=\"yoast-schema-graph\">{\"@context\":\"https:\/\/schema.org\",\"@graph\":[{\"@type\":\"WebPage\",\"@id\":\"https:\/\/form-klar.de\/meyersolar\/solaranlage-soemmerda\/\",\"url\":\"https:\/\/form-klar.de\/meyersolar\/solaranlage-soemmerda\/\",\"name\":\"Solaranlage S\u00f6mmerda \u2013 Photovoltaik f\u00fcr Ihr Dach!\",\"isPartOf\":{\"@id\":\"https:\/\/form-klar.de\/meyersolar\/#website\"},\"datePublished\":\"2020-01-15T12:17:00+00:00\",\"dateModified\":\"2024-12-11T09:16:40+00:00\",\"description\":\"Holen Sie sich den Fachplaner und Installateur f\u00fcr Ihre Solaranlage. \u2705 Planen Sie gut und holen Sie sich Ihren Stromertrag f\u00fcr die Zukunft! \u2705\",\"breadcrumb\":{\"@id\":\"https:\/\/form-klar.de\/meyersolar\/solaranlage-soemmerda\/#breadcrumb\"},\"inLanguage\":\"de\",\"potentialAction\":[{\"@type\":\"ReadAction\",\"target\":[\"https:\/\/form-klar.de\/meyersolar\/solaranlage-soemmerda\/\"]}]},{\"@type\":\"BreadcrumbList\",\"@id\":\"https:\/\/form-klar.de\/meyersolar\/solaranlage-soemmerda\/#breadcrumb\",\"itemListElement\":[{\"@type\":\"ListItem\",\"position\":1,\"name\":\"Startseite\",\"item\":\"https:\/\/form-klar.de\/meyersolar\/\"},{\"@type\":\"ListItem\",\"position\":2,\"name\":\"Solaranlage S\u00f6mmerda\"}]},{\"@type\":\"WebSite\",\"@id\":\"https:\/\/form-klar.de\/meyersolar\/#website\",\"url\":\"https:\/\/form-klar.de\/meyersolar\/\",\"name\":\"Meyer Solar\",\"description\":\"Solaranlagen und Photovoltaikanlagen in Th\u00fcringen aus Erfurt\",\"potentialAction\":[{\"@type\":\"SearchAction\",\"target\":{\"@type\":\"EntryPoint\",\"urlTemplate\":\"https:\/\/form-klar.de\/meyersolar\/?s={search_term_string}\"},\"query-input\":{\"@type\":\"PropertyValueSpecification\",\"valueRequired\":true,\"valueName\":\"search_term_string\"}}],\"inLanguage\":\"de\"}]}<\/script>\n<!-- \/ Yoast SEO plugin. -->","yoast_head_json":{"title":"Solaranlage S\u00f6mmerda \u2013 Photovoltaik f\u00fcr Ihr Dach!","description":"Holen Sie sich den Fachplaner und Installateur f\u00fcr Ihre Solaranlage. \u2705 Planen Sie gut und holen Sie sich Ihren Stromertrag f\u00fcr die Zukunft! \u2705","robots":{"index":"noindex","follow":"follow","max-snippet":"max-snippet:-1","max-image-preview":"max-image-preview:large","max-video-preview":"max-video-preview:-1"},"og_locale":"de_DE","og_type":"article","og_title":"Solaranlage S\u00f6mmerda \u2013 Photovoltaik f\u00fcr Ihr Dach!","og_description":"Holen Sie sich den Fachplaner und Installateur f\u00fcr Ihre Solaranlage. \u2705 Planen Sie gut und holen Sie sich Ihren Stromertrag f\u00fcr die Zukunft! \u2705","og_url":"https:\/\/form-klar.de\/meyersolar\/solaranlage-soemmerda\/","og_site_name":"Meyer Solar","article_modified_time":"2024-12-11T09:16:40+00:00","twitter_card":"summary_large_image","twitter_misc":{"Gesch\u00e4tzte Lesezeit":"2\u00a0Minuten"},"schema":{"@context":"https:\/\/schema.org","@graph":[{"@type":"WebPage","@id":"https:\/\/form-klar.de\/meyersolar\/solaranlage-soemmerda\/","url":"https:\/\/form-klar.de\/meyersolar\/solaranlage-soemmerda\/","name":"Solaranlage S\u00f6mmerda \u2013 Photovoltaik f\u00fcr Ihr Dach!","isPartOf":{"@id":"https:\/\/form-klar.de\/meyersolar\/#website"},"datePublished":"2020-01-15T12:17:00+00:00","dateModified":"2024-12-11T09:16:40+00:00","description":"Holen Sie sich den Fachplaner und Installateur f\u00fcr Ihre Solaranlage. \u2705 Planen Sie gut und holen Sie sich Ihren Stromertrag f\u00fcr die Zukunft! \u2705","breadcrumb":{"@id":"https:\/\/form-klar.de\/meyersolar\/solaranlage-soemmerda\/#breadcrumb"},"inLanguage":"de","potentialAction":[{"@type":"ReadAction","target":["https:\/\/form-klar.de\/meyersolar\/solaranlage-soemmerda\/"]}]},{"@type":"BreadcrumbList","@id":"https:\/\/form-klar.de\/meyersolar\/solaranlage-soemmerda\/#breadcrumb","itemListElement":[{"@type":"ListItem","position":1,"name":"Startseite","item":"https:\/\/form-klar.de\/meyersolar\/"},{"@type":"ListItem","position":2,"name":"Solaranlage S\u00f6mmerda"}]},{"@type":"WebSite","@id":"https:\/\/form-klar.de\/meyersolar\/#website","url":"https:\/\/form-klar.de\/meyersolar\/","name":"Meyer Solar","description":"Solaranlagen und Photovoltaikanlagen in Th\u00fcringen aus Erfurt","potentialAction":[{"@type":"SearchAction","target":{"@type":"EntryPoint","urlTemplate":"https:\/\/form-klar.de\/meyersolar\/?s={search_term_string}"},"query-input":{"@type":"PropertyValueSpecification","valueRequired":true,"valueName":"search_term_string"}}],"inLanguage":"de"}]}},"_links":{"self":[{"href":"https:\/\/form-klar.de\/meyersolar\/wp-json\/wp\/v2\/pages\/498","targetHints":{"allow":["GET"]}}],"collection":[{"href":"https:\/\/form-klar.de\/meyersolar\/wp-json\/wp\/v2\/pages"}],"about":[{"href":"https:\/\/form-klar.de\/meyersolar\/wp-json\/wp\/v2\/types\/page"}],"author":[{"embeddable":true,"href":"https:\/\/form-klar.de\/meyersolar\/wp-json\/wp\/v2\/users\/6"}],"replies":[{"embeddable":true,"href":"https:\/\/form-klar.de\/meyersolar\/wp-json\/wp\/v2\/comments?post=498"}],"version-history":[{"count":3,"href":"https:\/\/form-klar.de\/meyersolar\/wp-json\/wp\/v2\/pages\/498\/revisions"}],"predecessor-version":[{"id":3714,"href":"https:\/\/form-klar.de\/meyersolar\/wp-json\/wp\/v2\/pages\/498\/revisions\/3714"}],"wp:attachment":[{"href":"https:\/\/form-klar.de\/meyersolar\/wp-json\/wp\/v2\/media?parent=498"}],"curies":[{"name":"wp","href":"https:\/\/api.w.org\/{rel}","templated":true}]}}