{"id":493,"date":"2019-12-18T06:21:00","date_gmt":"2019-12-18T06:21:00","guid":{"rendered":"https:\/\/form-klar.de\/meyersolar\/?page_id=493"},"modified":"2024-12-11T09:15:17","modified_gmt":"2024-12-11T09:15:17","slug":"solaranlage-sondershausen","status":"publish","type":"page","link":"https:\/\/form-klar.de\/meyersolar\/solaranlage-sondershausen\/","title":{"rendered":"Solaranlage Sondershausen"},"content":{"rendered":"<h1>Jetzt gut beraten lassen: Solaranlage f\u00fcr Sonderhausen<\/h1>\n<p>Wer sich in Sondershausen eine Solaranlage anschaffen m\u00f6chte, sollte sich im ersten Schritt richtig gut beraten lassen. Denn beim Thema Solaranlage ist Nachhaltigkeit besonders wichtig. Sie m\u00f6chten mit uns planen? Dann besuchen wir Sie zuerst auf Ihrem Grundst\u00fcck in und um Sondershausen. Direkt vor Ort sch\u00e4tzen wir die Lage mit fachm\u00e4nnischem Blick ein. Denn uns ist die langfristige Rentabilit\u00e4t Ihrer Anlage wichtig. Deshalb pr\u00fcfen wir bei einem Termin vor Ort alles. Wo kommen wir vorbei? Gern beraten wir Sie zum Beispiel in der Region um Sondershausen, <a title=\"Solaranlage Nordhausen\" href=\"https:\/\/form-klar.de\/meyersolar\/solaranlage-nordhausen\/\">Nordhausen<\/a> und <a title=\"Solaranlage M\u00fchlhausen\" href=\"https:\/\/form-klar.de\/meyersolar\/solaranlage-muehlhausen\/\">M\u00fchlhausen<\/a> &#8211; direkt und pers\u00f6nlich.<\/p>\n<h2><strong>Gute Planung f\u00fcr die Stromernte &#8211; Ihre neue Solaranlage<\/strong><\/h2>\n<p>Weiter geht es mit der Planung. Denn wir sind Ihr Berater. Unser Ziel ist, dass Ihre Anlage sich optimal auf Ihr Dach oder Ihr Grundst\u00fcck einpasst. In unserem Fokus stehen ganz normale Hausbauer, die sich f\u00fcr regenerative Energien interessieren. Sie sind Hauseigent\u00fcmer in der Gegend von Sondershausen? Gern m\u00f6chten wir Sie von Anfang an in die Planung mit einbeziehen. Ebenso geh\u00f6ren Unternehmen, die gr\u00f6\u00dfere Fl\u00e4chen mit Solar ausr\u00fcsten m\u00f6chten, zu unseren Kunden. Wir analysieren ihr Dach oder ihr Grundst\u00fcck genau. Aufgrund dieser Analysen erstellen wir anschlie\u00dfend unser Angebot.<\/p>\n<h3>Ziele f\u00fcr Ihre Solaranlage in Sondershausen<\/h3>\n<p>Mit dem Angebot liefern wir Ihnen eine Ertragsvorschau. Denn es ist absolut notwendig, die Wirtschaftlichkeit pr\u00fcfen zu lassen. Wir m\u00f6chten, dass Sie gut rechnen k\u00f6nnen. Schlie\u00dflich soll sich Solar auch nach wie vor lohnen k\u00f6nnen.<\/p>\n<p>Sind Sie mit uns zufrieden, k\u00fcmmern wir uns um alles. Denn schlie\u00dflich haben Sie ja schon genug mit Ihrem Hausbau zu tun. Wir erledigen die Formalit\u00e4ten mit dem Energieversorger. Dazu wird alles l\u00fcckenlos dokumentiert. Sie sind immer up to date. Nahziel ist die fristgerechte Inbetriebnahme der Anlage. Deshalb bieten wir Ihnen unseren Service f\u00fcr schl\u00fcsselfertiges Bauen an. Wir arbeiten mit einem festen Stamm von Installateuren hier aus der Region. Wir \u00fcberwachen den gesamten Prozess bis zum feierlichen Start Ihrer Solaranlage. Danach d\u00fcrfen Sie den Wartung- und Pflegeservice genie\u00dfen, wenn Sie m\u00f6chten. Auf gute Ertr\u00e4ge!<\/p>\n","protected":false},"excerpt":{"rendered":"<p>Jetzt gut beraten lassen: Solaranlage f\u00fcr Sonderhausen Wer sich in [&hellip;]<\/p>\n","protected":false},"author":6,"featured_media":0,"parent":0,"menu_order":0,"comment_status":"closed","ping_status":"closed","template":"","meta":{"ngg_post_thumbnail":0,"footnotes":""},"class_list":["post-493","page","type-page","status-publish","hentry"],"yoast_head":"<!-- This site is optimized with the Yoast SEO plugin v24.8 - https:\/\/yoast.com\/wordpress\/plugins\/seo\/ -->\n<title>Photovoltaik, Solaranlage f\u00fcr Sondershausen<\/title>\n<meta name=\"description\" content=\"Lassen Sie sich rund um Ihren Traum von der Photovoltaik oder Solaranlage fachgerecht beraten. \u2705 Wir sind Ihr Fachpartner in Th\u00fcringen. \u2705 Photovoltaik, Solaranlage, Sondershausen, M\u00fchlhausen, S\u00f6mmerda\" \/>\n<meta name=\"robots\" content=\"noindex, follow, max-snippet:-1, max-image-preview:large, max-video-preview:-1\" \/>\n<meta property=\"og:locale\" content=\"de_DE\" \/>\n<meta property=\"og:type\" content=\"article\" \/>\n<meta property=\"og:title\" content=\"Photovoltaik, Solaranlage f\u00fcr Sondershausen\" \/>\n<meta property=\"og:description\" content=\"Lassen Sie sich rund um Ihren Traum von der Photovoltaik oder Solaranlage fachgerecht beraten. \u2705 Wir sind Ihr Fachpartner in Th\u00fcringen. \u2705 Photovoltaik, Solaranlage, Sondershausen, M\u00fchlhausen, S\u00f6mmerda\" \/>\n<meta property=\"og:url\" content=\"https:\/\/form-klar.de\/meyersolar\/solaranlage-sondershausen\/\" \/>\n<meta property=\"og:site_name\" content=\"Meyer Solar\" \/>\n<meta property=\"article:modified_time\" content=\"2024-12-11T09:15:17+00:00\" \/>\n<meta name=\"twitter:card\" content=\"summary_large_image\" \/>\n<meta name=\"twitter:label1\" content=\"Gesch\u00e4tzte Lesezeit\" \/>\n\t<meta name=\"twitter:data1\" content=\"2\u00a0Minuten\" \/>\n<script type=\"application\/ld+json\" class=\"yoast-schema-graph\">{\"@context\":\"https:\/\/schema.org\",\"@graph\":[{\"@type\":\"WebPage\",\"@id\":\"https:\/\/form-klar.de\/meyersolar\/solaranlage-sondershausen\/\",\"url\":\"https:\/\/form-klar.de\/meyersolar\/solaranlage-sondershausen\/\",\"name\":\"Photovoltaik, Solaranlage f\u00fcr Sondershausen\",\"isPartOf\":{\"@id\":\"https:\/\/form-klar.de\/meyersolar\/#website\"},\"datePublished\":\"2019-12-18T06:21:00+00:00\",\"dateModified\":\"2024-12-11T09:15:17+00:00\",\"description\":\"Lassen Sie sich rund um Ihren Traum von der Photovoltaik oder Solaranlage fachgerecht beraten. \u2705 Wir sind Ihr Fachpartner in Th\u00fcringen. \u2705 Photovoltaik, Solaranlage, Sondershausen, M\u00fchlhausen, S\u00f6mmerda\",\"breadcrumb\":{\"@id\":\"https:\/\/form-klar.de\/meyersolar\/solaranlage-sondershausen\/#breadcrumb\"},\"inLanguage\":\"de\",\"potentialAction\":[{\"@type\":\"ReadAction\",\"target\":[\"https:\/\/form-klar.de\/meyersolar\/solaranlage-sondershausen\/\"]}]},{\"@type\":\"BreadcrumbList\",\"@id\":\"https:\/\/form-klar.de\/meyersolar\/solaranlage-sondershausen\/#breadcrumb\",\"itemListElement\":[{\"@type\":\"ListItem\",\"position\":1,\"name\":\"Startseite\",\"item\":\"https:\/\/form-klar.de\/meyersolar\/\"},{\"@type\":\"ListItem\",\"position\":2,\"name\":\"Solaranlage Sondershausen\"}]},{\"@type\":\"WebSite\",\"@id\":\"https:\/\/form-klar.de\/meyersolar\/#website\",\"url\":\"https:\/\/form-klar.de\/meyersolar\/\",\"name\":\"Meyer Solar\",\"description\":\"Solaranlagen und Photovoltaikanlagen in Th\u00fcringen aus Erfurt\",\"potentialAction\":[{\"@type\":\"SearchAction\",\"target\":{\"@type\":\"EntryPoint\",\"urlTemplate\":\"https:\/\/form-klar.de\/meyersolar\/?s={search_term_string}\"},\"query-input\":{\"@type\":\"PropertyValueSpecification\",\"valueRequired\":true,\"valueName\":\"search_term_string\"}}],\"inLanguage\":\"de\"}]}<\/script>\n<!-- \/ Yoast SEO plugin. -->","yoast_head_json":{"title":"Photovoltaik, Solaranlage f\u00fcr Sondershausen","description":"Lassen Sie sich rund um Ihren Traum von der Photovoltaik oder Solaranlage fachgerecht beraten. \u2705 Wir sind Ihr Fachpartner in Th\u00fcringen. \u2705 Photovoltaik, Solaranlage, Sondershausen, M\u00fchlhausen, S\u00f6mmerda","robots":{"index":"noindex","follow":"follow","max-snippet":"max-snippet:-1","max-image-preview":"max-image-preview:large","max-video-preview":"max-video-preview:-1"},"og_locale":"de_DE","og_type":"article","og_title":"Photovoltaik, Solaranlage f\u00fcr Sondershausen","og_description":"Lassen Sie sich rund um Ihren Traum von der Photovoltaik oder Solaranlage fachgerecht beraten. \u2705 Wir sind Ihr Fachpartner in Th\u00fcringen. \u2705 Photovoltaik, Solaranlage, Sondershausen, M\u00fchlhausen, S\u00f6mmerda","og_url":"https:\/\/form-klar.de\/meyersolar\/solaranlage-sondershausen\/","og_site_name":"Meyer Solar","article_modified_time":"2024-12-11T09:15:17+00:00","twitter_card":"summary_large_image","twitter_misc":{"Gesch\u00e4tzte Lesezeit":"2\u00a0Minuten"},"schema":{"@context":"https:\/\/schema.org","@graph":[{"@type":"WebPage","@id":"https:\/\/form-klar.de\/meyersolar\/solaranlage-sondershausen\/","url":"https:\/\/form-klar.de\/meyersolar\/solaranlage-sondershausen\/","name":"Photovoltaik, Solaranlage f\u00fcr Sondershausen","isPartOf":{"@id":"https:\/\/form-klar.de\/meyersolar\/#website"},"datePublished":"2019-12-18T06:21:00+00:00","dateModified":"2024-12-11T09:15:17+00:00","description":"Lassen Sie sich rund um Ihren Traum von der Photovoltaik oder Solaranlage fachgerecht beraten. \u2705 Wir sind Ihr Fachpartner in Th\u00fcringen. \u2705 Photovoltaik, Solaranlage, Sondershausen, M\u00fchlhausen, S\u00f6mmerda","breadcrumb":{"@id":"https:\/\/form-klar.de\/meyersolar\/solaranlage-sondershausen\/#breadcrumb"},"inLanguage":"de","potentialAction":[{"@type":"ReadAction","target":["https:\/\/form-klar.de\/meyersolar\/solaranlage-sondershausen\/"]}]},{"@type":"BreadcrumbList","@id":"https:\/\/form-klar.de\/meyersolar\/solaranlage-sondershausen\/#breadcrumb","itemListElement":[{"@type":"ListItem","position":1,"name":"Startseite","item":"https:\/\/form-klar.de\/meyersolar\/"},{"@type":"ListItem","position":2,"name":"Solaranlage Sondershausen"}]},{"@type":"WebSite","@id":"https:\/\/form-klar.de\/meyersolar\/#website","url":"https:\/\/form-klar.de\/meyersolar\/","name":"Meyer Solar","description":"Solaranlagen und Photovoltaikanlagen in Th\u00fcringen aus Erfurt","potentialAction":[{"@type":"SearchAction","target":{"@type":"EntryPoint","urlTemplate":"https:\/\/form-klar.de\/meyersolar\/?s={search_term_string}"},"query-input":{"@type":"PropertyValueSpecification","valueRequired":true,"valueName":"search_term_string"}}],"inLanguage":"de"}]}},"_links":{"self":[{"href":"https:\/\/form-klar.de\/meyersolar\/wp-json\/wp\/v2\/pages\/493","targetHints":{"allow":["GET"]}}],"collection":[{"href":"https:\/\/form-klar.de\/meyersolar\/wp-json\/wp\/v2\/pages"}],"about":[{"href":"https:\/\/form-klar.de\/meyersolar\/wp-json\/wp\/v2\/types\/page"}],"author":[{"embeddable":true,"href":"https:\/\/form-klar.de\/meyersolar\/wp-json\/wp\/v2\/users\/6"}],"replies":[{"embeddable":true,"href":"https:\/\/form-klar.de\/meyersolar\/wp-json\/wp\/v2\/comments?post=493"}],"version-history":[{"count":3,"href":"https:\/\/form-klar.de\/meyersolar\/wp-json\/wp\/v2\/pages\/493\/revisions"}],"predecessor-version":[{"id":602,"href":"https:\/\/form-klar.de\/meyersolar\/wp-json\/wp\/v2\/pages\/493\/revisions\/602"}],"wp:attachment":[{"href":"https:\/\/form-klar.de\/meyersolar\/wp-json\/wp\/v2\/media?parent=493"}],"curies":[{"name":"wp","href":"https:\/\/api.w.org\/{rel}","templated":true}]}}