{"id":485,"date":"2018-11-07T18:38:30","date_gmt":"2018-11-07T18:38:30","guid":{"rendered":"https:\/\/form-klar.de\/meyersolar\/?page_id=485"},"modified":"2024-12-11T08:57:23","modified_gmt":"2024-12-11T08:57:23","slug":"solaranlage-muehlhausen","status":"publish","type":"page","link":"https:\/\/form-klar.de\/meyersolar\/solaranlage-muehlhausen\/","title":{"rendered":"Solaranlage M\u00fchlhausen"},"content":{"rendered":"<p>Lassen Sie sich beraten zum Thema Solaranlage \u2013 rund um Nordhausen. Wir beraten Sie hier in Th\u00fcringen. Egal ob in Nordhausen, Sondershausen, S\u00f6mmerda oder Apolda \u2013 wir sind f\u00fcr Sie da.<\/p>\n<p>Wen beraten wir? Unsere Kunden sind vor allen Dingen Hauseigent\u00fcmer. In diesem Fall planen wir die Anlage f\u00fcrs Dach. Wir sagen Ihnen obendrein, wie Ihre Solaranlage effizient arbeitet. Wir freuen uns auf Ihr Interesse. Gleich bei Ihnen vor Ort: Wohnen Sie in Meiningen, Suhl, Eisenach oder Gotha? Dann empfehlen wir unsere kompetente Beratung. Denn vor der Installation sollten Sie auf jeden Fall alles durchdenken.<\/p>\n<h2>Vom Konsument zum Produzent f\u00fcr Strom &#8211; Ihre neue Solaranlage<\/h2>\n<p>Fachgerechte Installation ist super! Darum k\u00fcmmern wir uns auch. Das geh\u00f6rt zu unserem Service. Und zu unserer Betreuung. Unsere Firmen arbeiten in <a title=\"Solaranlage Th\u00fcringen\" href=\"https:\/\/form-klar.de\/meyersolar\/solaranlage-thueringen\/\">Th\u00fcringen<\/a>. Hier k\u00f6nnen Sie auf gutes Handwerk vertrauen.<\/p>\n<p>Schluss mit hohem Stromverbrauch. Werden Sie doch Produzent f\u00fcr Strom. Wer umsteigt, braucht aber Beratung! Denn um effektiv Strom zu produzieren, m\u00fcssen alle Daten stimmen. Wir sind der Profi auch f\u00fcr die Berechnungen Ihres Ertrages. Denn f\u00fcr die Zukunft sollten Sie gut planen. Sie m\u00f6chten auch in 20 Jahren noch mit Erfolg Strom produzieren. Nur eine lange Laufzeit l\u00e4sst Sie auch Top-Strom produzieren. Sie m\u00f6chten gern den Bedarf im Haushalt mit Strom absichern? Wir beraten Sie in M\u00fchlhausen, Nordhausen, Gotha und <a title=\"Solaranlage Eisenach\" href=\"https:\/\/form-klar.de\/meyersolar\/solaranlage-eisenach\/\">Eisenach<\/a>.<\/p>\n<h3>Wer ein Haus baut \u2013 sollte auch die Solaranlage nicht vergessen<\/h3>\n<p>Machen Sie sich fr\u00fchzeitig Gedanken um eine <a title=\"Solaranlage Meiningen\" href=\"https:\/\/form-klar.de\/meyersolar\/solaranlage-meiningen\/\">Solaranlage<\/a>. Denn nur wenn Ihr Haus von Anfang an richtig konzipiert ist, wird alles effektiv. Je weniger Energie Sie verbrauchen, umso mehr k\u00f6nnen Sie einspeisen. Au\u00dferdem ist Ihnen der Klimaschutz wichtig? Kurzum: Wir pr\u00fcfen, inwieweit Ihr Dach oder Ihr Grundst\u00fcck einen effektiven Betrieb der Solaranlage zul\u00e4sst.<\/p>\n<p>Gute Beratung, langfristige Planung Ihres Ertrags und Installation \u2013 diese drei Dinge sichern wir Ihnen in M\u00fchlhausen zu. Nach der Pr\u00fcfung Ihres Hauses machen wir Ihnen ein verbindliches Angebot f\u00fcr Ihre Solaranlage.<\/p>\n<p>Ob kleine Solaranlage oder gro\u00dfe Fl\u00e4chen \u2013 wir sind Ihr Berater vom ersten Augenblick an.<\/p>\n","protected":false},"excerpt":{"rendered":"<p>Lassen Sie sich beraten zum Thema Solaranlage \u2013 rund um [&hellip;]<\/p>\n","protected":false},"author":6,"featured_media":0,"parent":0,"menu_order":0,"comment_status":"closed","ping_status":"closed","template":"","meta":{"ngg_post_thumbnail":0,"footnotes":""},"class_list":["post-485","page","type-page","status-publish","hentry"],"yoast_head":"<!-- This site is optimized with the Yoast SEO plugin v24.8 - https:\/\/yoast.com\/wordpress\/plugins\/seo\/ -->\n<title>Ihre Solaranlage in Nordhausen, M\u00fchlhausen und S\u00f6mmerda<\/title>\n<meta name=\"description\" content=\"Installieren Sie eine Solaranlage in Ihrer Th\u00fcringer Region rund um Nordhausen, M\u00fchlhausen, S\u00f6mmerda und Sondershausen. Wir beraten Sie!\" \/>\n<meta name=\"robots\" content=\"noindex, follow, max-snippet:-1, max-image-preview:large, max-video-preview:-1\" \/>\n<meta property=\"og:locale\" content=\"de_DE\" \/>\n<meta property=\"og:type\" content=\"article\" \/>\n<meta property=\"og:title\" content=\"Ihre Solaranlage in Nordhausen, M\u00fchlhausen und S\u00f6mmerda\" \/>\n<meta property=\"og:description\" content=\"Installieren Sie eine Solaranlage in Ihrer Th\u00fcringer Region rund um Nordhausen, M\u00fchlhausen, S\u00f6mmerda und Sondershausen. Wir beraten Sie!\" \/>\n<meta property=\"og:url\" content=\"https:\/\/form-klar.de\/meyersolar\/solaranlage-muehlhausen\/\" \/>\n<meta property=\"og:site_name\" content=\"Meyer Solar\" \/>\n<meta property=\"article:modified_time\" content=\"2024-12-11T08:57:23+00:00\" \/>\n<meta name=\"twitter:card\" content=\"summary_large_image\" \/>\n<meta name=\"twitter:label1\" content=\"Gesch\u00e4tzte Lesezeit\" \/>\n\t<meta name=\"twitter:data1\" content=\"2\u00a0Minuten\" \/>\n<script type=\"application\/ld+json\" class=\"yoast-schema-graph\">{\"@context\":\"https:\/\/schema.org\",\"@graph\":[{\"@type\":\"WebPage\",\"@id\":\"https:\/\/form-klar.de\/meyersolar\/solaranlage-muehlhausen\/\",\"url\":\"https:\/\/form-klar.de\/meyersolar\/solaranlage-muehlhausen\/\",\"name\":\"Ihre Solaranlage in Nordhausen, M\u00fchlhausen und S\u00f6mmerda\",\"isPartOf\":{\"@id\":\"https:\/\/form-klar.de\/meyersolar\/#website\"},\"datePublished\":\"2018-11-07T18:38:30+00:00\",\"dateModified\":\"2024-12-11T08:57:23+00:00\",\"description\":\"Installieren Sie eine Solaranlage in Ihrer Th\u00fcringer Region rund um Nordhausen, M\u00fchlhausen, S\u00f6mmerda und Sondershausen. Wir beraten Sie!\",\"breadcrumb\":{\"@id\":\"https:\/\/form-klar.de\/meyersolar\/solaranlage-muehlhausen\/#breadcrumb\"},\"inLanguage\":\"de\",\"potentialAction\":[{\"@type\":\"ReadAction\",\"target\":[\"https:\/\/form-klar.de\/meyersolar\/solaranlage-muehlhausen\/\"]}]},{\"@type\":\"BreadcrumbList\",\"@id\":\"https:\/\/form-klar.de\/meyersolar\/solaranlage-muehlhausen\/#breadcrumb\",\"itemListElement\":[{\"@type\":\"ListItem\",\"position\":1,\"name\":\"Startseite\",\"item\":\"https:\/\/form-klar.de\/meyersolar\/\"},{\"@type\":\"ListItem\",\"position\":2,\"name\":\"Solaranlage M\u00fchlhausen\"}]},{\"@type\":\"WebSite\",\"@id\":\"https:\/\/form-klar.de\/meyersolar\/#website\",\"url\":\"https:\/\/form-klar.de\/meyersolar\/\",\"name\":\"Meyer Solar\",\"description\":\"Solaranlagen und Photovoltaikanlagen in Th\u00fcringen aus Erfurt\",\"potentialAction\":[{\"@type\":\"SearchAction\",\"target\":{\"@type\":\"EntryPoint\",\"urlTemplate\":\"https:\/\/form-klar.de\/meyersolar\/?s={search_term_string}\"},\"query-input\":{\"@type\":\"PropertyValueSpecification\",\"valueRequired\":true,\"valueName\":\"search_term_string\"}}],\"inLanguage\":\"de\"}]}<\/script>\n<!-- \/ Yoast SEO plugin. -->","yoast_head_json":{"title":"Ihre Solaranlage in Nordhausen, M\u00fchlhausen und S\u00f6mmerda","description":"Installieren Sie eine Solaranlage in Ihrer Th\u00fcringer Region rund um Nordhausen, M\u00fchlhausen, S\u00f6mmerda und Sondershausen. Wir beraten Sie!","robots":{"index":"noindex","follow":"follow","max-snippet":"max-snippet:-1","max-image-preview":"max-image-preview:large","max-video-preview":"max-video-preview:-1"},"og_locale":"de_DE","og_type":"article","og_title":"Ihre Solaranlage in Nordhausen, M\u00fchlhausen und S\u00f6mmerda","og_description":"Installieren Sie eine Solaranlage in Ihrer Th\u00fcringer Region rund um Nordhausen, M\u00fchlhausen, S\u00f6mmerda und Sondershausen. Wir beraten Sie!","og_url":"https:\/\/form-klar.de\/meyersolar\/solaranlage-muehlhausen\/","og_site_name":"Meyer Solar","article_modified_time":"2024-12-11T08:57:23+00:00","twitter_card":"summary_large_image","twitter_misc":{"Gesch\u00e4tzte Lesezeit":"2\u00a0Minuten"},"schema":{"@context":"https:\/\/schema.org","@graph":[{"@type":"WebPage","@id":"https:\/\/form-klar.de\/meyersolar\/solaranlage-muehlhausen\/","url":"https:\/\/form-klar.de\/meyersolar\/solaranlage-muehlhausen\/","name":"Ihre Solaranlage in Nordhausen, M\u00fchlhausen und S\u00f6mmerda","isPartOf":{"@id":"https:\/\/form-klar.de\/meyersolar\/#website"},"datePublished":"2018-11-07T18:38:30+00:00","dateModified":"2024-12-11T08:57:23+00:00","description":"Installieren Sie eine Solaranlage in Ihrer Th\u00fcringer Region rund um Nordhausen, M\u00fchlhausen, S\u00f6mmerda und Sondershausen. Wir beraten Sie!","breadcrumb":{"@id":"https:\/\/form-klar.de\/meyersolar\/solaranlage-muehlhausen\/#breadcrumb"},"inLanguage":"de","potentialAction":[{"@type":"ReadAction","target":["https:\/\/form-klar.de\/meyersolar\/solaranlage-muehlhausen\/"]}]},{"@type":"BreadcrumbList","@id":"https:\/\/form-klar.de\/meyersolar\/solaranlage-muehlhausen\/#breadcrumb","itemListElement":[{"@type":"ListItem","position":1,"name":"Startseite","item":"https:\/\/form-klar.de\/meyersolar\/"},{"@type":"ListItem","position":2,"name":"Solaranlage M\u00fchlhausen"}]},{"@type":"WebSite","@id":"https:\/\/form-klar.de\/meyersolar\/#website","url":"https:\/\/form-klar.de\/meyersolar\/","name":"Meyer Solar","description":"Solaranlagen und Photovoltaikanlagen in Th\u00fcringen aus Erfurt","potentialAction":[{"@type":"SearchAction","target":{"@type":"EntryPoint","urlTemplate":"https:\/\/form-klar.de\/meyersolar\/?s={search_term_string}"},"query-input":{"@type":"PropertyValueSpecification","valueRequired":true,"valueName":"search_term_string"}}],"inLanguage":"de"}]}},"_links":{"self":[{"href":"https:\/\/form-klar.de\/meyersolar\/wp-json\/wp\/v2\/pages\/485","targetHints":{"allow":["GET"]}}],"collection":[{"href":"https:\/\/form-klar.de\/meyersolar\/wp-json\/wp\/v2\/pages"}],"about":[{"href":"https:\/\/form-klar.de\/meyersolar\/wp-json\/wp\/v2\/types\/page"}],"author":[{"embeddable":true,"href":"https:\/\/form-klar.de\/meyersolar\/wp-json\/wp\/v2\/users\/6"}],"replies":[{"embeddable":true,"href":"https:\/\/form-klar.de\/meyersolar\/wp-json\/wp\/v2\/comments?post=485"}],"version-history":[{"count":6,"href":"https:\/\/form-klar.de\/meyersolar\/wp-json\/wp\/v2\/pages\/485\/revisions"}],"predecessor-version":[{"id":3704,"href":"https:\/\/form-klar.de\/meyersolar\/wp-json\/wp\/v2\/pages\/485\/revisions\/3704"}],"wp:attachment":[{"href":"https:\/\/form-klar.de\/meyersolar\/wp-json\/wp\/v2\/media?parent=485"}],"curies":[{"name":"wp","href":"https:\/\/api.w.org\/{rel}","templated":true}]}}