{"id":481,"date":"2018-12-24T17:35:00","date_gmt":"2018-12-24T17:35:00","guid":{"rendered":"https:\/\/form-klar.de\/meyersolar\/?page_id=481"},"modified":"2024-12-11T08:58:12","modified_gmt":"2024-12-11T08:58:12","slug":"solaranlage-nordhausen","status":"publish","type":"page","link":"https:\/\/form-klar.de\/meyersolar\/solaranlage-nordhausen\/","title":{"rendered":"Solaranlage Nordhausen"},"content":{"rendered":"<h1>Tipps f\u00fcr Nordhausen: So sollten Sie Ihre Solaranlage planen<\/h1>\n<p>Wer sich eine <a title=\"Solaranlagen Leipzig\" href=\"https:\/\/form-klar.de\/meyersolar\/solaranlagen-leipzig\/\">Solaranlage<\/a> anschaffen m\u00f6chte, sollte sich gut beraten lassen. Denn nur ein Fachmann ist die Garantie daf\u00fcr, dass Sie langfristig zufrieden sind. Nachhaltige Energie in Ihrem Zuhause nutzen \u2013 das ist Ihr Ziel. Au\u00dferdem m\u00f6chten Sie in Nordhausen unabh\u00e4ngig werden. Produzieren Sie doch Ihren eigenen Strom mit Solaranlagen \u2013 empfohlen und geplant von uns.<\/p>\n<h2>Professionelle Planung f\u00fcr Ihr Hausdach in Nordhausen<\/h2>\n<p>Was ist effektiv f\u00fcr Ihr Haus? Falls Sie Solar planen, z\u00e4hlt Gr\u00f6\u00dfe und Qualit\u00e4t der Module. Mit uns als Fachpartner fahren Sie auf Nummer Sicher. Unser Ziel ist es, Sie einfach gut zu beraten. Denn nur, wenn Sie langfristig zufrieden sind, haben wir unsere Aufgabe gut gemeistert.<\/p>\n<h3>F\u00fcr wen passt welche Solaranlage?<\/h3>\n<p>Eine Solaranlage findet sich oft auf Hausd\u00e4chern. Aber arbeitet die <a title=\"Solaranlage Th\u00fcringen\" href=\"https:\/\/form-klar.de\/meyersolar\/solaranlage-thueringen\/\">Solaranlage<\/a> dort auch wirklich effektiv? Ein Profi hilft Ihnen, die Stromausbeute zu optimieren. Sie haben ein Gewerbe in Nordhausen? Vielleicht verf\u00fcgen Sie \u00fcber gr\u00f6\u00dfere Gewerbefl\u00e4chen? Auch dort l\u00e4sst sich eine Solaranlage installieren. Ob Planung, Bau oder Optimierung \u2013 wir bieten Beratung, Installation und Service. Ob volle Power oder Selbstverbrauch \u2013 f\u00fcr die Nutzung von Solarenergie gibt es viele Konzepte.<\/p>\n<h3>Jetzt in Nordhausen eigenen Strombedarf durch Solarenergie decken!<\/h3>\n<p>Anlagen die Solarenergie erzeugen, sollten m\u00f6glichst bald ihre Kosten wieder einspielen. Planen Sie Ihren Beitrag zur Energiewende mit einem Experten. Dann rechnet sich der Solarstrom auch f\u00fcr Sie. Denn: Immer noch ist der Solarstrom wesentlich g\u00fcnstiger als der Strom aus der Steckdose. Zwar ist die F\u00f6rderung etwas zur\u00fcck gefahren worden. Entscheidend aber ist, wie viel eigenen Strom Ihre Anlage produziert. Decken Sie Ihren eigenen Strombedarf durch eine Solaranlage. Dann sparen Sie wirklich j\u00e4hrlich viel Kosten. Wir beraten Sie gern zum effizienten Einsatz Ihrer Haushaltsger\u00e4te.<\/p>\n<p>Mit Qualit\u00e4ts-Modulen zu gutem Stromertrag!<\/p>\n<p>Wir liefern Ihnen ein tragf\u00e4higes Konzept. Dazu geh\u00f6rt eine Ertragsvorschau. Haben Sie sich f\u00fcr eine Variante entscheiden, kommt der Kosten-Voranschlag. Dazu gibt es nat\u00fcrlich auch einen visuellen Entwurf f\u00fcr Ihr Dach oder Ihr Grundst\u00fcck. Unsere Qualit\u00e4tsmodule sichern eine lange st\u00f6rungsfreie Laufzeit. In dieser Zeit stehen wir f\u00fcr Wartung und Service zur Verf\u00fcgung.<\/p>\n<p><strong>Wir freuen uns auf einen Vorort-Termin in Nordhausen!<\/strong><\/p>\n<p><b>&nbsp;<\/b><\/p>\n","protected":false},"excerpt":{"rendered":"<p>Tipps f\u00fcr Nordhausen: So sollten Sie Ihre Solaranlage planen Wer [&hellip;]<\/p>\n","protected":false},"author":6,"featured_media":0,"parent":0,"menu_order":0,"comment_status":"closed","ping_status":"closed","template":"","meta":{"ngg_post_thumbnail":0,"footnotes":""},"class_list":["post-481","page","type-page","status-publish","hentry"],"yoast_head":"<!-- This site is optimized with the Yoast SEO plugin v24.8 - https:\/\/yoast.com\/wordpress\/plugins\/seo\/ -->\n<title>Jetzt beraten lassen: F\u00fcr Nordhausen planen wir Ihre Solaranlage!<\/title>\n<meta name=\"description\" content=\"Wir planen Ihre Solaranlage in und um Nordhausen so, dass Sie sich gute Ertr\u00e4ge sichern. Wer sich jetzt beraten l\u00e4sst, hat sp\u00e4ter mehr davon.\" \/>\n<meta name=\"robots\" content=\"noindex, follow, max-snippet:-1, max-image-preview:large, max-video-preview:-1\" \/>\n<meta property=\"og:locale\" content=\"de_DE\" \/>\n<meta property=\"og:type\" content=\"article\" \/>\n<meta property=\"og:title\" content=\"Jetzt beraten lassen: F\u00fcr Nordhausen planen wir Ihre Solaranlage!\" \/>\n<meta property=\"og:description\" content=\"Wir planen Ihre Solaranlage in und um Nordhausen so, dass Sie sich gute Ertr\u00e4ge sichern. Wer sich jetzt beraten l\u00e4sst, hat sp\u00e4ter mehr davon.\" \/>\n<meta property=\"og:url\" content=\"https:\/\/form-klar.de\/meyersolar\/solaranlage-nordhausen\/\" \/>\n<meta property=\"og:site_name\" content=\"Meyer Solar\" \/>\n<meta property=\"article:modified_time\" content=\"2024-12-11T08:58:12+00:00\" \/>\n<meta name=\"twitter:card\" content=\"summary_large_image\" \/>\n<meta name=\"twitter:label1\" content=\"Gesch\u00e4tzte Lesezeit\" \/>\n\t<meta name=\"twitter:data1\" content=\"2\u00a0Minuten\" \/>\n<script type=\"application\/ld+json\" class=\"yoast-schema-graph\">{\"@context\":\"https:\/\/schema.org\",\"@graph\":[{\"@type\":\"WebPage\",\"@id\":\"https:\/\/form-klar.de\/meyersolar\/solaranlage-nordhausen\/\",\"url\":\"https:\/\/form-klar.de\/meyersolar\/solaranlage-nordhausen\/\",\"name\":\"Jetzt beraten lassen: F\u00fcr Nordhausen planen wir Ihre Solaranlage!\",\"isPartOf\":{\"@id\":\"https:\/\/form-klar.de\/meyersolar\/#website\"},\"datePublished\":\"2018-12-24T17:35:00+00:00\",\"dateModified\":\"2024-12-11T08:58:12+00:00\",\"description\":\"Wir planen Ihre Solaranlage in und um Nordhausen so, dass Sie sich gute Ertr\u00e4ge sichern. Wer sich jetzt beraten l\u00e4sst, hat sp\u00e4ter mehr davon.\",\"breadcrumb\":{\"@id\":\"https:\/\/form-klar.de\/meyersolar\/solaranlage-nordhausen\/#breadcrumb\"},\"inLanguage\":\"de\",\"potentialAction\":[{\"@type\":\"ReadAction\",\"target\":[\"https:\/\/form-klar.de\/meyersolar\/solaranlage-nordhausen\/\"]}]},{\"@type\":\"BreadcrumbList\",\"@id\":\"https:\/\/form-klar.de\/meyersolar\/solaranlage-nordhausen\/#breadcrumb\",\"itemListElement\":[{\"@type\":\"ListItem\",\"position\":1,\"name\":\"Startseite\",\"item\":\"https:\/\/form-klar.de\/meyersolar\/\"},{\"@type\":\"ListItem\",\"position\":2,\"name\":\"Solaranlage Nordhausen\"}]},{\"@type\":\"WebSite\",\"@id\":\"https:\/\/form-klar.de\/meyersolar\/#website\",\"url\":\"https:\/\/form-klar.de\/meyersolar\/\",\"name\":\"Meyer Solar\",\"description\":\"Solaranlagen und Photovoltaikanlagen in Th\u00fcringen aus Erfurt\",\"potentialAction\":[{\"@type\":\"SearchAction\",\"target\":{\"@type\":\"EntryPoint\",\"urlTemplate\":\"https:\/\/form-klar.de\/meyersolar\/?s={search_term_string}\"},\"query-input\":{\"@type\":\"PropertyValueSpecification\",\"valueRequired\":true,\"valueName\":\"search_term_string\"}}],\"inLanguage\":\"de\"}]}<\/script>\n<!-- \/ Yoast SEO plugin. -->","yoast_head_json":{"title":"Jetzt beraten lassen: F\u00fcr Nordhausen planen wir Ihre Solaranlage!","description":"Wir planen Ihre Solaranlage in und um Nordhausen so, dass Sie sich gute Ertr\u00e4ge sichern. Wer sich jetzt beraten l\u00e4sst, hat sp\u00e4ter mehr davon.","robots":{"index":"noindex","follow":"follow","max-snippet":"max-snippet:-1","max-image-preview":"max-image-preview:large","max-video-preview":"max-video-preview:-1"},"og_locale":"de_DE","og_type":"article","og_title":"Jetzt beraten lassen: F\u00fcr Nordhausen planen wir Ihre Solaranlage!","og_description":"Wir planen Ihre Solaranlage in und um Nordhausen so, dass Sie sich gute Ertr\u00e4ge sichern. Wer sich jetzt beraten l\u00e4sst, hat sp\u00e4ter mehr davon.","og_url":"https:\/\/form-klar.de\/meyersolar\/solaranlage-nordhausen\/","og_site_name":"Meyer Solar","article_modified_time":"2024-12-11T08:58:12+00:00","twitter_card":"summary_large_image","twitter_misc":{"Gesch\u00e4tzte Lesezeit":"2\u00a0Minuten"},"schema":{"@context":"https:\/\/schema.org","@graph":[{"@type":"WebPage","@id":"https:\/\/form-klar.de\/meyersolar\/solaranlage-nordhausen\/","url":"https:\/\/form-klar.de\/meyersolar\/solaranlage-nordhausen\/","name":"Jetzt beraten lassen: F\u00fcr Nordhausen planen wir Ihre Solaranlage!","isPartOf":{"@id":"https:\/\/form-klar.de\/meyersolar\/#website"},"datePublished":"2018-12-24T17:35:00+00:00","dateModified":"2024-12-11T08:58:12+00:00","description":"Wir planen Ihre Solaranlage in und um Nordhausen so, dass Sie sich gute Ertr\u00e4ge sichern. Wer sich jetzt beraten l\u00e4sst, hat sp\u00e4ter mehr davon.","breadcrumb":{"@id":"https:\/\/form-klar.de\/meyersolar\/solaranlage-nordhausen\/#breadcrumb"},"inLanguage":"de","potentialAction":[{"@type":"ReadAction","target":["https:\/\/form-klar.de\/meyersolar\/solaranlage-nordhausen\/"]}]},{"@type":"BreadcrumbList","@id":"https:\/\/form-klar.de\/meyersolar\/solaranlage-nordhausen\/#breadcrumb","itemListElement":[{"@type":"ListItem","position":1,"name":"Startseite","item":"https:\/\/form-klar.de\/meyersolar\/"},{"@type":"ListItem","position":2,"name":"Solaranlage Nordhausen"}]},{"@type":"WebSite","@id":"https:\/\/form-klar.de\/meyersolar\/#website","url":"https:\/\/form-klar.de\/meyersolar\/","name":"Meyer Solar","description":"Solaranlagen und Photovoltaikanlagen in Th\u00fcringen aus Erfurt","potentialAction":[{"@type":"SearchAction","target":{"@type":"EntryPoint","urlTemplate":"https:\/\/form-klar.de\/meyersolar\/?s={search_term_string}"},"query-input":{"@type":"PropertyValueSpecification","valueRequired":true,"valueName":"search_term_string"}}],"inLanguage":"de"}]}},"_links":{"self":[{"href":"https:\/\/form-klar.de\/meyersolar\/wp-json\/wp\/v2\/pages\/481","targetHints":{"allow":["GET"]}}],"collection":[{"href":"https:\/\/form-klar.de\/meyersolar\/wp-json\/wp\/v2\/pages"}],"about":[{"href":"https:\/\/form-klar.de\/meyersolar\/wp-json\/wp\/v2\/types\/page"}],"author":[{"embeddable":true,"href":"https:\/\/form-klar.de\/meyersolar\/wp-json\/wp\/v2\/users\/6"}],"replies":[{"embeddable":true,"href":"https:\/\/form-klar.de\/meyersolar\/wp-json\/wp\/v2\/comments?post=481"}],"version-history":[{"count":3,"href":"https:\/\/form-klar.de\/meyersolar\/wp-json\/wp\/v2\/pages\/481\/revisions"}],"predecessor-version":[{"id":3705,"href":"https:\/\/form-klar.de\/meyersolar\/wp-json\/wp\/v2\/pages\/481\/revisions\/3705"}],"wp:attachment":[{"href":"https:\/\/form-klar.de\/meyersolar\/wp-json\/wp\/v2\/media?parent=481"}],"curies":[{"name":"wp","href":"https:\/\/api.w.org\/{rel}","templated":true}]}}