{"id":452,"date":"2020-02-19T07:42:45","date_gmt":"2020-02-19T07:42:45","guid":{"rendered":"https:\/\/form-klar.de\/meyersolar\/?page_id=452"},"modified":"2024-12-11T09:17:09","modified_gmt":"2024-12-11T09:17:09","slug":"solaranlage-thueringen","status":"publish","type":"page","link":"https:\/\/form-klar.de\/meyersolar\/solaranlage-thueringen\/","title":{"rendered":"Solaranlage Th\u00fcringen"},"content":{"rendered":"<h1>Solaranlage f\u00fcr Th\u00fcringen<\/h1>\n<p>Bevor eine <strong>Solaranlage bei Ihnen in Th\u00fcringen<\/strong> aufs Dach kommt, sollten Sie sich gut beraten lassen. Die Fachleute von Meyer Solar bieten Ihnen garantierte Zuverl\u00e4ssigkeit Ihrer <strong><a title=\"Solaranlagen Jena\" href=\"https:\/\/form-klar.de\/meyersolar\/solaranlagen-jena\/\">Solaranlage<\/a><\/strong>. Denn nachhaltige Energieerzeugung bleibt im Trend. Dank immer besserer Ertr\u00e4ge kommen Sie mit Solaranlagen auf Ihre Kosten. Daf\u00fcr ist eine richtig gute Planung notwendig.<\/p>\n<h3>In Th\u00fcringen ein starker Partner<\/h3>\n<p><strong>Meyer Solar ist in Th\u00fcringen Ihr starker Partner<\/strong>. Nutzen Sie den selbsterzeugten Strom oder speisen Sie die nachhaltige Energie ein. Manche Hausbesitzer in Th\u00fcringen m\u00f6chten unabh\u00e4ngig werden. F\u00fcr diese Interessierten planen und bauen wir eine ma\u00dfgeschneiderte Solaranlage.<\/p>\n<h3>Beispielsweise die Effektivit\u00e4t<\/h3>\n<p>Der erste Schritt zu einer nachhaltigen Stromversorgung ist eine gute Beratung. Wir stehen Ihnen auf dem Weg zum Erzeuger regenerativer Energie zur Seite. Denn wir m\u00f6chten ebenso, dass Ihre Erzeugung effektiv f\u00fcr die kommenden Jahrzehnte ist. Mit uns denken Sie demzufolge langfristig.<\/p>\n<h3>Der Profi f\u00fcr die Solaranlage auf dem Dach oder auf Ihrem Grundst\u00fcck<\/h3>\n<p><strong>Wie geht es weiter<\/strong>? Erstens vereinbaren wir mit Ihnen vor Ort einen Termin. Wir schauen uns Ihr Hausdach, Lage sowie Bauart an. Nat\u00fcrlich k\u00f6nnen wir auf Wunsch die Solaranlage auch auf Ihrem Grundst\u00fcck errichten. Zudem sprechen wir nicht nur Privatleute, sondern auch Firmen an. Denn oft k\u00f6nnen Sie ungenutzte Fl\u00e4che zur Energieerzeugung nutzen.<\/p>\n<p>Wir berechnen Ihnen, wie viel Sie mit dem eingespeisten Strom verdienen k\u00f6nnen. Unsere Anlagen machen sich \u00fcber Jahrzehnte bezahlt. Wie? Zum einen spielt die hohe Qualit\u00e4t unserer Solarmodule eine Rolle. Andererseits sichern wir Ihnen mit unserem <strong>Service<\/strong> zu, dass Ihre Anlage reibungslos und effektiv l\u00e4uft.<\/p>\n<h3>Wir beraten Sie in Th\u00fcringen<\/h3>\n<p><strong>Wir beraten Sie, installieren und bieten professionellen Service<\/strong>. Entweder Sie decken Ihren eigenen Strombedarf. Sparen Sie j\u00e4hrlich immer wieder neu an den Energiekosten. Dazu bieten wir Ihnen ein tragf\u00e4higes <strong>Konzept mit verschiedenen Varianten<\/strong>, wenn gew\u00fcnscht.<\/p>\n<p><b>&nbsp;<\/b><\/p>\n","protected":false},"excerpt":{"rendered":"<p>Solaranlage f\u00fcr Th\u00fcringen Bevor eine Solaranlage bei Ihnen in Th\u00fcringen [&hellip;]<\/p>\n","protected":false},"author":6,"featured_media":0,"parent":0,"menu_order":0,"comment_status":"open","ping_status":"closed","template":"","meta":{"ngg_post_thumbnail":0,"footnotes":""},"class_list":["post-452","page","type-page","status-publish","hentry"],"yoast_head":"<!-- This site is optimized with the Yoast SEO plugin v24.8 - https:\/\/yoast.com\/wordpress\/plugins\/seo\/ -->\n<title>Planen sie Ihre Solaranlage in Th\u00fcringen mit den Profis!<\/title>\n<meta name=\"description\" content=\"Gute Ertr\u00e4ge, guter Service und moderner Technik \u2705 Wir bauen Ihre Solaranlage in Th\u00fcringen. Lassen Sie sich kompetent beraten. \u2705\" \/>\n<meta name=\"robots\" content=\"noindex, follow, max-snippet:-1, max-image-preview:large, max-video-preview:-1\" \/>\n<meta property=\"og:locale\" content=\"de_DE\" \/>\n<meta property=\"og:type\" content=\"article\" \/>\n<meta property=\"og:title\" content=\"Planen sie Ihre Solaranlage in Th\u00fcringen mit den Profis!\" \/>\n<meta property=\"og:description\" content=\"Gute Ertr\u00e4ge, guter Service und moderner Technik \u2705 Wir bauen Ihre Solaranlage in Th\u00fcringen. Lassen Sie sich kompetent beraten. \u2705\" \/>\n<meta property=\"og:url\" content=\"https:\/\/form-klar.de\/meyersolar\/solaranlage-thueringen\/\" \/>\n<meta property=\"og:site_name\" content=\"Meyer Solar\" \/>\n<meta property=\"article:modified_time\" content=\"2024-12-11T09:17:09+00:00\" \/>\n<meta name=\"twitter:card\" content=\"summary_large_image\" \/>\n<meta name=\"twitter:label1\" content=\"Gesch\u00e4tzte Lesezeit\" \/>\n\t<meta name=\"twitter:data1\" content=\"2\u00a0Minuten\" \/>\n<script type=\"application\/ld+json\" class=\"yoast-schema-graph\">{\"@context\":\"https:\/\/schema.org\",\"@graph\":[{\"@type\":\"WebPage\",\"@id\":\"https:\/\/form-klar.de\/meyersolar\/solaranlage-thueringen\/\",\"url\":\"https:\/\/form-klar.de\/meyersolar\/solaranlage-thueringen\/\",\"name\":\"Planen sie Ihre Solaranlage in Th\u00fcringen mit den Profis!\",\"isPartOf\":{\"@id\":\"https:\/\/form-klar.de\/meyersolar\/#website\"},\"datePublished\":\"2020-02-19T07:42:45+00:00\",\"dateModified\":\"2024-12-11T09:17:09+00:00\",\"description\":\"Gute Ertr\u00e4ge, guter Service und moderner Technik \u2705 Wir bauen Ihre Solaranlage in Th\u00fcringen. Lassen Sie sich kompetent beraten. \u2705\",\"breadcrumb\":{\"@id\":\"https:\/\/form-klar.de\/meyersolar\/solaranlage-thueringen\/#breadcrumb\"},\"inLanguage\":\"de\",\"potentialAction\":[{\"@type\":\"ReadAction\",\"target\":[\"https:\/\/form-klar.de\/meyersolar\/solaranlage-thueringen\/\"]}]},{\"@type\":\"BreadcrumbList\",\"@id\":\"https:\/\/form-klar.de\/meyersolar\/solaranlage-thueringen\/#breadcrumb\",\"itemListElement\":[{\"@type\":\"ListItem\",\"position\":1,\"name\":\"Startseite\",\"item\":\"https:\/\/form-klar.de\/meyersolar\/\"},{\"@type\":\"ListItem\",\"position\":2,\"name\":\"Solaranlage Th\u00fcringen\"}]},{\"@type\":\"WebSite\",\"@id\":\"https:\/\/form-klar.de\/meyersolar\/#website\",\"url\":\"https:\/\/form-klar.de\/meyersolar\/\",\"name\":\"Meyer Solar\",\"description\":\"Solaranlagen und Photovoltaikanlagen in Th\u00fcringen aus Erfurt\",\"potentialAction\":[{\"@type\":\"SearchAction\",\"target\":{\"@type\":\"EntryPoint\",\"urlTemplate\":\"https:\/\/form-klar.de\/meyersolar\/?s={search_term_string}\"},\"query-input\":{\"@type\":\"PropertyValueSpecification\",\"valueRequired\":true,\"valueName\":\"search_term_string\"}}],\"inLanguage\":\"de\"}]}<\/script>\n<!-- \/ Yoast SEO plugin. -->","yoast_head_json":{"title":"Planen sie Ihre Solaranlage in Th\u00fcringen mit den Profis!","description":"Gute Ertr\u00e4ge, guter Service und moderner Technik \u2705 Wir bauen Ihre Solaranlage in Th\u00fcringen. Lassen Sie sich kompetent beraten. \u2705","robots":{"index":"noindex","follow":"follow","max-snippet":"max-snippet:-1","max-image-preview":"max-image-preview:large","max-video-preview":"max-video-preview:-1"},"og_locale":"de_DE","og_type":"article","og_title":"Planen sie Ihre Solaranlage in Th\u00fcringen mit den Profis!","og_description":"Gute Ertr\u00e4ge, guter Service und moderner Technik \u2705 Wir bauen Ihre Solaranlage in Th\u00fcringen. Lassen Sie sich kompetent beraten. \u2705","og_url":"https:\/\/form-klar.de\/meyersolar\/solaranlage-thueringen\/","og_site_name":"Meyer Solar","article_modified_time":"2024-12-11T09:17:09+00:00","twitter_card":"summary_large_image","twitter_misc":{"Gesch\u00e4tzte Lesezeit":"2\u00a0Minuten"},"schema":{"@context":"https:\/\/schema.org","@graph":[{"@type":"WebPage","@id":"https:\/\/form-klar.de\/meyersolar\/solaranlage-thueringen\/","url":"https:\/\/form-klar.de\/meyersolar\/solaranlage-thueringen\/","name":"Planen sie Ihre Solaranlage in Th\u00fcringen mit den Profis!","isPartOf":{"@id":"https:\/\/form-klar.de\/meyersolar\/#website"},"datePublished":"2020-02-19T07:42:45+00:00","dateModified":"2024-12-11T09:17:09+00:00","description":"Gute Ertr\u00e4ge, guter Service und moderner Technik \u2705 Wir bauen Ihre Solaranlage in Th\u00fcringen. Lassen Sie sich kompetent beraten. \u2705","breadcrumb":{"@id":"https:\/\/form-klar.de\/meyersolar\/solaranlage-thueringen\/#breadcrumb"},"inLanguage":"de","potentialAction":[{"@type":"ReadAction","target":["https:\/\/form-klar.de\/meyersolar\/solaranlage-thueringen\/"]}]},{"@type":"BreadcrumbList","@id":"https:\/\/form-klar.de\/meyersolar\/solaranlage-thueringen\/#breadcrumb","itemListElement":[{"@type":"ListItem","position":1,"name":"Startseite","item":"https:\/\/form-klar.de\/meyersolar\/"},{"@type":"ListItem","position":2,"name":"Solaranlage Th\u00fcringen"}]},{"@type":"WebSite","@id":"https:\/\/form-klar.de\/meyersolar\/#website","url":"https:\/\/form-klar.de\/meyersolar\/","name":"Meyer Solar","description":"Solaranlagen und Photovoltaikanlagen in Th\u00fcringen aus Erfurt","potentialAction":[{"@type":"SearchAction","target":{"@type":"EntryPoint","urlTemplate":"https:\/\/form-klar.de\/meyersolar\/?s={search_term_string}"},"query-input":{"@type":"PropertyValueSpecification","valueRequired":true,"valueName":"search_term_string"}}],"inLanguage":"de"}]}},"_links":{"self":[{"href":"https:\/\/form-klar.de\/meyersolar\/wp-json\/wp\/v2\/pages\/452","targetHints":{"allow":["GET"]}}],"collection":[{"href":"https:\/\/form-klar.de\/meyersolar\/wp-json\/wp\/v2\/pages"}],"about":[{"href":"https:\/\/form-klar.de\/meyersolar\/wp-json\/wp\/v2\/types\/page"}],"author":[{"embeddable":true,"href":"https:\/\/form-klar.de\/meyersolar\/wp-json\/wp\/v2\/users\/6"}],"replies":[{"embeddable":true,"href":"https:\/\/form-klar.de\/meyersolar\/wp-json\/wp\/v2\/comments?post=452"}],"version-history":[{"count":4,"href":"https:\/\/form-klar.de\/meyersolar\/wp-json\/wp\/v2\/pages\/452\/revisions"}],"predecessor-version":[{"id":3715,"href":"https:\/\/form-klar.de\/meyersolar\/wp-json\/wp\/v2\/pages\/452\/revisions\/3715"}],"wp:attachment":[{"href":"https:\/\/form-klar.de\/meyersolar\/wp-json\/wp\/v2\/media?parent=452"}],"curies":[{"name":"wp","href":"https:\/\/api.w.org\/{rel}","templated":true}]}}