{"id":435,"date":"2017-10-10T06:18:40","date_gmt":"2017-10-10T06:18:40","guid":{"rendered":"https:\/\/form-klar.de\/meyersolar\/?page_id=435"},"modified":"2024-12-11T08:53:08","modified_gmt":"2024-12-11T08:53:08","slug":"solaranlagen-leipzig","status":"publish","type":"page","link":"https:\/\/form-klar.de\/meyersolar\/solaranlagen-leipzig\/","title":{"rendered":"Solaranlagen Leipzig"},"content":{"rendered":"<h1>Solaranlagen Leipzig<\/h1>\n<h2>Solaranlagen f\u00fcr Leipzig<\/h2>\n<p>Planen Sie mit uns jetzt Ihre Solaranlagen in Leipzig und Umgebung. Wir bieten Ihnen den kompletten Service f\u00fcr Ihre Anlage. Unsere Kunden sind Privatkunden aber auch Firmen und Selbstst\u00e4ndige Unternehmer, die Solaranlagen als ertragreiches Modell nutzen wollen. Wir planen und errichten nicht nur die Module, sondern das gesamte Technikpaket. Unsere Kunden erhalten von uns gezielte und umfassende Beratung zum Thema Rentabilit\u00e4t und Ertrag in Leipzig. Setzen Sie sich mit uns in Verbindung.<\/p>\n<h3>Rundum-Service und Beratung f\u00fcr Solaranlagen in und um Leipzig<\/h3>\n<p>F\u00fcr den Bereich Leipzig und Umgebung realisieren wir p\u00fcnktlich und effizient moderne Photovoltaik-Technik. Wir installieren f\u00fcr Einfamilienh\u00e4user aber auch f\u00fcr Gewerbeimmobilien. Je h\u00f6her die Fl\u00e4che der Solaranlagen, desto h\u00f6her die Menge des sauberen eingespeisten Stroms. Wir beraten Sie in Leipzig, wie Sie den Ertrag Ihrer Module steigern k\u00f6nnen. Deshalb ist es uns m\u00f6glich, jede Anlage optimal auf die Erfordernisse des Auftraggebers zuzuschneiden.<\/p>\n<h3>Wo lassen sich Solaranlagen in Leipzig installieren?<\/h3>\n<p>Unsere Kompetenz sichert den nachhaltigen Ertrag Ihrer Solaranlagen. Wir haben gro\u00dfe Erfahrung mit der Installation von Megawattanlagen. Dabei k\u00f6nnen wir nahezu jede Variante von Solaranlagen umsetzen. L\u00e4sst sich \u00fcberall Photovoltaik in Leipzig installieren? Wir empfehlen die Installation auf H\u00e4usern mit D\u00e4chern, die Richtung S\u00fcden orientiert sind. Dabei installieren wir die Anlagen auf Ihrem Flachdach \u2013 ohne Dachdurchdringung. Wir sind ebenfalls Spezialist aufgest\u00e4nderte Module. Sie haben ein Schr\u00e4gdach? Nat\u00fcrlich l\u00e4sst die Anlage sich auch auf Ihrem Dach in Leipzig installieren.<\/p>\n<h3>Schwarze Solarmodule f\u00fcr Leipzig<\/h3>\n<p>Ein Tipp von uns: komplett schwarze Solaranlagen. Diese schwarzen Module haben nicht dieses typische Rastermuster, die Sie von herk\u00f6mmlichen Modulen in Leipzig kennen. Solaranlagen mit schwarzen Tedlar Folien erzeugen einen \u00e4sthetischen einheitlichen Effekt auf Ihrem Dach.<\/p>\n<h3>Investieren Sie in langlebige Solaranlagen f\u00fcr Leipzig und Umgebung<\/h3>\n<p>Wir konfigurieren langlebige Solaranlagen, die nachhaltig f\u00fcr Sie Strom produzieren. Deshalb vertrauen unsere Techniker und Kunden auf Module von Sunpower, Kaneka, Bosch und Sharp. Mit diesen Markenmodulen setzen Sie auf eine lange Stromproduktion in Leipzig!<\/p>\n<h3>Sichern Sie sich Ihre Rendite!<\/h3>\n<p>Wir beraten Kunden aus Leipzig umfassend \u00fcber Ihre zu erwartenden Stromertr\u00e4ge. Lassen Sie sich beraten! Anlagen mit hoher Qualit\u00e4t sichern langfristig st\u00f6rungsfreien Ertrag. Ihre Solaranlagen k\u00f6nnen problemlos 20 Jahre st\u00f6rungsfrei laufen, wenn wir hochwertige Solartechnik verbauen. Nicht nur auf die Qualit\u00e4t der Module kommt es an. Auch die Wechselrichter sollten hochwertige Markenqualit\u00e4t bieten. F\u00fcr Leipzig empfehlen wir Ihnen <a title=\"Produkte\" href=\"https:\/\/form-klar.de\/meyersolar\/produkte\/\">Produkte <\/a>von &nbsp;Kostal, SMA oder Fronius.<\/p>\n<p>F\u00fcr Ihr Gewerbe in Leipzig empfiehlt sich die Installation von sehr leistungsf\u00e4higen Anlagen. Wer viel Fl\u00e4che zur Verf\u00fcgung hat, erntet mehr Strom und kann seine Ertr\u00e4ge f\u00fcr die Zukunft sichern. Wir bauen Solaranlagen auf Industriegeb\u00e4uden und Freifl\u00e4chen. Vertrauen Sie auf unsere Kompetenz!<\/p>\n","protected":false},"excerpt":{"rendered":"<p>Solaranlagen Leipzig Solaranlagen f\u00fcr Leipzig Planen Sie mit uns jetzt [&hellip;]<\/p>\n","protected":false},"author":5,"featured_media":0,"parent":0,"menu_order":0,"comment_status":"open","ping_status":"open","template":"","meta":{"ngg_post_thumbnail":0,"footnotes":""},"class_list":["post-435","page","type-page","status-publish","hentry"],"yoast_head":"<!-- This site is optimized with the Yoast SEO plugin v24.8 - https:\/\/yoast.com\/wordpress\/plugins\/seo\/ -->\n<title>Solaranlagen Leipzig vom Fachmann f\u00fcr Solartechnik<\/title>\n<meta name=\"description\" content=\"Solaranlagen Leipzig? F\u00fcr Leipzig installieren wir Ihnen die perfekte Solaranlage. Inidividuell auf die \u00f6rtlichen Gegebenheiten angepasst.\" \/>\n<meta name=\"robots\" content=\"noindex, follow, max-snippet:-1, max-image-preview:large, max-video-preview:-1\" \/>\n<meta property=\"og:locale\" content=\"de_DE\" \/>\n<meta property=\"og:type\" content=\"article\" \/>\n<meta property=\"og:title\" content=\"Solaranlagen Leipzig vom Fachmann f\u00fcr Solartechnik\" \/>\n<meta property=\"og:description\" content=\"Solaranlagen Leipzig? F\u00fcr Leipzig installieren wir Ihnen die perfekte Solaranlage. Inidividuell auf die \u00f6rtlichen Gegebenheiten angepasst.\" \/>\n<meta property=\"og:url\" content=\"https:\/\/form-klar.de\/meyersolar\/solaranlagen-leipzig\/\" \/>\n<meta property=\"og:site_name\" content=\"Meyer Solar\" \/>\n<meta property=\"article:modified_time\" content=\"2024-12-11T08:53:08+00:00\" \/>\n<meta name=\"twitter:card\" content=\"summary_large_image\" \/>\n<meta name=\"twitter:label1\" content=\"Gesch\u00e4tzte Lesezeit\" \/>\n\t<meta name=\"twitter:data1\" content=\"3\u00a0Minuten\" \/>\n<script type=\"application\/ld+json\" class=\"yoast-schema-graph\">{\"@context\":\"https:\/\/schema.org\",\"@graph\":[{\"@type\":\"WebPage\",\"@id\":\"https:\/\/form-klar.de\/meyersolar\/solaranlagen-leipzig\/\",\"url\":\"https:\/\/form-klar.de\/meyersolar\/solaranlagen-leipzig\/\",\"name\":\"Solaranlagen Leipzig vom Fachmann f\u00fcr Solartechnik\",\"isPartOf\":{\"@id\":\"https:\/\/form-klar.de\/meyersolar\/#website\"},\"datePublished\":\"2017-10-10T06:18:40+00:00\",\"dateModified\":\"2024-12-11T08:53:08+00:00\",\"description\":\"Solaranlagen Leipzig? F\u00fcr Leipzig installieren wir Ihnen die perfekte Solaranlage. Inidividuell auf die \u00f6rtlichen Gegebenheiten angepasst.\",\"breadcrumb\":{\"@id\":\"https:\/\/form-klar.de\/meyersolar\/solaranlagen-leipzig\/#breadcrumb\"},\"inLanguage\":\"de\",\"potentialAction\":[{\"@type\":\"ReadAction\",\"target\":[\"https:\/\/form-klar.de\/meyersolar\/solaranlagen-leipzig\/\"]}]},{\"@type\":\"BreadcrumbList\",\"@id\":\"https:\/\/form-klar.de\/meyersolar\/solaranlagen-leipzig\/#breadcrumb\",\"itemListElement\":[{\"@type\":\"ListItem\",\"position\":1,\"name\":\"Startseite\",\"item\":\"https:\/\/form-klar.de\/meyersolar\/\"},{\"@type\":\"ListItem\",\"position\":2,\"name\":\"Solaranlagen Leipzig\"}]},{\"@type\":\"WebSite\",\"@id\":\"https:\/\/form-klar.de\/meyersolar\/#website\",\"url\":\"https:\/\/form-klar.de\/meyersolar\/\",\"name\":\"Meyer Solar\",\"description\":\"Solaranlagen und Photovoltaikanlagen in Th\u00fcringen aus Erfurt\",\"potentialAction\":[{\"@type\":\"SearchAction\",\"target\":{\"@type\":\"EntryPoint\",\"urlTemplate\":\"https:\/\/form-klar.de\/meyersolar\/?s={search_term_string}\"},\"query-input\":{\"@type\":\"PropertyValueSpecification\",\"valueRequired\":true,\"valueName\":\"search_term_string\"}}],\"inLanguage\":\"de\"}]}<\/script>\n<!-- \/ Yoast SEO plugin. -->","yoast_head_json":{"title":"Solaranlagen Leipzig vom Fachmann f\u00fcr Solartechnik","description":"Solaranlagen Leipzig? F\u00fcr Leipzig installieren wir Ihnen die perfekte Solaranlage. Inidividuell auf die \u00f6rtlichen Gegebenheiten angepasst.","robots":{"index":"noindex","follow":"follow","max-snippet":"max-snippet:-1","max-image-preview":"max-image-preview:large","max-video-preview":"max-video-preview:-1"},"og_locale":"de_DE","og_type":"article","og_title":"Solaranlagen Leipzig vom Fachmann f\u00fcr Solartechnik","og_description":"Solaranlagen Leipzig? F\u00fcr Leipzig installieren wir Ihnen die perfekte Solaranlage. Inidividuell auf die \u00f6rtlichen Gegebenheiten angepasst.","og_url":"https:\/\/form-klar.de\/meyersolar\/solaranlagen-leipzig\/","og_site_name":"Meyer Solar","article_modified_time":"2024-12-11T08:53:08+00:00","twitter_card":"summary_large_image","twitter_misc":{"Gesch\u00e4tzte Lesezeit":"3\u00a0Minuten"},"schema":{"@context":"https:\/\/schema.org","@graph":[{"@type":"WebPage","@id":"https:\/\/form-klar.de\/meyersolar\/solaranlagen-leipzig\/","url":"https:\/\/form-klar.de\/meyersolar\/solaranlagen-leipzig\/","name":"Solaranlagen Leipzig vom Fachmann f\u00fcr Solartechnik","isPartOf":{"@id":"https:\/\/form-klar.de\/meyersolar\/#website"},"datePublished":"2017-10-10T06:18:40+00:00","dateModified":"2024-12-11T08:53:08+00:00","description":"Solaranlagen Leipzig? F\u00fcr Leipzig installieren wir Ihnen die perfekte Solaranlage. Inidividuell auf die \u00f6rtlichen Gegebenheiten angepasst.","breadcrumb":{"@id":"https:\/\/form-klar.de\/meyersolar\/solaranlagen-leipzig\/#breadcrumb"},"inLanguage":"de","potentialAction":[{"@type":"ReadAction","target":["https:\/\/form-klar.de\/meyersolar\/solaranlagen-leipzig\/"]}]},{"@type":"BreadcrumbList","@id":"https:\/\/form-klar.de\/meyersolar\/solaranlagen-leipzig\/#breadcrumb","itemListElement":[{"@type":"ListItem","position":1,"name":"Startseite","item":"https:\/\/form-klar.de\/meyersolar\/"},{"@type":"ListItem","position":2,"name":"Solaranlagen Leipzig"}]},{"@type":"WebSite","@id":"https:\/\/form-klar.de\/meyersolar\/#website","url":"https:\/\/form-klar.de\/meyersolar\/","name":"Meyer Solar","description":"Solaranlagen und Photovoltaikanlagen in Th\u00fcringen aus Erfurt","potentialAction":[{"@type":"SearchAction","target":{"@type":"EntryPoint","urlTemplate":"https:\/\/form-klar.de\/meyersolar\/?s={search_term_string}"},"query-input":{"@type":"PropertyValueSpecification","valueRequired":true,"valueName":"search_term_string"}}],"inLanguage":"de"}]}},"_links":{"self":[{"href":"https:\/\/form-klar.de\/meyersolar\/wp-json\/wp\/v2\/pages\/435","targetHints":{"allow":["GET"]}}],"collection":[{"href":"https:\/\/form-klar.de\/meyersolar\/wp-json\/wp\/v2\/pages"}],"about":[{"href":"https:\/\/form-klar.de\/meyersolar\/wp-json\/wp\/v2\/types\/page"}],"author":[{"embeddable":true,"href":"https:\/\/form-klar.de\/meyersolar\/wp-json\/wp\/v2\/users\/5"}],"replies":[{"embeddable":true,"href":"https:\/\/form-klar.de\/meyersolar\/wp-json\/wp\/v2\/comments?post=435"}],"version-history":[{"count":2,"href":"https:\/\/form-klar.de\/meyersolar\/wp-json\/wp\/v2\/pages\/435\/revisions"}],"predecessor-version":[{"id":3697,"href":"https:\/\/form-klar.de\/meyersolar\/wp-json\/wp\/v2\/pages\/435\/revisions\/3697"}],"wp:attachment":[{"href":"https:\/\/form-klar.de\/meyersolar\/wp-json\/wp\/v2\/media?parent=435"}],"curies":[{"name":"wp","href":"https:\/\/api.w.org\/{rel}","templated":true}]}}