{"id":429,"date":"2017-08-25T02:35:26","date_gmt":"2017-08-25T02:35:26","guid":{"rendered":"https:\/\/form-klar.de\/meyersolar\/?page_id=429"},"modified":"2024-12-11T08:52:28","modified_gmt":"2024-12-11T08:52:28","slug":"solaranlagenbau-leipzig","status":"publish","type":"page","link":"https:\/\/form-klar.de\/meyersolar\/solaranlagenbau-leipzig\/","title":{"rendered":"Solaranlagenbau Leipzig"},"content":{"rendered":"<h2>Ihr Profi im Solaranlagenbau f\u00fcr Leipzig und Umgebung<\/h2>\n<p>Solar lohnt sich. Das hat sich herum gesprochen. Wie gestalten Sie den Solaranlagenbau optimal? Planen Sie die Solaranlage am besten so, dass Sie optimal zu Ihren Bed\u00fcrfnissen passt. Daf\u00fcr empfiehlt sich die <strong>Beratung durch einen Profi<\/strong> aus dem Solaranlagenbau.<\/p>\n<h3>Strom ernten? Ihre Experten im Solaranlagenbau f\u00fcr Leipzig beraten Sie im Vorfeld!<\/h3>\n<p>Sie sind ein Unternehmen oder eine Privatperson und m\u00f6chten in Leipzig eine professionelle <a title=\"Solaranlagen Jena\" href=\"https:\/\/form-klar.de\/meyersolar\/solaranlagen-jena\/\">Solaranlage <\/a>errichten. Was planen Sie mit dem erzeugten Strom? Haben Sie da schon Vorstellungen, wie Sie im Stadtgebiet oder in der N\u00e4he von Leipzig Strom ernten m\u00f6chten? Unsere Experten im Solaranlagenbau sehen zwei M\u00f6glichkeiten. Die erste M\u00f6glichkeit ist: So viel wie m\u00f6glich <strong>Strom in das Netz einspeisen<\/strong>. Voraussetzungen sind sind eine m\u00f6glichst gro\u00dfe Dachfl\u00e4che oder andere Fl\u00e4che auf Ihrem Grundst\u00fcck, die optimal nach S\u00fcden ausgerichtet ist. Sie erhalten f\u00fcr Ihre Kilowattstunden, die Sie in das Netz einspeisen Geld vom Staat dazu \u2013 die Einspeiseverg\u00fctung. Wir vom Solaranlagenbau berechnen Ihre Anlage in Leipzig so, dass diese sich durch die Einnahmen finanzieren.&nbsp;&nbsp;&nbsp;<\/p>\n<h3>Planen Sie Ihren Solaranlagenbau f\u00fcr Leipzig!<\/h3>\n<p>Die zweite M\u00f6glichkeit ist: Sie <strong>Erlangen mehr Unabh\u00e4ngigkeit<\/strong> mit dem Eigenverbrauch von Solarstrom. Unsere Unternehmen im Solaranlagenbau ist Ihr Partner auch auf diesem Weg. Denn durch die geringen Stromkosten sind die Anschaffungskosten Ihrer Anlage schon in wenigen Jahren wieder eingespielt. Unsere Experten im Solaranlagenbau empfehlen Ihnen Anlagen, die <strong>25 Jahre und l\u00e4nger f\u00fcr Sie arbeiten<\/strong>. In dieser Zeit k\u00f6nnen Sie Geld mit dem Solarstrom sehr gut verdienen.<\/p>\n<h3>Leipzig und Umland: Solaranlagenbau macht Sie unabh\u00e4ngig<\/h3>\n<p>Ein moderner Solaranlagenbau verf\u00fcgt \u00fcber moderne Speicher. Damit gewinnen Sie nicht nur Unabh\u00e4ngigkeit, sondern auch Sicherheit gegen Netzausf\u00e4lle. Produzieren Sie mit Ihrem Partner im Solaranlagenbau <strong>gr\u00fcnen Strom<\/strong>! Damit reduzieren Sie die Effekte des fortschreitenden Klimawandel.<\/p>\n<h3>Lohnt sich der Solaranlagenbau in Leipzig? Wir kommen bei Ihnen vorbei und beraten Sie!<\/h3>\n<p>Wir montieren die Solaranlagen fachgerecht auf alle typischen D\u00e4cher. Wichtig ist, die Gr\u00f6\u00dfe der Solaranlage sinnvoll zur Nutzungsart zu gestalten. Denn wenn Sie in Leipzig den Strom selbst verbrauchen m\u00f6chten, sparen Sie fast die<strong> H\u00e4lfte des Strompreises<\/strong>. Wir beraten Sie auch zu den staatlichen F\u00f6rderungen beim Kauf des Stromspeichers.<\/p>\n<h3>Rentable Solar-Anlagen f\u00fcr Leipzig!<\/h3>\n<p>Gern kommen wir bei einem Ortstermin bei Ihnen in <a title=\"Leipzig\" href=\"https:\/\/de.wikipedia.org\/wiki\/Leipzig\" target=\"_blank\" rel=\"noopener\">Leipzig <\/a>vorbei. Wir begutachten Ihr Dach oder die Fl\u00e4che auf Ihrem Grundst\u00fcck. Ihre Profis vom Solaranlagenbau f\u00fcr Leipzig bieten Ihnen den ganzen Service f\u00fcr den Bau einer <strong>Solar- oder Solarthermie Anlage<\/strong>. Gute Beratung bringt Ihnen im Solaranlagenbau f\u00fcr Leipzig die Sicherheit, eine optimale Entscheidung f\u00fcr Ihre Zukunft zu treffen. Eine lange und wartungsarme Betriebsdauer \u2013 das w\u00fcnschen wir uns f\u00fcr Ihre Solaranlage.<\/p>\n<p>&nbsp;<\/p>\n","protected":false},"excerpt":{"rendered":"<p>Ihr Profi im Solaranlagenbau f\u00fcr Leipzig und Umgebung Solar lohnt [&hellip;]<\/p>\n","protected":false},"author":5,"featured_media":0,"parent":0,"menu_order":0,"comment_status":"open","ping_status":"open","template":"","meta":{"ngg_post_thumbnail":0,"footnotes":""},"class_list":["post-429","page","type-page","status-publish","hentry"],"yoast_head":"<!-- This site is optimized with the Yoast SEO plugin v24.8 - https:\/\/yoast.com\/wordpress\/plugins\/seo\/ -->\n<title>Solaranlagenbau Leipzig \u2013 Meyer Solar<\/title>\n<meta name=\"description\" content=\"Solaranlagenbau Leipzig? Wir von Meyersolar montieren Solaranlagen fachgerecht auf alle typischen D\u00e4cher.\" \/>\n<meta name=\"robots\" content=\"noindex, follow, max-snippet:-1, max-image-preview:large, max-video-preview:-1\" \/>\n<meta property=\"og:locale\" content=\"de_DE\" \/>\n<meta property=\"og:type\" content=\"article\" \/>\n<meta property=\"og:title\" content=\"Solaranlagenbau Leipzig \u2013 Meyer Solar\" \/>\n<meta property=\"og:description\" content=\"Solaranlagenbau Leipzig? Wir von Meyersolar montieren Solaranlagen fachgerecht auf alle typischen D\u00e4cher.\" \/>\n<meta property=\"og:url\" content=\"https:\/\/form-klar.de\/meyersolar\/solaranlagenbau-leipzig\/\" \/>\n<meta property=\"og:site_name\" content=\"Meyer Solar\" \/>\n<meta property=\"article:modified_time\" content=\"2024-12-11T08:52:28+00:00\" \/>\n<meta name=\"twitter:card\" content=\"summary_large_image\" \/>\n<meta name=\"twitter:label1\" content=\"Gesch\u00e4tzte Lesezeit\" \/>\n\t<meta name=\"twitter:data1\" content=\"3\u00a0Minuten\" \/>\n<script type=\"application\/ld+json\" class=\"yoast-schema-graph\">{\"@context\":\"https:\/\/schema.org\",\"@graph\":[{\"@type\":\"WebPage\",\"@id\":\"https:\/\/form-klar.de\/meyersolar\/solaranlagenbau-leipzig\/\",\"url\":\"https:\/\/form-klar.de\/meyersolar\/solaranlagenbau-leipzig\/\",\"name\":\"Solaranlagenbau Leipzig \u2013 Meyer Solar\",\"isPartOf\":{\"@id\":\"https:\/\/form-klar.de\/meyersolar\/#website\"},\"datePublished\":\"2017-08-25T02:35:26+00:00\",\"dateModified\":\"2024-12-11T08:52:28+00:00\",\"description\":\"Solaranlagenbau Leipzig? Wir von Meyersolar montieren Solaranlagen fachgerecht auf alle typischen D\u00e4cher.\",\"breadcrumb\":{\"@id\":\"https:\/\/form-klar.de\/meyersolar\/solaranlagenbau-leipzig\/#breadcrumb\"},\"inLanguage\":\"de\",\"potentialAction\":[{\"@type\":\"ReadAction\",\"target\":[\"https:\/\/form-klar.de\/meyersolar\/solaranlagenbau-leipzig\/\"]}]},{\"@type\":\"BreadcrumbList\",\"@id\":\"https:\/\/form-klar.de\/meyersolar\/solaranlagenbau-leipzig\/#breadcrumb\",\"itemListElement\":[{\"@type\":\"ListItem\",\"position\":1,\"name\":\"Startseite\",\"item\":\"https:\/\/form-klar.de\/meyersolar\/\"},{\"@type\":\"ListItem\",\"position\":2,\"name\":\"Solaranlagenbau Leipzig\"}]},{\"@type\":\"WebSite\",\"@id\":\"https:\/\/form-klar.de\/meyersolar\/#website\",\"url\":\"https:\/\/form-klar.de\/meyersolar\/\",\"name\":\"Meyer Solar\",\"description\":\"Solaranlagen und Photovoltaikanlagen in Th\u00fcringen aus Erfurt\",\"potentialAction\":[{\"@type\":\"SearchAction\",\"target\":{\"@type\":\"EntryPoint\",\"urlTemplate\":\"https:\/\/form-klar.de\/meyersolar\/?s={search_term_string}\"},\"query-input\":{\"@type\":\"PropertyValueSpecification\",\"valueRequired\":true,\"valueName\":\"search_term_string\"}}],\"inLanguage\":\"de\"}]}<\/script>\n<!-- \/ Yoast SEO plugin. -->","yoast_head_json":{"title":"Solaranlagenbau Leipzig \u2013 Meyer Solar","description":"Solaranlagenbau Leipzig? Wir von Meyersolar montieren Solaranlagen fachgerecht auf alle typischen D\u00e4cher.","robots":{"index":"noindex","follow":"follow","max-snippet":"max-snippet:-1","max-image-preview":"max-image-preview:large","max-video-preview":"max-video-preview:-1"},"og_locale":"de_DE","og_type":"article","og_title":"Solaranlagenbau Leipzig \u2013 Meyer Solar","og_description":"Solaranlagenbau Leipzig? Wir von Meyersolar montieren Solaranlagen fachgerecht auf alle typischen D\u00e4cher.","og_url":"https:\/\/form-klar.de\/meyersolar\/solaranlagenbau-leipzig\/","og_site_name":"Meyer Solar","article_modified_time":"2024-12-11T08:52:28+00:00","twitter_card":"summary_large_image","twitter_misc":{"Gesch\u00e4tzte Lesezeit":"3\u00a0Minuten"},"schema":{"@context":"https:\/\/schema.org","@graph":[{"@type":"WebPage","@id":"https:\/\/form-klar.de\/meyersolar\/solaranlagenbau-leipzig\/","url":"https:\/\/form-klar.de\/meyersolar\/solaranlagenbau-leipzig\/","name":"Solaranlagenbau Leipzig \u2013 Meyer Solar","isPartOf":{"@id":"https:\/\/form-klar.de\/meyersolar\/#website"},"datePublished":"2017-08-25T02:35:26+00:00","dateModified":"2024-12-11T08:52:28+00:00","description":"Solaranlagenbau Leipzig? Wir von Meyersolar montieren Solaranlagen fachgerecht auf alle typischen D\u00e4cher.","breadcrumb":{"@id":"https:\/\/form-klar.de\/meyersolar\/solaranlagenbau-leipzig\/#breadcrumb"},"inLanguage":"de","potentialAction":[{"@type":"ReadAction","target":["https:\/\/form-klar.de\/meyersolar\/solaranlagenbau-leipzig\/"]}]},{"@type":"BreadcrumbList","@id":"https:\/\/form-klar.de\/meyersolar\/solaranlagenbau-leipzig\/#breadcrumb","itemListElement":[{"@type":"ListItem","position":1,"name":"Startseite","item":"https:\/\/form-klar.de\/meyersolar\/"},{"@type":"ListItem","position":2,"name":"Solaranlagenbau Leipzig"}]},{"@type":"WebSite","@id":"https:\/\/form-klar.de\/meyersolar\/#website","url":"https:\/\/form-klar.de\/meyersolar\/","name":"Meyer Solar","description":"Solaranlagen und Photovoltaikanlagen in Th\u00fcringen aus Erfurt","potentialAction":[{"@type":"SearchAction","target":{"@type":"EntryPoint","urlTemplate":"https:\/\/form-klar.de\/meyersolar\/?s={search_term_string}"},"query-input":{"@type":"PropertyValueSpecification","valueRequired":true,"valueName":"search_term_string"}}],"inLanguage":"de"}]}},"_links":{"self":[{"href":"https:\/\/form-klar.de\/meyersolar\/wp-json\/wp\/v2\/pages\/429","targetHints":{"allow":["GET"]}}],"collection":[{"href":"https:\/\/form-klar.de\/meyersolar\/wp-json\/wp\/v2\/pages"}],"about":[{"href":"https:\/\/form-klar.de\/meyersolar\/wp-json\/wp\/v2\/types\/page"}],"author":[{"embeddable":true,"href":"https:\/\/form-klar.de\/meyersolar\/wp-json\/wp\/v2\/users\/5"}],"replies":[{"embeddable":true,"href":"https:\/\/form-klar.de\/meyersolar\/wp-json\/wp\/v2\/comments?post=429"}],"version-history":[{"count":3,"href":"https:\/\/form-klar.de\/meyersolar\/wp-json\/wp\/v2\/pages\/429\/revisions"}],"predecessor-version":[{"id":3696,"href":"https:\/\/form-klar.de\/meyersolar\/wp-json\/wp\/v2\/pages\/429\/revisions\/3696"}],"wp:attachment":[{"href":"https:\/\/form-klar.de\/meyersolar\/wp-json\/wp\/v2\/media?parent=429"}],"curies":[{"name":"wp","href":"https:\/\/api.w.org\/{rel}","templated":true}]}}