{"id":411,"date":"2017-02-07T06:05:49","date_gmt":"2017-02-07T06:05:49","guid":{"rendered":"https:\/\/form-klar.de\/meyersolar\/?page_id=411"},"modified":"2024-12-11T08:45:37","modified_gmt":"2024-12-11T08:45:37","slug":"solaranlagen-arnstadt","status":"publish","type":"page","link":"https:\/\/form-klar.de\/meyersolar\/solaranlagen-arnstadt\/","title":{"rendered":"Solaranlagen Arnstadt"},"content":{"rendered":"<h2><strong>Sie suchen einen Anbieter f\u00fcr Solaranlagen f\u00fcr Ihr Eigenheim oder Ihr Gewerbed in Arnstadt? Meyer Solar sind die Solar-Profis f\u00fcr Ihr Hausdach<\/strong><\/h2>\n<p>Wir planen Ihre Solaranlagen und bauen die Solaranlage komplett auf Ihrem daf\u00fcr geeigneten Dach auf. Daf\u00fcr ber\u00fccksichtigen wir Ihre pers\u00f6nlichen W\u00fcnsche und die \u00f6rtlichen Gegebenheiten. So erhalten Sie von uns Ihre individuelle Solaranlage mit moderner Solar-Technologie. Setzen Sie auf unsere Solar-Kompetenz in Arnstadt und Umgebung. Steigen Sie jetzt ein in die solare Energiegewinnung \u2013 werden Sie jetzt ihr eigener Solarstrom-Erzeuger. Senken Sie Ihre Stromkosten und sorgen Sie f\u00fcr die Zukunft vor. Machen Sie sich in Arnstadt und Umgebung unabh\u00e4ngig in ihrer Energieversorgung \u2013 mit Solaranlagen von Meyer Solar.<\/p>\n<h3>Die fossilen Ressourcen sind endlich \u2013 mit Solaranlagen sorgen Sie vor und halten den Strompreis niedrig<\/h3>\n<p>Mit der Entscheidung f\u00fcr Meyer Solar geben Sie Ihr Vertrauen einem Th\u00fcringer Familienunternehmen. Wir sind mittlerweile Spezialist f\u00fcr Solaranlagen jeder Gr\u00f6\u00dfenordnung. So k\u00f6nnen wir nicht nur die Anforderungen von Einfamilienh\u00e4usern, sondern auch von gr\u00f6\u00dferen gewerblichen Objekten erf\u00fcllen. Das Spektrum unserer Solaranlagen in Arnstadt reicht von 3kWp-Solaranlagen f\u00fcr das Eigenheim bis hin zu Solaranlagen, die mehrere hundert kWp Leistung erwirtschaften. Diese Solaranlagen platzieren wir insbesondere auf Industriegeb\u00e4uden oder auf der freien Fl\u00e4che Ihres gewerblichen Grundst\u00fccks.<\/p>\n<h3>F\u00fcr Sie in Arnstadt planen und bauen wir modernste Solaranlagen<\/h3>\n<p>Wir m\u00f6chten Ihnen solide Solartechnik und innovative Produkte empfehlen, immer mit dem Ziel der auch langfristigen Kostenreduzierung Ihrer Stromrechnung in Ihrem Arnst\u00e4dter Betrieb oder in Ihrem Arnst\u00e4dter Privathaushalt. Deshalb nutzen wir die besten Solarmodule auf dem Markt und sind an keinem einzelnen Hersteller gebunden. Wir m\u00f6chten frei entscheiden k\u00f6nnen, welcher Hersteller die besten Produkte f\u00fcr Ihre Solaranlage bereitstellen kann.<\/p>\n<h3>Beratung zur Wirtschaftlichkeit Ihrer Solaranlage in Arnstadt und Umgebung<\/h3>\n<p>Es geht uns als Beratungsfirma und Installateur f\u00fcr Arnstadt auch darum, Ihnen mit ihrer Solaranlage die Rentabilit\u00e4t Ihrer Stromerzeugung zu sichern. Denn mit der Solaranlage kommen Sie auf die Sonnenseite der Energieerzeugung! Die Solaranlage verwandelt direkt das Sonnenlicht in elektrische Energie um. Mittels eines Wechselrichters wird der erzeugte Gleichstrom in Wechselstrom umgewandelt, welcher problemlos zur Nutzung in Ihrem Betrieb in Arnstadt oder in Ihrem Haushalt verwendet werden kann. Der Rest des Stroms wird automatisch in das Netz eingespeist. F\u00fcr die Einspeisung erhalten Sie eine Verg\u00fctung. Zwar ist die Einspeiseverg\u00fctung leicht r\u00fcckl\u00e4ufig, als langj\u00e4hriges Renditemodell ist eine Solaranlage nach wie vor unschlagbar. Gern beraten wir Sie zu den Qualit\u00e4ten der eingesetzten Solarmodule f\u00fcr Ihr Eigenheim oder Ihr Gewerbe in Arnstadt und Umgebung. Schlie\u00dflich soll sich Ihre Solaranlage auch in 20 Jahren noch einen sehr guten Ertrag abwerfen. Gehen Sie in Arnstadt und Umgebung Sonne ernten \u2013 mit Solaranlagen von Meyersolar aus Erfurt.<\/p>\n<p>Wir beraten Sie zu allen Modultypen, f\u00fcr M\u00f6glichkeiten der Netzkopplung und zur Einspeisung des Stroms in Inselnetze.<\/p>\n","protected":false},"excerpt":{"rendered":"<p>Sie suchen einen Anbieter f\u00fcr Solaranlagen f\u00fcr Ihr Eigenheim oder [&hellip;]<\/p>\n","protected":false},"author":5,"featured_media":0,"parent":0,"menu_order":0,"comment_status":"open","ping_status":"open","template":"","meta":{"ngg_post_thumbnail":0,"footnotes":""},"class_list":["post-411","page","type-page","status-publish","hentry"],"yoast_head":"<!-- This site is optimized with the Yoast SEO plugin v24.8 - https:\/\/yoast.com\/wordpress\/plugins\/seo\/ -->\n<title>Solaranlagen Arnstadt \u2013 Meyer Solar<\/title>\n<meta name=\"description\" content=\"Solaranlagen Arnstadt? Wir planen Ihre Solaranlagen und bauen die Solaranlage komplett auf Ihrem daf\u00fcr geeigneten Dach auf.\" \/>\n<meta name=\"robots\" content=\"noindex, follow, max-snippet:-1, max-image-preview:large, max-video-preview:-1\" \/>\n<meta property=\"og:locale\" content=\"de_DE\" \/>\n<meta property=\"og:type\" content=\"article\" \/>\n<meta property=\"og:title\" content=\"Solaranlagen Arnstadt \u2013 Meyer Solar\" \/>\n<meta property=\"og:description\" content=\"Solaranlagen Arnstadt? Wir planen Ihre Solaranlagen und bauen die Solaranlage komplett auf Ihrem daf\u00fcr geeigneten Dach auf.\" \/>\n<meta property=\"og:url\" content=\"https:\/\/form-klar.de\/meyersolar\/solaranlagen-arnstadt\/\" \/>\n<meta property=\"og:site_name\" content=\"Meyer Solar\" \/>\n<meta property=\"article:modified_time\" content=\"2024-12-11T08:45:37+00:00\" \/>\n<meta name=\"twitter:card\" content=\"summary_large_image\" \/>\n<meta name=\"twitter:label1\" content=\"Gesch\u00e4tzte Lesezeit\" \/>\n\t<meta name=\"twitter:data1\" content=\"3\u00a0Minuten\" \/>\n<script type=\"application\/ld+json\" class=\"yoast-schema-graph\">{\"@context\":\"https:\/\/schema.org\",\"@graph\":[{\"@type\":\"WebPage\",\"@id\":\"https:\/\/form-klar.de\/meyersolar\/solaranlagen-arnstadt\/\",\"url\":\"https:\/\/form-klar.de\/meyersolar\/solaranlagen-arnstadt\/\",\"name\":\"Solaranlagen Arnstadt \u2013 Meyer Solar\",\"isPartOf\":{\"@id\":\"https:\/\/form-klar.de\/meyersolar\/#website\"},\"datePublished\":\"2017-02-07T06:05:49+00:00\",\"dateModified\":\"2024-12-11T08:45:37+00:00\",\"description\":\"Solaranlagen Arnstadt? Wir planen Ihre Solaranlagen und bauen die Solaranlage komplett auf Ihrem daf\u00fcr geeigneten Dach auf.\",\"breadcrumb\":{\"@id\":\"https:\/\/form-klar.de\/meyersolar\/solaranlagen-arnstadt\/#breadcrumb\"},\"inLanguage\":\"de\",\"potentialAction\":[{\"@type\":\"ReadAction\",\"target\":[\"https:\/\/form-klar.de\/meyersolar\/solaranlagen-arnstadt\/\"]}]},{\"@type\":\"BreadcrumbList\",\"@id\":\"https:\/\/form-klar.de\/meyersolar\/solaranlagen-arnstadt\/#breadcrumb\",\"itemListElement\":[{\"@type\":\"ListItem\",\"position\":1,\"name\":\"Startseite\",\"item\":\"https:\/\/form-klar.de\/meyersolar\/\"},{\"@type\":\"ListItem\",\"position\":2,\"name\":\"Solaranlagen Arnstadt\"}]},{\"@type\":\"WebSite\",\"@id\":\"https:\/\/form-klar.de\/meyersolar\/#website\",\"url\":\"https:\/\/form-klar.de\/meyersolar\/\",\"name\":\"Meyer Solar\",\"description\":\"Solaranlagen und Photovoltaikanlagen in Th\u00fcringen aus Erfurt\",\"potentialAction\":[{\"@type\":\"SearchAction\",\"target\":{\"@type\":\"EntryPoint\",\"urlTemplate\":\"https:\/\/form-klar.de\/meyersolar\/?s={search_term_string}\"},\"query-input\":{\"@type\":\"PropertyValueSpecification\",\"valueRequired\":true,\"valueName\":\"search_term_string\"}}],\"inLanguage\":\"de\"}]}<\/script>\n<!-- \/ Yoast SEO plugin. -->","yoast_head_json":{"title":"Solaranlagen Arnstadt \u2013 Meyer Solar","description":"Solaranlagen Arnstadt? Wir planen Ihre Solaranlagen und bauen die Solaranlage komplett auf Ihrem daf\u00fcr geeigneten Dach auf.","robots":{"index":"noindex","follow":"follow","max-snippet":"max-snippet:-1","max-image-preview":"max-image-preview:large","max-video-preview":"max-video-preview:-1"},"og_locale":"de_DE","og_type":"article","og_title":"Solaranlagen Arnstadt \u2013 Meyer Solar","og_description":"Solaranlagen Arnstadt? Wir planen Ihre Solaranlagen und bauen die Solaranlage komplett auf Ihrem daf\u00fcr geeigneten Dach auf.","og_url":"https:\/\/form-klar.de\/meyersolar\/solaranlagen-arnstadt\/","og_site_name":"Meyer Solar","article_modified_time":"2024-12-11T08:45:37+00:00","twitter_card":"summary_large_image","twitter_misc":{"Gesch\u00e4tzte Lesezeit":"3\u00a0Minuten"},"schema":{"@context":"https:\/\/schema.org","@graph":[{"@type":"WebPage","@id":"https:\/\/form-klar.de\/meyersolar\/solaranlagen-arnstadt\/","url":"https:\/\/form-klar.de\/meyersolar\/solaranlagen-arnstadt\/","name":"Solaranlagen Arnstadt \u2013 Meyer Solar","isPartOf":{"@id":"https:\/\/form-klar.de\/meyersolar\/#website"},"datePublished":"2017-02-07T06:05:49+00:00","dateModified":"2024-12-11T08:45:37+00:00","description":"Solaranlagen Arnstadt? Wir planen Ihre Solaranlagen und bauen die Solaranlage komplett auf Ihrem daf\u00fcr geeigneten Dach auf.","breadcrumb":{"@id":"https:\/\/form-klar.de\/meyersolar\/solaranlagen-arnstadt\/#breadcrumb"},"inLanguage":"de","potentialAction":[{"@type":"ReadAction","target":["https:\/\/form-klar.de\/meyersolar\/solaranlagen-arnstadt\/"]}]},{"@type":"BreadcrumbList","@id":"https:\/\/form-klar.de\/meyersolar\/solaranlagen-arnstadt\/#breadcrumb","itemListElement":[{"@type":"ListItem","position":1,"name":"Startseite","item":"https:\/\/form-klar.de\/meyersolar\/"},{"@type":"ListItem","position":2,"name":"Solaranlagen Arnstadt"}]},{"@type":"WebSite","@id":"https:\/\/form-klar.de\/meyersolar\/#website","url":"https:\/\/form-klar.de\/meyersolar\/","name":"Meyer Solar","description":"Solaranlagen und Photovoltaikanlagen in Th\u00fcringen aus Erfurt","potentialAction":[{"@type":"SearchAction","target":{"@type":"EntryPoint","urlTemplate":"https:\/\/form-klar.de\/meyersolar\/?s={search_term_string}"},"query-input":{"@type":"PropertyValueSpecification","valueRequired":true,"valueName":"search_term_string"}}],"inLanguage":"de"}]}},"_links":{"self":[{"href":"https:\/\/form-klar.de\/meyersolar\/wp-json\/wp\/v2\/pages\/411","targetHints":{"allow":["GET"]}}],"collection":[{"href":"https:\/\/form-klar.de\/meyersolar\/wp-json\/wp\/v2\/pages"}],"about":[{"href":"https:\/\/form-klar.de\/meyersolar\/wp-json\/wp\/v2\/types\/page"}],"author":[{"embeddable":true,"href":"https:\/\/form-klar.de\/meyersolar\/wp-json\/wp\/v2\/users\/5"}],"replies":[{"embeddable":true,"href":"https:\/\/form-klar.de\/meyersolar\/wp-json\/wp\/v2\/comments?post=411"}],"version-history":[{"count":4,"href":"https:\/\/form-klar.de\/meyersolar\/wp-json\/wp\/v2\/pages\/411\/revisions"}],"predecessor-version":[{"id":3694,"href":"https:\/\/form-klar.de\/meyersolar\/wp-json\/wp\/v2\/pages\/411\/revisions\/3694"}],"wp:attachment":[{"href":"https:\/\/form-klar.de\/meyersolar\/wp-json\/wp\/v2\/media?parent=411"}],"curies":[{"name":"wp","href":"https:\/\/api.w.org\/{rel}","templated":true}]}}